{"id":64,"date":"2014-09-18T12:39:08","date_gmt":"2014-09-18T11:39:08","guid":{"rendered":"http:\/\/agora.xtec.cat\/ceiplledoner\/?page_id=64"},"modified":"2018-10-16T08:30:44","modified_gmt":"2018-10-16T06:30:44","slug":"projecte-educatiu","status":"publish","type":"page","link":"https:\/\/agora.xtec.cat\/ceiplledoner\/projecte-educatiu\/","title":{"rendered":"Projecte educatiu"},"content":{"rendered":"<p>El projecte educatiu de centre (<strong>PEC<\/strong>) \u00e9s el document que defineix com funciona el nostre centre educatiu. Inclou els principis rectors que el diferencien d&#8217;altres centres, adaptat a la realitat de l&#8217;entorn del nostre alumnat i d&#8217;acord amb les conviccions pedag\u00f2giques dels docents; explicita les l\u00ednies d&#8217;atenci\u00f3 a la diversitat i els objectius a mig termini; desglossa les l\u00ednies mestres d&#8217;organitzaci\u00f3, que es concretaran al projecte curricular.<\/p>\n<p>L&#8217;actual projecte educatiu es va aprovar el curs 2017-2018<\/p>\n<p><a href=\"https:\/\/agora.xtec.cat\/ceiplledoner\/wp-content\/uploads\/usu1347\/2018\/10\/PEC-18-19.pdf\">Projecte Educatiu<\/a><\/p>\n","protected":false},"excerpt":{"rendered":"<p>El projecte educatiu de centre (PEC) \u00e9s el document que defineix com funciona el nostre centre educatiu. Inclou els principis rectors que el diferencien d&#8217;altres centres, adaptat a la realitat de l&#8217;entorn del nostre alumnat i d&#8217;acord amb les conviccions pedag\u00f2giques dels docents; explicita les&hellip;  <a href=\"https:\/\/agora.xtec.cat\/ceiplledoner\/projecte-educatiu\/\" title=\"Read Projecte educatiu\">Llegeix m\u00e9s\u00bb<\/a><\/p>\n","protected":false},"author":1,"featured_media":0,"parent":0,"menu_order":0,"comment_status":"closed","ping_status":"closed","template":"page-templates\/side-menu.php","meta":{"_bbp_topic_count":0,"_bbp_reply_count":0,"_bbp_total_topic_count":0,"_bbp_total_reply_count":0,"_bbp_voice_count":0,"_bbp_anonymous_reply_count":0,"_bbp_topic_count_hidden":0,"_bbp_reply_count_hidden":0,"_bbp_forum_subforum_count":0,"footnotes":""},"class_list":["post-64","page","type-page","status-publish","hentry"],"post_mailing_queue_ids":[],"_links":{"self":[{"href":"https:\/\/agora.xtec.cat\/ceiplledoner\/wp-json\/wp\/v2\/pages\/64","targetHints":{"allow":["GET"]}}],"collection":[{"href":"https:\/\/agora.xtec.cat\/ceiplledoner\/wp-json\/wp\/v2\/pages"}],"about":[{"href":"https:\/\/agora.xtec.cat\/ceiplledoner\/wp-json\/wp\/v2\/types\/page"}],"author":[{"embeddable":true,"href":"https:\/\/agora.xtec.cat\/ceiplledoner\/wp-json\/wp\/v2\/users\/1"}],"replies":[{"embeddable":true,"href":"https:\/\/agora.xtec.cat\/ceiplledoner\/wp-json\/wp\/v2\/comments?post=64"}],"version-history":[{"count":3,"href":"https:\/\/agora.xtec.cat\/ceiplledoner\/wp-json\/wp\/v2\/pages\/64\/revisions"}],"predecessor-version":[{"id":2980,"href":"https:\/\/agora.xtec.cat\/ceiplledoner\/wp-json\/wp\/v2\/pages\/64\/revisions\/2980"}],"wp:attachment":[{"href":"https:\/\/agora.xtec.cat\/ceiplledoner\/wp-json\/wp\/v2\/media?parent=64"}],"curies":[{"name":"wp","href":"https:\/\/api.w.org\/{rel}","templated":true}]}}