{"id":597,"date":"2016-07-12T07:36:16","date_gmt":"2016-07-12T06:36:16","guid":{"rendered":"http:\/\/agora.xtec.cat\/ceiplledoner\/?page_id=597"},"modified":"2016-09-02T09:58:26","modified_gmt":"2016-09-02T08:58:26","slug":"atencio-a-la-diversitat","status":"publish","type":"page","link":"https:\/\/agora.xtec.cat\/ceiplledoner\/projecte-educatiu\/atencio-a-la-diversitat\/","title":{"rendered":"NOFC"},"content":{"rendered":"<p>Les Normes d&#8217;Organitzaci\u00f3 i Funcionament del Centre, que formen part del projecte educatiu, \u00e9s el document que recull de manera ordenada els preceptes que regeixen la nostra organitzaci\u00f3 i les interrelacions de la vida escolar: explicita l&#8217;estructura; defineix els vincles; recull les funcions, els drets i els deures dels diferents sectors que formen l&#8217;escola; fixa els procediments; adapta la normativa general a la nostra realitat i estableix l&#8217;espec\u00edfica pel nostre centre.<\/p>\n<p>Les NOFC vigents es van aprovar el curs 14-15.<\/p>\n<p><a href=\"http:\/\/agora.xtec.cat\/ceiplledoner\/wp-content\/uploads\/usu1347\/bp-attachments\/479\/Normes-dorganitzaci\u00f3-i-funcionament-de-centre.pdf\">Normes d&#8217;organitzaci\u00f3 i funcionament de centre<\/a><\/p>\n","protected":false},"excerpt":{"rendered":"<p>Les Normes d&#8217;Organitzaci\u00f3 i Funcionament del Centre, que formen part del projecte educatiu, \u00e9s el document que recull de manera ordenada els preceptes que regeixen la nostra organitzaci\u00f3 i les interrelacions de la vida escolar: explicita l&#8217;estructura; defineix els vincles; recull les funcions, els drets&hellip;  <a href=\"https:\/\/agora.xtec.cat\/ceiplledoner\/projecte-educatiu\/atencio-a-la-diversitat\/\" title=\"Read NOFC\">Llegeix m\u00e9s\u00bb<\/a><\/p>\n","protected":false},"author":1,"featured_media":0,"parent":64,"menu_order":0,"comment_status":"closed","ping_status":"closed","template":"page-templates\/side-menu.php","meta":{"_bbp_topic_count":0,"_bbp_reply_count":0,"_bbp_total_topic_count":0,"_bbp_total_reply_count":0,"_bbp_voice_count":0,"_bbp_anonymous_reply_count":0,"_bbp_topic_count_hidden":0,"_bbp_reply_count_hidden":0,"_bbp_forum_subforum_count":0,"footnotes":""},"class_list":["post-597","page","type-page","status-publish","hentry"],"post_mailing_queue_ids":[],"_links":{"self":[{"href":"https:\/\/agora.xtec.cat\/ceiplledoner\/wp-json\/wp\/v2\/pages\/597","targetHints":{"allow":["GET"]}}],"collection":[{"href":"https:\/\/agora.xtec.cat\/ceiplledoner\/wp-json\/wp\/v2\/pages"}],"about":[{"href":"https:\/\/agora.xtec.cat\/ceiplledoner\/wp-json\/wp\/v2\/types\/page"}],"author":[{"embeddable":true,"href":"https:\/\/agora.xtec.cat\/ceiplledoner\/wp-json\/wp\/v2\/users\/1"}],"replies":[{"embeddable":true,"href":"https:\/\/agora.xtec.cat\/ceiplledoner\/wp-json\/wp\/v2\/comments?post=597"}],"version-history":[{"count":3,"href":"https:\/\/agora.xtec.cat\/ceiplledoner\/wp-json\/wp\/v2\/pages\/597\/revisions"}],"predecessor-version":[{"id":614,"href":"https:\/\/agora.xtec.cat\/ceiplledoner\/wp-json\/wp\/v2\/pages\/597\/revisions\/614"}],"up":[{"embeddable":true,"href":"https:\/\/agora.xtec.cat\/ceiplledoner\/wp-json\/wp\/v2\/pages\/64"}],"wp:attachment":[{"href":"https:\/\/agora.xtec.cat\/ceiplledoner\/wp-json\/wp\/v2\/media?parent=597"}],"curies":[{"name":"wp","href":"https:\/\/api.w.org\/{rel}","templated":true}]}}