{"id":595,"date":"2016-07-12T07:35:48","date_gmt":"2016-07-12T06:35:48","guid":{"rendered":"http:\/\/agora.xtec.cat\/ceiplledoner\/?page_id=595"},"modified":"2016-09-02T09:58:20","modified_gmt":"2016-09-02T08:58:20","slug":"pla-lector","status":"publish","type":"page","link":"https:\/\/agora.xtec.cat\/ceiplledoner\/projecte-educatiu\/pla-lector\/","title":{"rendered":"Pla lector"},"content":{"rendered":"<p>EL PLEC\u00a0 presenta el marc de refer\u00e8ncia de les actuacions del centre al voltant de la lectura, tant les vinculades a l\u2019Impuls de la Lectura com\u00a0 les relacionades amb la potenciaci\u00f3 de la biblioteca escolar i amb les propostes fetes des del curr\u00edculum per desenvolupar les compet\u00e8ncies b\u00e0siques de l\u2019\u00e0mbit ling\u00fc\u00edstic. Els objectius generals responen als tres eixos en qu\u00e8 s&#8217;articula el document: Saber llegir, llegir per aprendre i gust per llegir.<\/p>\n<p>El vigent pla de lectura de centre es va aprovar el curs 15-16.<\/p>\n<p><a href=\"http:\/\/agora.xtec.cat\/ceiplledoner\/wp-content\/uploads\/usu1347\/bp-attachments\/490\/Pla-de-lectura-de-centre.pdf\">Pla de lectura de centre<\/a><\/p>\n","protected":false},"excerpt":{"rendered":"<p>EL PLEC\u00a0 presenta el marc de refer\u00e8ncia de les actuacions del centre al voltant de la lectura, tant les vinculades a l\u2019Impuls de la Lectura com\u00a0 les relacionades amb la potenciaci\u00f3 de la biblioteca escolar i amb les propostes fetes des del curr\u00edculum per desenvolupar&hellip;  <a href=\"https:\/\/agora.xtec.cat\/ceiplledoner\/projecte-educatiu\/pla-lector\/\" title=\"Read Pla lector\">Llegeix m\u00e9s\u00bb<\/a><\/p>\n","protected":false},"author":1,"featured_media":0,"parent":64,"menu_order":0,"comment_status":"closed","ping_status":"closed","template":"page-templates\/side-menu.php","meta":{"_bbp_topic_count":0,"_bbp_reply_count":0,"_bbp_total_topic_count":0,"_bbp_total_reply_count":0,"_bbp_voice_count":0,"_bbp_anonymous_reply_count":0,"_bbp_topic_count_hidden":0,"_bbp_reply_count_hidden":0,"_bbp_forum_subforum_count":0,"footnotes":""},"class_list":["post-595","page","type-page","status-publish","hentry"],"post_mailing_queue_ids":[],"_links":{"self":[{"href":"https:\/\/agora.xtec.cat\/ceiplledoner\/wp-json\/wp\/v2\/pages\/595","targetHints":{"allow":["GET"]}}],"collection":[{"href":"https:\/\/agora.xtec.cat\/ceiplledoner\/wp-json\/wp\/v2\/pages"}],"about":[{"href":"https:\/\/agora.xtec.cat\/ceiplledoner\/wp-json\/wp\/v2\/types\/page"}],"author":[{"embeddable":true,"href":"https:\/\/agora.xtec.cat\/ceiplledoner\/wp-json\/wp\/v2\/users\/1"}],"replies":[{"embeddable":true,"href":"https:\/\/agora.xtec.cat\/ceiplledoner\/wp-json\/wp\/v2\/comments?post=595"}],"version-history":[{"count":3,"href":"https:\/\/agora.xtec.cat\/ceiplledoner\/wp-json\/wp\/v2\/pages\/595\/revisions"}],"predecessor-version":[{"id":616,"href":"https:\/\/agora.xtec.cat\/ceiplledoner\/wp-json\/wp\/v2\/pages\/595\/revisions\/616"}],"up":[{"embeddable":true,"href":"https:\/\/agora.xtec.cat\/ceiplledoner\/wp-json\/wp\/v2\/pages\/64"}],"wp:attachment":[{"href":"https:\/\/agora.xtec.cat\/ceiplledoner\/wp-json\/wp\/v2\/media?parent=595"}],"curies":[{"name":"wp","href":"https:\/\/api.w.org\/{rel}","templated":true}]}}