{"id":586,"date":"2016-07-12T07:31:18","date_gmt":"2016-07-12T05:31:18","guid":{"rendered":"http:\/\/agora.xtec.cat\/ceiplledoner\/?page_id=586"},"modified":"2023-05-24T22:21:10","modified_gmt":"2023-05-24T20:21:10","slug":"nofc","status":"publish","type":"page","link":"https:\/\/agora.xtec.cat\/ceiplledoner\/estrategia-digital-de-centre\/culturadigital\/nofc\/","title":{"rendered":"TAC"},"content":{"rendered":"<p>El Pla TAC \u00e9s un instrument que t\u00e9 per objectiu formalitzar la governan\u00e7a de la tecnologia en el marc de l&#8217;autonomia de centre i del Projecte Educatiu. En el Pla TAC es recullen les caracter\u00edstiques actuals del centre amb relaci\u00f3 a les TAC, es defineixen els objectius i es planifiquen les actuacions que es duran a terme pel que fa als aspectes organitzatius, didacticopedag\u00f2gics i curriculars.<\/p>\n<p>El vigent pla TAC es va aprovar el curs 2015-2016.<\/p>\n<p><a href=\"http:\/\/agora.xtec.cat\/ceiplledoner\/wp-content\/uploads\/usu1347\/bp-attachments\/483\/Pla-TAC.pdf\">Pla TAC<\/a><\/p>\n","protected":false},"excerpt":{"rendered":"<p>El Pla TAC \u00e9s un instrument que t\u00e9 per objectiu formalitzar la governan\u00e7a de la tecnologia en el marc de l&#8217;autonomia de centre i del Projecte Educatiu. En el Pla TAC es recullen les caracter\u00edstiques actuals del centre amb relaci\u00f3 a les TAC, es defineixen&hellip;  <a href=\"https:\/\/agora.xtec.cat\/ceiplledoner\/estrategia-digital-de-centre\/culturadigital\/nofc\/\" title=\"Read TAC\">Llegeix m\u00e9s\u00bb<\/a><\/p>\n","protected":false},"author":1,"featured_media":0,"parent":928,"menu_order":3,"comment_status":"closed","ping_status":"closed","template":"page-templates\/side-menu.php","meta":{"_bbp_topic_count":0,"_bbp_reply_count":0,"_bbp_total_topic_count":0,"_bbp_total_reply_count":0,"_bbp_voice_count":0,"_bbp_anonymous_reply_count":0,"_bbp_topic_count_hidden":0,"_bbp_reply_count_hidden":0,"_bbp_forum_subforum_count":0,"footnotes":""},"class_list":["post-586","page","type-page","status-publish","hentry"],"post_mailing_queue_ids":[],"_links":{"self":[{"href":"https:\/\/agora.xtec.cat\/ceiplledoner\/wp-json\/wp\/v2\/pages\/586","targetHints":{"allow":["GET"]}}],"collection":[{"href":"https:\/\/agora.xtec.cat\/ceiplledoner\/wp-json\/wp\/v2\/pages"}],"about":[{"href":"https:\/\/agora.xtec.cat\/ceiplledoner\/wp-json\/wp\/v2\/types\/page"}],"author":[{"embeddable":true,"href":"https:\/\/agora.xtec.cat\/ceiplledoner\/wp-json\/wp\/v2\/users\/1"}],"replies":[{"embeddable":true,"href":"https:\/\/agora.xtec.cat\/ceiplledoner\/wp-json\/wp\/v2\/comments?post=586"}],"version-history":[{"count":3,"href":"https:\/\/agora.xtec.cat\/ceiplledoner\/wp-json\/wp\/v2\/pages\/586\/revisions"}],"predecessor-version":[{"id":617,"href":"https:\/\/agora.xtec.cat\/ceiplledoner\/wp-json\/wp\/v2\/pages\/586\/revisions\/617"}],"up":[{"embeddable":true,"href":"https:\/\/agora.xtec.cat\/ceiplledoner\/wp-json\/wp\/v2\/pages\/928"}],"wp:attachment":[{"href":"https:\/\/agora.xtec.cat\/ceiplledoner\/wp-json\/wp\/v2\/media?parent=586"}],"curies":[{"name":"wp","href":"https:\/\/api.w.org\/{rel}","templated":true}]}}