{"id":495,"date":"2016-06-26T15:39:08","date_gmt":"2016-06-26T13:39:08","guid":{"rendered":"http:\/\/agora.xtec.cat\/ceiplledoner\/?page_id=495"},"modified":"2021-05-20T10:28:53","modified_gmt":"2021-05-20T08:28:53","slug":"comunicacio","status":"publish","type":"page","link":"https:\/\/agora.xtec.cat\/ceiplledoner\/comissions-mixtes\/comunicacio\/","title":{"rendered":"Comunicaci\u00f3"},"content":{"rendered":"<p><a href=\"https:\/\/agora.xtec.cat\/ceiplledoner\/wp-content\/uploads\/usu1347\/2021\/05\/Comissi\u00f3-de.png\"><img loading=\"lazy\" decoding=\"async\" class=\"aligncenter size-full wp-image-8082\" src=\"https:\/\/agora.xtec.cat\/ceiplledoner\/wp-content\/uploads\/usu1347\/2021\/05\/Comissi\u00f3-de.png\" alt=\"Comissi\u00f3 de comunicaci\u00f3\" width=\"750\" height=\"400\" srcset=\"https:\/\/agora.xtec.cat\/ceiplledoner\/wp-content\/uploads\/usu1347\/2021\/05\/Comissi\u00f3-de.png 750w, https:\/\/agora.xtec.cat\/ceiplledoner\/wp-content\/uploads\/usu1347\/2021\/05\/Comissi\u00f3-de-300x160.png 300w\" sizes=\"auto, (max-width: 750px) 100vw, 750px\" \/><\/a><\/p>\n<p>&nbsp;<\/p>\n<h3>A la Comissi\u00f3 de Comunicaci\u00f3 tenim els seg\u00fcents objectius:<\/h3>\n<ul>\n<li>Gestionem el web de l\u2019escola, aix\u00ed com les xarxes socials <a href=\"https:\/\/www.facebook.com\/Escola-Lledoner-888104431277741\" target=\"_blank\" rel=\"noopener noreferrer\"><strong>Facebook<\/strong><\/a>, <a href=\"https:\/\/twitter.com\/escolalledoner\" target=\"_blank\" rel=\"noopener noreferrer\"><strong>Twitter<\/strong><\/a> i el nou canal de <a href=\"https:\/\/t.me\/escolalledoner\" target=\"_blank\" rel=\"noopener noreferrer\"><strong>Telegram<\/strong><\/a>.<\/li>\n<li>Col\u00b7laborem en fer formaci\u00f3 tant per a mestres com per a fam\u00edlies.<\/li>\n<li>Donem suport TIC per a mestres i fam\u00edlies a trav\u00e9s del correu de la comissi\u00f3:<\/li>\n<\/ul>\n<p>Des de la Comissi\u00f3 de Comunicaci\u00f3 treballem per facilitar i garantir a la comunitat educativa de l\u2019escola un acc\u00e9s \u00f2ptim a les noves tecnologies i assegurar una plena integraci\u00f3 a la societat del coneixement.<\/p>\n<p>Amb aquest objectiu, estem oberts a propostes i peticions per part de l&#8217;equip de mestres i de les fam\u00edlies que ho requereixin.<\/p>\n<h5>Posa\u2019t en contacte amb nosaltres mitjan\u00e7ant la seg\u00fcent adre\u00e7a de correu electr\u00f2nic:<\/h5>\n<p><a href=\"mailto:c.comunicacio@escolalledoner.com\" target=\"_blank\" rel=\"noopener noreferrer\"><strong>c.comunicacio@escolalledoner.com<\/strong><\/a><\/p>\n","protected":false},"excerpt":{"rendered":"<p><a href=\"https:\/\/agora.xtec.cat\/ceiplledoner\/wp-content\/uploads\/usu1347\/2021\/05\/Comissi\u00f3-de.png\"><\/a><br \/>\n&nbsp;<br \/>\nA la Comissi\u00f3 de Comunicaci\u00f3 tenim els seg\u00fcents objectius:<\/p>\n<ul>\n<li>Gestionem el web de l\u2019escola, aix\u00ed com les xarxes socials <a href=\"https:\/\/www.facebook.com\/Escola-Lledoner-888104431277741\" target=\"_blank\" rel=\"noopener noreferrer\">Facebook<\/a>, <a href=\"https:\/\/twitter.com\/escolalledoner\" target=\"_blank\" rel=\"noopener noreferrer\">Twitter<\/a> i el nou canal de <a href=\"https:\/\/t.me\/escolalledoner\" target=\"_blank\" rel=\"noopener noreferrer\">Telegram<\/a>.<\/li>\n<li>Col\u00b7laborem en fer formaci\u00f3 tant per a&hellip;  <a href=\"https:\/\/agora.xtec.cat\/ceiplledoner\/comissions-mixtes\/comunicacio\/\" title=\"Read Comunicaci\u00f3\">Llegeix m\u00e9s\u00bb<\/a><br \/>\n","protected":false},"author":1,"featured_media":0,"parent":500,"menu_order":0,"comment_status":"closed","ping_status":"closed","template":"page-templates\/side-menu.php","meta":{"_bbp_topic_count":0,"_bbp_reply_count":0,"_bbp_total_topic_count":0,"_bbp_total_reply_count":0,"_bbp_voice_count":0,"_bbp_anonymous_reply_count":0,"_bbp_topic_count_hidden":0,"_bbp_reply_count_hidden":0,"_bbp_forum_subforum_count":0,"footnotes":""},"class_list":["post-495","page","type-page","status-publish","hentry"],"post_mailing_queue_ids":[],"_links":{"self":[{"href":"https:\/\/agora.xtec.cat\/ceiplledoner\/wp-json\/wp\/v2\/pages\/495","targetHints":{"allow":["GET"]}}],"collection":[{"href":"https:\/\/agora.xtec.cat\/ceiplledoner\/wp-json\/wp\/v2\/pages"}],"about":[{"href":"https:\/\/agora.xtec.cat\/ceiplledoner\/wp-json\/wp\/v2\/types\/page"}],"author":[{"embeddable":true,"href":"https:\/\/agora.xtec.cat\/ceiplledoner\/wp-json\/wp\/v2\/users\/1"}],"replies":[{"embeddable":true,"href":"https:\/\/agora.xtec.cat\/ceiplledoner\/wp-json\/wp\/v2\/comments?post=495"}],"version-history":[{"count":3,"href":"https:\/\/agora.xtec.cat\/ceiplledoner\/wp-json\/wp\/v2\/pages\/495\/revisions"}],"predecessor-version":[{"id":8083,"href":"https:\/\/agora.xtec.cat\/ceiplledoner\/wp-json\/wp\/v2\/pages\/495\/revisions\/8083"}],"up":[{"embeddable":true,"href":"https:\/\/agora.xtec.cat\/ceiplledoner\/wp-json\/wp\/v2\/pages\/500"}],"wp:attachment":[{"href":"https:\/\/agora.xtec.cat\/ceiplledoner\/wp-json\/wp\/v2\/media?parent=495"}],"curies":[{"name":"wp","href":"https:\/\/api.w.org\/{rel}","templated":true}]}}