{"id":32,"date":"2014-09-18T12:31:33","date_gmt":"2014-09-18T11:31:33","guid":{"rendered":"http:\/\/agora.xtec.cat\/ceiplledoner\/?page_id=32"},"modified":"2025-10-02T13:43:24","modified_gmt":"2025-10-02T11:43:24","slug":"calendari-del-curs","status":"publish","type":"page","link":"https:\/\/agora.xtec.cat\/ceiplledoner\/lescola-2\/calendari-del-curs\/","title":{"rendered":"Calendari del curs 2025-26"},"content":{"rendered":"<h4><strong>Inici de curs:<\/strong><\/h4>\n<p>8 de setembre de 2025<\/p>\n<h4><strong>Vacances:<\/strong><\/h4>\n<p><strong>Del 20 de desembre de 2025 al 7 de gener de 2026<\/strong>: vacances de Nadal.<\/p>\n<p><strong>Del 28 de mar\u00e7 al 6 d&#8217;abril de 2026<\/strong>: vacances de Setmana Santa.<\/p>\n<p><strong>19 de juny de 2026<\/strong>: acaben les classes<\/p>\n<h4><strong>Festa del municipi:<\/strong><\/h4>\n<div>Divendres 15\/05\/26<\/div>\n<div><\/div>\n<h4><strong>D<\/strong><strong>ies festius de lliure disposici\u00f3:<\/strong><\/h4>\n<p>Divendres 31\/10\/25<\/p>\n<p>Divendres 05\/12\/25<\/p>\n<p>Dilluns 16\/02\/26<\/p>\n<p>Divendres 13\/03\/26<\/p>\n<p>Dilluns 25\/05\/26<\/p>\n<p>Si voleu consultar o descarregar el calendari, aqu\u00ed el teniu: <a href=\"https:\/\/agora.xtec.cat\/ceiplledoner\/wp-content\/uploads\/usu1347\/2025\/10\/calendari_escolar_2025-26.pdf\" target=\"_blank\" rel=\"noopener\">Calendari escolar Granollers 2025-26<\/a><\/p>\n<p><img loading=\"lazy\" decoding=\"async\" class=\"aligncenter size-full wp-image-12453\" src=\"https:\/\/agora.xtec.cat\/ceiplledoner\/wp-content\/uploads\/usu1347\/2025\/10\/Calendari-25-26.png\" alt=\"\" width=\"832\" height=\"751\" srcset=\"https:\/\/agora.xtec.cat\/ceiplledoner\/wp-content\/uploads\/usu1347\/2025\/10\/Calendari-25-26.png 832w, https:\/\/agora.xtec.cat\/ceiplledoner\/wp-content\/uploads\/usu1347\/2025\/10\/Calendari-25-26-300x271.png 300w, https:\/\/agora.xtec.cat\/ceiplledoner\/wp-content\/uploads\/usu1347\/2025\/10\/Calendari-25-26-768x693.png 768w\" sizes=\"auto, (max-width: 832px) 100vw, 832px\" \/><\/p>\n<p>L\u2019<b>horari lectiu<\/b> del centre \u00e9s de 9 a 12:30 h i de 15:00 a 16:30 h per a tots els alumnes del centre.<\/p>\n<p>Aquest horari es modifica fent <strong>jornada compactada<\/strong> (9-13h) (Els alumnes que utilitzen el servei de menjador surten a les 15:30h.):<\/p>\n<ul>\n<li>El dia 19 de desembre de 2025<\/li>\n<li>Del 8 al 19 de juny de 2026<\/li>\n<\/ul>\n<p>Per als alumnes que inicien l\u2019escolaritzaci\u00f3 a I3 s\u2019organitza un breu per\u00edode d\u2019adaptaci\u00f3 que suposa una certa modificaci\u00f3 dels horaris dels tres primers dies de classe, i que es fa saber a les fam\u00edlies en les reunions pr\u00e8vies corresponents.<\/p>\n","protected":false},"excerpt":{"rendered":"<p>Inici de curs:<br \/>\n8 de setembre de 2025<br \/>\nVacances:<br \/>\nDel 20 de desembre de 2025 al 7 de gener de 2026: vacances de Nadal.<br \/>\nDel 28 de mar\u00e7 al 6 d&#8217;abril de 2026: vacances de Setmana Santa.<br \/>\n19 de juny de 2026: acaben les classes<br \/>\nFesta del municipi:<br \/>\nDivendres 15\/05\/26<\/p>\n<p>Dies festius de&hellip;  <a href=\"https:\/\/agora.xtec.cat\/ceiplledoner\/lescola-2\/calendari-del-curs\/\" title=\"Read Calendari del curs 2025-26\">Llegeix m\u00e9s\u00bb<\/a><\/p>\n","protected":false},"author":1,"featured_media":0,"parent":712,"menu_order":50,"comment_status":"closed","ping_status":"closed","template":"page-templates\/side-menu.php","meta":{"_bbp_topic_count":0,"_bbp_reply_count":0,"_bbp_total_topic_count":0,"_bbp_total_reply_count":0,"_bbp_voice_count":0,"_bbp_anonymous_reply_count":0,"_bbp_topic_count_hidden":0,"_bbp_reply_count_hidden":0,"_bbp_forum_subforum_count":0,"footnotes":""},"class_list":["post-32","page","type-page","status-publish","hentry"],"post_mailing_queue_ids":[],"_links":{"self":[{"href":"https:\/\/agora.xtec.cat\/ceiplledoner\/wp-json\/wp\/v2\/pages\/32","targetHints":{"allow":["GET"]}}],"collection":[{"href":"https:\/\/agora.xtec.cat\/ceiplledoner\/wp-json\/wp\/v2\/pages"}],"about":[{"href":"https:\/\/agora.xtec.cat\/ceiplledoner\/wp-json\/wp\/v2\/types\/page"}],"author":[{"embeddable":true,"href":"https:\/\/agora.xtec.cat\/ceiplledoner\/wp-json\/wp\/v2\/users\/1"}],"replies":[{"embeddable":true,"href":"https:\/\/agora.xtec.cat\/ceiplledoner\/wp-json\/wp\/v2\/comments?post=32"}],"version-history":[{"count":6,"href":"https:\/\/agora.xtec.cat\/ceiplledoner\/wp-json\/wp\/v2\/pages\/32\/revisions"}],"predecessor-version":[{"id":12454,"href":"https:\/\/agora.xtec.cat\/ceiplledoner\/wp-json\/wp\/v2\/pages\/32\/revisions\/12454"}],"up":[{"embeddable":true,"href":"https:\/\/agora.xtec.cat\/ceiplledoner\/wp-json\/wp\/v2\/pages\/712"}],"wp:attachment":[{"href":"https:\/\/agora.xtec.cat\/ceiplledoner\/wp-json\/wp\/v2\/media?parent=32"}],"curies":[{"name":"wp","href":"https:\/\/api.w.org\/{rel}","templated":true}]}}