{"id":30,"date":"2014-09-18T12:30:23","date_gmt":"2014-09-18T11:30:23","guid":{"rendered":"http:\/\/agora.xtec.cat\/ceiplledoner\/?page_id=30"},"modified":"2016-07-11T17:35:22","modified_gmt":"2016-07-11T16:35:22","slug":"instal%c2%b7lacions","status":"publish","type":"page","link":"https:\/\/agora.xtec.cat\/ceiplledoner\/lescola\/instal%c2%b7lacions\/","title":{"rendered":"Instal\u00b7lacions"},"content":{"rendered":"<div>\n<p>El centre compta amb un edifici espec\u00edfic per a la Comunitat de Petits i un altre per a la Comunitat de Mitjans i Grans en el mateix recinte.<\/p>\n<p>L\u2019edifici per als alumnes de la Comunitat de Petits\u00a0compta amb:<\/p>\n<ul>\n<li>6 aules de grup amb pissarres digitals. 2 aules de desdoblaments.<\/li>\n<li>Aules espec\u00edfiques de m\u00fasica i psicomotricitat.<\/li>\n<li>Material audiovisual i biblioteca (mediateca).<\/li>\n<li>Pati amb porxo.<\/li>\n<\/ul>\n<\/div>\n<div>\n<p>L\u2019edifici dels Mitjans i Grans compta amb:<\/p>\n<ul>\n<li>13 Aules de grup i 6 de desdoblaments.<\/li>\n<li>Unitat de Suport a l\u2019Educaci\u00f3 Especial.<\/li>\n<li>Aules d\u2019inform\u00e0tica, biblioteca\/mediateca, m\u00fasica i angl\u00e8s.<\/li>\n<li>Les aules de Prim\u00e0ria tenen pissarres digitals interactives.<\/li>\n<li>Gimn\u00e0s \u2013 Sala polivalent (teatre).<\/li>\n<li>Menjador amb cuina al mateix centre: tota la fruita, arr\u00f2s, llegums i un 50% d\u2019hortalisses de conreu ecol\u00f2gic, i tamb\u00e9 la pasta, cusc\u00fas, quinoa, esp\u00e8cies, sucre i pinya de comer\u00e7 just.\u00a0<em>\u00a0E<\/em>special incid\u00e8ncia en una major pres\u00e8ncia de fruita, verdura, peix i aliments integrals, eliminant greixos, sucres, fregits, etc. A c\u00e0rrec de l\u2019empresa Nari-nans.<\/li>\n<\/ul>\n<\/div>\n","protected":false},"excerpt":{"rendered":"<p>El centre compta amb un edifici espec\u00edfic per a la Comunitat de Petits i un altre per a la Comunitat de Mitjans i Grans en el mateix recinte.<br \/>\nL\u2019edifici per als alumnes de la Comunitat de Petits\u00a0compta amb:<\/p>\n<ul>\n<li>6 aules de grup amb pissarres digitals. 2 aules&hellip;  <a href=\"https:\/\/agora.xtec.cat\/ceiplledoner\/lescola\/instal%c2%b7lacions\/\" title=\"Read Instal\u00b7lacions\">Llegeix m\u00e9s\u00bb<\/a><br \/>\n","protected":false},"author":1,"featured_media":0,"parent":22,"menu_order":40,"comment_status":"closed","ping_status":"closed","template":"page-templates\/side-menu.php","meta":{"_bbp_topic_count":0,"_bbp_reply_count":0,"_bbp_total_topic_count":0,"_bbp_total_reply_count":0,"_bbp_voice_count":0,"_bbp_anonymous_reply_count":0,"_bbp_topic_count_hidden":0,"_bbp_reply_count_hidden":0,"_bbp_forum_subforum_count":0,"footnotes":""},"class_list":["post-30","page","type-page","status-publish","hentry"],"post_mailing_queue_ids":[],"_links":{"self":[{"href":"https:\/\/agora.xtec.cat\/ceiplledoner\/wp-json\/wp\/v2\/pages\/30","targetHints":{"allow":["GET"]}}],"collection":[{"href":"https:\/\/agora.xtec.cat\/ceiplledoner\/wp-json\/wp\/v2\/pages"}],"about":[{"href":"https:\/\/agora.xtec.cat\/ceiplledoner\/wp-json\/wp\/v2\/types\/page"}],"author":[{"embeddable":true,"href":"https:\/\/agora.xtec.cat\/ceiplledoner\/wp-json\/wp\/v2\/users\/1"}],"replies":[{"embeddable":true,"href":"https:\/\/agora.xtec.cat\/ceiplledoner\/wp-json\/wp\/v2\/comments?post=30"}],"version-history":[{"count":3,"href":"https:\/\/agora.xtec.cat\/ceiplledoner\/wp-json\/wp\/v2\/pages\/30\/revisions"}],"predecessor-version":[{"id":575,"href":"https:\/\/agora.xtec.cat\/ceiplledoner\/wp-json\/wp\/v2\/pages\/30\/revisions\/575"}],"up":[{"embeddable":true,"href":"https:\/\/agora.xtec.cat\/ceiplledoner\/wp-json\/wp\/v2\/pages\/22"}],"wp:attachment":[{"href":"https:\/\/agora.xtec.cat\/ceiplledoner\/wp-json\/wp\/v2\/media?parent=30"}],"curies":[{"name":"wp","href":"https:\/\/api.w.org\/{rel}","templated":true}]}}