{"id":28,"date":"2014-09-18T12:29:35","date_gmt":"2014-09-18T11:29:35","guid":{"rendered":"http:\/\/agora.xtec.cat\/ceiplledoner\/?page_id=28"},"modified":"2026-01-29T08:27:42","modified_gmt":"2026-01-29T07:27:42","slug":"consell-escolar","status":"publish","type":"page","link":"https:\/\/agora.xtec.cat\/ceiplledoner\/lescola-2\/consell-escolar\/","title":{"rendered":"Consell escolar"},"content":{"rendered":"<p style=\"color: #444444;\">El consell escolar \u00e9s un \u00f2rgan de participaci\u00f3 del centre.<\/p>\n<p style=\"color: #444444;\">Est\u00e0 format per:<\/p>\n<table>\n<tbody>\n<tr>\n<td width=\"49\">Directora<\/td>\n<td>L\u00eddia Pardo Canal<\/td>\n<\/tr>\n<tr>\n<td width=\"49\">Cap d\u2019estudis<\/td>\n<td>\u00a0Rub\u00e9n Gald\u00f3n P\u00e9rez<\/td>\n<\/tr>\n<tr>\n<td width=\"49\">Secret\u00e0ria<\/td>\n<td>Marta \u00cd\u00f1iguez G\u00f3mez<\/td>\n<\/tr>\n<tr>\n<td width=\"49\">Sector mestres<\/td>\n<td>Patr\u00edcia Gallifa Rodr\u00edguez<\/p>\n<p>Elisa Lozano Mar\u00edn<\/p>\n<p>M\u00f2nica Caballol Caparr\u00f3s<\/p>\n<p>Anna Torres Ferrer<\/p>\n<p>Sacheinka L\u00f3pez Casta\u00f1o<\/p>\n<p>Vicen\u00e7 Tal\u00f3 Mart\u00ed<\/p>\n<p>Beatriz Ansola L\u00f3pez<\/td>\n<\/tr>\n<tr>\n<td width=\"49\">Sector fam\u00edlies<\/td>\n<td>Cristina Bella Bustamante<\/p>\n<p>Miguel Requejo P\u00e9rez<\/p>\n<p>Judith Ahufinger Breto<\/p>\n<p>Mariona Massip Sabater (referent coeducaci\u00f3)<\/p>\n<p>Anna Asbert Viaplana<\/p>\n<p>Adela Rodenas Mart\u00ednez<\/td>\n<\/tr>\n<tr>\n<td width=\"49\">AFA<\/td>\n<td>Txell Vill\u00e9n Benseny<\/td>\n<\/tr>\n<tr>\n<td width=\"49\">Sector PAS<\/td>\n<td>Montserrat Curto Navas<\/td>\n<\/tr>\n<tr>\n<td width=\"49\">Sector PAE<\/td>\n<td>Gemma Mel\u00e9ndez Aguilar<\/td>\n<\/tr>\n<tr>\n<td width=\"49\">Ajuntament<\/td>\n<td>Isidre Plaza S\u00e0nchez<\/td>\n<\/tr>\n<\/tbody>\n<\/table>\n<p>&nbsp;<\/p>\n<p>Les seves funcions s\u00f3n:<\/p>\n<ul>\n<li>Donar suport al Pla General Anual, sense prejudici de les compet\u00e8ncies del Claustre de Professorat que s&#8217;estableixen en el <em>article 148<\/em> de la LEC en relaci\u00f3 amb la planificaci\u00f3 i la organitzaci\u00f3 docent.<\/li>\n<li>Aprovar el projecte de pressupost del centre i la justificaci\u00f3 del compte de gesti\u00f3.<\/li>\n<li>Con\u00e8ixer les candidatures a la direcci\u00f3 i els projectes de direcci\u00f3 presentats per les persones candidates.<\/li>\n<li>Participar en la selecci\u00f3 del director o directora del centre en els termes que estableix la LLEI 12\/2009, del 10 de juliol, d&#8217;educaci\u00f3. Ser informat del nomenament i cessament dels altres membres de l&#8217;equip directiu. En el seu cas, previ acord dels seus membres, adoptat per majoria de dos ter\u00e7os, proposar la revocaci\u00f3 del nomenament del director o directora.<\/li>\n<li>Decidir sobre l\u2019admissi\u00f3 de l&#8217;alumnat amb relaci\u00f3 a all\u00f2 establert en la LLEI 12\/2009, del 10 de juliol d&#8217;educaci\u00f3, i disposicions que la desenvolupin.<\/li>\n<li>Realitzar el seguiment dels compromisos educatius i de conviv\u00e8ncia subscrits en el centre, per garantir la seva efectivitat i proposar l&#8217;adopci\u00f3 de mesures i iniciativa en cas de compliment.<\/li>\n<li>Con\u00e8ixer la resoluci\u00f3 de conflictes disciplinaris i vetllar perqu\u00e8 s&#8217;atengui al present Reglament (NOFC) i altre normativa d&#8217;aplicaci\u00f3. Quan les mesures disciplin\u00e0ries adoptades pel director o directora corresponguin a conductes de l&#8217;alumne o alumna que perjudiquin greument la conviv\u00e8ncia del centre, el Consell Escolar, a inst\u00e0ncia dels pares, mares o representants legals de l&#8217;alumnat, podr\u00e0 revisar la decisi\u00f3 adoptada i proposar, en el seu cas, les mesures pertinents.<\/li>\n<li>Proposar mesures i iniciatives que afavoreixin la conviv\u00e8ncia en el centre, la igualtat entre homes i dones i la resoluci\u00f3 pac\u00edfica de conflictes en tots els \u00e0mbits de la vida personal, familiar i social.<\/li>\n<li>Reprovar a les persones que causen danys, injuries o ofenses al professorat. En tot cas, la resoluci\u00f3 de reprovaci\u00f3 s&#8217;emetr\u00e0 despr\u00e9s de la instrucci\u00f3 d&#8217;un expedient, pr\u00e8via audi\u00e8ncia a l&#8217;interessat.<\/li>\n<li>Promoure la conservaci\u00f3 i renovaci\u00f3 de les instal\u00b7lacions i equip escolar i aprovar l&#8217;obtenci\u00f3 de recursos complementaris.<\/li>\n<li>Fixar les directrius de col\u00b7laboraci\u00f3, amb finalitats educatives i culturals, amb les Administracions locals, amb altres centres, entitats i organismes.<\/li>\n<li>Analitzar i valorar el funcionament general del centre, l&#8217;evoluci\u00f3 del rendiment escolar i els resultats de les avaluacions internes i externes en les que participi el centre.<\/li>\n<li>Elaborar propostes e informes, a iniciativa pr\u00f2pia o a petici\u00f3 de la Administraci\u00f3 competent, sobre el funcionament del centre i la millora de la qualitat de la gesti\u00f3, aix\u00ed com sobre aquells altres aspectes relacionats amb la qualitat de la mateixa.<\/li>\n<li>Aprovar i valorar totes les iniciatives proposades del la comissi\u00f3 gestora del centre.<\/li>\n<li>Qualsevol altra que li sigui atribu\u00efda pel Departament d&#8217;Ensenyament.<\/li>\n<\/ul>\n<p>Aqu\u00ed podeu consultar el <a href=\"https:\/\/agora.xtec.cat\/ceiplledoner\/wp-content\/uploads\/usu1347\/2025\/05\/Pressupost-2025.pdf\">pressupost per al 2025<\/a>.<\/p>\n","protected":false},"excerpt":{"rendered":"<p>El consell escolar \u00e9s un \u00f2rgan de participaci\u00f3 del centre.<br \/>\nEst\u00e0 format per:<\/p>\n<p>Directora<br \/>\nL\u00eddia Pardo Canal<\/p>\n<p>Cap d\u2019estudis<br \/>\n\u00a0Rub\u00e9n Gald\u00f3n P\u00e9rez<\/p>\n<p>Secret\u00e0ria<br \/>\nMarta \u00cd\u00f1iguez G\u00f3mez<\/p>\n<p>Sector mestres<br \/>\nPatr\u00edcia Gallifa Rodr\u00edguez<br \/>\nElisa Lozano Mar\u00edn<br \/>\nM\u00f2nica Caballol Caparr\u00f3s<br \/>\nAnna Torres Ferrer<br \/>\nSacheinka L\u00f3pez Casta\u00f1o<br \/>\nVicen\u00e7 Tal\u00f3 Mart\u00ed<br \/>\nBeatriz Ansola L\u00f3pez<\/p>\n<p>Sector fam\u00edlies<br \/>\nCristina Bella Bustamante<br \/>\nMiguel Requejo P\u00e9rez<br \/>\nJudith Ahufinger Breto<br \/>\nMariona Massip Sabater (referent coeducaci\u00f3)<br \/>\nAnna&hellip;  <a href=\"https:\/\/agora.xtec.cat\/ceiplledoner\/lescola-2\/consell-escolar\/\" title=\"Read Consell escolar\">Llegeix m\u00e9s\u00bb<\/a><\/p>\n","protected":false},"author":1,"featured_media":0,"parent":712,"menu_order":30,"comment_status":"closed","ping_status":"closed","template":"page-templates\/side-menu.php","meta":{"_bbp_topic_count":0,"_bbp_reply_count":0,"_bbp_total_topic_count":0,"_bbp_total_reply_count":0,"_bbp_voice_count":0,"_bbp_anonymous_reply_count":0,"_bbp_topic_count_hidden":0,"_bbp_reply_count_hidden":0,"_bbp_forum_subforum_count":0,"footnotes":""},"class_list":["post-28","page","type-page","status-publish","hentry"],"post_mailing_queue_ids":[],"_links":{"self":[{"href":"https:\/\/agora.xtec.cat\/ceiplledoner\/wp-json\/wp\/v2\/pages\/28","targetHints":{"allow":["GET"]}}],"collection":[{"href":"https:\/\/agora.xtec.cat\/ceiplledoner\/wp-json\/wp\/v2\/pages"}],"about":[{"href":"https:\/\/agora.xtec.cat\/ceiplledoner\/wp-json\/wp\/v2\/types\/page"}],"author":[{"embeddable":true,"href":"https:\/\/agora.xtec.cat\/ceiplledoner\/wp-json\/wp\/v2\/users\/1"}],"replies":[{"embeddable":true,"href":"https:\/\/agora.xtec.cat\/ceiplledoner\/wp-json\/wp\/v2\/comments?post=28"}],"version-history":[{"count":6,"href":"https:\/\/agora.xtec.cat\/ceiplledoner\/wp-json\/wp\/v2\/pages\/28\/revisions"}],"predecessor-version":[{"id":12706,"href":"https:\/\/agora.xtec.cat\/ceiplledoner\/wp-json\/wp\/v2\/pages\/28\/revisions\/12706"}],"up":[{"embeddable":true,"href":"https:\/\/agora.xtec.cat\/ceiplledoner\/wp-json\/wp\/v2\/pages\/712"}],"wp:attachment":[{"href":"https:\/\/agora.xtec.cat\/ceiplledoner\/wp-json\/wp\/v2\/media?parent=28"}],"curies":[{"name":"wp","href":"https:\/\/api.w.org\/{rel}","templated":true}]}}