{"id":11710,"date":"2024-10-18T15:59:00","date_gmt":"2024-10-18T13:59:00","guid":{"rendered":"https:\/\/agora.xtec.cat\/ceiplledoner\/?page_id=11710"},"modified":"2024-10-18T16:12:47","modified_gmt":"2024-10-18T14:12:47","slug":"pec","status":"publish","type":"page","link":"https:\/\/agora.xtec.cat\/ceiplledoner\/pec\/","title":{"rendered":"PEC"},"content":{"rendered":"<p>La Llei 12\/2009, del 10 de juliol d&#8217;educaci\u00f3 (article 91) estableix que tots els centres vinculats al Servei Educatiu de Catalunya han de disposar de Projecte Educatiu. El Projecte Educatiu, que \u00e9s la m\u00e0xima expressi\u00f3 de l&#8217;autonomia dels centres, recull la identitat del centre, n&#8217;explicita els objectius, n&#8217;orienta l&#8217;activitat &#8216; n&#8217;hi dona sentit amb la finalitat que els alumnes assoleixin les compet\u00e8ncies b\u00e0siques i el m\u00e0xim aprofitament educatiu. d&#8217;acord amb el marc proporcionat pel Decret 102\/2010 del 3 d&#8217;agost, d&#8217;autonomia dels centres educatius, que situa la presa de decisions en l&#8217;\u00e0mbit del centre per enfortir la instituci\u00f3 escola i el lideratge educatiu.<\/p>\n<p><a href=\"https:\/\/drive.google.com\/file\/d\/1dLEr4CTF4mGvbCyos_JxS8MBzEBVLXQJ\/view?usp=sharing\">Projecte Educatiu de Centre (Escola Lledoner)<\/a><\/p>\n","protected":false},"excerpt":{"rendered":"<p>La Llei 12\/2009, del 10 de juliol d&#8217;educaci\u00f3 (article 91) estableix que tots els centres vinculats al Servei Educatiu de Catalunya han de disposar de Projecte Educatiu. El Projecte Educatiu, que \u00e9s la m\u00e0xima expressi\u00f3 de l&#8217;autonomia dels centres, recull la identitat del centre, n&#8217;explicita&hellip;  <a href=\"https:\/\/agora.xtec.cat\/ceiplledoner\/pec\/\" title=\"Read PEC\">Llegeix m\u00e9s\u00bb<\/a><\/p>\n","protected":false},"author":1,"featured_media":0,"parent":0,"menu_order":0,"comment_status":"closed","ping_status":"closed","template":"","meta":{"_bbp_topic_count":0,"_bbp_reply_count":0,"_bbp_total_topic_count":0,"_bbp_total_reply_count":0,"_bbp_voice_count":0,"_bbp_anonymous_reply_count":0,"_bbp_topic_count_hidden":0,"_bbp_reply_count_hidden":0,"_bbp_forum_subforum_count":0,"footnotes":""},"class_list":["post-11710","page","type-page","status-publish","hentry"],"post_mailing_queue_ids":[],"_links":{"self":[{"href":"https:\/\/agora.xtec.cat\/ceiplledoner\/wp-json\/wp\/v2\/pages\/11710","targetHints":{"allow":["GET"]}}],"collection":[{"href":"https:\/\/agora.xtec.cat\/ceiplledoner\/wp-json\/wp\/v2\/pages"}],"about":[{"href":"https:\/\/agora.xtec.cat\/ceiplledoner\/wp-json\/wp\/v2\/types\/page"}],"author":[{"embeddable":true,"href":"https:\/\/agora.xtec.cat\/ceiplledoner\/wp-json\/wp\/v2\/users\/1"}],"replies":[{"embeddable":true,"href":"https:\/\/agora.xtec.cat\/ceiplledoner\/wp-json\/wp\/v2\/comments?post=11710"}],"version-history":[{"count":3,"href":"https:\/\/agora.xtec.cat\/ceiplledoner\/wp-json\/wp\/v2\/pages\/11710\/revisions"}],"predecessor-version":[{"id":11717,"href":"https:\/\/agora.xtec.cat\/ceiplledoner\/wp-json\/wp\/v2\/pages\/11710\/revisions\/11717"}],"wp:attachment":[{"href":"https:\/\/agora.xtec.cat\/ceiplledoner\/wp-json\/wp\/v2\/media?parent=11710"}],"curies":[{"name":"wp","href":"https:\/\/api.w.org\/{rel}","templated":true}]}}