{"id":87,"date":"2014-09-18T14:28:12","date_gmt":"2014-09-18T13:28:12","guid":{"rendered":"http:\/\/agora.xtec.cat\/ceipllavorsi\/?page_id=87"},"modified":"2025-09-01T11:10:26","modified_gmt":"2025-09-01T09:10:26","slug":"nivells","status":"publish","type":"page","link":"https:\/\/agora.xtec.cat\/ceipllavorsi\/nivells\/","title":{"rendered":"Agrupaments i mestres de refer\u00e8ncia"},"content":{"rendered":"<p>A l\u2019Escola de Llavors\u00ed hi conviuen diferents agrupaments al llarg de la setmana, a excepci\u00f3 de la llar d\u2019infants que sempre es mant\u00e9 igual.<\/p>\n<p>Enguany, els infants del segon cicle d\u2019educaci\u00f3 infantil i 1r de prim\u00e0ria seran un agrupament i tindran com a persona referent la <strong>Sara M.<\/strong> que far\u00e0 co-doc\u00e8ncia amb la <strong>Laura C.<\/strong><\/p>\n<p>D\u2019altra banda, els infants de 2n a 6\u00e8 de prim\u00e0ria, esdevindran l\u2019altre agrupament i tindran com a mestra referent la <strong>Isabel G.<\/strong><\/p>\n<p>Tot i aix\u00ed, hi haur\u00e0 espais i \u00e0rees en els que seguirem treballant amb agrupaments de <strong>Comunitats Petits-Mitjans-Grans<\/strong>, aix\u00ed com d\u2019altres en els que s\u2019agrupar\u00e0 <strong>EI+CI<\/strong> i <strong>CM+CS<\/strong> o <strong>prim\u00e0ria i infantil <\/strong>del segon cicle (I3, I4 i I5).<\/p>\n<p>Recordeu que el treball docent \u00e9s sempre compartit amb tot l\u2019equip i que estem en constant coordinaci\u00f3, per\u00f2 les <strong>figures referents<\/strong> s\u00f3n el punt de suport m\u00e9s proper per a l\u2019infant i les fam\u00edlies.<\/p>\n<p>Cal recordar que <strong>aquesta organitzaci\u00f3 dels agrupaments no \u00e9s nova<\/strong>, ens ha acompanyat al llarg dels anys. La novetat, enguany, \u00e9s especialment l\u2019organitzaci\u00f3 de les <strong>mestres de refer\u00e8ncia de cada curs<\/strong>.<\/p>\n<p>Per a informaci\u00f3 m\u00e9s concreta, cliqueu a l&#8217;opci\u00f3 que sigui del vostre inter\u00e8s:<\/p>\n<ul style=\"list-style-type: circle;\">\n<li><strong><a href=\"https:\/\/agora.xtec.cat\/ceipllavorsi\/categoria\/llar-dinfants\/\">La Llar d&#8217;infants<\/a><\/strong><\/li>\n<li><strong><a href=\"https:\/\/agora.xtec.cat\/ceipllavorsi\/categoria\/educacio-infantil-i3-i4-i5\/\">Educaci\u00f3 infantil &#8211; I3 I4 I5<\/a><\/strong><\/li>\n<li><strong><a href=\"https:\/\/agora.xtec.cat\/ceipllavorsi\/categoria\/educacio-primaria\/\">Educaci\u00f3 Prim\u00e0ria<\/a><\/strong><\/li>\n<\/ul>\n<p>&nbsp;<\/p>\n","protected":false},"excerpt":{"rendered":"<p>A l\u2019Escola de Llavors\u00ed hi conviuen diferents agrupaments al llarg de la setmana, a excepci\u00f3 de la llar d\u2019infants que sempre es mant\u00e9 igual.<br \/>\nEnguany, els infants del segon cicle d\u2019educaci\u00f3 infantil i 1r de prim\u00e0ria seran un agrupament i tindran com a persona referent la&hellip;  <a href=\"https:\/\/agora.xtec.cat\/ceipllavorsi\/nivells\/\" title=\"Read Agrupaments i mestres de refer\u00e8ncia\">Llegeix m\u00e9s\u00bb<\/a><\/p>\n","protected":false},"author":1,"featured_media":0,"parent":0,"menu_order":0,"comment_status":"closed","ping_status":"closed","template":"page-templates\/side-menu.php","meta":{"_bbp_topic_count":0,"_bbp_reply_count":0,"_bbp_total_topic_count":0,"_bbp_total_reply_count":0,"_bbp_voice_count":0,"_bbp_anonymous_reply_count":0,"_bbp_topic_count_hidden":0,"_bbp_reply_count_hidden":0,"_bbp_forum_subforum_count":0,"footnotes":""},"class_list":["post-87","page","type-page","status-publish","hentry"],"post_mailing_queue_ids":[],"_links":{"self":[{"href":"https:\/\/agora.xtec.cat\/ceipllavorsi\/wp-json\/wp\/v2\/pages\/87","targetHints":{"allow":["GET"]}}],"collection":[{"href":"https:\/\/agora.xtec.cat\/ceipllavorsi\/wp-json\/wp\/v2\/pages"}],"about":[{"href":"https:\/\/agora.xtec.cat\/ceipllavorsi\/wp-json\/wp\/v2\/types\/page"}],"author":[{"embeddable":true,"href":"https:\/\/agora.xtec.cat\/ceipllavorsi\/wp-json\/wp\/v2\/users\/1"}],"replies":[{"embeddable":true,"href":"https:\/\/agora.xtec.cat\/ceipllavorsi\/wp-json\/wp\/v2\/comments?post=87"}],"version-history":[{"count":6,"href":"https:\/\/agora.xtec.cat\/ceipllavorsi\/wp-json\/wp\/v2\/pages\/87\/revisions"}],"predecessor-version":[{"id":5242,"href":"https:\/\/agora.xtec.cat\/ceipllavorsi\/wp-json\/wp\/v2\/pages\/87\/revisions\/5242"}],"wp:attachment":[{"href":"https:\/\/agora.xtec.cat\/ceipllavorsi\/wp-json\/wp\/v2\/media?parent=87"}],"curies":[{"name":"wp","href":"https:\/\/api.w.org\/{rel}","templated":true}]}}