{"id":5252,"date":"2025-09-24T09:23:54","date_gmt":"2025-09-24T07:23:54","guid":{"rendered":"https:\/\/agora.xtec.cat\/ceipllavorsi\/?page_id=5252"},"modified":"2025-09-24T09:26:35","modified_gmt":"2025-09-24T07:26:35","slug":"guia-per-acompanyar-les-families-educacio-i-digitalitzacio","status":"publish","type":"page","link":"https:\/\/agora.xtec.cat\/ceipllavorsi\/guia-per-acompanyar-les-families-educacio-i-digitalitzacio\/","title":{"rendered":"Guia per acompanyar les fam\u00edlies &#8211; Educaci\u00f3 i digitalitzaci\u00f3"},"content":{"rendered":"<p><a href=\"https:\/\/agora.xtec.cat\/ceipllavorsi\/wp-content\/uploads\/usu1766\/2025\/09\/digi.png\"><br \/>\n<img loading=\"lazy\" decoding=\"async\" class=\"size-full wp-image-5255 aligncenter\" src=\"https:\/\/agora.xtec.cat\/ceipllavorsi\/wp-content\/uploads\/usu1766\/2025\/09\/digi.png\" alt=\"\" width=\"662\" height=\"694\" srcset=\"https:\/\/agora.xtec.cat\/ceipllavorsi\/wp-content\/uploads\/usu1766\/2025\/09\/digi.png 662w, https:\/\/agora.xtec.cat\/ceipllavorsi\/wp-content\/uploads\/usu1766\/2025\/09\/digi-286x300.png 286w\" sizes=\"auto, (max-width: 662px) 100vw, 662px\" \/><\/a><\/p>\n<p>&nbsp;<\/p>\n<p>RECOMANEM LA LECTURA DE LA GUIA COMPLERTA CLICANT <a href=\"https:\/\/agora.xtec.cat\/ceipllavorsi\/wp-content\/uploads\/usu1766\/2025\/09\/guia-families-educacio-i-digitalitzacio.pdf\">guia-families-educaci\u00f3 i digitalitzaci\u00f3<\/a>.<\/p>\n","protected":false},"excerpt":{"rendered":"<p><a href=\"https:\/\/agora.xtec.cat\/ceipllavorsi\/wp-content\/uploads\/usu1766\/2025\/09\/digi.png\"><br \/>\n<\/a><br \/>\n&nbsp;<br \/>\nRECOMANEM LA LECTURA DE LA GUIA COMPLERTA CLICANT <a href=\"https:\/\/agora.xtec.cat\/ceipllavorsi\/wp-content\/uploads\/usu1766\/2025\/09\/guia-families-educacio-i-digitalitzacio.pdf\">guia-families-educaci\u00f3 i digitalitzaci\u00f3<\/a>.<\/p>\n","protected":false},"author":1,"featured_media":0,"parent":0,"menu_order":0,"comment_status":"closed","ping_status":"closed","template":"","meta":{"_bbp_topic_count":0,"_bbp_reply_count":0,"_bbp_total_topic_count":0,"_bbp_total_reply_count":0,"_bbp_voice_count":0,"_bbp_anonymous_reply_count":0,"_bbp_topic_count_hidden":0,"_bbp_reply_count_hidden":0,"_bbp_forum_subforum_count":0,"footnotes":""},"class_list":["post-5252","page","type-page","status-publish","hentry"],"post_mailing_queue_ids":[],"_links":{"self":[{"href":"https:\/\/agora.xtec.cat\/ceipllavorsi\/wp-json\/wp\/v2\/pages\/5252","targetHints":{"allow":["GET"]}}],"collection":[{"href":"https:\/\/agora.xtec.cat\/ceipllavorsi\/wp-json\/wp\/v2\/pages"}],"about":[{"href":"https:\/\/agora.xtec.cat\/ceipllavorsi\/wp-json\/wp\/v2\/types\/page"}],"author":[{"embeddable":true,"href":"https:\/\/agora.xtec.cat\/ceipllavorsi\/wp-json\/wp\/v2\/users\/1"}],"replies":[{"embeddable":true,"href":"https:\/\/agora.xtec.cat\/ceipllavorsi\/wp-json\/wp\/v2\/comments?post=5252"}],"version-history":[{"count":3,"href":"https:\/\/agora.xtec.cat\/ceipllavorsi\/wp-json\/wp\/v2\/pages\/5252\/revisions"}],"predecessor-version":[{"id":5258,"href":"https:\/\/agora.xtec.cat\/ceipllavorsi\/wp-json\/wp\/v2\/pages\/5252\/revisions\/5258"}],"wp:attachment":[{"href":"https:\/\/agora.xtec.cat\/ceipllavorsi\/wp-json\/wp\/v2\/media?parent=5252"}],"curies":[{"name":"wp","href":"https:\/\/api.w.org\/{rel}","templated":true}]}}