{"id":5211,"date":"2025-08-12T13:44:08","date_gmt":"2025-08-12T11:44:08","guid":{"rendered":"https:\/\/agora.xtec.cat\/ceipllavorsi\/?page_id=5211"},"modified":"2026-03-03T09:38:52","modified_gmt":"2026-03-03T08:38:52","slug":"matriculacio-preinscripcio","status":"publish","type":"page","link":"https:\/\/agora.xtec.cat\/ceipllavorsi\/matriculacio-preinscripcio\/","title":{"rendered":"MATRICULACI\u00d3 &#8211; PREINSCRIPCI\u00d3"},"content":{"rendered":"<p><strong>PREINSCRIPCI\u00d3 2026-26:<\/strong><\/p>\n<p>Cliqueu la imatge per a m\u00e9s informaci\u00f3:<\/p>\n<p><a href=\"https:\/\/agora.xtec.cat\/ceipllavorsi\/general\/preinscripcio-2026-27\/\"><img loading=\"lazy\" decoding=\"async\" class=\"alignnone size-full wp-image-5370\" src=\"https:\/\/agora.xtec.cat\/ceipllavorsi\/wp-content\/uploads\/usu1766\/2026\/03\/baner-web.jpg\" alt=\"\" width=\"572\" height=\"448\" srcset=\"https:\/\/agora.xtec.cat\/ceipllavorsi\/wp-content\/uploads\/usu1766\/2026\/03\/baner-web.jpg 572w, https:\/\/agora.xtec.cat\/ceipllavorsi\/wp-content\/uploads\/usu1766\/2026\/03\/baner-web-300x235.jpg 300w\" sizes=\"auto, (max-width: 572px) 100vw, 572px\" \/><\/a><\/p>\n<p>&nbsp;<\/p>\n<p>&nbsp;<\/p>\n<p><strong>MATRICULACIONS:<\/strong><\/p>\n<p>Per a fer matriculacions o visites, podeu contactar al correu electr\u00f2nic de l\u2019escola:\u00a0<strong>c5003032@xtec.cat\u00a0<\/strong>i us respondrem tant aviat com sigui possible i prepararem conjuntament (escola i fam\u00edlia) el per\u00edode de familiaritzaci\u00f3 de l\u2019infant a l\u2019escola. Teniu m\u00e9s informaci\u00f3 sobre aquest per\u00edode al butllet\u00ed d\u2019inici de curs de la nostra p\u00e0gina web.<\/p>\n<p>Per tal d\u2019agilitzar el proc\u00e9s de matriculaci\u00f3, podeu enviar al correu electr\u00f2nic la documentaci\u00f3 seg\u00fcent (escanejada \/ fotografiada):<\/p>\n<ul>\n<li>DNI pare i\/o mare o tutor\/s legals.<\/li>\n<li>Si en t\u00e9, DNI de l\u2019infant.<\/li>\n<li>Tarja sanit\u00e0ria de l\u2019infant (la del CAP).<\/li>\n<li>Llibre de fam\u00edlia \/ certificat de naixement.<\/li>\n<li>Carnet de vacunaci\u00f3 \/ certificat m\u00e8dic.<\/li>\n<li><a href=\"https:\/\/drive.google.com\/file\/d\/10xP7gRA8nGsrbC5aqeu4ZTiFeZySCKp5\/view?usp=sharing\">Sol\u00b7licitud de preinscripci\u00f3 a ensenyaments de segon cicle d\u2019educaci\u00f3 infantil, educaci\u00f3 prim\u00e0ria i educaci\u00f3 secund\u00e0ria obligat\u00f2ria<\/a>\u00a0en centres educatius sufragats amb fons p\u00fablics. Curs vigent.<\/li>\n<li>Si \u00e9s el cas, el certificat m\u00e8dic (del curs vigent) per tenir al\u2022l\u00e8rgies\/intoler\u00e0ncies\/<wbr \/>malalties amb descripci\u00f3 de s\u00edmptomes i pautes a seguir. En el cas d\u2019administraci\u00f3 de medicaments, cal adjuntar tamb\u00e9 l\u2019autoritzaci\u00f3 de la fam\u00edlia juntament amb la prescripci\u00f3 m\u00e8dica del seu pediatra. Les autoritzacions les podeu trobar a la p\u00e0gina web de l\u2019escola i teniu m\u00e9s informaci\u00f3 al respecte al Butllet\u00ed d\u2019inici de curs que tamb\u00e9 est\u00e0 penjat.<\/li>\n<li>Si \u00e9s el cas, fotoc\u00f2pia carnet de fam\u00edlia nombrosa o monoparental.<\/li>\n<\/ul>\n<p>&nbsp;<\/p>\n","protected":false},"excerpt":{"rendered":"<p>PREINSCRIPCI\u00d3 2026-26:<br \/>\nCliqueu la imatge per a m\u00e9s informaci\u00f3:<br \/>\n<a href=\"https:\/\/agora.xtec.cat\/ceipllavorsi\/general\/preinscripcio-2026-27\/\"><\/a><br \/>\n&nbsp;<br \/>\n&nbsp;<br \/>\nMATRICULACIONS:<br \/>\nPer a fer matriculacions o visites, podeu contactar al correu electr\u00f2nic de l\u2019escola:\u00a0c5003032@xtec.cat\u00a0i us respondrem tant aviat com sigui possible i prepararem conjuntament (escola i fam\u00edlia) el per\u00edode de familiaritzaci\u00f3 de l\u2019infant a l\u2019escola. Teniu m\u00e9s informaci\u00f3&hellip;  <a href=\"https:\/\/agora.xtec.cat\/ceipllavorsi\/matriculacio-preinscripcio\/\" title=\"Read MATRICULACI\u00d3 &#8211; PREINSCRIPCI\u00d3\">Llegeix m\u00e9s\u00bb<\/a><\/p>\n","protected":false},"author":1,"featured_media":0,"parent":0,"menu_order":0,"comment_status":"closed","ping_status":"closed","template":"","meta":{"_bbp_topic_count":0,"_bbp_reply_count":0,"_bbp_total_topic_count":0,"_bbp_total_reply_count":0,"_bbp_voice_count":0,"_bbp_anonymous_reply_count":0,"_bbp_topic_count_hidden":0,"_bbp_reply_count_hidden":0,"_bbp_forum_subforum_count":0,"footnotes":""},"class_list":["post-5211","page","type-page","status-publish","hentry"],"post_mailing_queue_ids":[],"_links":{"self":[{"href":"https:\/\/agora.xtec.cat\/ceipllavorsi\/wp-json\/wp\/v2\/pages\/5211","targetHints":{"allow":["GET"]}}],"collection":[{"href":"https:\/\/agora.xtec.cat\/ceipllavorsi\/wp-json\/wp\/v2\/pages"}],"about":[{"href":"https:\/\/agora.xtec.cat\/ceipllavorsi\/wp-json\/wp\/v2\/types\/page"}],"author":[{"embeddable":true,"href":"https:\/\/agora.xtec.cat\/ceipllavorsi\/wp-json\/wp\/v2\/users\/1"}],"replies":[{"embeddable":true,"href":"https:\/\/agora.xtec.cat\/ceipllavorsi\/wp-json\/wp\/v2\/comments?post=5211"}],"version-history":[{"count":4,"href":"https:\/\/agora.xtec.cat\/ceipllavorsi\/wp-json\/wp\/v2\/pages\/5211\/revisions"}],"predecessor-version":[{"id":5371,"href":"https:\/\/agora.xtec.cat\/ceipllavorsi\/wp-json\/wp\/v2\/pages\/5211\/revisions\/5371"}],"wp:attachment":[{"href":"https:\/\/agora.xtec.cat\/ceipllavorsi\/wp-json\/wp\/v2\/media?parent=5211"}],"curies":[{"name":"wp","href":"https:\/\/api.w.org\/{rel}","templated":true}]}}