{"id":5203,"date":"2025-08-12T13:17:52","date_gmt":"2025-08-12T11:17:52","guid":{"rendered":"https:\/\/agora.xtec.cat\/ceipllavorsi\/?page_id=5203"},"modified":"2025-08-31T18:20:38","modified_gmt":"2025-08-31T16:20:38","slug":"horari-datencio-a-les-families","status":"publish","type":"page","link":"https:\/\/agora.xtec.cat\/ceipllavorsi\/horari-datencio-a-les-families\/","title":{"rendered":"Horari d&#8217;atenci\u00f3 a les fam\u00edlies"},"content":{"rendered":"<p>La coordinaci\u00f3 i entesa entre fam\u00edlia i escola \u00e9s un eix clau per a l&#8217;aprenentatge i el desenvolupament integral dels infants.<\/p>\n<p>Dins l&#8217;horari establert d&#8217;atenci\u00f3 a les fam\u00edlies, <strong>dues vegades al curs<\/strong> es faran entrevistes <strong>convocades per a les mestres de refer\u00e8ncia<\/strong> amb l&#8217;objectiu de compartir l&#8217;evoluci\u00f3 i l&#8217;avaluaci\u00f3 dels infants i tractar els aspectes que siguin necessaris.<\/p>\n<p>D&#8217;altra banda, <strong>les fam\u00edlies poden sol\u00b7licitar amb antelaci\u00f3 una entrevista<\/strong> dins d&#8217;aquest horari d&#8217;atenci\u00f3 a les fam\u00edlies sempre que ho considerin necessari.<\/p>\n<p>\u00c9s imprescindible <strong>respectar aquest horari d&#8217;atenci\u00f3 a les fam\u00edlies<\/strong>. L&#8217;escola posa a disposici\u00f3 un certificat de justificaci\u00f3 d&#8217;assist\u00e8ncia perqu\u00e8 les fam\u00edlies el puguin presentar al lloc de treball en cas de necessitat.<\/p>\n<p style=\"text-align: center;\"><strong>LLAR D&#8217;INFANTS:<\/strong> Dilluns de 13 a 14h.<\/p>\n<p style=\"text-align: center;\"><strong>EDUCACI\u00d3 INFANTIL (I3 I4 I5) + 1r Prim\u00e0ria:<\/strong> Dimarts de 13 a 14h.<\/p>\n<p style=\"text-align: center;\"><strong>EDUCACI\u00d3 PRIM\u00c0RIA (2n a 6\u00e8):<\/strong> Dilluns de 13 a 14h.<\/p>\n<p style=\"text-align: center;\"><strong>DIRECCI\u00d3:<\/strong> Dimecres de 9 a 10h <em>*Amb cita pr\u00e8via<\/em>.<\/p>\n","protected":false},"excerpt":{"rendered":"<p>La coordinaci\u00f3 i entesa entre fam\u00edlia i escola \u00e9s un eix clau per a l&#8217;aprenentatge i el desenvolupament integral dels infants.<br \/>\nDins l&#8217;horari establert d&#8217;atenci\u00f3 a les fam\u00edlies, dues vegades al curs es faran entrevistes convocades per a les mestres de refer\u00e8ncia amb l&#8217;objectiu de compartir&hellip;  <a href=\"https:\/\/agora.xtec.cat\/ceipllavorsi\/horari-datencio-a-les-families\/\" title=\"Read Horari d&#8217;atenci\u00f3 a les fam\u00edlies\">Llegeix m\u00e9s\u00bb<\/a><\/p>\n","protected":false},"author":1,"featured_media":0,"parent":0,"menu_order":0,"comment_status":"closed","ping_status":"closed","template":"","meta":{"_bbp_topic_count":0,"_bbp_reply_count":0,"_bbp_total_topic_count":0,"_bbp_total_reply_count":0,"_bbp_voice_count":0,"_bbp_anonymous_reply_count":0,"_bbp_topic_count_hidden":0,"_bbp_reply_count_hidden":0,"_bbp_forum_subforum_count":0,"footnotes":""},"class_list":["post-5203","page","type-page","status-publish","hentry"],"post_mailing_queue_ids":[],"_links":{"self":[{"href":"https:\/\/agora.xtec.cat\/ceipllavorsi\/wp-json\/wp\/v2\/pages\/5203","targetHints":{"allow":["GET"]}}],"collection":[{"href":"https:\/\/agora.xtec.cat\/ceipllavorsi\/wp-json\/wp\/v2\/pages"}],"about":[{"href":"https:\/\/agora.xtec.cat\/ceipllavorsi\/wp-json\/wp\/v2\/types\/page"}],"author":[{"embeddable":true,"href":"https:\/\/agora.xtec.cat\/ceipllavorsi\/wp-json\/wp\/v2\/users\/1"}],"replies":[{"embeddable":true,"href":"https:\/\/agora.xtec.cat\/ceipllavorsi\/wp-json\/wp\/v2\/comments?post=5203"}],"version-history":[{"count":5,"href":"https:\/\/agora.xtec.cat\/ceipllavorsi\/wp-json\/wp\/v2\/pages\/5203\/revisions"}],"predecessor-version":[{"id":5239,"href":"https:\/\/agora.xtec.cat\/ceipllavorsi\/wp-json\/wp\/v2\/pages\/5203\/revisions\/5239"}],"wp:attachment":[{"href":"https:\/\/agora.xtec.cat\/ceipllavorsi\/wp-json\/wp\/v2\/media?parent=5203"}],"curies":[{"name":"wp","href":"https:\/\/api.w.org\/{rel}","templated":true}]}}