{"id":4722,"date":"2024-03-21T11:11:44","date_gmt":"2024-03-21T10:11:44","guid":{"rendered":"https:\/\/agora.xtec.cat\/ceipllavorsi\/?page_id=4722"},"modified":"2024-03-21T11:13:45","modified_gmt":"2024-03-21T10:13:45","slug":"serveis-educatius-pallars-sobira","status":"publish","type":"page","link":"https:\/\/agora.xtec.cat\/ceipllavorsi\/serveis-educatius-pallars-sobira\/","title":{"rendered":"Serveis Educatius Pallars Sobir\u00e0"},"content":{"rendered":"<p>En aquest enlla\u00e7 podreu accedir a la p\u00e0gina web dels Serveis Educatius del Pallars Sobir\u00e0: <a href=\"https:\/\/serveiseducatius.xtec.cat\/pallars\/\">https:\/\/serveiseducatius.xtec.cat\/pallars\/<\/a><\/p>\n<p>&nbsp;<\/p>\n<p>&nbsp;<\/p>\n","protected":false},"excerpt":{"rendered":"<p>En aquest enlla\u00e7 podreu accedir a la p\u00e0gina web dels Serveis Educatius del Pallars Sobir\u00e0: <a href=\"https:\/\/serveiseducatius.xtec.cat\/pallars\/\">https:\/\/serveiseducatius.xtec.cat\/pallars\/<\/a><br \/>\n&nbsp;<br \/>\n&nbsp;<\/p>\n","protected":false},"author":1,"featured_media":0,"parent":0,"menu_order":0,"comment_status":"closed","ping_status":"closed","template":"","meta":{"_bbp_topic_count":0,"_bbp_reply_count":0,"_bbp_total_topic_count":0,"_bbp_total_reply_count":0,"_bbp_voice_count":0,"_bbp_anonymous_reply_count":0,"_bbp_topic_count_hidden":0,"_bbp_reply_count_hidden":0,"_bbp_forum_subforum_count":0,"footnotes":""},"class_list":["post-4722","page","type-page","status-publish","hentry"],"post_mailing_queue_ids":[],"_links":{"self":[{"href":"https:\/\/agora.xtec.cat\/ceipllavorsi\/wp-json\/wp\/v2\/pages\/4722","targetHints":{"allow":["GET"]}}],"collection":[{"href":"https:\/\/agora.xtec.cat\/ceipllavorsi\/wp-json\/wp\/v2\/pages"}],"about":[{"href":"https:\/\/agora.xtec.cat\/ceipllavorsi\/wp-json\/wp\/v2\/types\/page"}],"author":[{"embeddable":true,"href":"https:\/\/agora.xtec.cat\/ceipllavorsi\/wp-json\/wp\/v2\/users\/1"}],"replies":[{"embeddable":true,"href":"https:\/\/agora.xtec.cat\/ceipllavorsi\/wp-json\/wp\/v2\/comments?post=4722"}],"version-history":[{"count":3,"href":"https:\/\/agora.xtec.cat\/ceipllavorsi\/wp-json\/wp\/v2\/pages\/4722\/revisions"}],"predecessor-version":[{"id":4726,"href":"https:\/\/agora.xtec.cat\/ceipllavorsi\/wp-json\/wp\/v2\/pages\/4722\/revisions\/4726"}],"wp:attachment":[{"href":"https:\/\/agora.xtec.cat\/ceipllavorsi\/wp-json\/wp\/v2\/media?parent=4722"}],"curies":[{"name":"wp","href":"https:\/\/api.w.org\/{rel}","templated":true}]}}