{"id":2123,"date":"2020-09-10T10:04:22","date_gmt":"2020-09-10T08:04:22","guid":{"rendered":"http:\/\/agora.xtec.cat\/ceipllavorsi\/?page_id=2123"},"modified":"2025-09-01T11:20:59","modified_gmt":"2025-09-01T09:20:59","slug":"bulleti-inici-de-curs","status":"publish","type":"page","link":"https:\/\/agora.xtec.cat\/ceipllavorsi\/bulleti-inici-de-curs\/","title":{"rendered":"Informacions per al curs 2023-24"},"content":{"rendered":"<p style=\"text-align: center;\"><strong>INFORMACIONS DEL CURS\u00a0<\/strong><\/p>\n<p>A continuaci\u00f3 teniu un document amb tota la informaci\u00f3 del curs. La seva lectura \u00e9s molt important.<\/p>\n<p>&nbsp;<\/p>\n<p>&nbsp;<\/p>\n<p><iframe loading=\"lazy\" src=\"https:\/\/drive.google.com\/file\/d\/1LD5nZjVaL93xjokZYHExMsMHTpzHmTqt\/preview\" width=\"800\" height=\"700\"><\/iframe><\/p>\n","protected":false},"excerpt":{"rendered":"<p>INFORMACIONS DEL CURS\u00a0<br \/>\nA continuaci\u00f3 teniu un document amb tota la informaci\u00f3 del curs. La seva lectura \u00e9s molt important.<br \/>\n&nbsp;<br \/>\n&nbsp;<\/p>\n","protected":false},"author":1,"featured_media":0,"parent":0,"menu_order":0,"comment_status":"closed","ping_status":"closed","template":"","meta":{"_bbp_topic_count":0,"_bbp_reply_count":0,"_bbp_total_topic_count":0,"_bbp_total_reply_count":0,"_bbp_voice_count":0,"_bbp_anonymous_reply_count":0,"_bbp_topic_count_hidden":0,"_bbp_reply_count_hidden":0,"_bbp_forum_subforum_count":0,"footnotes":""},"class_list":["post-2123","page","type-page","status-publish","hentry"],"post_mailing_queue_ids":[],"_links":{"self":[{"href":"https:\/\/agora.xtec.cat\/ceipllavorsi\/wp-json\/wp\/v2\/pages\/2123","targetHints":{"allow":["GET"]}}],"collection":[{"href":"https:\/\/agora.xtec.cat\/ceipllavorsi\/wp-json\/wp\/v2\/pages"}],"about":[{"href":"https:\/\/agora.xtec.cat\/ceipllavorsi\/wp-json\/wp\/v2\/types\/page"}],"author":[{"embeddable":true,"href":"https:\/\/agora.xtec.cat\/ceipllavorsi\/wp-json\/wp\/v2\/users\/1"}],"replies":[{"embeddable":true,"href":"https:\/\/agora.xtec.cat\/ceipllavorsi\/wp-json\/wp\/v2\/comments?post=2123"}],"version-history":[{"count":6,"href":"https:\/\/agora.xtec.cat\/ceipllavorsi\/wp-json\/wp\/v2\/pages\/2123\/revisions"}],"predecessor-version":[{"id":5244,"href":"https:\/\/agora.xtec.cat\/ceipllavorsi\/wp-json\/wp\/v2\/pages\/2123\/revisions\/5244"}],"wp:attachment":[{"href":"https:\/\/agora.xtec.cat\/ceipllavorsi\/wp-json\/wp\/v2\/media?parent=2123"}],"curies":[{"name":"wp","href":"https:\/\/api.w.org\/{rel}","templated":true}]}}