{"id":3041,"date":"2025-11-06T17:19:51","date_gmt":"2025-11-06T16:19:51","guid":{"rendered":"https:\/\/agora.xtec.cat\/ceiplillet\/?page_id=3041"},"modified":"2026-04-16T16:34:41","modified_gmt":"2026-04-16T14:34:41","slug":"lema-gaudim-fort","status":"publish","type":"page","link":"https:\/\/agora.xtec.cat\/ceiplillet\/projecte-educatiu\/lema-gaudim-fort\/","title":{"rendered":"Lema: GAUDI&#8217;m fort!"},"content":{"rendered":"\n<figure class=\"wp-block-gallery has-nested-images columns-default is-cropped wp-block-gallery-1 is-layout-flex wp-block-gallery-is-layout-flex\">\n<figure class=\"wp-block-image size-medium has-custom-border is-style-default\" style=\"margin-top:0;margin-right:0;margin-bottom:0;margin-left:0\"><a href=\"https:\/\/agora.xtec.cat\/ceiplillet\/wp-content\/uploads\/usu481\/2025\/11\/IMG_8771.jpeg\"><img loading=\"lazy\" decoding=\"async\" width=\"225\" height=\"300\" data-id=\"3044\" src=\"https:\/\/agora.xtec.cat\/ceiplillet\/wp-content\/uploads\/usu481\/2025\/11\/IMG_8771-225x300.jpeg\" alt=\"\" class=\"wp-image-3044\" style=\"border-style:none;border-width:0px\" srcset=\"https:\/\/agora.xtec.cat\/ceiplillet\/wp-content\/uploads\/usu481\/2025\/11\/IMG_8771-225x300.jpeg 225w, https:\/\/agora.xtec.cat\/ceiplillet\/wp-content\/uploads\/usu481\/2025\/11\/IMG_8771.jpeg 756w\" sizes=\"auto, (max-width: 225px) 100vw, 225px\" \/><\/a><\/figure>\n\n\n\n<figure class=\"wp-block-image size-large is-style-default\" style=\"margin-top:0;margin-bottom:0\"><a href=\"https:\/\/agora.xtec.cat\/ceiplillet\/wp-content\/uploads\/usu481\/2025\/11\/IMG_1500.jpg\"><img loading=\"lazy\" decoding=\"async\" width=\"1008\" height=\"756\" data-id=\"3043\" src=\"https:\/\/agora.xtec.cat\/ceiplillet\/wp-content\/uploads\/usu481\/2025\/11\/IMG_1500.jpg\" alt=\"\" class=\"wp-image-3043\" srcset=\"https:\/\/agora.xtec.cat\/ceiplillet\/wp-content\/uploads\/usu481\/2025\/11\/IMG_1500.jpg 1008w, https:\/\/agora.xtec.cat\/ceiplillet\/wp-content\/uploads\/usu481\/2025\/11\/IMG_1500-300x225.jpg 300w, https:\/\/agora.xtec.cat\/ceiplillet\/wp-content\/uploads\/usu481\/2025\/11\/IMG_1500-768x576.jpg 768w\" sizes=\"auto, (max-width: 1008px) 100vw, 1008px\" \/><\/a><\/figure>\n<\/figure>\n\n\n\n<p>A l&#8217;inici del curs vam decidir que aquest any el nostre lema seria : GAUDI&#8217;M FORT, en honor als 100 anys de la mort d&#8217;Antoni Gaud\u00ed.  A partir d&#8217;aqu\u00ed, cada cicle ha buscat diferents preguntes a investigar i hem treballat de diferents maneres cada grup d&#8217;alumnes.<\/p>\n\n\n\n<p>Aquestes s\u00f3n les preguntes que ens han sorgit a cada cicle:<\/p>\n\n\n\n<figure class=\"wp-block-table\"><table class=\"has-fixed-layout\"><tbody><tr><td><strong>EDUCACI\u00d3 INFANTIL:<\/strong><br>La petjada de Gaud\u00ed a la Pobla<\/td><td><strong>CICLE INICIAL:<\/strong><br>Com seria la nostra aula si l&#8217;hagu\u00e9s dissenyat Antoni Gaud\u00ed?<\/td><\/tr><tr><td><strong>CICLE MITJ\u00c0:<\/strong><br>Com podem donar a con\u00e8ixer la obra de Gaud\u00ed sense que la Pobla perdi la seva ess\u00e8ncia?<\/td><td><strong>CICLE SUPERIOR:<\/strong><br>Com va influenciar l&#8217;arribada d&#8217;Eusebi G\u00fcell a la Pobla de Lillet?<\/td><\/tr><\/tbody><\/table><\/figure>\n\n\n\n<p><\/p>\n","protected":false},"excerpt":{"rendered":"<p>A l&#8217;inici del curs vam decidir que aquest any el nostre lema seria : GAUDI&#8217;M FORT, en honor als 100 anys de la mort d&#8217;Antoni Gaud\u00ed. A partir d&#8217;aqu\u00ed, cada cicle ha buscat diferents preguntes a investigar i hem treballat de diferents maneres cada grup d&#8217;alumnes. Aquestes s\u00f3n les preguntes que ens han sorgit a [&hellip;]<\/p>\n","protected":false},"author":1,"featured_media":0,"parent":64,"menu_order":2,"comment_status":"closed","ping_status":"close","template":"","meta":{"_bbp_topic_count":0,"_bbp_reply_count":0,"_bbp_total_topic_count":0,"_bbp_total_reply_count":0,"_bbp_voice_count":0,"_bbp_anonymous_reply_count":0,"_bbp_topic_count_hidden":0,"_bbp_reply_count_hidden":0,"_bbp_forum_subforum_count":0,"site-sidebar-layout":"default","site-content-layout":"","ast-site-content-layout":"default","site-content-style":"default","site-sidebar-style":"default","ast-global-header-display":"","ast-banner-title-visibility":"","ast-main-header-display":"","ast-hfb-above-header-display":"","ast-hfb-below-header-display":"","ast-hfb-mobile-header-display":"","site-post-title":"","ast-breadcrumbs-content":"","ast-featured-img":"","footer-sml-layout":"","theme-transparent-header-meta":"","adv-header-id-meta":"","stick-header-meta":"","header-above-stick-meta":"","header-main-stick-meta":"","header-below-stick-meta":"","astra-migrate-meta-layouts":"set","ast-page-background-enabled":"default","ast-page-background-meta":{"desktop":{"background-color":"var(--ast-global-color-4)","background-image":"","background-repeat":"repeat","background-position":"center center","background-size":"auto","background-attachment":"scroll","background-type":"","background-media":"","overlay-type":"","overlay-color":"","overlay-opacity":"","overlay-gradient":""},"tablet":{"background-color":"","background-image":"","background-repeat":"repeat","background-position":"center center","background-size":"auto","background-attachment":"scroll","background-type":"","background-media":"","overlay-type":"","overlay-color":"","overlay-opacity":"","overlay-gradient":""},"mobile":{"background-color":"","background-image":"","background-repeat":"repeat","background-position":"center center","background-size":"auto","background-attachment":"scroll","background-type":"","background-media":"","overlay-type":"","overlay-color":"","overlay-opacity":"","overlay-gradient":""}},"ast-content-background-meta":{"desktop":{"background-color":"var(--ast-global-color-5)","background-image":"","background-repeat":"repeat","background-position":"center center","background-size":"auto","background-attachment":"scroll","background-type":"","background-media":"","overlay-type":"","overlay-color":"","overlay-opacity":"","overlay-gradient":""},"tablet":{"background-color":"var(--ast-global-color-5)","background-image":"","background-repeat":"repeat","background-position":"center center","background-size":"auto","background-attachment":"scroll","background-type":"","background-media":"","overlay-type":"","overlay-color":"","overlay-opacity":"","overlay-gradient":""},"mobile":{"background-color":"var(--ast-global-color-5)","background-image":"","background-repeat":"repeat","background-position":"center center","background-size":"auto","background-attachment":"scroll","background-type":"","background-media":"","overlay-type":"","overlay-color":"","overlay-opacity":"","overlay-gradient":""}},"footnotes":""},"class_list":["post-3041","page","type-page","status-publish","hentry"],"post_mailing_queue_ids":[],"_links":{"self":[{"href":"https:\/\/agora.xtec.cat\/ceiplillet\/wp-json\/wp\/v2\/pages\/3041","targetHints":{"allow":["GET"]}}],"collection":[{"href":"https:\/\/agora.xtec.cat\/ceiplillet\/wp-json\/wp\/v2\/pages"}],"about":[{"href":"https:\/\/agora.xtec.cat\/ceiplillet\/wp-json\/wp\/v2\/types\/page"}],"author":[{"embeddable":true,"href":"https:\/\/agora.xtec.cat\/ceiplillet\/wp-json\/wp\/v2\/users\/1"}],"replies":[{"embeddable":true,"href":"https:\/\/agora.xtec.cat\/ceiplillet\/wp-json\/wp\/v2\/comments?post=3041"}],"version-history":[{"count":3,"href":"https:\/\/agora.xtec.cat\/ceiplillet\/wp-json\/wp\/v2\/pages\/3041\/revisions"}],"predecessor-version":[{"id":3115,"href":"https:\/\/agora.xtec.cat\/ceiplillet\/wp-json\/wp\/v2\/pages\/3041\/revisions\/3115"}],"up":[{"embeddable":true,"href":"https:\/\/agora.xtec.cat\/ceiplillet\/wp-json\/wp\/v2\/pages\/64"}],"wp:attachment":[{"href":"https:\/\/agora.xtec.cat\/ceiplillet\/wp-json\/wp\/v2\/media?parent=3041"}],"curies":[{"name":"wp","href":"https:\/\/api.w.org\/{rel}","templated":true}]}}