{"id":278,"date":"2016-09-07T11:40:23","date_gmt":"2016-09-07T09:40:23","guid":{"rendered":"http:\/\/agora.xtec.cat\/ceiplillet\/?page_id=278"},"modified":"2025-11-06T17:11:02","modified_gmt":"2025-11-06T16:11:02","slug":"material-escolar-2","status":"publish","type":"page","link":"https:\/\/agora.xtec.cat\/ceiplillet\/lescola\/material-escolar-2\/","title":{"rendered":"Material escolar"},"content":{"rendered":"<p><span style=\"text-decoration: underline;\"><strong>MATERIAL ESCOLAR I MATERIAL VARI<\/strong><\/span><\/p>\n<p><span style=\"font-weight: 400;\">La quota de material ha quedat fixada en 90\u20ac. En cas de fer-se soci de l&#8217;AFA (30 euros)\u00a0 la quota de material es redueix a 75 euros, ja que l&#8217;AFA n&#8217;assumeix aquests 15 euros.\u00a0\u00a0<\/span><\/p>\n<p><span style=\"font-weight: 400;\">L\u2019import de la quota es pot abonar en un \u00fanic pagament, o b\u00e9 de manera fraccionada. Tamb\u00e9 es pot abonar el VAL ESCOLAR per l&#8217;alumnat de Prim\u00e0ria. <\/span><\/p>\n<p><span style=\"font-weight: 400;\">Enguany, el material que ha de portar l&#8217;alumnat \u00e9s:\u00a0\u00a0<\/span><\/p>\n<p><span style=\"font-weight: 400;\">&#8211; Motxilla (xics, petits, mitjans i grans)\u00a0<\/span><\/p>\n<p><span style=\"font-weight: 400;\">&#8211; Carpeta senzilla (petits i mitjans)\u00a0<\/span><\/p>\n<p><span style=\"font-weight: 400;\">&#8211; Carpeta classificadora (grans)\u00a0<\/span><\/p>\n<p><span style=\"font-weight: 400;\">&#8211; Bata per fer pl\u00e0stica* (xics, petits, mitjans i grans)\u00a0<\/span><\/p>\n<p><span style=\"font-weight: 400;\">&#8211; Bata pel menjador* (xics i petits que facin \u00fas del menjador)\u00a0<\/span><\/p>\n<p><span style=\"font-weight: 400;\">*<strong><em>Totes les bates han de portar beta i el nom de l\u2019alumne.\u00a0\u00a0<\/em><\/strong><\/span><\/p>\n<p><span style=\"font-weight: 400;\">Tots els alumnes hauran de dur sempre dins la motxilla:\u00a0\u00a0<\/span><\/p>\n<p><span style=\"font-weight: 400;\">&#8211; Una cantimplora o ampolla d\u2019aigua<\/span><\/p>\n<p>&#8211; Agenda<\/p>\n<p>&#8211; Carpeta<\/p>\n<p><span style=\"font-weight: 400;\">\ufffd\ufffd <\/span><span style=\"font-weight: 400;\">Us demanem que els ajudeu a tenir cura del material i a organitzar-se b\u00e9 per portar-lo\u00a0 di\u00e0riament a l\u2019escola.\u00a0\u00a0<\/span><\/p>\n<p><span style=\"font-weight: 400;\">Els alumnes NO han de portar material escolar de casa.<\/span><span style=\"font-weight: 400;\">\u00a0<\/span><\/p>\n<p><b>PSICOMOTRICITAT (Ed. Infantil) I EDUCACI\u00d3 F\u00cdSICA (Ed. Prim\u00e0ria) <\/b><b>\u00a0<\/b><\/p>\n<p><span style=\"font-weight: 400;\">\u00c9s imprescindible que tots els alumnes de l&#8217;escola portin <strong>cal\u00e7at esportiu i roba c\u00f2moda<\/strong>\u00a0 els dies que tenen classe d&#8217;Educaci\u00f3 F\u00edsica o Psicomotricitat.\u00a0<\/span><\/p>\n<p><span style=\"font-weight: 400;\">A m\u00e9s a m\u00e9s, cal que els alumnes d\u2019infantil portin un <strong>cal\u00e7at que es puguin posar i\u00a0 treure ells sols<\/strong> (per exemple, cal\u00e7at amb velcro).\u00a0<\/span><\/p>\n<p><span style=\"font-weight: 400;\">A prim\u00e0ria, es demana que els alumnes portin <strong>una samarreta de recanvi i una tovallola<\/strong>.\u00a0 En acabar la classe aniran al lavabo per canviar-se, iniciant aix\u00ed els h\u00e0bits d\u2019higiene\u00a0 personal necessaris sempre que es fa activitat f\u00edsica.\u00a0\u00a0<\/span><\/p>\n<p><span style=\"font-weight: 400;\">Si per qualsevol motiu, els alumnes no poden fer l&#8217;activitat, \u00e9s totalment necessari que\u00a0 les fam\u00edlies ho comuniquin (ja sigui per escrit amb una nota, personalment o per\u00a0 tel\u00e8fon) al tutor\/a o a l&#8217;especialista d&#8217;Educaci\u00f3 F\u00edsica. Tamb\u00e9 cal que comuniquin quan\u00a0 els alumnes podran tornar a fer l&#8217;activitat amb normalitat.\u00a0\u00a0<\/span><\/p>\n<p><b>ALTRES INFORMACIONS MATERIAL <\/b><b>\u00a0<\/b><\/p>\n<p><span style=\"font-weight: 400;\">Els nens i nenes no poden portar aparells electr\u00f2nics (m\u00f2bils, tablets, smartwatch&#8230;) ni a l\u2019escola ni al menjador. S\u2019ha decidit que en cas que es trobi\u00a0 algun d\u2019aquests aparells, es requisar\u00e0 i es trucar\u00e0 a la fam\u00edlia. En cas\u00a0 que l\u2019alumne necessiti utilitzar-lo en sortir de l\u2019escola (per a\u00a0 comunicar-se amb la fam\u00edlia, per exemple) es parlar\u00e0 amb el tutor, <\/span><span style=\"font-weight: 400;\">que li guardar\u00e0 i li tornar\u00e0 en acabar el dia.\u00a0<\/span><\/p>\n<p><span style=\"font-weight: 400;\">Els nens i nenes no poden portar joguines de casa, a no ser que les mestres ho hagin\u00a0 demanat espec\u00edficament. Hi ha molt material escolar per jugar tots plegats, i aix\u00ed evitar\u00a0 possibles conflictes innecessaris.<\/span><\/p>\n","protected":false},"excerpt":{"rendered":"<p>MATERIAL ESCOLAR I MATERIAL VARI La quota de material ha quedat fixada en 90\u20ac. En cas de fer-se soci de l&#8217;AFA (30 euros)\u00a0 la quota de material es redueix a 75 euros, ja que l&#8217;AFA n&#8217;assumeix aquests 15 euros.\u00a0\u00a0 L\u2019import de la quota es pot abonar en un \u00fanic pagament, o b\u00e9 de manera fraccionada. [&hellip;]<\/p>\n","protected":false},"author":1,"featured_media":0,"parent":22,"menu_order":6,"comment_status":"closed","ping_status":"closed","template":"","meta":{"_bbp_topic_count":0,"_bbp_reply_count":0,"_bbp_total_topic_count":0,"_bbp_total_reply_count":0,"_bbp_voice_count":0,"_bbp_anonymous_reply_count":0,"_bbp_topic_count_hidden":0,"_bbp_reply_count_hidden":0,"_bbp_forum_subforum_count":0,"site-sidebar-layout":"default","site-content-layout":"","ast-site-content-layout":"default","site-content-style":"default","site-sidebar-style":"default","ast-global-header-display":"","ast-banner-title-visibility":"","ast-main-header-display":"","ast-hfb-above-header-display":"","ast-hfb-below-header-display":"","ast-hfb-mobile-header-display":"","site-post-title":"","ast-breadcrumbs-content":"","ast-featured-img":"","footer-sml-layout":"","theme-transparent-header-meta":"","adv-header-id-meta":"","stick-header-meta":"","header-above-stick-meta":"","header-main-stick-meta":"","header-below-stick-meta":"","astra-migrate-meta-layouts":"set","ast-page-background-enabled":"default","ast-page-background-meta":{"desktop":{"background-color":"var(--ast-global-color-4)","background-image":"","background-repeat":"repeat","background-position":"center center","background-size":"auto","background-attachment":"scroll","background-type":"","background-media":"","overlay-type":"","overlay-color":"","overlay-opacity":"","overlay-gradient":""},"tablet":{"background-color":"","background-image":"","background-repeat":"repeat","background-position":"center center","background-size":"auto","background-attachment":"scroll","background-type":"","background-media":"","overlay-type":"","overlay-color":"","overlay-opacity":"","overlay-gradient":""},"mobile":{"background-color":"","background-image":"","background-repeat":"repeat","background-position":"center center","background-size":"auto","background-attachment":"scroll","background-type":"","background-media":"","overlay-type":"","overlay-color":"","overlay-opacity":"","overlay-gradient":""}},"ast-content-background-meta":{"desktop":{"background-color":"var(--ast-global-color-5)","background-image":"","background-repeat":"repeat","background-position":"center center","background-size":"auto","background-attachment":"scroll","background-type":"","background-media":"","overlay-type":"","overlay-color":"","overlay-opacity":"","overlay-gradient":""},"tablet":{"background-color":"var(--ast-global-color-5)","background-image":"","background-repeat":"repeat","background-position":"center center","background-size":"auto","background-attachment":"scroll","background-type":"","background-media":"","overlay-type":"","overlay-color":"","overlay-opacity":"","overlay-gradient":""},"mobile":{"background-color":"var(--ast-global-color-5)","background-image":"","background-repeat":"repeat","background-position":"center center","background-size":"auto","background-attachment":"scroll","background-type":"","background-media":"","overlay-type":"","overlay-color":"","overlay-opacity":"","overlay-gradient":""}},"footnotes":""},"class_list":["post-278","page","type-page","status-publish","hentry"],"post_mailing_queue_ids":[],"_links":{"self":[{"href":"https:\/\/agora.xtec.cat\/ceiplillet\/wp-json\/wp\/v2\/pages\/278","targetHints":{"allow":["GET"]}}],"collection":[{"href":"https:\/\/agora.xtec.cat\/ceiplillet\/wp-json\/wp\/v2\/pages"}],"about":[{"href":"https:\/\/agora.xtec.cat\/ceiplillet\/wp-json\/wp\/v2\/types\/page"}],"author":[{"embeddable":true,"href":"https:\/\/agora.xtec.cat\/ceiplillet\/wp-json\/wp\/v2\/users\/1"}],"replies":[{"embeddable":true,"href":"https:\/\/agora.xtec.cat\/ceiplillet\/wp-json\/wp\/v2\/comments?post=278"}],"version-history":[{"count":3,"href":"https:\/\/agora.xtec.cat\/ceiplillet\/wp-json\/wp\/v2\/pages\/278\/revisions"}],"predecessor-version":[{"id":3039,"href":"https:\/\/agora.xtec.cat\/ceiplillet\/wp-json\/wp\/v2\/pages\/278\/revisions\/3039"}],"up":[{"embeddable":true,"href":"https:\/\/agora.xtec.cat\/ceiplillet\/wp-json\/wp\/v2\/pages\/22"}],"wp:attachment":[{"href":"https:\/\/agora.xtec.cat\/ceiplillet\/wp-json\/wp\/v2\/media?parent=278"}],"curies":[{"name":"wp","href":"https:\/\/api.w.org\/{rel}","templated":true}]}}