{"id":2495,"date":"2021-10-08T14:47:40","date_gmt":"2021-10-08T12:47:40","guid":{"rendered":"https:\/\/agora.xtec.cat\/ceiplillet\/?page_id=2495"},"modified":"2026-03-26T17:40:48","modified_gmt":"2026-03-26T16:40:48","slug":"el-pla-de-treball","status":"publish","type":"page","link":"https:\/\/agora.xtec.cat\/ceiplillet\/projecte-educatiu\/el-pla-de-treball\/","title":{"rendered":"Pla de Treball"},"content":{"rendered":"\n<p>Una de les pr\u00e0ctiques principals del nostre centre \u00e9s el que anomenem <strong>Pla de Treball<\/strong>. Aquesta \u00e9s una metodologia, que es duu a terme a l&#8217;etapa de Prim\u00e0ria i que permet respectar el ritme d&#8217;aprenentatge de cada infant atenent les seves necessitats de forma personalitzada. \u00c9s un treball ric on es fomenta l&#8217;autonomia en la gesti\u00f3 i el control de les pr\u00f2pies tasques i la presa de decisions.<\/p>\n\n\n\n<p>Tot el disseny del Pla de Treball i de les seves propostes, t\u00e9 en compte <em>les mesures i els suports universals <\/em>establerts i consensuats a nivell de centre.<\/p>\n\n\n\n<div class=\"wp-block-getwid-images-slider has-arrows-inside has-dots-inside has-images-center has-cropped-images\"><div class=\"wp-block-getwid-images-slider__wrapper\" data-effect=\"slide\" data-slides-show=\"1\" data-slides-show-laptop=\"1\" data-slides-show-tablet=\"1\" data-slides-show-mobile=\"1\" data-slides-scroll=\"1\" data-autoplay=\"true\" data-pause-hover=\"true\" data-autoplay-speed=\"6000\" data-infinite=\"true\" data-animation-speed=\"800\" data-center-mode=\"false\" data-variable-width=\"false\" data-arrows=\"inside\" data-dots=\"inside\" data-spacing=\"none\"><div class=\"wp-block-getwid-images-slider__item\"><figure><img loading=\"lazy\" decoding=\"async\" width=\"768\" height=\"576\" src=\"https:\/\/agora.xtec.cat\/ceiplillet\/wp-content\/uploads\/usu481\/2026\/03\/IMG_4294-768x576.jpg\" alt=\"\" data-id=\"3105\" data-link=\"https:\/\/agora.xtec.cat\/ceiplillet\/projecte-educatiu\/el-pla-de-treball\/attachment\/img_4294\/\" data-original-link=\"https:\/\/agora.xtec.cat\/ceiplillet\/wp-content\/uploads\/usu481\/2026\/03\/IMG_4294.jpg\" class=\"wp-block-getwid-images-slider__image wp-image-3105\" srcset=\"https:\/\/agora.xtec.cat\/ceiplillet\/wp-content\/uploads\/usu481\/2026\/03\/IMG_4294-768x576.jpg 768w, https:\/\/agora.xtec.cat\/ceiplillet\/wp-content\/uploads\/usu481\/2026\/03\/IMG_4294-300x225.jpg 300w, https:\/\/agora.xtec.cat\/ceiplillet\/wp-content\/uploads\/usu481\/2026\/03\/IMG_4294-1024x768.jpg 1024w, https:\/\/agora.xtec.cat\/ceiplillet\/wp-content\/uploads\/usu481\/2026\/03\/IMG_4294.jpg 1428w\" sizes=\"auto, (max-width: 768px) 100vw, 768px\" \/><\/figure><\/div><div class=\"wp-block-getwid-images-slider__item\"><figure><img loading=\"lazy\" decoding=\"async\" width=\"768\" height=\"576\" src=\"https:\/\/agora.xtec.cat\/ceiplillet\/wp-content\/uploads\/usu481\/2026\/03\/IMG_4296-768x576.jpg\" alt=\"\" data-id=\"3104\" data-link=\"https:\/\/agora.xtec.cat\/ceiplillet\/projecte-educatiu\/el-pla-de-treball\/attachment\/img_4296\/\" data-original-link=\"https:\/\/agora.xtec.cat\/ceiplillet\/wp-content\/uploads\/usu481\/2026\/03\/IMG_4296.jpg\" class=\"wp-block-getwid-images-slider__image wp-image-3104\" srcset=\"https:\/\/agora.xtec.cat\/ceiplillet\/wp-content\/uploads\/usu481\/2026\/03\/IMG_4296-768x576.jpg 768w, https:\/\/agora.xtec.cat\/ceiplillet\/wp-content\/uploads\/usu481\/2026\/03\/IMG_4296-300x225.jpg 300w, https:\/\/agora.xtec.cat\/ceiplillet\/wp-content\/uploads\/usu481\/2026\/03\/IMG_4296-1024x768.jpg 1024w, https:\/\/agora.xtec.cat\/ceiplillet\/wp-content\/uploads\/usu481\/2026\/03\/IMG_4296.jpg 1428w\" sizes=\"auto, (max-width: 768px) 100vw, 768px\" \/><\/figure><\/div><div class=\"wp-block-getwid-images-slider__item\"><figure><img loading=\"lazy\" decoding=\"async\" width=\"768\" height=\"576\" src=\"https:\/\/agora.xtec.cat\/ceiplillet\/wp-content\/uploads\/usu481\/2026\/03\/IMG_4297-768x576.jpg\" alt=\"\" data-id=\"3103\" data-link=\"https:\/\/agora.xtec.cat\/ceiplillet\/projecte-educatiu\/el-pla-de-treball\/attachment\/img_4297\/\" data-original-link=\"https:\/\/agora.xtec.cat\/ceiplillet\/wp-content\/uploads\/usu481\/2026\/03\/IMG_4297.jpg\" class=\"wp-block-getwid-images-slider__image wp-image-3103\" srcset=\"https:\/\/agora.xtec.cat\/ceiplillet\/wp-content\/uploads\/usu481\/2026\/03\/IMG_4297-768x576.jpg 768w, https:\/\/agora.xtec.cat\/ceiplillet\/wp-content\/uploads\/usu481\/2026\/03\/IMG_4297-300x225.jpg 300w, https:\/\/agora.xtec.cat\/ceiplillet\/wp-content\/uploads\/usu481\/2026\/03\/IMG_4297-1024x768.jpg 1024w, https:\/\/agora.xtec.cat\/ceiplillet\/wp-content\/uploads\/usu481\/2026\/03\/IMG_4297.jpg 1428w\" sizes=\"auto, (max-width: 768px) 100vw, 768px\" \/><\/figure><\/div><div class=\"wp-block-getwid-images-slider__item\"><figure><img loading=\"lazy\" decoding=\"async\" width=\"768\" height=\"576\" src=\"https:\/\/agora.xtec.cat\/ceiplillet\/wp-content\/uploads\/usu481\/2026\/03\/IMG_4298-768x576.jpg\" alt=\"\" data-id=\"3102\" data-link=\"https:\/\/agora.xtec.cat\/ceiplillet\/projecte-educatiu\/el-pla-de-treball\/attachment\/img_4298\/\" data-original-link=\"https:\/\/agora.xtec.cat\/ceiplillet\/wp-content\/uploads\/usu481\/2026\/03\/IMG_4298.jpg\" class=\"wp-block-getwid-images-slider__image wp-image-3102\" srcset=\"https:\/\/agora.xtec.cat\/ceiplillet\/wp-content\/uploads\/usu481\/2026\/03\/IMG_4298-768x576.jpg 768w, https:\/\/agora.xtec.cat\/ceiplillet\/wp-content\/uploads\/usu481\/2026\/03\/IMG_4298-300x225.jpg 300w, https:\/\/agora.xtec.cat\/ceiplillet\/wp-content\/uploads\/usu481\/2026\/03\/IMG_4298-1024x768.jpg 1024w, https:\/\/agora.xtec.cat\/ceiplillet\/wp-content\/uploads\/usu481\/2026\/03\/IMG_4298.jpg 1428w\" sizes=\"auto, (max-width: 768px) 100vw, 768px\" \/><\/figure><\/div><\/div><\/div>\n\n\n\n<p><\/p>\n\n\n\n<p>A l&#8217;escola apostem i valorem molt aquesta pr\u00e0ctica educativa ja que contemplem com afavoreix l&#8217;autogesti\u00f3 i l&#8217;autocr\u00edtica envers el proc\u00e9s d&#8217;aprenentatge dels nens i nenes.<\/p>\n\n\n\n<p>Els alumnes es planifiquen les tasques segons el calendari de sessions per tal de poder fer totes les activitat previstes en el pla en el termini establert. <\/p>\n\n\n\n<p>Tot i ser els mestres qui pauten els objectius a treballar, aquests es comparteixen amb els alumnes i ells s\u00f3n qui s&#8217;autoavaluen tenint en compte els diferents nivells d&#8217;assoliment que es troben a darrere de cada una de les propostes.<\/p>\n\n\n\n<p>Si voleu saber m\u00e9s d&#8217;aquesta pr\u00e0ctica, cliqueu a l&#8217;enlla\u00e7:<\/p>\n\n\n\n<p class=\"has-text-align-center\"><a href=\"https:\/\/drive.google.com\/file\/d\/1N9RKPLIclRmlguek8WKHYOlxSoeoeJvl\/view?usp=drive_link\">PRESENTEM EL PLA DE TREBALL<\/a><\/p>\n\n\n\n<p><\/p>\n","protected":false},"excerpt":{"rendered":"<p>Una de les pr\u00e0ctiques principals del nostre centre \u00e9s el que anomenem Pla de Treball. Aquesta \u00e9s una metodologia, que es duu a terme a l&#8217;etapa de Prim\u00e0ria i que permet respectar el ritme d&#8217;aprenentatge de cada infant atenent les seves necessitats de forma personalitzada. \u00c9s un treball ric on es fomenta l&#8217;autonomia en la [&hellip;]<\/p>\n","protected":false},"author":1,"featured_media":0,"parent":64,"menu_order":0,"comment_status":"closed","ping_status":"closed","template":"","meta":{"_bbp_topic_count":0,"_bbp_reply_count":0,"_bbp_total_topic_count":0,"_bbp_total_reply_count":0,"_bbp_voice_count":0,"_bbp_anonymous_reply_count":0,"_bbp_topic_count_hidden":0,"_bbp_reply_count_hidden":0,"_bbp_forum_subforum_count":0,"site-sidebar-layout":"default","site-content-layout":"","ast-site-content-layout":"default","site-content-style":"default","site-sidebar-style":"default","ast-global-header-display":"","ast-banner-title-visibility":"","ast-main-header-display":"","ast-hfb-above-header-display":"","ast-hfb-below-header-display":"","ast-hfb-mobile-header-display":"","site-post-title":"","ast-breadcrumbs-content":"","ast-featured-img":"","footer-sml-layout":"","theme-transparent-header-meta":"","adv-header-id-meta":"","stick-header-meta":"","header-above-stick-meta":"","header-main-stick-meta":"","header-below-stick-meta":"","astra-migrate-meta-layouts":"set","ast-page-background-enabled":"default","ast-page-background-meta":{"desktop":{"background-color":"var(--ast-global-color-4)","background-image":"","background-repeat":"repeat","background-position":"center center","background-size":"auto","background-attachment":"scroll","background-type":"","background-media":"","overlay-type":"","overlay-color":"","overlay-opacity":"","overlay-gradient":""},"tablet":{"background-color":"","background-image":"","background-repeat":"repeat","background-position":"center center","background-size":"auto","background-attachment":"scroll","background-type":"","background-media":"","overlay-type":"","overlay-color":"","overlay-opacity":"","overlay-gradient":""},"mobile":{"background-color":"","background-image":"","background-repeat":"repeat","background-position":"center center","background-size":"auto","background-attachment":"scroll","background-type":"","background-media":"","overlay-type":"","overlay-color":"","overlay-opacity":"","overlay-gradient":""}},"ast-content-background-meta":{"desktop":{"background-color":"var(--ast-global-color-5)","background-image":"","background-repeat":"repeat","background-position":"center center","background-size":"auto","background-attachment":"scroll","background-type":"","background-media":"","overlay-type":"","overlay-color":"","overlay-opacity":"","overlay-gradient":""},"tablet":{"background-color":"var(--ast-global-color-5)","background-image":"","background-repeat":"repeat","background-position":"center center","background-size":"auto","background-attachment":"scroll","background-type":"","background-media":"","overlay-type":"","overlay-color":"","overlay-opacity":"","overlay-gradient":""},"mobile":{"background-color":"var(--ast-global-color-5)","background-image":"","background-repeat":"repeat","background-position":"center center","background-size":"auto","background-attachment":"scroll","background-type":"","background-media":"","overlay-type":"","overlay-color":"","overlay-opacity":"","overlay-gradient":""}},"footnotes":""},"class_list":["post-2495","page","type-page","status-publish","hentry"],"post_mailing_queue_ids":[],"_links":{"self":[{"href":"https:\/\/agora.xtec.cat\/ceiplillet\/wp-json\/wp\/v2\/pages\/2495","targetHints":{"allow":["GET"]}}],"collection":[{"href":"https:\/\/agora.xtec.cat\/ceiplillet\/wp-json\/wp\/v2\/pages"}],"about":[{"href":"https:\/\/agora.xtec.cat\/ceiplillet\/wp-json\/wp\/v2\/types\/page"}],"author":[{"embeddable":true,"href":"https:\/\/agora.xtec.cat\/ceiplillet\/wp-json\/wp\/v2\/users\/1"}],"replies":[{"embeddable":true,"href":"https:\/\/agora.xtec.cat\/ceiplillet\/wp-json\/wp\/v2\/comments?post=2495"}],"version-history":[{"count":6,"href":"https:\/\/agora.xtec.cat\/ceiplillet\/wp-json\/wp\/v2\/pages\/2495\/revisions"}],"predecessor-version":[{"id":3112,"href":"https:\/\/agora.xtec.cat\/ceiplillet\/wp-json\/wp\/v2\/pages\/2495\/revisions\/3112"}],"up":[{"embeddable":true,"href":"https:\/\/agora.xtec.cat\/ceiplillet\/wp-json\/wp\/v2\/pages\/64"}],"wp:attachment":[{"href":"https:\/\/agora.xtec.cat\/ceiplillet\/wp-json\/wp\/v2\/media?parent=2495"}],"curies":[{"name":"wp","href":"https:\/\/api.w.org\/{rel}","templated":true}]}}