{"id":2344,"date":"2021-03-22T13:01:11","date_gmt":"2021-03-22T12:01:11","guid":{"rendered":"http:\/\/agora.xtec.cat\/ceiplillet\/?page_id=2344"},"modified":"2024-10-21T15:38:08","modified_gmt":"2024-10-21T13:38:08","slug":"menjador-escolar-2","status":"publish","type":"page","link":"https:\/\/agora.xtec.cat\/ceiplillet\/serveis\/menjador-escolar-2\/","title":{"rendered":"Menjador Escolar"},"content":{"rendered":"<h3><span style=\"color: #ff9900;\">MENJADOR ESCOLAR<\/span><a href=\"https:\/\/agora.xtec.cat\/ceiplillet\/wp-content\/uploads\/usu481\/2022\/03\/DIBUIX-MENJADOR.jpg\"><img loading=\"lazy\" decoding=\"async\" class=\"wp-image-2696 alignright\" src=\"https:\/\/agora.xtec.cat\/ceiplillet\/wp-content\/uploads\/usu481\/2022\/03\/DIBUIX-MENJADOR.jpg\" alt=\"\" width=\"376\" height=\"259\" srcset=\"https:\/\/agora.xtec.cat\/ceiplillet\/wp-content\/uploads\/usu481\/2022\/03\/DIBUIX-MENJADOR.jpg 800w, https:\/\/agora.xtec.cat\/ceiplillet\/wp-content\/uploads\/usu481\/2022\/03\/DIBUIX-MENJADOR-300x207.jpg 300w, https:\/\/agora.xtec.cat\/ceiplillet\/wp-content\/uploads\/usu481\/2022\/03\/DIBUIX-MENJADOR-768x531.jpg 768w\" sizes=\"auto, (max-width: 376px) 100vw, 376px\" \/><\/a><\/h3>\n<p>En aquesta p\u00e0gina trobareu un primer document amb informaci\u00f3 sobre el menjador escolar: com funciona, com es gestiona etc.<\/p>\n<p>El segon document que disposeu va en relaci\u00f3 al seguiment del vostre fill\/a.<\/p>\n<p><span style=\"text-decoration: underline;\"><strong><a href=\"https:\/\/drive.google.com\/file\/d\/1R_NXjLo9DQ-Lp87TesYr0enqDz-3jSY1\/view?usp=sharing\">PLA FUNCIONAMENT DEL MENJADOR ESCOLAR<\/a><\/strong><\/span><\/p>\n<p><span style=\"text-decoration: underline;\"><a href=\"https:\/\/agora.xtec.cat\/ceiplillet\/wp-content\/uploads\/usu481\/2021\/03\/20210319-La-Pobla-de-Lillet-Escola-Lillet-a-G\u00fcell-SEG.pdf\">Informe de Seguiment<\/a><\/span><\/p>\n","protected":false},"excerpt":{"rendered":"<p>MENJADOR ESCOLAR En aquesta p\u00e0gina trobareu un primer document amb informaci\u00f3 sobre el menjador escolar: com funciona, com es gestiona etc. El segon document que disposeu va en relaci\u00f3 al seguiment del vostre fill\/a. PLA FUNCIONAMENT DEL MENJADOR ESCOLAR Informe de Seguiment<\/p>\n","protected":false},"author":1,"featured_media":0,"parent":66,"menu_order":0,"comment_status":"closed","ping_status":"closed","template":"page-templates\/side-menu.php","meta":{"_bbp_topic_count":0,"_bbp_reply_count":0,"_bbp_total_topic_count":0,"_bbp_total_reply_count":0,"_bbp_voice_count":0,"_bbp_anonymous_reply_count":0,"_bbp_topic_count_hidden":0,"_bbp_reply_count_hidden":0,"_bbp_forum_subforum_count":0,"site-sidebar-layout":"default","site-content-layout":"","ast-site-content-layout":"","site-content-style":"default","site-sidebar-style":"default","ast-global-header-display":"","ast-banner-title-visibility":"","ast-main-header-display":"","ast-hfb-above-header-display":"","ast-hfb-below-header-display":"","ast-hfb-mobile-header-display":"","site-post-title":"","ast-breadcrumbs-content":"","ast-featured-img":"","footer-sml-layout":"","theme-transparent-header-meta":"","adv-header-id-meta":"","stick-header-meta":"","header-above-stick-meta":"","header-main-stick-meta":"","header-below-stick-meta":"","astra-migrate-meta-layouts":"default","ast-page-background-enabled":"default","ast-page-background-meta":{"desktop":{"background-color":"var(--ast-global-color-4)","background-image":"","background-repeat":"repeat","background-position":"center center","background-size":"auto","background-attachment":"scroll","background-type":"","background-media":"","overlay-type":"","overlay-color":"","overlay-opacity":"","overlay-gradient":""},"tablet":{"background-color":"","background-image":"","background-repeat":"repeat","background-position":"center center","background-size":"auto","background-attachment":"scroll","background-type":"","background-media":"","overlay-type":"","overlay-color":"","overlay-opacity":"","overlay-gradient":""},"mobile":{"background-color":"","background-image":"","background-repeat":"repeat","background-position":"center center","background-size":"auto","background-attachment":"scroll","background-type":"","background-media":"","overlay-type":"","overlay-color":"","overlay-opacity":"","overlay-gradient":""}},"ast-content-background-meta":{"desktop":{"background-color":"var(--ast-global-color-5)","background-image":"","background-repeat":"repeat","background-position":"center center","background-size":"auto","background-attachment":"scroll","background-type":"","background-media":"","overlay-type":"","overlay-color":"","overlay-opacity":"","overlay-gradient":""},"tablet":{"background-color":"var(--ast-global-color-5)","background-image":"","background-repeat":"repeat","background-position":"center center","background-size":"auto","background-attachment":"scroll","background-type":"","background-media":"","overlay-type":"","overlay-color":"","overlay-opacity":"","overlay-gradient":""},"mobile":{"background-color":"var(--ast-global-color-5)","background-image":"","background-repeat":"repeat","background-position":"center center","background-size":"auto","background-attachment":"scroll","background-type":"","background-media":"","overlay-type":"","overlay-color":"","overlay-opacity":"","overlay-gradient":""}},"footnotes":""},"class_list":["post-2344","page","type-page","status-publish","hentry"],"post_mailing_queue_ids":[],"_links":{"self":[{"href":"https:\/\/agora.xtec.cat\/ceiplillet\/wp-json\/wp\/v2\/pages\/2344","targetHints":{"allow":["GET"]}}],"collection":[{"href":"https:\/\/agora.xtec.cat\/ceiplillet\/wp-json\/wp\/v2\/pages"}],"about":[{"href":"https:\/\/agora.xtec.cat\/ceiplillet\/wp-json\/wp\/v2\/types\/page"}],"author":[{"embeddable":true,"href":"https:\/\/agora.xtec.cat\/ceiplillet\/wp-json\/wp\/v2\/users\/1"}],"replies":[{"embeddable":true,"href":"https:\/\/agora.xtec.cat\/ceiplillet\/wp-json\/wp\/v2\/comments?post=2344"}],"version-history":[{"count":6,"href":"https:\/\/agora.xtec.cat\/ceiplillet\/wp-json\/wp\/v2\/pages\/2344\/revisions"}],"predecessor-version":[{"id":2901,"href":"https:\/\/agora.xtec.cat\/ceiplillet\/wp-json\/wp\/v2\/pages\/2344\/revisions\/2901"}],"up":[{"embeddable":true,"href":"https:\/\/agora.xtec.cat\/ceiplillet\/wp-json\/wp\/v2\/pages\/66"}],"wp:attachment":[{"href":"https:\/\/agora.xtec.cat\/ceiplillet\/wp-json\/wp\/v2\/media?parent=2344"}],"curies":[{"name":"wp","href":"https:\/\/api.w.org\/{rel}","templated":true}]}}