{"id":2277,"date":"2021-02-25T07:43:24","date_gmt":"2021-02-25T06:43:24","guid":{"rendered":"http:\/\/agora.xtec.cat\/ceiplillet\/?page_id=2277"},"modified":"2025-12-03T14:48:24","modified_gmt":"2025-12-03T13:48:24","slug":"informacio","status":"publish","type":"page","link":"https:\/\/agora.xtec.cat\/ceiplillet\/informacio\/","title":{"rendered":"Informaci\u00f3"},"content":{"rendered":"<h1>QUI SOM?<\/h1>\n<p>L\u2019AFA \u00e9s una <strong>associaci\u00f3 sense \u00e0nim de lucre<\/strong>\u00a0formada per fam\u00edlies d\u2019alumnes per contribuir a la\u00a0<strong>millora de la qualitat del sistema educatiu p\u00fablic<\/strong>\u00a0i de les\u00a0<strong>condicions d\u2019escolaritzaci\u00f3 de l\u2019alumnat.\u00a0<\/strong>Des de l\u2019AFA, que se situa en el mateix centre educatiu, les fam\u00edlies exercim diferents responsabilitats -econ\u00f2miques, legals, laborals i personals- per influir en l\u2019educaci\u00f3 de tot l\u2019alumnat i en el bon funcionament del centre educatiu. A m\u00e9s, com a associaci\u00f3, estem adherits a l&#8217;<a href=\"https:\/\/affac.cat\/\">aFFac<\/a> per tenir encara m\u00e9s recolzament en m\u00faltiples \u00e0mbits.<\/p>\n<table>\n<tbody>\n<tr>\n<td><strong>President<\/strong><\/td>\n<td>Jon\u00e0s Bass\u00f3<\/td>\n<\/tr>\n<tr>\n<td><strong>Vicepresidenta<\/strong><\/td>\n<td>Vanessa Berrio<\/td>\n<\/tr>\n<tr>\n<td><strong>Tesorera<\/strong><\/td>\n<td>Sonia Garcia<\/td>\n<\/tr>\n<tr>\n<td><strong>Secret\u00e0ria<\/strong><\/td>\n<td>Anna Cisneros<\/td>\n<\/tr>\n<tr>\n<td><strong>Vocals<\/strong><\/td>\n<td>Joan Massan\u00e9s, Iolanda Orriols, Roger Mateus, Neus Planes, Meritxell Serrano, Montserrat Bigas, Sergi Carreto, Montserrat Recolons.<\/td>\n<\/tr>\n<\/tbody>\n<\/table>\n<p>Si teniu algun dubte, consulta o proposta, podeu contactar amb qualsevol de nosaltres o enviar-nos un correu electr\u00f2nic a <a href=\"mailto:afa_lilletaguell@gmail.com\"><strong>afa_lilletaguell@gmail.com<\/strong><\/a>.<\/p>\n<h1>QUOTA<\/h1>\n<p><span style=\"font-weight: 400;\">Les quotes s\u00f3n les seg\u00fcents:<\/span><\/p>\n<ul>\n<li style=\"font-weight: 400;\" aria-level=\"1\"><span style=\"font-weight: 400;\">30 \u20ac fam\u00edlies amb un\u00a0fill a l\u2019escola (asseguran\u00e7a inclosa).\u00a0<\/span><\/li>\n<li style=\"font-weight: 400;\" aria-level=\"1\"><span style=\"font-weight: 400;\">50 \u20ac fam\u00edlies amb dos fills a l\u2019escola\u00a0(asseguran\u00e7a inclosa).<\/span><\/li>\n<li style=\"font-weight: 400;\" aria-level=\"1\"><span style=\"font-weight: 400;\">60 \u20ac fam\u00edlies amb tres fills a l\u2019escola \u00a0(asseguran\u00e7a inclosa).\u00a0<\/span><\/li>\n<\/ul>\n","protected":false},"excerpt":{"rendered":"<p>QUI SOM? L\u2019AFA \u00e9s una associaci\u00f3 sense \u00e0nim de lucre\u00a0formada per fam\u00edlies d\u2019alumnes per contribuir a la\u00a0millora de la qualitat del sistema educatiu p\u00fablic\u00a0i de les\u00a0condicions d\u2019escolaritzaci\u00f3 de l\u2019alumnat.\u00a0Des de l\u2019AFA, que se situa en el mateix centre educatiu, les fam\u00edlies exercim diferents responsabilitats -econ\u00f2miques, legals, laborals i personals- per influir en l\u2019educaci\u00f3 de tot [&hellip;]<\/p>\n","protected":false},"author":29,"featured_media":0,"parent":0,"menu_order":0,"comment_status":"closed","ping_status":"closed","template":"","meta":{"_bbp_topic_count":0,"_bbp_reply_count":0,"_bbp_total_topic_count":0,"_bbp_total_reply_count":0,"_bbp_voice_count":0,"_bbp_anonymous_reply_count":0,"_bbp_topic_count_hidden":0,"_bbp_reply_count_hidden":0,"_bbp_forum_subforum_count":0,"site-sidebar-layout":"default","site-content-layout":"","ast-site-content-layout":"default","site-content-style":"default","site-sidebar-style":"default","ast-global-header-display":"","ast-banner-title-visibility":"","ast-main-header-display":"","ast-hfb-above-header-display":"","ast-hfb-below-header-display":"","ast-hfb-mobile-header-display":"","site-post-title":"","ast-breadcrumbs-content":"","ast-featured-img":"","footer-sml-layout":"","theme-transparent-header-meta":"","adv-header-id-meta":"","stick-header-meta":"","header-above-stick-meta":"","header-main-stick-meta":"","header-below-stick-meta":"","astra-migrate-meta-layouts":"set","ast-page-background-enabled":"default","ast-page-background-meta":{"desktop":{"background-color":"var(--ast-global-color-4)","background-image":"","background-repeat":"repeat","background-position":"center center","background-size":"auto","background-attachment":"scroll","background-type":"","background-media":"","overlay-type":"","overlay-color":"","overlay-opacity":"","overlay-gradient":""},"tablet":{"background-color":"","background-image":"","background-repeat":"repeat","background-position":"center center","background-size":"auto","background-attachment":"scroll","background-type":"","background-media":"","overlay-type":"","overlay-color":"","overlay-opacity":"","overlay-gradient":""},"mobile":{"background-color":"","background-image":"","background-repeat":"repeat","background-position":"center center","background-size":"auto","background-attachment":"scroll","background-type":"","background-media":"","overlay-type":"","overlay-color":"","overlay-opacity":"","overlay-gradient":""}},"ast-content-background-meta":{"desktop":{"background-color":"var(--ast-global-color-5)","background-image":"","background-repeat":"repeat","background-position":"center center","background-size":"auto","background-attachment":"scroll","background-type":"","background-media":"","overlay-type":"","overlay-color":"","overlay-opacity":"","overlay-gradient":""},"tablet":{"background-color":"var(--ast-global-color-5)","background-image":"","background-repeat":"repeat","background-position":"center center","background-size":"auto","background-attachment":"scroll","background-type":"","background-media":"","overlay-type":"","overlay-color":"","overlay-opacity":"","overlay-gradient":""},"mobile":{"background-color":"var(--ast-global-color-5)","background-image":"","background-repeat":"repeat","background-position":"center center","background-size":"auto","background-attachment":"scroll","background-type":"","background-media":"","overlay-type":"","overlay-color":"","overlay-opacity":"","overlay-gradient":""}},"footnotes":""},"class_list":["post-2277","page","type-page","status-publish","hentry"],"post_mailing_queue_ids":[],"_links":{"self":[{"href":"https:\/\/agora.xtec.cat\/ceiplillet\/wp-json\/wp\/v2\/pages\/2277","targetHints":{"allow":["GET"]}}],"collection":[{"href":"https:\/\/agora.xtec.cat\/ceiplillet\/wp-json\/wp\/v2\/pages"}],"about":[{"href":"https:\/\/agora.xtec.cat\/ceiplillet\/wp-json\/wp\/v2\/types\/page"}],"author":[{"embeddable":true,"href":"https:\/\/agora.xtec.cat\/ceiplillet\/wp-json\/wp\/v2\/users\/29"}],"replies":[{"embeddable":true,"href":"https:\/\/agora.xtec.cat\/ceiplillet\/wp-json\/wp\/v2\/comments?post=2277"}],"version-history":[{"count":6,"href":"https:\/\/agora.xtec.cat\/ceiplillet\/wp-json\/wp\/v2\/pages\/2277\/revisions"}],"predecessor-version":[{"id":3056,"href":"https:\/\/agora.xtec.cat\/ceiplillet\/wp-json\/wp\/v2\/pages\/2277\/revisions\/3056"}],"wp:attachment":[{"href":"https:\/\/agora.xtec.cat\/ceiplillet\/wp-json\/wp\/v2\/media?parent=2277"}],"curies":[{"name":"wp","href":"https:\/\/api.w.org\/{rel}","templated":true}]}}