{"id":3606,"date":"2020-08-03T22:00:09","date_gmt":"2020-08-03T20:00:09","guid":{"rendered":"http:\/\/agora.xtec.cat\/ceiplestelada\/?page_id=3606"},"modified":"2024-03-27T20:10:11","modified_gmt":"2024-03-27T19:10:11","slug":"criteris-davaluacio","status":"publish","type":"page","link":"https:\/\/agora.xtec.cat\/ceiplestelada\/documents-preescriptius\/criteris-davaluacio\/","title":{"rendered":"Criteris d&#8217;Avaluaci\u00f3"},"content":{"rendered":"<h5><\/h5>\n<h5><span style=\"color: #800000;\"><strong><a style=\"color: #800000;\" href=\"https:\/\/docs.google.com\/document\/d\/1dFf3J2C5AlD8Qr4RqRP5SB0b4IyN0iTMO7fArpa0TTs\/edit?usp=sharing\"><img loading=\"lazy\" decoding=\"async\" class=\"size-medium wp-image-3614 alignright\" src=\"https:\/\/agora.xtec.cat\/ceiplestelada\/wp-content\/uploads\/usu885\/2020\/08\/avsalua-300x169.jpg\" alt=\"\" width=\"300\" height=\"169\" srcset=\"https:\/\/agora.xtec.cat\/ceiplestelada\/wp-content\/uploads\/usu885\/2020\/08\/avsalua-300x169.jpg 300w, https:\/\/agora.xtec.cat\/ceiplestelada\/wp-content\/uploads\/usu885\/2020\/08\/avsalua.jpg 420w\" sizes=\"auto, (max-width: 300px) 100vw, 300px\" \/><\/a><\/strong><\/span>En aquest enlla\u00e7 podeu accedir als criteris d&#8217;avaluaci\u00f3 de l&#8217;Educaci\u00f3 Prim\u00e0ria.<\/h5>\n<h5 style=\"padding-left: 320px;\"><span style=\"color: #666699;\"><strong><span style=\"color: #993300;\">\u00a0\u2193<\/span><\/strong><\/span><\/h5>\n<h5 style=\"padding-left: 240px;\"><a href=\"https:\/\/docs.google.com\/document\/d\/1dFf3J2C5AlD8Qr4RqRP5SB0b4IyN0iTMO7fArpa0TTs\/edit?usp=sharing\"><span style=\"color: #666699;\"><strong><span style=\"color: #993300;\">Criteris d&#8217;Avaluaci\u00f3<\/span><\/strong><\/span><\/a><\/h5>\n<h5><\/h5>\n","protected":false},"excerpt":{"rendered":"<p>En aquest enlla\u00e7 podeu accedir als criteris d&#8217;avaluaci\u00f3 de l&#8217;Educaci\u00f3 Prim\u00e0ria. \u00a0\u2193 Criteris d&#8217;Avaluaci\u00f3<\/p>\n","protected":false},"author":10,"featured_media":0,"parent":316,"menu_order":0,"comment_status":"closed","ping_status":"closed","template":"page-templates\/side-menu.php","meta":{"_bbp_topic_count":0,"_bbp_reply_count":0,"_bbp_total_topic_count":0,"_bbp_total_reply_count":0,"_bbp_voice_count":0,"_bbp_anonymous_reply_count":0,"_bbp_topic_count_hidden":0,"_bbp_reply_count_hidden":0,"_bbp_forum_subforum_count":0,"site-sidebar-layout":"default","site-content-layout":"","ast-site-content-layout":"","site-content-style":"default","site-sidebar-style":"default","ast-global-header-display":"","ast-banner-title-visibility":"","ast-main-header-display":"","ast-hfb-above-header-display":"","ast-hfb-below-header-display":"","ast-hfb-mobile-header-display":"","site-post-title":"","ast-breadcrumbs-content":"","ast-featured-img":"","footer-sml-layout":"","theme-transparent-header-meta":"","adv-header-id-meta":"","stick-header-meta":"","header-above-stick-meta":"","header-main-stick-meta":"","header-below-stick-meta":"","astra-migrate-meta-layouts":"default","ast-page-background-enabled":"default","ast-page-background-meta":{"desktop":{"background-color":"var(--ast-global-color-4)","background-image":"","background-repeat":"repeat","background-position":"center center","background-size":"auto","background-attachment":"scroll","background-type":"","background-media":"","overlay-type":"","overlay-color":"","overlay-opacity":"","overlay-gradient":""},"tablet":{"background-color":"","background-image":"","background-repeat":"repeat","background-position":"center center","background-size":"auto","background-attachment":"scroll","background-type":"","background-media":"","overlay-type":"","overlay-color":"","overlay-opacity":"","overlay-gradient":""},"mobile":{"background-color":"","background-image":"","background-repeat":"repeat","background-position":"center center","background-size":"auto","background-attachment":"scroll","background-type":"","background-media":"","overlay-type":"","overlay-color":"","overlay-opacity":"","overlay-gradient":""}},"ast-content-background-meta":{"desktop":{"background-color":"var(--ast-global-color-5)","background-image":"","background-repeat":"repeat","background-position":"center center","background-size":"auto","background-attachment":"scroll","background-type":"","background-media":"","overlay-type":"","overlay-color":"","overlay-opacity":"","overlay-gradient":""},"tablet":{"background-color":"var(--ast-global-color-5)","background-image":"","background-repeat":"repeat","background-position":"center center","background-size":"auto","background-attachment":"scroll","background-type":"","background-media":"","overlay-type":"","overlay-color":"","overlay-opacity":"","overlay-gradient":""},"mobile":{"background-color":"var(--ast-global-color-5)","background-image":"","background-repeat":"repeat","background-position":"center center","background-size":"auto","background-attachment":"scroll","background-type":"","background-media":"","overlay-type":"","overlay-color":"","overlay-opacity":"","overlay-gradient":""}},"footnotes":""},"class_list":["post-3606","page","type-page","status-publish","hentry"],"post_mailing_queue_ids":[],"_links":{"self":[{"href":"https:\/\/agora.xtec.cat\/ceiplestelada\/wp-json\/wp\/v2\/pages\/3606","targetHints":{"allow":["GET"]}}],"collection":[{"href":"https:\/\/agora.xtec.cat\/ceiplestelada\/wp-json\/wp\/v2\/pages"}],"about":[{"href":"https:\/\/agora.xtec.cat\/ceiplestelada\/wp-json\/wp\/v2\/types\/page"}],"author":[{"embeddable":true,"href":"https:\/\/agora.xtec.cat\/ceiplestelada\/wp-json\/wp\/v2\/users\/10"}],"replies":[{"embeddable":true,"href":"https:\/\/agora.xtec.cat\/ceiplestelada\/wp-json\/wp\/v2\/comments?post=3606"}],"version-history":[{"count":5,"href":"https:\/\/agora.xtec.cat\/ceiplestelada\/wp-json\/wp\/v2\/pages\/3606\/revisions"}],"predecessor-version":[{"id":8187,"href":"https:\/\/agora.xtec.cat\/ceiplestelada\/wp-json\/wp\/v2\/pages\/3606\/revisions\/8187"}],"up":[{"embeddable":true,"href":"https:\/\/agora.xtec.cat\/ceiplestelada\/wp-json\/wp\/v2\/pages\/316"}],"wp:attachment":[{"href":"https:\/\/agora.xtec.cat\/ceiplestelada\/wp-json\/wp\/v2\/media?parent=3606"}],"curies":[{"name":"wp","href":"https:\/\/api.w.org\/{rel}","templated":true}]}}