{"id":3273,"date":"2020-07-22T11:44:07","date_gmt":"2020-07-22T09:44:07","guid":{"rendered":"http:\/\/agora.xtec.cat\/ceiplestelada\/?page_id=3273"},"modified":"2025-07-11T18:46:10","modified_gmt":"2025-07-11T16:46:10","slug":"documentacio-de-centre","status":"publish","type":"page","link":"https:\/\/agora.xtec.cat\/ceiplestelada\/documents-preescriptius\/documentacio-de-centre\/","title":{"rendered":"Documents"},"content":{"rendered":"<p><strong>1.-<\/strong> <strong><a href=\"https:\/\/docs.google.com\/document\/d\/1AQjiww714xogmZlRqYjf31juoCH4QKgGWHPyHQoy67M\/edit?usp=sharing\">Projecte Educatiu de Centre (juny 2024)<\/a><\/strong><\/p>\n<p><strong>2.- Projecte de Direcci\u00f3 2024-2028<\/strong><\/p>\n<p><strong>3.- <a href=\"https:\/\/drive.google.com\/file\/d\/1jZ67vNuqn7m08YFkgXN_nJ3ZNkiI17HB\/view?usp=share_link\">Programaci\u00f3 General Anual 2024-2025<\/a><\/strong><\/p>\n<p><strong>4.- <a href=\"https:\/\/drive.google.com\/file\/d\/1QuE4Cb1GNIowAp1tiqb2uxIoe4nZ6ToM\/view?usp=share_link\">Mem\u00f2ria Anual de Centre 2023-2024 (c\u00f2pia parcial de l&#8217;original)<\/a><\/strong><\/p>\n<p><strong>5.- <a href=\"https:\/\/docs.google.com\/document\/d\/1Ys4bIZp7KS_6ikxA8ifRl2lXlmJEZpsXcmNCKRPS2pI\/edit#heading=h.2wrq70p9kgjn\">Normes i Funcionament de Centre (juny 2024)<\/a><\/strong><\/p>\n<p><strong>6.- <a href=\"https:\/\/docs.google.com\/document\/d\/1jKKxWwyDCDj-2UKArJlBRnXsVSkoVzfQ-XrNU8Lwg9s\/edit?usp=sharing\">Mesures i actuacions\u00a0 de conviv\u00e8ncia (NOFC) (Juny 2021)<\/a><\/strong><\/p>\n<p><strong>7.- <a href=\"https:\/\/docs.google.com\/document\/d\/15niR12lcQcZv4nSOK74M7SkH812k1qCnf8Vi3QcjeKM\/preview\">Carta de Comprom\u00eds (i addenda)<\/a><\/strong><\/p>\n<p><strong>8.- <a href=\"https:\/\/docs.google.com\/document\/d\/1ZbQaLJbnaT3NPwGAa5n4fzYu9ZpmBOuw3L5SbQhwIec\/edit\">Projecte de Conviv\u00e8ncia (juny 2021)<\/a><\/strong><\/p>\n<p><strong>9.- <a href=\"https:\/\/drive.google.com\/file\/d\/1Ws8B6xmMaBztattOCTkk5bfmY5BfnMVB\/view?usp=view\">Projecte ling\u00fc\u00edstic (juny 2022)\u00a0<\/a><\/strong><\/p>\n<p>10.-<a href=\"https:\/\/docs.google.com\/document\/d\/1tAgHtdEpEgpM3zNnVf6QKHO9KQpXtAsuKUPH7Y2-yIQ\/edit?usp=sharing\"> Pla d&#8217;Acci\u00f3 Tutorial (juny 2023)<\/a><\/p>\n<p>11- Pla D&#8217;atenci\u00f3 a la Diversitat (en elaboraci\u00f3)<\/p>\n<p>12.- <strong><a href=\"https:\/\/bit.ly\/2NFmZ2T\">Pla Digital del centre (juny 2023)<\/a><\/strong><\/p>\n<p><strong>13.- <a href=\"https:\/\/docs.google.com\/document\/d\/1_000tlI93Sym7RZsUFW5M2AH8Yxnjq2ug0qFMCbLy-Y\/edit?usp=sharing\">Pla d&#8217;Emerg\u00e8ncia (en elaboraci\u00f3)<\/a><\/strong><\/p>\n<p><strong>14.- <a href=\"https:\/\/docs.google.com\/document\/d\/14nmWX92JcvF0mLmx1_HKgc8qIc5jLhlwszBS6eG7xDA\/edit?usp=sharing\">Pla d&#8217;Acollida (juny 2021)<\/a><\/strong><\/p>\n<p>15. <strong><a href=\"https:\/\/sites.google.com\/xtec.cat\/edc-estelada\/part-cultura-digital\/documents-de-refer%C3%A8ncia\">Estrat\u00e8gia Digital de Centre (SITES) (juny 2023)<\/a><\/strong><\/p>\n<p><a href=\"https:\/\/docs.google.com\/document\/d\/1IZvDN8Q4IW3-yH3EiZGhnvoJ2em8ll5rt4Wf0XMXBic\/edit?usp=sharing\">16. Resum d&#8217;Acords Consell Escolar<\/a><\/p>\n<p><span style=\"color: #97bbc4;\"><em>Si hi algun problema a l&#8217;hora d&#8217;accedir al document copia i enganxa aquesta adre\u00e7a a la barra d&#8217;internet:\u00a0<a style=\"color: #97bbc4;\" href=\"https:\/\/bit.ly\/2JEl6mX\" target=\"_blank\" rel=\"noopener noreferrer\">https:\/\/bit.ly\/2JEl6mX<\/a><\/em><\/span><\/p>\n<p>&nbsp;<\/p>\n","protected":false},"excerpt":{"rendered":"<p>1.- Projecte Educatiu de Centre (juny 2024) 2.- Projecte de Direcci\u00f3 2024-2028 3.- Programaci\u00f3 General Anual 2024-2025 4.- Mem\u00f2ria Anual de Centre 2023-2024 (c\u00f2pia parcial de l&#8217;original) 5.- Normes i Funcionament de Centre (juny 2024) 6.- Mesures i actuacions\u00a0 de conviv\u00e8ncia (NOFC) (Juny 2021) 7.- Carta de Comprom\u00eds (i addenda) 8.- Projecte de Conviv\u00e8ncia (juny [&hellip;]<\/p>\n","protected":false},"author":10,"featured_media":0,"parent":316,"menu_order":0,"comment_status":"closed","ping_status":"closed","template":"","meta":{"_bbp_topic_count":0,"_bbp_reply_count":0,"_bbp_total_topic_count":0,"_bbp_total_reply_count":0,"_bbp_voice_count":0,"_bbp_anonymous_reply_count":0,"_bbp_topic_count_hidden":0,"_bbp_reply_count_hidden":0,"_bbp_forum_subforum_count":0,"site-sidebar-layout":"default","site-content-layout":"","ast-site-content-layout":"default","site-content-style":"default","site-sidebar-style":"default","ast-global-header-display":"","ast-banner-title-visibility":"","ast-main-header-display":"","ast-hfb-above-header-display":"","ast-hfb-below-header-display":"","ast-hfb-mobile-header-display":"","site-post-title":"","ast-breadcrumbs-content":"","ast-featured-img":"","footer-sml-layout":"","theme-transparent-header-meta":"default","adv-header-id-meta":"","stick-header-meta":"","header-above-stick-meta":"","header-main-stick-meta":"","header-below-stick-meta":"","astra-migrate-meta-layouts":"set","ast-page-background-enabled":"default","ast-page-background-meta":{"desktop":{"background-color":"var(--ast-global-color-4)","background-image":"","background-repeat":"repeat","background-position":"center center","background-size":"auto","background-attachment":"scroll","background-type":"","background-media":"","overlay-type":"","overlay-color":"","overlay-opacity":"","overlay-gradient":""},"tablet":{"background-color":"","background-image":"","background-repeat":"repeat","background-position":"center center","background-size":"auto","background-attachment":"scroll","background-type":"","background-media":"","overlay-type":"","overlay-color":"","overlay-opacity":"","overlay-gradient":""},"mobile":{"background-color":"","background-image":"","background-repeat":"repeat","background-position":"center center","background-size":"auto","background-attachment":"scroll","background-type":"","background-media":"","overlay-type":"","overlay-color":"","overlay-opacity":"","overlay-gradient":""}},"ast-content-background-meta":{"desktop":{"background-color":"var(--ast-global-color-5)","background-image":"","background-repeat":"repeat","background-position":"center center","background-size":"auto","background-attachment":"scroll","background-type":"","background-media":"","overlay-type":"","overlay-color":"","overlay-opacity":"","overlay-gradient":""},"tablet":{"background-color":"var(--ast-global-color-5)","background-image":"","background-repeat":"repeat","background-position":"center center","background-size":"auto","background-attachment":"scroll","background-type":"","background-media":"","overlay-type":"","overlay-color":"","overlay-opacity":"","overlay-gradient":""},"mobile":{"background-color":"var(--ast-global-color-5)","background-image":"","background-repeat":"repeat","background-position":"center center","background-size":"auto","background-attachment":"scroll","background-type":"","background-media":"","overlay-type":"","overlay-color":"","overlay-opacity":"","overlay-gradient":""}},"footnotes":""},"class_list":["post-3273","page","type-page","status-publish","hentry"],"post_mailing_queue_ids":[],"_links":{"self":[{"href":"https:\/\/agora.xtec.cat\/ceiplestelada\/wp-json\/wp\/v2\/pages\/3273","targetHints":{"allow":["GET"]}}],"collection":[{"href":"https:\/\/agora.xtec.cat\/ceiplestelada\/wp-json\/wp\/v2\/pages"}],"about":[{"href":"https:\/\/agora.xtec.cat\/ceiplestelada\/wp-json\/wp\/v2\/types\/page"}],"author":[{"embeddable":true,"href":"https:\/\/agora.xtec.cat\/ceiplestelada\/wp-json\/wp\/v2\/users\/10"}],"replies":[{"embeddable":true,"href":"https:\/\/agora.xtec.cat\/ceiplestelada\/wp-json\/wp\/v2\/comments?post=3273"}],"version-history":[{"count":7,"href":"https:\/\/agora.xtec.cat\/ceiplestelada\/wp-json\/wp\/v2\/pages\/3273\/revisions"}],"predecessor-version":[{"id":8780,"href":"https:\/\/agora.xtec.cat\/ceiplestelada\/wp-json\/wp\/v2\/pages\/3273\/revisions\/8780"}],"up":[{"embeddable":true,"href":"https:\/\/agora.xtec.cat\/ceiplestelada\/wp-json\/wp\/v2\/pages\/316"}],"wp:attachment":[{"href":"https:\/\/agora.xtec.cat\/ceiplestelada\/wp-json\/wp\/v2\/media?parent=3273"}],"curies":[{"name":"wp","href":"https:\/\/api.w.org\/{rel}","templated":true}]}}