{"id":3249,"date":"2020-07-20T12:12:26","date_gmt":"2020-07-20T10:12:26","guid":{"rendered":"http:\/\/agora.xtec.cat\/ceiplestelada\/?page_id=3249"},"modified":"2022-09-18T16:59:20","modified_gmt":"2022-09-18T14:59:20","slug":"autoritzacions-i-documents","status":"publish","type":"page","link":"https:\/\/agora.xtec.cat\/ceiplestelada\/documents-preescriptius\/autoritzacions-i-documents\/","title":{"rendered":"Autoritzacions"},"content":{"rendered":"<p><span style=\"color: #800000;\"><strong><span style=\"color: #000000;\"><a href=\"https:\/\/agora.xtec.cat\/ceiplestelada\/wp-content\/uploads\/usu885\/2020\/08\/autoritzacio.png\"><img loading=\"lazy\" decoding=\"async\" class=\"size-thumbnail wp-image-3572 alignright\" src=\"https:\/\/agora.xtec.cat\/ceiplestelada\/wp-content\/uploads\/usu885\/2020\/08\/autoritzacio-150x150.png\" alt=\"\" width=\"150\" height=\"150\" srcset=\"https:\/\/agora.xtec.cat\/ceiplestelada\/wp-content\/uploads\/usu885\/2020\/08\/autoritzacio-150x150.png 150w, https:\/\/agora.xtec.cat\/ceiplestelada\/wp-content\/uploads\/usu885\/2020\/08\/autoritzacio.png 225w\" sizes=\"auto, (max-width: 150px) 100vw, 150px\" \/><\/a>Cliqueu damunt de l&#8217;autoritzaci\u00f3 per poder descarregar-la<\/span>.\u00a0<\/strong><\/span><\/p>\n<p><span style=\"color: #993300;\"><strong><span style=\"color: #000000;\">1.-<\/span><span style=\"color: #00ccff;\"><a style=\"color: #00ccff;\" href=\"https:\/\/docs.google.com\/document\/d\/1suk_8IWlTfvlq8wOGsjVdxzdDauNcRPSTyPEd7DPruQ\/edit\">Autoritzaci\u00f3 sortides dins del municipi<\/a><\/span><\/strong><\/span><strong><span style=\"color: #00ccff;\">. <\/span><\/strong>(S\u00f3n totes aquelles sortides que es fan dins el municipi).<\/p>\n<p><strong>2.-<\/strong> <span style=\"color: #00ccff;\"><a style=\"color: #00ccff;\" href=\"https:\/\/docs.google.com\/document\/d\/1pneopaKecFUVm02_s0W0CxHUstjDe54RqW_nQI__cYY\/edit\"><strong>Autoritzaci\u00f3 sortir sol de l&#8217;escola<\/strong>.<\/a><\/span>(Els i les alumnes de 4t,5\u00e8 i 6\u00e8, poden sortir sols de l&#8217;escola si ho demaneu).<\/p>\n<p><strong>3.-<\/strong> <span style=\"color: #00ccff;\"><a style=\"color: #00ccff;\" href=\"https:\/\/docs.google.com\/document\/d\/1flp9OrAXQ0_1hKTWkRgpG7o2MgJ36AiOhpJahmvUZKU\/edit\"><strong>Autoritzaci\u00f3 drets d&#8217;i<\/strong><\/a><strong>matge<\/strong>.<\/span> ( \u00c9s d&#8217;obligat que tothom, expl\u00edcitament, hi doni o no el seu consentiment).<\/p>\n<p><strong>4.-<\/strong> <a href=\"https:\/\/docs.google.com\/document\/d\/1_DmTGkEr6Ih6RImK85LxfKDNuteipWpZagT-RLrGv2M\/edit\"><span style=\"color: #00ccff;\"><strong>Autoritzaci\u00f3 \u00fas tecnol\u00f2gic<\/strong>.<\/span> <\/a>(\u00c9s d&#8217;obligat que tothom, excpl\u00edcitament, hi doni o no el seu consentiment).<\/p>\n<p><strong>5.-<\/strong><a href=\"https:\/\/docs.google.com\/document\/d\/1zB7vUngYa-rVZ4GmG5PbJSdRBtJGha4raKPYD7O8FbQ\/edit\"><span style=\"color: #00ccff;\"><strong> Fitxa de Salut, notificaci\u00f3 de malalties<\/strong>.<\/span><\/a> (Nom\u00e9s en el cas que sigui important i necessari).<\/p>\n<p><strong>6.-<a href=\"https:\/\/drive.google.com\/drive\/folders\/1yT-k-hVSbNCyAYxPLlsg0jQPDqbEHhsq\"> <span style=\"color: #00ccff;\">Administraci\u00f3 de paracetamol.\u00a0<\/span><\/a><\/strong><\/p>\n<p><strong>7.-<\/strong> <a href=\"https:\/\/docs.google.com\/document\/d\/1yYJwX9bDtxpIIJrJBTpZJqejyoVr5Ad9qOk_7OhkTqg\/edit\"><span style=\"color: #00ccff;\"><strong>Autoritzaci\u00f3 pel subministrament de medicaments espec\u00edfics<\/strong>.<\/span><\/a> (Quan sigui necessari).<\/p>\n<p><strong>8.-<\/strong> <a href=\"https:\/\/docs.google.com\/document\/d\/1Z6H6lVcPHkjAc3BmTZIvtQhq4ACZFJew\/edit\"><strong><span style=\"color: #00ccff;\">Autoritzaci\u00f3 per la recollida d&#8217;alumnat diferent a mare\/pare.<\/span><\/strong><\/a><\/p>\n","protected":false},"excerpt":{"rendered":"<p>Cliqueu damunt de l&#8217;autoritzaci\u00f3 per poder descarregar-la.\u00a0 1.-Autoritzaci\u00f3 sortides dins del municipi. (S\u00f3n totes aquelles sortides que es fan dins el municipi). 2.- Autoritzaci\u00f3 sortir sol de l&#8217;escola.(Els i les alumnes de 4t,5\u00e8 i 6\u00e8, poden sortir sols de l&#8217;escola si ho demaneu). 3.- Autoritzaci\u00f3 drets d&#8217;imatge. ( \u00c9s d&#8217;obligat que tothom, expl\u00edcitament, hi doni [&hellip;]<\/p>\n","protected":false},"author":1,"featured_media":0,"parent":316,"menu_order":0,"comment_status":"closed","ping_status":"closed","template":"page-templates\/side-menu.php","meta":{"_bbp_topic_count":0,"_bbp_reply_count":0,"_bbp_total_topic_count":0,"_bbp_total_reply_count":0,"_bbp_voice_count":0,"_bbp_anonymous_reply_count":0,"_bbp_topic_count_hidden":0,"_bbp_reply_count_hidden":0,"_bbp_forum_subforum_count":0,"site-sidebar-layout":"default","site-content-layout":"","ast-site-content-layout":"","site-content-style":"default","site-sidebar-style":"default","ast-global-header-display":"","ast-banner-title-visibility":"","ast-main-header-display":"","ast-hfb-above-header-display":"","ast-hfb-below-header-display":"","ast-hfb-mobile-header-display":"","site-post-title":"","ast-breadcrumbs-content":"","ast-featured-img":"","footer-sml-layout":"","theme-transparent-header-meta":"","adv-header-id-meta":"","stick-header-meta":"","header-above-stick-meta":"","header-main-stick-meta":"","header-below-stick-meta":"","astra-migrate-meta-layouts":"default","ast-page-background-enabled":"default","ast-page-background-meta":{"desktop":{"background-color":"var(--ast-global-color-4)","background-image":"","background-repeat":"repeat","background-position":"center center","background-size":"auto","background-attachment":"scroll","background-type":"","background-media":"","overlay-type":"","overlay-color":"","overlay-opacity":"","overlay-gradient":""},"tablet":{"background-color":"","background-image":"","background-repeat":"repeat","background-position":"center center","background-size":"auto","background-attachment":"scroll","background-type":"","background-media":"","overlay-type":"","overlay-color":"","overlay-opacity":"","overlay-gradient":""},"mobile":{"background-color":"","background-image":"","background-repeat":"repeat","background-position":"center center","background-size":"auto","background-attachment":"scroll","background-type":"","background-media":"","overlay-type":"","overlay-color":"","overlay-opacity":"","overlay-gradient":""}},"ast-content-background-meta":{"desktop":{"background-color":"var(--ast-global-color-5)","background-image":"","background-repeat":"repeat","background-position":"center center","background-size":"auto","background-attachment":"scroll","background-type":"","background-media":"","overlay-type":"","overlay-color":"","overlay-opacity":"","overlay-gradient":""},"tablet":{"background-color":"var(--ast-global-color-5)","background-image":"","background-repeat":"repeat","background-position":"center center","background-size":"auto","background-attachment":"scroll","background-type":"","background-media":"","overlay-type":"","overlay-color":"","overlay-opacity":"","overlay-gradient":""},"mobile":{"background-color":"var(--ast-global-color-5)","background-image":"","background-repeat":"repeat","background-position":"center center","background-size":"auto","background-attachment":"scroll","background-type":"","background-media":"","overlay-type":"","overlay-color":"","overlay-opacity":"","overlay-gradient":""}},"footnotes":""},"class_list":["post-3249","page","type-page","status-publish","hentry"],"post_mailing_queue_ids":[],"_links":{"self":[{"href":"https:\/\/agora.xtec.cat\/ceiplestelada\/wp-json\/wp\/v2\/pages\/3249","targetHints":{"allow":["GET"]}}],"collection":[{"href":"https:\/\/agora.xtec.cat\/ceiplestelada\/wp-json\/wp\/v2\/pages"}],"about":[{"href":"https:\/\/agora.xtec.cat\/ceiplestelada\/wp-json\/wp\/v2\/types\/page"}],"author":[{"embeddable":true,"href":"https:\/\/agora.xtec.cat\/ceiplestelada\/wp-json\/wp\/v2\/users\/1"}],"replies":[{"embeddable":true,"href":"https:\/\/agora.xtec.cat\/ceiplestelada\/wp-json\/wp\/v2\/comments?post=3249"}],"version-history":[{"count":4,"href":"https:\/\/agora.xtec.cat\/ceiplestelada\/wp-json\/wp\/v2\/pages\/3249\/revisions"}],"predecessor-version":[{"id":6937,"href":"https:\/\/agora.xtec.cat\/ceiplestelada\/wp-json\/wp\/v2\/pages\/3249\/revisions\/6937"}],"up":[{"embeddable":true,"href":"https:\/\/agora.xtec.cat\/ceiplestelada\/wp-json\/wp\/v2\/pages\/316"}],"wp:attachment":[{"href":"https:\/\/agora.xtec.cat\/ceiplestelada\/wp-json\/wp\/v2\/media?parent=3249"}],"curies":[{"name":"wp","href":"https:\/\/api.w.org\/{rel}","templated":true}]}}