{"id":316,"date":"2016-04-04T21:40:25","date_gmt":"2016-04-04T20:40:25","guid":{"rendered":"http:\/\/agora.xtec.cat\/ceiplestelada\/?page_id=316"},"modified":"2025-07-19T14:47:00","modified_gmt":"2025-07-19T12:47:00","slug":"documents-preescriptius","status":"publish","type":"page","link":"https:\/\/agora.xtec.cat\/ceiplestelada\/documents-preescriptius\/","title":{"rendered":"Documents d&#8217;Escola"},"content":{"rendered":"<p><a href=\"https:\/\/agora.xtec.cat\/ceiplestelada\/wp-content\/uploads\/usu885\/2020\/08\/documentos.jpg\"><img loading=\"lazy\" decoding=\"async\" class=\"alignleft size-medium wp-image-3562\" src=\"https:\/\/agora.xtec.cat\/ceiplestelada\/wp-content\/uploads\/usu885\/2020\/08\/documentos-300x169.jpg\" alt=\"\" width=\"300\" height=\"169\" srcset=\"https:\/\/agora.xtec.cat\/ceiplestelada\/wp-content\/uploads\/usu885\/2020\/08\/documentos-300x169.jpg 300w, https:\/\/agora.xtec.cat\/ceiplestelada\/wp-content\/uploads\/usu885\/2020\/08\/documentos.jpg 560w\" sizes=\"auto, (max-width: 300px) 100vw, 300px\" \/><\/a><\/p>\n<h5><span style=\"color: #000000;\"><strong>En aquest apartat podeu consultar els documents de l&#8217;escola.\u00a0<\/strong><\/span><\/h5>\n<h5><span style=\"color: #000000;\"><strong>Hi podeu trobar els documents que despleguen el nostre Projecte Educatiu, <\/strong><\/span><\/h5>\n<h5><span style=\"color: #000000;\"><strong>les autoritzacions necess\u00e0ries per a les fam\u00edlies i que podeu descarregar-vos-les, <\/strong><\/span><\/h5>\n<h5><span style=\"color: #000000;\"><strong>els criteris d&#8217;avaluaci\u00f3,\u00a0 el calendari del curs i el pressupost de l&#8217;escola.<\/strong><\/span><\/h5>\n<pre><span style=\"color: #000000;\"><strong>Aquests documents p\u00fablics s\u00f3n perqu\u00e8 tothom els pugui consultar i permetin el coneixement, encara m\u00e9s, de la nostra escola.<\/strong><\/span><\/pre>\n","protected":false},"excerpt":{"rendered":"<p>En aquest apartat podeu consultar els documents de l&#8217;escola.\u00a0 Hi podeu trobar els documents que despleguen el nostre Projecte Educatiu, les autoritzacions necess\u00e0ries per a les fam\u00edlies i que podeu descarregar-vos-les, els criteris d&#8217;avaluaci\u00f3,\u00a0 el calendari del curs i el pressupost de l&#8217;escola. Aquests documents p\u00fablics s\u00f3n perqu\u00e8 tothom els pugui consultar i permetin el [&hellip;]<\/p>\n","protected":false},"author":1,"featured_media":0,"parent":0,"menu_order":0,"comment_status":"closed","ping_status":"closed","template":"","meta":{"_bbp_topic_count":0,"_bbp_reply_count":0,"_bbp_total_topic_count":0,"_bbp_total_reply_count":0,"_bbp_voice_count":0,"_bbp_anonymous_reply_count":0,"_bbp_topic_count_hidden":0,"_bbp_reply_count_hidden":0,"_bbp_forum_subforum_count":0,"site-sidebar-layout":"default","site-content-layout":"","ast-site-content-layout":"default","site-content-style":"default","site-sidebar-style":"default","ast-global-header-display":"","ast-banner-title-visibility":"","ast-main-header-display":"","ast-hfb-above-header-display":"","ast-hfb-below-header-display":"","ast-hfb-mobile-header-display":"","site-post-title":"","ast-breadcrumbs-content":"","ast-featured-img":"","footer-sml-layout":"","theme-transparent-header-meta":"default","adv-header-id-meta":"","stick-header-meta":"","header-above-stick-meta":"","header-main-stick-meta":"","header-below-stick-meta":"","astra-migrate-meta-layouts":"set","ast-page-background-enabled":"default","ast-page-background-meta":{"desktop":{"background-color":"var(--ast-global-color-4)","background-image":"","background-repeat":"repeat","background-position":"center center","background-size":"auto","background-attachment":"scroll","background-type":"","background-media":"","overlay-type":"","overlay-color":"","overlay-opacity":"","overlay-gradient":""},"tablet":{"background-color":"","background-image":"","background-repeat":"repeat","background-position":"center center","background-size":"auto","background-attachment":"scroll","background-type":"","background-media":"","overlay-type":"","overlay-color":"","overlay-opacity":"","overlay-gradient":""},"mobile":{"background-color":"","background-image":"","background-repeat":"repeat","background-position":"center center","background-size":"auto","background-attachment":"scroll","background-type":"","background-media":"","overlay-type":"","overlay-color":"","overlay-opacity":"","overlay-gradient":""}},"ast-content-background-meta":{"desktop":{"background-color":"var(--ast-global-color-5)","background-image":"","background-repeat":"repeat","background-position":"center center","background-size":"auto","background-attachment":"scroll","background-type":"","background-media":"","overlay-type":"","overlay-color":"","overlay-opacity":"","overlay-gradient":""},"tablet":{"background-color":"var(--ast-global-color-5)","background-image":"","background-repeat":"repeat","background-position":"center center","background-size":"auto","background-attachment":"scroll","background-type":"","background-media":"","overlay-type":"","overlay-color":"","overlay-opacity":"","overlay-gradient":""},"mobile":{"background-color":"var(--ast-global-color-5)","background-image":"","background-repeat":"repeat","background-position":"center center","background-size":"auto","background-attachment":"scroll","background-type":"","background-media":"","overlay-type":"","overlay-color":"","overlay-opacity":"","overlay-gradient":""}},"footnotes":""},"class_list":["post-316","page","type-page","status-publish","hentry"],"post_mailing_queue_ids":[],"_links":{"self":[{"href":"https:\/\/agora.xtec.cat\/ceiplestelada\/wp-json\/wp\/v2\/pages\/316","targetHints":{"allow":["GET"]}}],"collection":[{"href":"https:\/\/agora.xtec.cat\/ceiplestelada\/wp-json\/wp\/v2\/pages"}],"about":[{"href":"https:\/\/agora.xtec.cat\/ceiplestelada\/wp-json\/wp\/v2\/types\/page"}],"author":[{"embeddable":true,"href":"https:\/\/agora.xtec.cat\/ceiplestelada\/wp-json\/wp\/v2\/users\/1"}],"replies":[{"embeddable":true,"href":"https:\/\/agora.xtec.cat\/ceiplestelada\/wp-json\/wp\/v2\/comments?post=316"}],"version-history":[{"count":6,"href":"https:\/\/agora.xtec.cat\/ceiplestelada\/wp-json\/wp\/v2\/pages\/316\/revisions"}],"predecessor-version":[{"id":8788,"href":"https:\/\/agora.xtec.cat\/ceiplestelada\/wp-json\/wp\/v2\/pages\/316\/revisions\/8788"}],"wp:attachment":[{"href":"https:\/\/agora.xtec.cat\/ceiplestelada\/wp-json\/wp\/v2\/media?parent=316"}],"curies":[{"name":"wp","href":"https:\/\/api.w.org\/{rel}","templated":true}]}}