{"id":308,"date":"2016-04-04T21:36:48","date_gmt":"2016-04-04T20:36:48","guid":{"rendered":"http:\/\/agora.xtec.cat\/ceiplestelada\/?page_id=308"},"modified":"2018-03-01T00:03:57","modified_gmt":"2018-02-28T23:03:57","slug":"esteladart","status":"publish","type":"page","link":"https:\/\/agora.xtec.cat\/ceiplestelada\/projecte-educatiu\/esteladart\/","title":{"rendered":"Estelad&#8217;ART"},"content":{"rendered":"<p><a href=\"http:\/\/agora.xtec.cat\/ceiplestelada\/wp-content\/uploads\/usu885\/2016\/04\/IMG_2898-e1466833042453.jpg\" rel=\"attachment wp-att-354\"><img loading=\"lazy\" decoding=\"async\" class=\"alignnone size-large wp-image-354\" src=\"http:\/\/agora.xtec.cat\/ceiplestelada\/wp-content\/uploads\/usu885\/2016\/04\/IMG_2898-e1466833042453-1024x302.jpg\" alt=\"IMG_2898\" width=\"1024\" height=\"302\" srcset=\"https:\/\/agora.xtec.cat\/ceiplestelada\/wp-content\/uploads\/usu885\/2016\/04\/IMG_2898-e1466833042453-1024x302.jpg 1024w, https:\/\/agora.xtec.cat\/ceiplestelada\/wp-content\/uploads\/usu885\/2016\/04\/IMG_2898-e1466833042453-300x89.jpg 300w, https:\/\/agora.xtec.cat\/ceiplestelada\/wp-content\/uploads\/usu885\/2016\/04\/IMG_2898-e1466833042453-768x227.jpg 768w\" sizes=\"auto, (max-width: 1024px) 100vw, 1024px\" \/><\/a><\/p>\n<p>A l&#8217;escola es treballa de P3 a 6\u00e8 un pintor o escultor reconegut per tal de potenciar el bagatge cultural i art\u00edstic de tot l&#8217;alumnat.<\/p>\n<table style=\"height: 1040px;\" width=\"745\">\n<tbody>\n<tr>\n<td style=\"text-align: center;\"><a href=\"http:\/\/agora.xtec.cat\/ceiplestelada\/wp-content\/uploads\/usu885\/2016\/10\/miro.png\"><img loading=\"lazy\" decoding=\"async\" class=\"alignnone wp-image-714\" src=\"http:\/\/agora.xtec.cat\/ceiplestelada\/wp-content\/uploads\/usu885\/2016\/10\/miro.png\" alt=\"miro\" width=\"309\" height=\"166\" srcset=\"https:\/\/agora.xtec.cat\/ceiplestelada\/wp-content\/uploads\/usu885\/2016\/10\/miro.png 694w, https:\/\/agora.xtec.cat\/ceiplestelada\/wp-content\/uploads\/usu885\/2016\/10\/miro-300x161.png 300w\" sizes=\"auto, (max-width: 309px) 100vw, 309px\" \/><\/a><\/p>\n<p>P3<\/p>\n<p><strong>Joan Mir\u00f3<\/strong><\/td>\n<td style=\"text-align: center;\"><a href=\"http:\/\/agora.xtec.cat\/ceiplestelada\/wp-content\/uploads\/usu885\/2016\/10\/kandinsky.png\"><img loading=\"lazy\" decoding=\"async\" class=\"alignnone wp-image-715\" src=\"http:\/\/agora.xtec.cat\/ceiplestelada\/wp-content\/uploads\/usu885\/2016\/10\/kandinsky.png\" alt=\"kandinsky\" width=\"244\" height=\"173\" srcset=\"https:\/\/agora.xtec.cat\/ceiplestelada\/wp-content\/uploads\/usu885\/2016\/10\/kandinsky.png 988w, https:\/\/agora.xtec.cat\/ceiplestelada\/wp-content\/uploads\/usu885\/2016\/10\/kandinsky-300x212.png 300w, https:\/\/agora.xtec.cat\/ceiplestelada\/wp-content\/uploads\/usu885\/2016\/10\/kandinsky-768x543.png 768w\" sizes=\"auto, (max-width: 244px) 100vw, 244px\" \/><\/a><\/p>\n<p>P4<\/p>\n<p><strong>Kandinsky<\/strong><\/td>\n<td style=\"text-align: center;\"><a href=\"http:\/\/agora.xtec.cat\/ceiplestelada\/wp-content\/uploads\/usu885\/2018\/03\/CIMG1446-e1519858921801.jpg\"><img loading=\"lazy\" decoding=\"async\" class=\"alignnone  wp-image-1668\" src=\"http:\/\/agora.xtec.cat\/ceiplestelada\/wp-content\/uploads\/usu885\/2018\/03\/CIMG1446-e1519858921801-695x1024.jpg\" alt=\"\" width=\"129\" height=\"190\" srcset=\"https:\/\/agora.xtec.cat\/ceiplestelada\/wp-content\/uploads\/usu885\/2018\/03\/CIMG1446-e1519858921801-695x1024.jpg 695w, https:\/\/agora.xtec.cat\/ceiplestelada\/wp-content\/uploads\/usu885\/2018\/03\/CIMG1446-e1519858921801-204x300.jpg 204w, https:\/\/agora.xtec.cat\/ceiplestelada\/wp-content\/uploads\/usu885\/2018\/03\/CIMG1446-e1519858921801-768x1132.jpg 768w, https:\/\/agora.xtec.cat\/ceiplestelada\/wp-content\/uploads\/usu885\/2018\/03\/CIMG1446-e1519858921801.jpg 1004w\" sizes=\"auto, (max-width: 129px) 100vw, 129px\" \/><\/a><\/p>\n<p>P5<\/p>\n<p><strong>Van Gogh<\/strong><\/td>\n<\/tr>\n<tr>\n<td style=\"text-align: center;\"><a href=\"http:\/\/agora.xtec.cat\/ceiplestelada\/wp-content\/uploads\/usu885\/2016\/04\/IMG_2895-e1466833737852.jpg\" rel=\"attachment wp-att-352\"><img loading=\"lazy\" decoding=\"async\" class=\"alignnone wp-image-352\" src=\"http:\/\/agora.xtec.cat\/ceiplestelada\/wp-content\/uploads\/usu885\/2016\/04\/IMG_2895-e1466833737852-768x1024.jpg\" alt=\"IMG_2895\" width=\"166\" height=\"221\" srcset=\"https:\/\/agora.xtec.cat\/ceiplestelada\/wp-content\/uploads\/usu885\/2016\/04\/IMG_2895-e1466833737852-768x1024.jpg 768w, https:\/\/agora.xtec.cat\/ceiplestelada\/wp-content\/uploads\/usu885\/2016\/04\/IMG_2895-e1466833737852-225x300.jpg 225w\" sizes=\"auto, (max-width: 166px) 100vw, 166px\" \/><\/a><\/p>\n<p>1r<\/p>\n<p>Dal\u00ed<\/td>\n<td style=\"text-align: center;\"><\/td>\n<td style=\"text-align: center;\">&nbsp;<\/p>\n<p>&nbsp;<\/p>\n<p><strong>2n<\/strong><\/p>\n<p><strong>Picasso<\/strong><\/td>\n<\/tr>\n<tr>\n<td style=\"text-align: center;\"><a href=\"http:\/\/agora.xtec.cat\/ceiplestelada\/wp-content\/uploads\/usu885\/2016\/04\/IMG_2765.jpg\" rel=\"attachment wp-att-344\"><img loading=\"lazy\" decoding=\"async\" class=\"alignnone wp-image-344\" src=\"http:\/\/agora.xtec.cat\/ceiplestelada\/wp-content\/uploads\/usu885\/2016\/04\/IMG_2765-1024x768.jpg\" alt=\"IMG_2765\" width=\"263\" height=\"198\" srcset=\"https:\/\/agora.xtec.cat\/ceiplestelada\/wp-content\/uploads\/usu885\/2016\/04\/IMG_2765-1024x768.jpg 1024w, https:\/\/agora.xtec.cat\/ceiplestelada\/wp-content\/uploads\/usu885\/2016\/04\/IMG_2765-300x225.jpg 300w, https:\/\/agora.xtec.cat\/ceiplestelada\/wp-content\/uploads\/usu885\/2016\/04\/IMG_2765-200x150.jpg 200w\" sizes=\"auto, (max-width: 263px) 100vw, 263px\" \/><\/a><\/p>\n<p>3r<\/p>\n<p><strong>Maruja Mallo<\/strong><\/td>\n<td style=\"text-align: center;\"><\/td>\n<td style=\"text-align: center;\"><a href=\"http:\/\/agora.xtec.cat\/ceiplestelada\/wp-content\/uploads\/usu885\/2016\/04\/C\u00f2pia-de-IMG_3506-e1466834277691.jpg\" rel=\"attachment wp-att-496\"><img loading=\"lazy\" decoding=\"async\" class=\"alignnone wp-image-496\" src=\"http:\/\/agora.xtec.cat\/ceiplestelada\/wp-content\/uploads\/usu885\/2016\/04\/C\u00f2pia-de-IMG_3506-e1466834277691-1024x310.jpg\" alt=\"C\u00f2pia de IMG_3506\" width=\"356\" height=\"108\" srcset=\"https:\/\/agora.xtec.cat\/ceiplestelada\/wp-content\/uploads\/usu885\/2016\/04\/C\u00f2pia-de-IMG_3506-e1466834277691-1024x310.jpg 1024w, https:\/\/agora.xtec.cat\/ceiplestelada\/wp-content\/uploads\/usu885\/2016\/04\/C\u00f2pia-de-IMG_3506-e1466834277691-300x91.jpg 300w, https:\/\/agora.xtec.cat\/ceiplestelada\/wp-content\/uploads\/usu885\/2016\/04\/C\u00f2pia-de-IMG_3506-e1466834277691-768x232.jpg 768w\" sizes=\"auto, (max-width: 356px) 100vw, 356px\" \/><\/a><\/p>\n<p>4t<\/p>\n<p><strong>Antoni T\u00e0pies<\/strong><\/td>\n<\/tr>\n<tr>\n<td style=\"text-align: center;\"><a href=\"http:\/\/agora.xtec.cat\/ceiplestelada\/wp-content\/uploads\/usu885\/2014\/09\/SAM_9039-e1466834512828.jpg\" rel=\"attachment wp-att-191\"><img loading=\"lazy\" decoding=\"async\" class=\"wp-image-191 \" src=\"http:\/\/agora.xtec.cat\/ceiplestelada\/wp-content\/uploads\/usu885\/2014\/09\/SAM_9039-1024x768.jpg\" alt=\"\" width=\"264\" height=\"198\" \/><\/a><\/p>\n<p>5\u00e8<\/p>\n<p><strong>Gustav Klimt<\/strong><\/td>\n<td style=\"text-align: center;\"><\/td>\n<td style=\"text-align: center;\">6\u00e8<\/p>\n<p><strong>Paul Klee<\/strong><\/td>\n<\/tr>\n<\/tbody>\n<\/table>\n","protected":false},"excerpt":{"rendered":"<p>A l&#8217;escola es treballa de P3 a 6\u00e8 un pintor o escultor reconegut per tal de potenciar el bagatge cultural i art\u00edstic de tot l&#8217;alumnat. P3 Joan Mir\u00f3 P4 Kandinsky P5 Van Gogh 1r Dal\u00ed &nbsp; &nbsp; 2n Picasso 3r Maruja Mallo 4t Antoni T\u00e0pies 5\u00e8 Gustav Klimt 6\u00e8 Paul Klee<\/p>\n","protected":false},"author":1,"featured_media":0,"parent":64,"menu_order":10,"comment_status":"closed","ping_status":"closed","template":"page-templates\/side-menu.php","meta":{"_bbp_topic_count":0,"_bbp_reply_count":0,"_bbp_total_topic_count":0,"_bbp_total_reply_count":0,"_bbp_voice_count":0,"_bbp_anonymous_reply_count":0,"_bbp_topic_count_hidden":0,"_bbp_reply_count_hidden":0,"_bbp_forum_subforum_count":0,"site-sidebar-layout":"default","site-content-layout":"","ast-site-content-layout":"","site-content-style":"default","site-sidebar-style":"default","ast-global-header-display":"","ast-banner-title-visibility":"","ast-main-header-display":"","ast-hfb-above-header-display":"","ast-hfb-below-header-display":"","ast-hfb-mobile-header-display":"","site-post-title":"","ast-breadcrumbs-content":"","ast-featured-img":"","footer-sml-layout":"","theme-transparent-header-meta":"","adv-header-id-meta":"","stick-header-meta":"","header-above-stick-meta":"","header-main-stick-meta":"","header-below-stick-meta":"","astra-migrate-meta-layouts":"default","ast-page-background-enabled":"default","ast-page-background-meta":{"desktop":{"background-color":"var(--ast-global-color-4)","background-image":"","background-repeat":"repeat","background-position":"center center","background-size":"auto","background-attachment":"scroll","background-type":"","background-media":"","overlay-type":"","overlay-color":"","overlay-opacity":"","overlay-gradient":""},"tablet":{"background-color":"","background-image":"","background-repeat":"repeat","background-position":"center center","background-size":"auto","background-attachment":"scroll","background-type":"","background-media":"","overlay-type":"","overlay-color":"","overlay-opacity":"","overlay-gradient":""},"mobile":{"background-color":"","background-image":"","background-repeat":"repeat","background-position":"center center","background-size":"auto","background-attachment":"scroll","background-type":"","background-media":"","overlay-type":"","overlay-color":"","overlay-opacity":"","overlay-gradient":""}},"ast-content-background-meta":{"desktop":{"background-color":"var(--ast-global-color-5)","background-image":"","background-repeat":"repeat","background-position":"center center","background-size":"auto","background-attachment":"scroll","background-type":"","background-media":"","overlay-type":"","overlay-color":"","overlay-opacity":"","overlay-gradient":""},"tablet":{"background-color":"var(--ast-global-color-5)","background-image":"","background-repeat":"repeat","background-position":"center center","background-size":"auto","background-attachment":"scroll","background-type":"","background-media":"","overlay-type":"","overlay-color":"","overlay-opacity":"","overlay-gradient":""},"mobile":{"background-color":"var(--ast-global-color-5)","background-image":"","background-repeat":"repeat","background-position":"center center","background-size":"auto","background-attachment":"scroll","background-type":"","background-media":"","overlay-type":"","overlay-color":"","overlay-opacity":"","overlay-gradient":""}},"footnotes":""},"class_list":["post-308","page","type-page","status-publish","hentry"],"post_mailing_queue_ids":[],"_links":{"self":[{"href":"https:\/\/agora.xtec.cat\/ceiplestelada\/wp-json\/wp\/v2\/pages\/308","targetHints":{"allow":["GET"]}}],"collection":[{"href":"https:\/\/agora.xtec.cat\/ceiplestelada\/wp-json\/wp\/v2\/pages"}],"about":[{"href":"https:\/\/agora.xtec.cat\/ceiplestelada\/wp-json\/wp\/v2\/types\/page"}],"author":[{"embeddable":true,"href":"https:\/\/agora.xtec.cat\/ceiplestelada\/wp-json\/wp\/v2\/users\/1"}],"replies":[{"embeddable":true,"href":"https:\/\/agora.xtec.cat\/ceiplestelada\/wp-json\/wp\/v2\/comments?post=308"}],"version-history":[{"count":3,"href":"https:\/\/agora.xtec.cat\/ceiplestelada\/wp-json\/wp\/v2\/pages\/308\/revisions"}],"predecessor-version":[{"id":1669,"href":"https:\/\/agora.xtec.cat\/ceiplestelada\/wp-json\/wp\/v2\/pages\/308\/revisions\/1669"}],"up":[{"embeddable":true,"href":"https:\/\/agora.xtec.cat\/ceiplestelada\/wp-json\/wp\/v2\/pages\/64"}],"wp:attachment":[{"href":"https:\/\/agora.xtec.cat\/ceiplestelada\/wp-json\/wp\/v2\/media?parent=308"}],"curies":[{"name":"wp","href":"https:\/\/api.w.org\/{rel}","templated":true}]}}