{"id":296,"date":"2016-04-04T21:29:12","date_gmt":"2016-04-04T19:29:12","guid":{"rendered":"http:\/\/agora.xtec.cat\/ceiplestelada\/?page_id=296"},"modified":"2024-07-10T12:31:51","modified_gmt":"2024-07-10T10:31:51","slug":"despeses-familiars","status":"publish","type":"page","link":"https:\/\/agora.xtec.cat\/ceiplestelada\/families\/despeses-familiars\/","title":{"rendered":"Quotes i actuacions"},"content":{"rendered":"<p>En aquest apartat us informem de les Quotes que aporten les fam\u00edlies per a l&#8217;alumnat d&#8217;infantil i Prim\u00e0ria, i tamb\u00e9 de les actuacions i inversions que s&#8217;han fet a l&#8217;escola.<\/p>\n<p>Recordeu que les quotes es paguen a trav\u00e9s de l&#8217;aplicaci\u00f3 del TPV escola. L&#8217;aplicaci\u00f3\u00a0 permet fer el pagament a mida, fraccionant-ho segons les situacions personals de cadasc\u00fa.<\/p>\n<p>Les quotes per a l&#8217;alumnat d&#8217;Educaci\u00f3 Infantil i\u00a0 Prim\u00e0ria\u00a0 s\u00f3n les seg\u00fcents:<\/p>\n<h4><span style=\"color: #ff6600;\"><strong>1. QUOTES<\/strong><\/span><\/h4>\n<p><strong>1.1. QUOTA<\/strong>\u00a0<strong>TOTAL (tant per a Infantil com per a\u00a0 Prim\u00e0ria)<\/strong>:<strong> 130 \u20ac<\/strong><\/p>\n<p dir=\"ltr\">INFANTIL: Juliol: 30\u20ac ; Octubre 40\u20ac i Gener 60\u20ac<\/p>\n<p dir=\"ltr\">PRIM\u00c0RIA: Informaci\u00f3 sobre quotes vals i preus<\/p>\n<p dir=\"ltr\">PREUS: (Recordeu que podreu fer el pagament de les quotes fraccionant-ho\u00a0 en 3 quotes o podeu fer el pagament de les dues primeres quotes de cop (juliol i octubre).\u00a0 La 3a quota estar\u00e0 activa a partir del mes d\u2019octubre.<\/p>\n<div dir=\"ltr\" align=\"left\">\n<table style=\"width: 100.488%;\">\n<colgroup>\n<col width=\"668\" \/>\n<col width=\"65\" \/><\/colgroup>\n<tbody>\n<tr>\n<td style=\"width: 90.5738%;\">\n<p dir=\"ltr\">Cost total del Material <span class=\"il\">escolar<\/span>:<\/p>\n<\/td>\n<td style=\"width: 19.2584%;\">\n<p dir=\"ltr\">130 \u20ac<\/p>\n<\/td>\n<\/tr>\n<tr>\n<td style=\"width: 90.5738%;\">\n<p dir=\"ltr\">Cost del Llibre Innovamat:\u00a0 L\u2019escola encarrega el llibre Innovamat a la llibreria Comp\u00e0s de Cardedeu nom\u00e9s a aquells qui ens cedeixin els 2 vals.<\/p>\n<p dir=\"ltr\">Els qui no ens cediu els 2 vals, podeu encarregar-lo a la mateixa llibreria o en altres, utilitzant o no el <span class=\"il\">val<\/span> <span class=\"il\">escolar<\/span>. Dep\u00e8n de l\u2019establiment el preu pot variar.<\/p>\n<\/td>\n<td style=\"width: 19.2584%;\">\n<p dir=\"ltr\">50,95 \u20ac<\/p>\n<\/td>\n<\/tr>\n<\/tbody>\n<\/table>\n<\/div>\n<p dir=\"ltr\">1. Informaci\u00f3 de les quotes a les fam\u00edlies que cediu els 2 vals a l\u2019escola.<\/p>\n<p dir=\"ltr\">Amb els 2 vals per un valor de 60 \u20ac en total, l\u2019escola\u00a0 fa la compra del llibre d\u2019Innovamat (50,95 \u20ac) i dels 9,05 \u20ac sobrants, aquests es descomptaran de la quota de material <span class=\"il\">escolar<\/span>, quedant aquesta a 120,95\u00a0\u20ac.<\/p>\n<p dir=\"ltr\">Les quotes quedaran de la seg\u00fcent manera:\u00a0 30 \u20ac al juliol; 40 \u20ac a l\u2019octubre i 50,95 \u20ac al gener.<\/p>\n<p dir=\"ltr\">Us agrair\u00edem que ced\u00edssiu els vals, abans de l&#8217;1 de setembre per tal que els llibres els puguem tenir a temps.<\/p>\n<p dir=\"ltr\">2. Informaci\u00f3 de les quotes a les fam\u00edlies que cediu 1 <span class=\"il\">val<\/span> a l\u2019escola.<\/p>\n<p dir=\"ltr\">Es descomptar\u00e0 30\u00a0\u20ac de la quota de material <span class=\"il\">escolar<\/span>. Per tant, aquesta ser\u00e0 de 100\u00a0\u20ac. En aquest cas, l\u2019escola NO comprar\u00e0 el llibre d\u2019Innovamat i l\u2019haureu d\u2019encarregar i comprar les fam\u00edlies.<\/p>\n<p dir=\"ltr\">Les quotes quedaran de la seg\u00fcent manera:\u00a0 30 \u20ac al juliol; 40 \u20ac a l\u2019octubre i 30 \u20ac al gener.<\/p>\n<p dir=\"ltr\">3. Informaci\u00f3 de les quotes a les fam\u00edlies que NO cediu els vals a l\u2019escola.<\/p>\n<p dir=\"ltr\">La quota \u00e9s de 130\u00a0\u20ac i el llibre d\u2019Innovamat l\u2019encarrega i el compra la fam\u00edlia.<\/p>\n<p dir=\"ltr\">Les quotes quedaran de la seg\u00fcent manera: 30 \u20ac al juliol; 40 \u20ac a l\u2019octubre i 60 \u20ac al gener.<\/p>\n<p><strong>1.2. SORTIDES I COL\u00d2NIES<\/strong><\/p>\n<p style=\"padding-left: 40px;\">A m\u00e9s a m\u00e9s d&#8217;aquestes dues quotes, tamb\u00e9 hi ha les despeses referent a les sortides i les col\u00f2nies. Aquestes es paguen en el moment de fer-les.<\/p>\n<p style=\"padding-left: 40px;\">Les sortides que es fan durant el curs tenen un cost d&#8217;uns\u00a0 30\u20ac aproximadament.<\/p>\n<p style=\"padding-left: 40px;\">Les col\u00f2nies que es fan a P5, 2n, 4t i 6\u00e8\u00a0 tenen un cost aproximat de 140 \u20ac aproximadament.<\/p>\n<p><strong>1.3 AFA<\/strong><\/p>\n<p style=\"padding-left: 40px;\">La Quota de l&#8217;AFA : Si tens un fill\/a 20\u20ac ;\u00a0 Si tens m\u00e9s d&#8217;un fill\/a, se li cobrar\u00e0 5\u20ac per a cada un\/a d&#8217;ells\/es.<\/p>\n<p style=\"padding-left: 40px;\">\u00a0 \u00a0 \u00a0 (Fam\u00edlia amb\u00a0 2 fills\/es = 20 \u20ac + 5\u20ac= 25\u20ac\u00a0 ; \u00a0Fam\u00edlia amb tres fills\/es = 20\u20ac + 5\u20ac + 5\u20ac = 30\u20ac)<\/p>\n<p><strong>1.3. MENJADOR<\/strong><\/p>\n<p style=\"padding-left: 40px;\">Fixes de\u00a0 3 a 5 dies: 6,54 \u20ac<\/p>\n<p style=\"padding-left: 40px;\">Eventuals: 7,19 \u20ac<\/p>\n<p>&nbsp;<\/p>\n","protected":false},"excerpt":{"rendered":"<p>En aquest apartat us informem de les Quotes que aporten les fam\u00edlies per a l&#8217;alumnat d&#8217;infantil i Prim\u00e0ria, i tamb\u00e9 de les actuacions i inversions que s&#8217;han fet a l&#8217;escola. Recordeu que les quotes es paguen a trav\u00e9s de l&#8217;aplicaci\u00f3 del TPV escola. L&#8217;aplicaci\u00f3\u00a0 permet fer el pagament a mida, fraccionant-ho segons les situacions personals [&hellip;]<\/p>\n","protected":false},"author":1,"featured_media":0,"parent":250,"menu_order":10,"comment_status":"closed","ping_status":"closed","template":"page-templates\/side-menu.php","meta":{"_bbp_topic_count":0,"_bbp_reply_count":0,"_bbp_total_topic_count":0,"_bbp_total_reply_count":0,"_bbp_voice_count":0,"_bbp_anonymous_reply_count":0,"_bbp_topic_count_hidden":0,"_bbp_reply_count_hidden":0,"_bbp_forum_subforum_count":0,"site-sidebar-layout":"default","site-content-layout":"","ast-site-content-layout":"","site-content-style":"default","site-sidebar-style":"default","ast-global-header-display":"","ast-banner-title-visibility":"","ast-main-header-display":"","ast-hfb-above-header-display":"","ast-hfb-below-header-display":"","ast-hfb-mobile-header-display":"","site-post-title":"","ast-breadcrumbs-content":"","ast-featured-img":"","footer-sml-layout":"","theme-transparent-header-meta":"","adv-header-id-meta":"","stick-header-meta":"","header-above-stick-meta":"","header-main-stick-meta":"","header-below-stick-meta":"","astra-migrate-meta-layouts":"default","ast-page-background-enabled":"default","ast-page-background-meta":{"desktop":{"background-color":"var(--ast-global-color-4)","background-image":"","background-repeat":"repeat","background-position":"center center","background-size":"auto","background-attachment":"scroll","background-type":"","background-media":"","overlay-type":"","overlay-color":"","overlay-opacity":"","overlay-gradient":""},"tablet":{"background-color":"","background-image":"","background-repeat":"repeat","background-position":"center center","background-size":"auto","background-attachment":"scroll","background-type":"","background-media":"","overlay-type":"","overlay-color":"","overlay-opacity":"","overlay-gradient":""},"mobile":{"background-color":"","background-image":"","background-repeat":"repeat","background-position":"center center","background-size":"auto","background-attachment":"scroll","background-type":"","background-media":"","overlay-type":"","overlay-color":"","overlay-opacity":"","overlay-gradient":""}},"ast-content-background-meta":{"desktop":{"background-color":"var(--ast-global-color-5)","background-image":"","background-repeat":"repeat","background-position":"center center","background-size":"auto","background-attachment":"scroll","background-type":"","background-media":"","overlay-type":"","overlay-color":"","overlay-opacity":"","overlay-gradient":""},"tablet":{"background-color":"var(--ast-global-color-5)","background-image":"","background-repeat":"repeat","background-position":"center center","background-size":"auto","background-attachment":"scroll","background-type":"","background-media":"","overlay-type":"","overlay-color":"","overlay-opacity":"","overlay-gradient":""},"mobile":{"background-color":"var(--ast-global-color-5)","background-image":"","background-repeat":"repeat","background-position":"center center","background-size":"auto","background-attachment":"scroll","background-type":"","background-media":"","overlay-type":"","overlay-color":"","overlay-opacity":"","overlay-gradient":""}},"footnotes":""},"class_list":["post-296","page","type-page","status-publish","hentry"],"post_mailing_queue_ids":[],"_links":{"self":[{"href":"https:\/\/agora.xtec.cat\/ceiplestelada\/wp-json\/wp\/v2\/pages\/296","targetHints":{"allow":["GET"]}}],"collection":[{"href":"https:\/\/agora.xtec.cat\/ceiplestelada\/wp-json\/wp\/v2\/pages"}],"about":[{"href":"https:\/\/agora.xtec.cat\/ceiplestelada\/wp-json\/wp\/v2\/types\/page"}],"author":[{"embeddable":true,"href":"https:\/\/agora.xtec.cat\/ceiplestelada\/wp-json\/wp\/v2\/users\/1"}],"replies":[{"embeddable":true,"href":"https:\/\/agora.xtec.cat\/ceiplestelada\/wp-json\/wp\/v2\/comments?post=296"}],"version-history":[{"count":8,"href":"https:\/\/agora.xtec.cat\/ceiplestelada\/wp-json\/wp\/v2\/pages\/296\/revisions"}],"predecessor-version":[{"id":8299,"href":"https:\/\/agora.xtec.cat\/ceiplestelada\/wp-json\/wp\/v2\/pages\/296\/revisions\/8299"}],"up":[{"embeddable":true,"href":"https:\/\/agora.xtec.cat\/ceiplestelada\/wp-json\/wp\/v2\/pages\/250"}],"wp:attachment":[{"href":"https:\/\/agora.xtec.cat\/ceiplestelada\/wp-json\/wp\/v2\/media?parent=296"}],"curies":[{"name":"wp","href":"https:\/\/api.w.org\/{rel}","templated":true}]}}