{"id":275,"date":"2016-04-03T22:21:06","date_gmt":"2016-04-03T21:21:06","guid":{"rendered":"http:\/\/agora.xtec.cat\/ceiplestelada\/?page_id=275"},"modified":"2020-08-01T15:21:11","modified_gmt":"2020-08-01T13:21:11","slug":"excursions-pel-montseny-i-rodalies-de-canoves","status":"publish","type":"page","link":"https:\/\/agora.xtec.cat\/ceiplestelada\/projecte-educatiu\/excursions-pel-montseny-i-rodalies-de-canoves\/","title":{"rendered":"L&#8217;Entorn: Montseny i C\u00e0noves"},"content":{"rendered":"<p>Els cursos d&#8217;infantil participen en diferents sortides per l&#8217;entorn proper:<\/p>\n<p><span style=\"font-weight: 400;\">-Anar a veure a la Castanyera a la Rectoria.<\/span><\/p>\n<p><span style=\"font-weight: 400;\">-Anar a buscar el Ti\u00f3 al bosc del costat de l\u2019escola.<\/span><\/p>\n<p><span style=\"font-weight: 400;\">-Anar a mirar les \u201cparadetes\u201d de Sant Jordi i comprar un llibre per classe.<\/span><\/p>\n<p><span style=\"font-weight: 400;\">-Dijous gras. Anar a esmorzar al bosc.<\/span><\/p>\n<p>-Anar al poble a descobrir els oficis que hi han.<\/p>\n<p><span style=\"font-weight: 400;\">Els cursos de prim\u00e0ria participen en una sortida al medi natural, a la muntanya o al bosc (o als paisatges agr\u00edcoles) en l\u2019entorn proper al centre. Aquestes sortides formen part de l\u2019\u00e0rea d\u2019educaci\u00f3 f\u00edsica i s\u2019agrupen sota l\u2019objectiu general de \u201cPracticar activitats f\u00edsiques a l\u2019aire lliure respectant i tenint cura de l\u2019entorn natural\u201d. Aquest objectiu es troba detallat en el <\/span><span style=\"font-weight: 400;\">Pla Anual Educaci\u00f3 F\u00edsica.\u00a0<\/span><\/p>\n<p><span style=\"font-weight: 400;\">Les sortides que es fan acostumen a ser les seg\u00fcents:<\/span><\/p>\n<p><span style=\"font-weight: 400;\">&#8211; Curs de 1r: excursi\u00f3 al bosc de Can Sala.<\/span><\/p>\n<p>&#8211; Curs de 2n: sota el projecte del Montseny a l&#8217;escola visita la Masia de Can Parera,\u00a0a Cal Rei,\u00a0a la Serreria de Can Cuch i e<span style=\"font-weight: 400;\">ls camps de Can Massaguer.<\/span><\/p>\n<p><span style=\"font-weight: 400;\">&#8211; Curs de 3r: excursi\u00f3 a Sant Hilari.<\/span><\/p>\n<p>&#8211; Curs de 4t: sota el projecte del Montseny a l&#8217;escola excursi\u00f3 a la riera de Vallforners i a la depuradora de C\u00e0noves.<\/p>\n<p><span style=\"font-weight: 400;\">&#8211; Curs de 5\u00e8: travessa del tur\u00f3 de can Volart a can Quintana.<\/span><\/p>\n<p><span style=\"font-weight: 400;\">&#8211; Curs de 6\u00e8: itinerari ciclista de C\u00e0noves &#8211; Sant Antoni &#8211; Llinars &#8211; Cardedeu &#8211; C\u00e0noves.<\/span><\/p>\n<p>&nbsp;<\/p>\n","protected":false},"excerpt":{"rendered":"<p>Els cursos d&#8217;infantil participen en diferents sortides per l&#8217;entorn proper: -Anar a veure a la Castanyera a la Rectoria. -Anar a buscar el Ti\u00f3 al bosc del costat de l\u2019escola. -Anar a mirar les \u201cparadetes\u201d de Sant Jordi i comprar un llibre per classe. -Dijous gras. Anar a esmorzar al bosc. -Anar al poble a [&hellip;]<\/p>\n","protected":false},"author":1,"featured_media":0,"parent":64,"menu_order":50,"comment_status":"closed","ping_status":"closed","template":"page-templates\/side-menu.php","meta":{"_bbp_topic_count":0,"_bbp_reply_count":0,"_bbp_total_topic_count":0,"_bbp_total_reply_count":0,"_bbp_voice_count":0,"_bbp_anonymous_reply_count":0,"_bbp_topic_count_hidden":0,"_bbp_reply_count_hidden":0,"_bbp_forum_subforum_count":0,"site-sidebar-layout":"default","site-content-layout":"","ast-site-content-layout":"","site-content-style":"default","site-sidebar-style":"default","ast-global-header-display":"","ast-banner-title-visibility":"","ast-main-header-display":"","ast-hfb-above-header-display":"","ast-hfb-below-header-display":"","ast-hfb-mobile-header-display":"","site-post-title":"","ast-breadcrumbs-content":"","ast-featured-img":"","footer-sml-layout":"","theme-transparent-header-meta":"","adv-header-id-meta":"","stick-header-meta":"","header-above-stick-meta":"","header-main-stick-meta":"","header-below-stick-meta":"","astra-migrate-meta-layouts":"default","ast-page-background-enabled":"default","ast-page-background-meta":{"desktop":{"background-color":"var(--ast-global-color-4)","background-image":"","background-repeat":"repeat","background-position":"center center","background-size":"auto","background-attachment":"scroll","background-type":"","background-media":"","overlay-type":"","overlay-color":"","overlay-opacity":"","overlay-gradient":""},"tablet":{"background-color":"","background-image":"","background-repeat":"repeat","background-position":"center center","background-size":"auto","background-attachment":"scroll","background-type":"","background-media":"","overlay-type":"","overlay-color":"","overlay-opacity":"","overlay-gradient":""},"mobile":{"background-color":"","background-image":"","background-repeat":"repeat","background-position":"center center","background-size":"auto","background-attachment":"scroll","background-type":"","background-media":"","overlay-type":"","overlay-color":"","overlay-opacity":"","overlay-gradient":""}},"ast-content-background-meta":{"desktop":{"background-color":"var(--ast-global-color-5)","background-image":"","background-repeat":"repeat","background-position":"center center","background-size":"auto","background-attachment":"scroll","background-type":"","background-media":"","overlay-type":"","overlay-color":"","overlay-opacity":"","overlay-gradient":""},"tablet":{"background-color":"var(--ast-global-color-5)","background-image":"","background-repeat":"repeat","background-position":"center center","background-size":"auto","background-attachment":"scroll","background-type":"","background-media":"","overlay-type":"","overlay-color":"","overlay-opacity":"","overlay-gradient":""},"mobile":{"background-color":"var(--ast-global-color-5)","background-image":"","background-repeat":"repeat","background-position":"center center","background-size":"auto","background-attachment":"scroll","background-type":"","background-media":"","overlay-type":"","overlay-color":"","overlay-opacity":"","overlay-gradient":""}},"footnotes":""},"class_list":["post-275","page","type-page","status-publish","hentry"],"post_mailing_queue_ids":[],"_links":{"self":[{"href":"https:\/\/agora.xtec.cat\/ceiplestelada\/wp-json\/wp\/v2\/pages\/275","targetHints":{"allow":["GET"]}}],"collection":[{"href":"https:\/\/agora.xtec.cat\/ceiplestelada\/wp-json\/wp\/v2\/pages"}],"about":[{"href":"https:\/\/agora.xtec.cat\/ceiplestelada\/wp-json\/wp\/v2\/types\/page"}],"author":[{"embeddable":true,"href":"https:\/\/agora.xtec.cat\/ceiplestelada\/wp-json\/wp\/v2\/users\/1"}],"replies":[{"embeddable":true,"href":"https:\/\/agora.xtec.cat\/ceiplestelada\/wp-json\/wp\/v2\/comments?post=275"}],"version-history":[{"count":4,"href":"https:\/\/agora.xtec.cat\/ceiplestelada\/wp-json\/wp\/v2\/pages\/275\/revisions"}],"predecessor-version":[{"id":3476,"href":"https:\/\/agora.xtec.cat\/ceiplestelada\/wp-json\/wp\/v2\/pages\/275\/revisions\/3476"}],"up":[{"embeddable":true,"href":"https:\/\/agora.xtec.cat\/ceiplestelada\/wp-json\/wp\/v2\/pages\/64"}],"wp:attachment":[{"href":"https:\/\/agora.xtec.cat\/ceiplestelada\/wp-json\/wp\/v2\/media?parent=275"}],"curies":[{"name":"wp","href":"https:\/\/api.w.org\/{rel}","templated":true}]}}