{"id":30,"date":"2014-09-18T12:30:23","date_gmt":"2014-09-18T12:30:23","guid":{"rendered":"http:\/\/agora.xtec.cat\/ceiplessavines\/?page_id=30"},"modified":"2025-01-09T13:33:20","modified_gmt":"2025-01-09T12:33:20","slug":"instal%c2%b7lacions","status":"publish","type":"page","link":"https:\/\/agora.xtec.cat\/ceiplessavines\/instal%c2%b7lacions\/","title":{"rendered":"Instal\u00b7lacions"},"content":{"rendered":"<p><span style=\"font-size: large;\">L&#8217;escola, consta de 3 edificis.\u00a0<\/span><\/p>\n<ul>\n<li style=\"text-align: center;\"><span style=\"font-size: large;\"> L&#8217;edifici d&#8217;Educaci\u00f3 Prim\u00e0ria <\/span><\/li>\n<\/ul>\n<table>\n<tbody>\n<tr>\n<td><a href=\"http:\/\/agora.xtec.cat\/ceiplessavines\/wp-content\/uploads\/usu230\/2014\/09\/escolageneral.jpg\"><img loading=\"lazy\" decoding=\"async\" class=\"aligncenter size-medium wp-image-376\" src=\"http:\/\/agora.xtec.cat\/ceiplessavines\/wp-content\/uploads\/usu230\/2014\/09\/escolageneral-300x225.jpg\" alt=\"escolageneral\" width=\"300\" height=\"225\" srcset=\"https:\/\/agora.xtec.cat\/ceiplessavines\/wp-content\/uploads\/usu230\/2014\/09\/escolageneral-300x225.jpg 300w, https:\/\/agora.xtec.cat\/ceiplessavines\/wp-content\/uploads\/usu230\/2014\/09\/escolageneral-200x150.jpg 200w, https:\/\/agora.xtec.cat\/ceiplessavines\/wp-content\/uploads\/usu230\/2014\/09\/escolageneral.jpg 500w\" sizes=\"auto, (max-width: 300px) 100vw, 300px\" \/><\/a><\/td>\n<td><a href=\"http:\/\/agora.xtec.cat\/ceiplessavines\/wp-content\/uploads\/usu230\/2014\/09\/escola1.jpg\"><img loading=\"lazy\" decoding=\"async\" class=\" wp-image-372 size-medium aligncenter\" src=\"http:\/\/agora.xtec.cat\/ceiplessavines\/wp-content\/uploads\/usu230\/2014\/09\/escola1-300x225.jpg\" alt=\"escola1\" width=\"300\" height=\"225\" srcset=\"https:\/\/agora.xtec.cat\/ceiplessavines\/wp-content\/uploads\/usu230\/2014\/09\/escola1-300x225.jpg 300w, https:\/\/agora.xtec.cat\/ceiplessavines\/wp-content\/uploads\/usu230\/2014\/09\/escola1-200x150.jpg 200w, https:\/\/agora.xtec.cat\/ceiplessavines\/wp-content\/uploads\/usu230\/2014\/09\/escola1.jpg 500w\" sizes=\"auto, (max-width: 300px) 100vw, 300px\" \/><\/a><\/td>\n<td><a href=\"http:\/\/agora.xtec.cat\/ceiplessavines\/wp-content\/uploads\/usu230\/2014\/09\/escola2.jpg\"><img loading=\"lazy\" decoding=\"async\" class=\" size-medium wp-image-373 aligncenter\" src=\"http:\/\/agora.xtec.cat\/ceiplessavines\/wp-content\/uploads\/usu230\/2014\/09\/escola2-300x225.jpg\" alt=\"escola2\" width=\"300\" height=\"225\" srcset=\"https:\/\/agora.xtec.cat\/ceiplessavines\/wp-content\/uploads\/usu230\/2014\/09\/escola2-300x225.jpg 300w, https:\/\/agora.xtec.cat\/ceiplessavines\/wp-content\/uploads\/usu230\/2014\/09\/escola2-200x150.jpg 200w, https:\/\/agora.xtec.cat\/ceiplessavines\/wp-content\/uploads\/usu230\/2014\/09\/escola2.jpg 500w\" sizes=\"auto, (max-width: 300px) 100vw, 300px\" \/><\/a><\/td>\n<\/tr>\n<\/tbody>\n<\/table>\n<ul>\n<li style=\"text-align: center;\"><span style=\"font-size: large;\">El d&#8217;Educaci\u00f3 Infantil<\/span><\/li>\n<\/ul>\n<table class=\" aligncenter\" style=\"height: 259px;\" width=\"558\">\n<tbody>\n<tr>\n<td><a href=\"http:\/\/agora.xtec.cat\/ceiplessavines\/wp-content\/uploads\/usu230\/2014\/09\/escola3.jpg\"><img loading=\"lazy\" decoding=\"async\" class=\"aligncenter size-medium wp-image-379\" src=\"http:\/\/agora.xtec.cat\/ceiplessavines\/wp-content\/uploads\/usu230\/2014\/09\/escola3-300x225.jpg\" alt=\"escola3\" width=\"300\" height=\"225\" srcset=\"https:\/\/agora.xtec.cat\/ceiplessavines\/wp-content\/uploads\/usu230\/2014\/09\/escola3-300x225.jpg 300w, https:\/\/agora.xtec.cat\/ceiplessavines\/wp-content\/uploads\/usu230\/2014\/09\/escola3-200x150.jpg 200w, https:\/\/agora.xtec.cat\/ceiplessavines\/wp-content\/uploads\/usu230\/2014\/09\/escola3.jpg 500w\" sizes=\"auto, (max-width: 300px) 100vw, 300px\" \/><\/a><\/td>\n<td><a href=\"http:\/\/agora.xtec.cat\/ceiplessavines\/wp-content\/uploads\/usu230\/2014\/09\/escola4.jpg\"><img loading=\"lazy\" decoding=\"async\" class=\"aligncenter size-medium wp-image-380\" src=\"http:\/\/agora.xtec.cat\/ceiplessavines\/wp-content\/uploads\/usu230\/2014\/09\/escola4-300x225.jpg\" alt=\"escola4\" width=\"300\" height=\"225\" srcset=\"https:\/\/agora.xtec.cat\/ceiplessavines\/wp-content\/uploads\/usu230\/2014\/09\/escola4-300x225.jpg 300w, https:\/\/agora.xtec.cat\/ceiplessavines\/wp-content\/uploads\/usu230\/2014\/09\/escola4-200x150.jpg 200w, https:\/\/agora.xtec.cat\/ceiplessavines\/wp-content\/uploads\/usu230\/2014\/09\/escola4.jpg 500w\" sizes=\"auto, (max-width: 300px) 100vw, 300px\" \/><\/a><\/td>\n<\/tr>\n<\/tbody>\n<\/table>\n<ul>\n<li style=\"text-align: center;\"><span style=\"font-size: large;\">I el de serveis amb el menjador i el gimn\u00e0s.<\/span><\/li>\n<\/ul>\n<table class=\" aligncenter\" style=\"height: 257px;\" width=\"561\">\n<tbody>\n<tr>\n<td><a href=\"http:\/\/agora.xtec.cat\/ceiplessavines\/wp-content\/uploads\/usu230\/2014\/09\/serveis1.jpg\"><img loading=\"lazy\" decoding=\"async\" class=\"aligncenter size-medium wp-image-383\" src=\"http:\/\/agora.xtec.cat\/ceiplessavines\/wp-content\/uploads\/usu230\/2014\/09\/serveis1-300x225.jpg\" alt=\"serveis1\" width=\"300\" height=\"225\" srcset=\"https:\/\/agora.xtec.cat\/ceiplessavines\/wp-content\/uploads\/usu230\/2014\/09\/serveis1-300x225.jpg 300w, https:\/\/agora.xtec.cat\/ceiplessavines\/wp-content\/uploads\/usu230\/2014\/09\/serveis1-200x150.jpg 200w, https:\/\/agora.xtec.cat\/ceiplessavines\/wp-content\/uploads\/usu230\/2014\/09\/serveis1.jpg 500w\" sizes=\"auto, (max-width: 300px) 100vw, 300px\" \/><\/a><\/td>\n<td><a href=\"http:\/\/agora.xtec.cat\/ceiplessavines\/wp-content\/uploads\/usu230\/2014\/09\/serveis2.jpg\"><img loading=\"lazy\" decoding=\"async\" class=\"aligncenter size-medium wp-image-384\" src=\"http:\/\/agora.xtec.cat\/ceiplessavines\/wp-content\/uploads\/usu230\/2014\/09\/serveis2-300x225.jpg\" alt=\"serveis2\" width=\"300\" height=\"225\" srcset=\"https:\/\/agora.xtec.cat\/ceiplessavines\/wp-content\/uploads\/usu230\/2014\/09\/serveis2-300x225.jpg 300w, https:\/\/agora.xtec.cat\/ceiplessavines\/wp-content\/uploads\/usu230\/2014\/09\/serveis2-200x150.jpg 200w, https:\/\/agora.xtec.cat\/ceiplessavines\/wp-content\/uploads\/usu230\/2014\/09\/serveis2.jpg 500w\" sizes=\"auto, (max-width: 300px) 100vw, 300px\" \/><\/a><\/td>\n<\/tr>\n<\/tbody>\n<\/table>\n","protected":false},"excerpt":{"rendered":"<p>L&#8217;escola, consta de 3 edificis.\u00a0 L&#8217;edifici d&#8217;Educaci\u00f3 Prim\u00e0ria El d&#8217;Educaci\u00f3 Infantil I el de serveis amb el menjador i el gimn\u00e0s.<\/p>\n","protected":false},"author":2,"featured_media":0,"parent":0,"menu_order":30,"comment_status":"closed","ping_status":"closed","template":"page-templates\/side-menu.php","meta":{"_bbp_topic_count":0,"_bbp_reply_count":0,"_bbp_total_topic_count":0,"_bbp_total_reply_count":0,"_bbp_voice_count":0,"_bbp_anonymous_reply_count":0,"_bbp_topic_count_hidden":0,"_bbp_reply_count_hidden":0,"_bbp_forum_subforum_count":0,"site-sidebar-layout":"default","site-content-layout":"","ast-site-content-layout":"","site-content-style":"default","site-sidebar-style":"default","ast-global-header-display":"","ast-banner-title-visibility":"","ast-main-header-display":"","ast-hfb-above-header-display":"","ast-hfb-below-header-display":"","ast-hfb-mobile-header-display":"","site-post-title":"","ast-breadcrumbs-content":"","ast-featured-img":"","footer-sml-layout":"","theme-transparent-header-meta":"","adv-header-id-meta":"","stick-header-meta":"","header-above-stick-meta":"","header-main-stick-meta":"","header-below-stick-meta":"","astra-migrate-meta-layouts":"default","ast-page-background-enabled":"default","ast-page-background-meta":{"desktop":{"background-color":"var(--ast-global-color-4)","background-image":"","background-repeat":"repeat","background-position":"center center","background-size":"auto","background-attachment":"scroll","background-type":"","background-media":"","overlay-type":"","overlay-color":"","overlay-opacity":"","overlay-gradient":""},"tablet":{"background-color":"","background-image":"","background-repeat":"repeat","background-position":"center center","background-size":"auto","background-attachment":"scroll","background-type":"","background-media":"","overlay-type":"","overlay-color":"","overlay-opacity":"","overlay-gradient":""},"mobile":{"background-color":"","background-image":"","background-repeat":"repeat","background-position":"center center","background-size":"auto","background-attachment":"scroll","background-type":"","background-media":"","overlay-type":"","overlay-color":"","overlay-opacity":"","overlay-gradient":""}},"ast-content-background-meta":{"desktop":{"background-color":"var(--ast-global-color-5)","background-image":"","background-repeat":"repeat","background-position":"center center","background-size":"auto","background-attachment":"scroll","background-type":"","background-media":"","overlay-type":"","overlay-color":"","overlay-opacity":"","overlay-gradient":""},"tablet":{"background-color":"var(--ast-global-color-5)","background-image":"","background-repeat":"repeat","background-position":"center center","background-size":"auto","background-attachment":"scroll","background-type":"","background-media":"","overlay-type":"","overlay-color":"","overlay-opacity":"","overlay-gradient":""},"mobile":{"background-color":"var(--ast-global-color-5)","background-image":"","background-repeat":"repeat","background-position":"center center","background-size":"auto","background-attachment":"scroll","background-type":"","background-media":"","overlay-type":"","overlay-color":"","overlay-opacity":"","overlay-gradient":""}},"footnotes":""},"class_list":["post-30","page","type-page","status-publish","hentry"],"post_mailing_queue_ids":[],"_links":{"self":[{"href":"https:\/\/agora.xtec.cat\/ceiplessavines\/wp-json\/wp\/v2\/pages\/30","targetHints":{"allow":["GET"]}}],"collection":[{"href":"https:\/\/agora.xtec.cat\/ceiplessavines\/wp-json\/wp\/v2\/pages"}],"about":[{"href":"https:\/\/agora.xtec.cat\/ceiplessavines\/wp-json\/wp\/v2\/types\/page"}],"author":[{"embeddable":true,"href":"https:\/\/agora.xtec.cat\/ceiplessavines\/wp-json\/wp\/v2\/users\/2"}],"replies":[{"embeddable":true,"href":"https:\/\/agora.xtec.cat\/ceiplessavines\/wp-json\/wp\/v2\/comments?post=30"}],"version-history":[{"count":3,"href":"https:\/\/agora.xtec.cat\/ceiplessavines\/wp-json\/wp\/v2\/pages\/30\/revisions"}],"predecessor-version":[{"id":7887,"href":"https:\/\/agora.xtec.cat\/ceiplessavines\/wp-json\/wp\/v2\/pages\/30\/revisions\/7887"}],"wp:attachment":[{"href":"https:\/\/agora.xtec.cat\/ceiplessavines\/wp-json\/wp\/v2\/media?parent=30"}],"curies":[{"name":"wp","href":"https:\/\/api.w.org\/{rel}","templated":true}]}}