{"id":1966,"date":"2017-06-15T21:33:48","date_gmt":"2017-06-15T19:33:48","guid":{"rendered":"http:\/\/agora.xtec.cat\/ceiplessavines\/?page_id=1966"},"modified":"2025-01-09T13:27:45","modified_gmt":"2025-01-09T12:27:45","slug":"documents-del-centre","status":"publish","type":"page","link":"https:\/\/agora.xtec.cat\/ceiplessavines\/documents-del-centre\/","title":{"rendered":"Documents del centre"},"content":{"rendered":"<table style=\"height: 508px; width: 119.38%;\" width=\"471\">\n<tbody>\n<tr style=\"height: 60px;\">\n<td style=\"text-align: center; width: 61.81%; height: 60px;\">\n<h4><span style=\"color: #008000;\"><a style=\"color: #008000;\" href=\"http:\/\/agora.xtec.cat\/ceiplessavines\/centre\/linia-metodologica\/\">PROJECTE EDUCATIU<\/a><\/span><\/h4>\n<\/td>\n<td style=\"text-align: center; width: 37.6765%; height: 508px;\" rowspan=\"9\">\n<h4><span style=\"color: #000000;\">\u00a0<\/span><\/h4>\n<h4><span style=\"color: #000000;\">\u00a0<\/span><\/h4>\n<h4><span style=\"color: #000000;\">\u00a0<\/span><\/h4>\n<h4><span style=\"color: #000000;\">\u00a0<\/span><\/h4>\n<h4><span style=\"color: #000000;\">\u00a0<\/span><\/h4>\n<h4><span style=\"color: #000000;\"><img loading=\"lazy\" decoding=\"async\" class=\"wp-image-5108 size-medium alignleft\" src=\"https:\/\/agora.xtec.cat\/ceiplessavines\/wp-content\/uploads\/usu230\/2020\/02\/Documents-300x187.jpg\" alt=\"\" width=\"300\" height=\"187\" srcset=\"https:\/\/agora.xtec.cat\/ceiplessavines\/wp-content\/uploads\/usu230\/2020\/02\/Documents-300x187.jpg 300w, https:\/\/agora.xtec.cat\/ceiplessavines\/wp-content\/uploads\/usu230\/2020\/02\/Documents.jpg 556w\" sizes=\"auto, (max-width: 300px) 100vw, 300px\" \/><\/span><\/h4>\n<h4><span style=\"color: #000000;\">\u00a0<\/span><\/h4>\n<h4><\/h4>\n<h4><span style=\"color: #000000;\">\u00a0<\/span><\/h4>\n<h4><span style=\"color: #000000;\">\u00a0<\/span><\/h4>\n<h4><span style=\"color: #000000;\">\u00a0<\/span><\/h4>\n<h4><span style=\"color: #000000;\">\u00a0<\/span><\/h4>\n<h4><span style=\"color: #000000;\">\u00a0<\/span><\/h4>\n<\/td>\n<\/tr>\n<tr style=\"height: 60px;\">\n<td style=\"text-align: center; width: 61.81%; height: 60px;\">\n<h4><span style=\"color: #008000;\"><a style=\"color: #008000;\" href=\"https:\/\/drive.google.com\/file\/d\/1LPz2JhVqtlISgGHgLLBK4ZTGI5hyJjYP\/view?usp=share_link\">PROJECTE LING\u00dc\u00cdSTIC\u00a0<\/a><\/span><\/h4>\n<\/td>\n<\/tr>\n<tr style=\"height: 60px;\">\n<td style=\"text-align: center; width: 61.81%; height: 60px;\">\n<h4><span style=\"color: #008000;\">NORMES D&#8217;ORGANITZACI\u00d3 I FUNCIONAMENT (en revisi\u00f3)<\/span><\/h4>\n<\/td>\n<\/tr>\n<tr style=\"height: 47px;\">\n<td style=\"text-align: center; width: 61.81%; height: 47px;\">\n<h4><span style=\"color: #008000;\"><a style=\"color: #008000;\" href=\"https:\/\/drive.google.com\/file\/d\/1U-v9dEXQhpXn3HfDs1A1vChwh1eAKXI0\/view?usp=sharing\">CARTA DE COMPROM\u00cdS EDUCATIU<\/a><\/span><\/h4>\n<\/td>\n<\/tr>\n<tr style=\"height: 60px;\">\n<td style=\"text-align: center; width: 61.81%; height: 60px;\">\n<h4><span style=\"color: #008000;\"><a style=\"color: #008000;\" href=\"https:\/\/drive.google.com\/file\/d\/0BwEgGTSyQJH0aUduRVZKelpzVkk\/view?usp=sharing\" target=\"_blank\" rel=\"noopener noreferrer\">PROJECTE D&#8217;APRENENTATGE COOPERATIU<\/a><\/span><\/h4>\n<\/td>\n<\/tr>\n<tr style=\"height: 60px;\">\n<td style=\"text-align: center; width: 61.81%; height: 60px;\">\n<h4><span style=\"color: #008000;\"><a style=\"color: #008000;\" href=\"https:\/\/drive.google.com\/file\/d\/0BwEgGTSyQJH0aFR4WS1LakR0Vm8\/view?usp=sharing&amp;resourcekey=0-w9WgdTULW8Uh7E4zdSoC8w\" target=\"_blank\" rel=\"noopener noreferrer\">PROJECTE DE L&#8217;HORT<\/a><\/span><\/h4>\n<\/td>\n<\/tr>\n<tr style=\"height: 60px;\">\n<td style=\"text-align: center; width: 61.81%; height: 68px;\">\n<h4><span style=\"color: #008000;\"><a style=\"color: #008000;\" href=\"https:\/\/drive.google.com\/file\/d\/0BwEgGTSyQJH0dE43OGF2NjNSNzA\/view?usp=sharing\" target=\"_blank\" rel=\"noopener noreferrer\">PLA DE TREBALL D&#8217;ESTUDIANTS EN PR\u00c0CTIQUES<\/a><\/span><\/h4>\n<\/td>\n<\/tr>\n<tr style=\"height: 47px;\">\n<td style=\"text-align: center; width: 61.81%; height: 47px;\">\n<h4><span style=\"color: #008000;\"><a style=\"color: #008000;\" href=\"https:\/\/drive.google.com\/file\/d\/1W0KXr8AsbdpbGmwQ75n8VyLjU32PlgBL\/view?usp=share_link\">PROJECTE DE CONVIV\u00c8NCIA <\/a><br \/>\n<\/span><\/h4>\n<\/td>\n<\/tr>\n<tr style=\"height: 46px;\">\n<td style=\"width: 61.81%; text-align: center; height: 46px;\">\n<h4><span style=\"color: #008000;\"><a href=\"https:\/\/sites.google.com\/xtec.cat\/escolasavines\/presentacio-de-ledc\">ESTRAT\u00c8GIA DIGITAL DE CENTRE<\/a><br \/>\n<\/span><\/h4>\n<\/td>\n<\/tr>\n<\/tbody>\n<\/table>\n<p>&nbsp;<\/p>\n<p>&nbsp;<\/p>\n","protected":false},"excerpt":{"rendered":"<p>PROJECTE EDUCATIU \u00a0 \u00a0 \u00a0 \u00a0 \u00a0 \u00a0 \u00a0 \u00a0 \u00a0 \u00a0 \u00a0 PROJECTE LING\u00dc\u00cdSTIC\u00a0 NORMES D&#8217;ORGANITZACI\u00d3 I FUNCIONAMENT (en revisi\u00f3) CARTA DE COMPROM\u00cdS EDUCATIU PROJECTE D&#8217;APRENENTATGE COOPERATIU PROJECTE DE L&#8217;HORT PLA DE TREBALL D&#8217;ESTUDIANTS EN PR\u00c0CTIQUES PROJECTE DE CONVIV\u00c8NCIA ESTRAT\u00c8GIA DIGITAL DE CENTRE &nbsp; &nbsp;<\/p>\n","protected":false},"author":1,"featured_media":0,"parent":0,"menu_order":50,"comment_status":"closed","ping_status":"closed","template":"page-templates\/front-page.php","meta":{"_bbp_topic_count":0,"_bbp_reply_count":0,"_bbp_total_topic_count":0,"_bbp_total_reply_count":0,"_bbp_voice_count":0,"_bbp_anonymous_reply_count":0,"_bbp_topic_count_hidden":0,"_bbp_reply_count_hidden":0,"_bbp_forum_subforum_count":0,"site-sidebar-layout":"default","site-content-layout":"","ast-site-content-layout":"","site-content-style":"default","site-sidebar-style":"default","ast-global-header-display":"","ast-banner-title-visibility":"","ast-main-header-display":"","ast-hfb-above-header-display":"","ast-hfb-below-header-display":"","ast-hfb-mobile-header-display":"","site-post-title":"","ast-breadcrumbs-content":"","ast-featured-img":"","footer-sml-layout":"","theme-transparent-header-meta":"","adv-header-id-meta":"","stick-header-meta":"","header-above-stick-meta":"","header-main-stick-meta":"","header-below-stick-meta":"","astra-migrate-meta-layouts":"default","ast-page-background-enabled":"default","ast-page-background-meta":{"desktop":{"background-color":"var(--ast-global-color-4)","background-image":"","background-repeat":"repeat","background-position":"center center","background-size":"auto","background-attachment":"scroll","background-type":"","background-media":"","overlay-type":"","overlay-color":"","overlay-opacity":"","overlay-gradient":""},"tablet":{"background-color":"","background-image":"","background-repeat":"repeat","background-position":"center center","background-size":"auto","background-attachment":"scroll","background-type":"","background-media":"","overlay-type":"","overlay-color":"","overlay-opacity":"","overlay-gradient":""},"mobile":{"background-color":"","background-image":"","background-repeat":"repeat","background-position":"center center","background-size":"auto","background-attachment":"scroll","background-type":"","background-media":"","overlay-type":"","overlay-color":"","overlay-opacity":"","overlay-gradient":""}},"ast-content-background-meta":{"desktop":{"background-color":"var(--ast-global-color-5)","background-image":"","background-repeat":"repeat","background-position":"center center","background-size":"auto","background-attachment":"scroll","background-type":"","background-media":"","overlay-type":"","overlay-color":"","overlay-opacity":"","overlay-gradient":""},"tablet":{"background-color":"var(--ast-global-color-5)","background-image":"","background-repeat":"repeat","background-position":"center center","background-size":"auto","background-attachment":"scroll","background-type":"","background-media":"","overlay-type":"","overlay-color":"","overlay-opacity":"","overlay-gradient":""},"mobile":{"background-color":"var(--ast-global-color-5)","background-image":"","background-repeat":"repeat","background-position":"center center","background-size":"auto","background-attachment":"scroll","background-type":"","background-media":"","overlay-type":"","overlay-color":"","overlay-opacity":"","overlay-gradient":""}},"footnotes":""},"class_list":["post-1966","page","type-page","status-publish","hentry"],"post_mailing_queue_ids":[],"_links":{"self":[{"href":"https:\/\/agora.xtec.cat\/ceiplessavines\/wp-json\/wp\/v2\/pages\/1966","targetHints":{"allow":["GET"]}}],"collection":[{"href":"https:\/\/agora.xtec.cat\/ceiplessavines\/wp-json\/wp\/v2\/pages"}],"about":[{"href":"https:\/\/agora.xtec.cat\/ceiplessavines\/wp-json\/wp\/v2\/types\/page"}],"author":[{"embeddable":true,"href":"https:\/\/agora.xtec.cat\/ceiplessavines\/wp-json\/wp\/v2\/users\/1"}],"replies":[{"embeddable":true,"href":"https:\/\/agora.xtec.cat\/ceiplessavines\/wp-json\/wp\/v2\/comments?post=1966"}],"version-history":[{"count":4,"href":"https:\/\/agora.xtec.cat\/ceiplessavines\/wp-json\/wp\/v2\/pages\/1966\/revisions"}],"predecessor-version":[{"id":7457,"href":"https:\/\/agora.xtec.cat\/ceiplessavines\/wp-json\/wp\/v2\/pages\/1966\/revisions\/7457"}],"wp:attachment":[{"href":"https:\/\/agora.xtec.cat\/ceiplessavines\/wp-json\/wp\/v2\/media?parent=1966"}],"curies":[{"name":"wp","href":"https:\/\/api.w.org\/{rel}","templated":true}]}}