{"id":66,"date":"2014-09-18T12:40:47","date_gmt":"2014-09-18T12:40:47","guid":{"rendered":"http:\/\/agora.xtec.cat\/ceiplesroquetes\/?page_id=66"},"modified":"2026-02-27T16:16:30","modified_gmt":"2026-02-27T15:16:30","slug":"serveis","status":"publish","type":"page","link":"https:\/\/agora.xtec.cat\/ceiplesroquetes\/serveis\/","title":{"rendered":"Serveis"},"content":{"rendered":"<p>Secci\u00f3 que ha d&#8217;informar a les fam\u00edlies dels serveis que ofereix el centre. La missi\u00f3 educativa no es limita a l&#8217;eix curricular, per aix\u00f2 \u00e9s imprescindible que aquest apartat del web estigui en un primer nivell de navegaci\u00f3. \u00c9s recomanable que s&#8217;introdueixi informaci\u00f3 relacionada amb:<\/p>\n<ul>\n<li>El menjador escolar. Aqu\u00ed podeu consultar els men\u00fas actuals :<a href=\"https:\/\/agora.xtec.cat\/ceiplesroquetes\/serveis\/attachment\/1000086997\/\" rel=\"attachment wp-att-4369\"><img loading=\"lazy\" decoding=\"async\" class=\"aligncenter  wp-image-4369\" src=\"https:\/\/agora.xtec.cat\/ceiplesroquetes\/wp-content\/uploads\/usu466\/2026\/02\/1000086997.jpeg\" alt=\"\" width=\"869\" height=\"671\" srcset=\"https:\/\/agora.xtec.cat\/ceiplesroquetes\/wp-content\/uploads\/usu466\/2026\/02\/1000086997.jpeg 720w, https:\/\/agora.xtec.cat\/ceiplesroquetes\/wp-content\/uploads\/usu466\/2026\/02\/1000086997-300x232.jpeg 300w\" sizes=\"auto, (max-width: 869px) 100vw, 869px\" \/><\/a><\/li>\n<li>El servei d&#8217;acollida matinal<\/li>\n<li>El casal d&#8217;estiu<\/li>\n<li>Les activitats extraescolars. Cliqueu aqu\u00ed per a con\u00e8ixer tota l&#8217;oferta: <a href=\"https:\/\/agora.xtec.cat\/ceiplesroquetes\/menu-principal\/afa\/extraescolars\/\">EXTRAESCOLARS 2025-2026<\/a><\/li>\n<\/ul>\n","protected":false},"excerpt":{"rendered":"<p>Secci\u00f3 que ha d&#8217;informar a les fam\u00edlies dels serveis que ofereix el centre. La missi\u00f3 educativa no es limita a [&hellip;]<\/p>\n","protected":false},"author":2,"featured_media":0,"parent":0,"menu_order":4,"comment_status":"closed","ping_status":"closed","template":"","meta":{"site-sidebar-layout":"no-sidebar","site-content-layout":"","ast-site-content-layout":"default","site-content-style":"default","site-sidebar-style":"default","ast-global-header-display":"","ast-banner-title-visibility":"","ast-main-header-display":"","ast-hfb-above-header-display":"","ast-hfb-below-header-display":"","ast-hfb-mobile-header-display":"","site-post-title":"","ast-breadcrumbs-content":"","ast-featured-img":"","footer-sml-layout":"","theme-transparent-header-meta":"","adv-header-id-meta":"","stick-header-meta":"","header-above-stick-meta":"","header-main-stick-meta":"","header-below-stick-meta":"","astra-migrate-meta-layouts":"set","ast-page-background-enabled":"default","ast-page-background-meta":{"desktop":{"background-color":"var(--ast-global-color-4)","background-image":"","background-repeat":"repeat","background-position":"center center","background-size":"auto","background-attachment":"scroll","background-type":"","background-media":"","overlay-type":"","overlay-color":"","overlay-opacity":"","overlay-gradient":""},"tablet":{"background-color":"","background-image":"","background-repeat":"repeat","background-position":"center center","background-size":"auto","background-attachment":"scroll","background-type":"","background-media":"","overlay-type":"","overlay-color":"","overlay-opacity":"","overlay-gradient":""},"mobile":{"background-color":"","background-image":"","background-repeat":"repeat","background-position":"center center","background-size":"auto","background-attachment":"scroll","background-type":"","background-media":"","overlay-type":"","overlay-color":"","overlay-opacity":"","overlay-gradient":""}},"ast-content-background-meta":{"desktop":{"background-color":"var(--ast-global-color-5)","background-image":"","background-repeat":"repeat","background-position":"center center","background-size":"auto","background-attachment":"scroll","background-type":"","background-media":"","overlay-type":"","overlay-color":"","overlay-opacity":"","overlay-gradient":""},"tablet":{"background-color":"var(--ast-global-color-5)","background-image":"","background-repeat":"repeat","background-position":"center center","background-size":"auto","background-attachment":"scroll","background-type":"","background-media":"","overlay-type":"","overlay-color":"","overlay-opacity":"","overlay-gradient":""},"mobile":{"background-color":"var(--ast-global-color-5)","background-image":"","background-repeat":"repeat","background-position":"center center","background-size":"auto","background-attachment":"scroll","background-type":"","background-media":"","overlay-type":"","overlay-color":"","overlay-opacity":"","overlay-gradient":""}},"footnotes":""},"class_list":["post-66","page","type-page","status-publish","hentry"],"post_mailing_queue_ids":[],"_links":{"self":[{"href":"https:\/\/agora.xtec.cat\/ceiplesroquetes\/wp-json\/wp\/v2\/pages\/66","targetHints":{"allow":["GET"]}}],"collection":[{"href":"https:\/\/agora.xtec.cat\/ceiplesroquetes\/wp-json\/wp\/v2\/pages"}],"about":[{"href":"https:\/\/agora.xtec.cat\/ceiplesroquetes\/wp-json\/wp\/v2\/types\/page"}],"author":[{"embeddable":true,"href":"https:\/\/agora.xtec.cat\/ceiplesroquetes\/wp-json\/wp\/v2\/users\/2"}],"replies":[{"embeddable":true,"href":"https:\/\/agora.xtec.cat\/ceiplesroquetes\/wp-json\/wp\/v2\/comments?post=66"}],"version-history":[{"count":6,"href":"https:\/\/agora.xtec.cat\/ceiplesroquetes\/wp-json\/wp\/v2\/pages\/66\/revisions"}],"predecessor-version":[{"id":4370,"href":"https:\/\/agora.xtec.cat\/ceiplesroquetes\/wp-json\/wp\/v2\/pages\/66\/revisions\/4370"}],"wp:attachment":[{"href":"https:\/\/agora.xtec.cat\/ceiplesroquetes\/wp-json\/wp\/v2\/media?parent=66"}],"curies":[{"name":"wp","href":"https:\/\/api.w.org\/{rel}","templated":true}]}}