{"id":64,"date":"2014-09-18T12:39:08","date_gmt":"2014-09-18T12:39:08","guid":{"rendered":"http:\/\/agora.xtec.cat\/ceiplesroquetes\/?page_id=64"},"modified":"2025-10-24T12:26:48","modified_gmt":"2025-10-24T10:26:48","slug":"projecte-educatiu","status":"publish","type":"page","link":"https:\/\/agora.xtec.cat\/ceiplesroquetes\/projecte-educatiu\/","title":{"rendered":"Projecte educatiu de centre"},"content":{"rendered":"\n<div class=\"wp-block-media-text is-stacked-on-mobile\" style=\"grid-template-columns:33% auto\"><figure class=\"wp-block-media-text__media\"><a href=\"https:\/\/agora.xtec.cat\/ceiplesroquetes\/wp-content\/uploads\/usu466\/2025\/02\/PEC2021.docx.pdf\" target=\"_blank\" rel=\"noreferrer noopener\"><img loading=\"lazy\" decoding=\"async\" width=\"600\" height=\"826\" src=\"https:\/\/agora.xtec.cat\/ceiplesroquetes\/wp-content\/uploads\/usu466\/2025\/02\/PEC-Les-Roquetes.jpg\" alt=\"\" class=\"wp-image-3166 size-full\" srcset=\"https:\/\/agora.xtec.cat\/ceiplesroquetes\/wp-content\/uploads\/usu466\/2025\/02\/PEC-Les-Roquetes.jpg 600w, https:\/\/agora.xtec.cat\/ceiplesroquetes\/wp-content\/uploads\/usu466\/2025\/02\/PEC-Les-Roquetes-218x300.jpg 218w\" sizes=\"auto, (max-width: 600px) 100vw, 600px\" \/><\/a><\/figure><div class=\"wp-block-media-text__content\">\n<p style=\"text-align: justify;\">El projecte educatiu de centre d&#8217;infantil i prim\u00e0ria \u00e9s un document que defineix la visi\u00f3, missi\u00f3 i valors de l&#8217;escola, aix\u00ed com els objectius pedag\u00f2gics i les metodologies d&#8217;ensenyament que s&#8217;aplicaran. Estableix un marc per a l&#8217;organitzaci\u00f3 de l&#8217;aprenentatge, tenint en compte les necessitats i caracter\u00edstiques dels alumnes. A m\u00e9s, promou la participaci\u00f3 de la comunitat educativa, incloent fam\u00edlies i mestres, per crear un ambient d&#8217;aprenentatge enriquidor. El projecte busca fomentar el desenvolupament integral dels infants, tant a nivell acad\u00e8mic com emocional i social. En definitiva, \u00e9s una guia que orienta les accions educatives del centre per garantir una formaci\u00f3 de qualitat.<\/p>\n<\/div><\/div>\n\n\n\n<p><\/p>\n\n\n\n<p class=\"has-text-align-left\">Tamb\u00e9 formen part del projecte educatiu, altres documents espec\u00edfics com ara: Projecte de conviv\u00e8ncia, Escola Verda, Hort, etc.<\/p>\n","protected":false},"excerpt":{"rendered":"<p>Tamb\u00e9 formen part del projecte educatiu, altres documents espec\u00edfics com ara: Projecte de conviv\u00e8ncia, Escola Verda, Hort, etc.<\/p>\n","protected":false},"author":2,"featured_media":0,"parent":0,"menu_order":4,"comment_status":"closed","ping_status":"closed","template":"","meta":{"site-sidebar-layout":"left-sidebar","site-content-layout":"","ast-site-content-layout":"default","site-content-style":"default","site-sidebar-style":"default","ast-global-header-display":"","ast-banner-title-visibility":"","ast-main-header-display":"","ast-hfb-above-header-display":"","ast-hfb-below-header-display":"","ast-hfb-mobile-header-display":"","site-post-title":"","ast-breadcrumbs-content":"","ast-featured-img":"","footer-sml-layout":"","theme-transparent-header-meta":"","adv-header-id-meta":"","stick-header-meta":"","header-above-stick-meta":"","header-main-stick-meta":"","header-below-stick-meta":"","astra-migrate-meta-layouts":"set","ast-page-background-enabled":"default","ast-page-background-meta":{"desktop":{"background-color":"var(--ast-global-color-4)","background-image":"","background-repeat":"repeat","background-position":"center center","background-size":"auto","background-attachment":"scroll","background-type":"","background-media":"","overlay-type":"","overlay-color":"","overlay-opacity":"","overlay-gradient":""},"tablet":{"background-color":"","background-image":"","background-repeat":"repeat","background-position":"center center","background-size":"auto","background-attachment":"scroll","background-type":"","background-media":"","overlay-type":"","overlay-color":"","overlay-opacity":"","overlay-gradient":""},"mobile":{"background-color":"","background-image":"","background-repeat":"repeat","background-position":"center center","background-size":"auto","background-attachment":"scroll","background-type":"","background-media":"","overlay-type":"","overlay-color":"","overlay-opacity":"","overlay-gradient":""}},"ast-content-background-meta":{"desktop":{"background-color":"var(--ast-global-color-5)","background-image":"","background-repeat":"repeat","background-position":"center center","background-size":"auto","background-attachment":"scroll","background-type":"","background-media":"","overlay-type":"","overlay-color":"","overlay-opacity":"","overlay-gradient":""},"tablet":{"background-color":"var(--ast-global-color-5)","background-image":"","background-repeat":"repeat","background-position":"center center","background-size":"auto","background-attachment":"scroll","background-type":"","background-media":"","overlay-type":"","overlay-color":"","overlay-opacity":"","overlay-gradient":""},"mobile":{"background-color":"var(--ast-global-color-5)","background-image":"","background-repeat":"repeat","background-position":"center center","background-size":"auto","background-attachment":"scroll","background-type":"","background-media":"","overlay-type":"","overlay-color":"","overlay-opacity":"","overlay-gradient":""}},"footnotes":""},"class_list":["post-64","page","type-page","status-publish","hentry"],"post_mailing_queue_ids":[],"_links":{"self":[{"href":"https:\/\/agora.xtec.cat\/ceiplesroquetes\/wp-json\/wp\/v2\/pages\/64","targetHints":{"allow":["GET"]}}],"collection":[{"href":"https:\/\/agora.xtec.cat\/ceiplesroquetes\/wp-json\/wp\/v2\/pages"}],"about":[{"href":"https:\/\/agora.xtec.cat\/ceiplesroquetes\/wp-json\/wp\/v2\/types\/page"}],"author":[{"embeddable":true,"href":"https:\/\/agora.xtec.cat\/ceiplesroquetes\/wp-json\/wp\/v2\/users\/2"}],"replies":[{"embeddable":true,"href":"https:\/\/agora.xtec.cat\/ceiplesroquetes\/wp-json\/wp\/v2\/comments?post=64"}],"version-history":[{"count":6,"href":"https:\/\/agora.xtec.cat\/ceiplesroquetes\/wp-json\/wp\/v2\/pages\/64\/revisions"}],"predecessor-version":[{"id":3321,"href":"https:\/\/agora.xtec.cat\/ceiplesroquetes\/wp-json\/wp\/v2\/pages\/64\/revisions\/3321"}],"wp:attachment":[{"href":"https:\/\/agora.xtec.cat\/ceiplesroquetes\/wp-json\/wp\/v2\/media?parent=64"}],"curies":[{"name":"wp","href":"https:\/\/api.w.org\/{rel}","templated":true}]}}