{"id":3027,"date":"2025-01-30T16:18:28","date_gmt":"2025-01-30T15:18:28","guid":{"rendered":"https:\/\/agora.xtec.cat\/ceiplesroquetes\/?page_id=3027"},"modified":"2025-02-16T10:23:32","modified_gmt":"2025-02-16T09:23:32","slug":"projecte-linguistic-de-centre","status":"publish","type":"page","link":"https:\/\/agora.xtec.cat\/ceiplesroquetes\/projecte-educatiu\/projecte-linguistic-de-centre\/","title":{"rendered":"Projecte ling\u00fc\u00edstic de centre"},"content":{"rendered":"\n<div class=\"wp-block-group is-nowrap is-layout-flex wp-container-core-group-is-layout-1 wp-block-group-is-layout-flex\">\n<div class=\"wp-block-media-text is-stacked-on-mobile\"><figure class=\"wp-block-media-text__media\"><a href=\"https:\/\/agora.xtec.cat\/ceiplesroquetes\/wp-content\/uploads\/usu466\/2019\/02\/Projecte-Ling\u00fc\u00edstic-Escola-Les-Roquetes.pdf\" target=\"_blank\" rel=\"noreferrer noopener\"><img loading=\"lazy\" decoding=\"async\" width=\"1969\" height=\"1181\" src=\"https:\/\/agora.xtec.cat\/ceiplesroquetes\/wp-content\/uploads\/usu466\/2025\/01\/PLC.jpg\" alt=\"\" class=\"wp-image-3028 size-full\" srcset=\"https:\/\/agora.xtec.cat\/ceiplesroquetes\/wp-content\/uploads\/usu466\/2025\/01\/PLC.jpg 1969w, https:\/\/agora.xtec.cat\/ceiplesroquetes\/wp-content\/uploads\/usu466\/2025\/01\/PLC-300x180.jpg 300w, https:\/\/agora.xtec.cat\/ceiplesroquetes\/wp-content\/uploads\/usu466\/2025\/01\/PLC-1024x614.jpg 1024w, https:\/\/agora.xtec.cat\/ceiplesroquetes\/wp-content\/uploads\/usu466\/2025\/01\/PLC-768x461.jpg 768w, https:\/\/agora.xtec.cat\/ceiplesroquetes\/wp-content\/uploads\/usu466\/2025\/01\/PLC-1536x921.jpg 1536w\" sizes=\"auto, (max-width: 1969px) 100vw, 1969px\" \/><\/a><\/figure><div class=\"wp-block-media-text__content\">\n<p style=\"text-align: justify;\">Un <strong>projecte ling\u00fc\u00edstic de centre<\/strong> \u00e9s un pla que estableix les estrat\u00e8gies i accions d&#8217;un centre educatiu per garantir l&#8217;ensenyament i l&#8217;\u00fas adequat de les lleng\u00fces en tots els \u00e0mbits de la vida escolar. Aquest projecte busca fomentar la compet\u00e8ncia ling\u00fc\u00edstica dels alumnes, tant en la llengua vehicular del centre com en altres lleng\u00fces que s&#8217;hi puguin fer servir.<\/p>\n<\/div><\/div>\n\n\n\n<div class=\"wp-block-columns is-layout-flex wp-container-core-columns-is-layout-1 wp-block-columns-is-layout-flex\">\n<div class=\"wp-block-column is-layout-flow wp-block-column-is-layout-flow\" style=\"flex-basis:100%\"><\/div>\n<\/div>\n<\/div>\n","protected":false},"excerpt":{"rendered":"<p>Un projecte ling\u00fc\u00edstic de centre \u00e9s un pla que estableix les estrat\u00e8gies i accions d&#8217;un centre educatiu per garantir l&#8217;ensenyament [&hellip;]<\/p>\n","protected":false},"author":1,"featured_media":3028,"parent":64,"menu_order":0,"comment_status":"closed","ping_status":"close","template":"","meta":{"site-sidebar-layout":"default","site-content-layout":"","ast-site-content-layout":"default","site-content-style":"default","site-sidebar-style":"default","ast-global-header-display":"","ast-banner-title-visibility":"","ast-main-header-display":"","ast-hfb-above-header-display":"","ast-hfb-below-header-display":"","ast-hfb-mobile-header-display":"","site-post-title":"","ast-breadcrumbs-content":"","ast-featured-img":"","footer-sml-layout":"","theme-transparent-header-meta":"","adv-header-id-meta":"","stick-header-meta":"","header-above-stick-meta":"","header-main-stick-meta":"","header-below-stick-meta":"","astra-migrate-meta-layouts":"set","ast-page-background-enabled":"default","ast-page-background-meta":{"desktop":{"background-color":"var(--ast-global-color-4)","background-image":"","background-repeat":"repeat","background-position":"center center","background-size":"auto","background-attachment":"scroll","background-type":"","background-media":"","overlay-type":"","overlay-color":"","overlay-opacity":"","overlay-gradient":""},"tablet":{"background-color":"","background-image":"","background-repeat":"repeat","background-position":"center center","background-size":"auto","background-attachment":"scroll","background-type":"","background-media":"","overlay-type":"","overlay-color":"","overlay-opacity":"","overlay-gradient":""},"mobile":{"background-color":"","background-image":"","background-repeat":"repeat","background-position":"center center","background-size":"auto","background-attachment":"scroll","background-type":"","background-media":"","overlay-type":"","overlay-color":"","overlay-opacity":"","overlay-gradient":""}},"ast-content-background-meta":{"desktop":{"background-color":"var(--ast-global-color-5)","background-image":"","background-repeat":"repeat","background-position":"center center","background-size":"auto","background-attachment":"scroll","background-type":"","background-media":"","overlay-type":"","overlay-color":"","overlay-opacity":"","overlay-gradient":""},"tablet":{"background-color":"var(--ast-global-color-5)","background-image":"","background-repeat":"repeat","background-position":"center center","background-size":"auto","background-attachment":"scroll","background-type":"","background-media":"","overlay-type":"","overlay-color":"","overlay-opacity":"","overlay-gradient":""},"mobile":{"background-color":"var(--ast-global-color-5)","background-image":"","background-repeat":"repeat","background-position":"center center","background-size":"auto","background-attachment":"scroll","background-type":"","background-media":"","overlay-type":"","overlay-color":"","overlay-opacity":"","overlay-gradient":""}},"footnotes":""},"class_list":["post-3027","page","type-page","status-publish","has-post-thumbnail","hentry"],"post_mailing_queue_ids":[],"_links":{"self":[{"href":"https:\/\/agora.xtec.cat\/ceiplesroquetes\/wp-json\/wp\/v2\/pages\/3027","targetHints":{"allow":["GET"]}}],"collection":[{"href":"https:\/\/agora.xtec.cat\/ceiplesroquetes\/wp-json\/wp\/v2\/pages"}],"about":[{"href":"https:\/\/agora.xtec.cat\/ceiplesroquetes\/wp-json\/wp\/v2\/types\/page"}],"author":[{"embeddable":true,"href":"https:\/\/agora.xtec.cat\/ceiplesroquetes\/wp-json\/wp\/v2\/users\/1"}],"replies":[{"embeddable":true,"href":"https:\/\/agora.xtec.cat\/ceiplesroquetes\/wp-json\/wp\/v2\/comments?post=3027"}],"version-history":[{"count":6,"href":"https:\/\/agora.xtec.cat\/ceiplesroquetes\/wp-json\/wp\/v2\/pages\/3027\/revisions"}],"predecessor-version":[{"id":3295,"href":"https:\/\/agora.xtec.cat\/ceiplesroquetes\/wp-json\/wp\/v2\/pages\/3027\/revisions\/3295"}],"up":[{"embeddable":true,"href":"https:\/\/agora.xtec.cat\/ceiplesroquetes\/wp-json\/wp\/v2\/pages\/64"}],"wp:featuredmedia":[{"embeddable":true,"href":"https:\/\/agora.xtec.cat\/ceiplesroquetes\/wp-json\/wp\/v2\/media\/3028"}],"wp:attachment":[{"href":"https:\/\/agora.xtec.cat\/ceiplesroquetes\/wp-json\/wp\/v2\/media?parent=3027"}],"curies":[{"name":"wp","href":"https:\/\/api.w.org\/{rel}","templated":true}]}}