{"id":2814,"date":"2025-01-26T10:20:23","date_gmt":"2025-01-26T09:20:23","guid":{"rendered":"https:\/\/agora.xtec.cat\/ceiplesroquetes\/?page_id=2814"},"modified":"2025-09-17T15:24:08","modified_gmt":"2025-09-17T13:24:08","slug":"equip-educatiu","status":"publish","type":"page","link":"https:\/\/agora.xtec.cat\/ceiplesroquetes\/menu-principal\/lescola\/equip-educatiu\/","title":{"rendered":"Equip Educatiu  Curs 2025-2026"},"content":{"rendered":"\n<figure class=\"wp-block-table has-medium-font-size\">\n<table style=\"border-width: 4px; width: 94.7505%; height: 1501px;\">\n<tbody>\n<tr style=\"height: 25px;\">\n<td style=\"background-color: #3088c2; height: 25px; width: 94.3635%;\" colspan=\"2\"><strong>EQUIP DIRECTIU<\/strong><\/td>\n<\/tr>\n<tr style=\"height: 25px;\">\n<td style=\"width: 28.5332%; height: 25px; text-align: center;\">Directora<\/td>\n<td style=\"width: 65.8303%; height: 25px;\"><strong>Carme Pons<\/strong> (carme@escolalesroquetes.cat)<\/td>\n<\/tr>\n<tr style=\"height: 25px;\">\n<td style=\"width: 28.5332%; height: 25px; text-align: center;\">Cap d&#8217;estudis<\/td>\n<td style=\"width: 65.8303%; height: 25px;\"><strong>N\u00faria Martin\u00a0<\/strong>(nuria@escolalesroquetes.cat)<\/td>\n<\/tr>\n<tr style=\"height: 25px;\">\n<td style=\"width: 28.5332%; height: 25px; text-align: center;\">Secretaria<\/td>\n<td style=\"width: 65.8303%; height: 25px;\"><strong>Gl\u00f2ria Pastells <\/strong>(gloria@escolalesroquetes.cat)<\/td>\n<\/tr>\n<tr style=\"height: 26px; background-color: #4383cc;\">\n<td style=\"width: 28.5332%; height: 26px; text-align: left;\" colspan=\"2\"><strong>COORDINACI\u00d3<\/strong><\/td>\n<\/tr>\n<tr style=\"height: 26px;\">\n<td style=\"width: 28.5332%; text-align: center; height: 26px;\">Cicle Infantil<\/td>\n<td style=\"width: 65.8303%; height: 26px;\"><strong>Lorena Dom\u00ednguez <\/strong>(lorena@escolalesroquetes.cat)<\/td>\n<\/tr>\n<tr style=\"height: 26px;\">\n<td style=\"width: 28.5332%; text-align: center; height: 26px;\">Cicle Inicial<\/td>\n<td style=\"width: 65.8303%; height: 26px;\"><strong>Rosa Maria Jariod <\/strong>(rosamaria@escolalesroquetes.cat)<\/td>\n<\/tr>\n<tr style=\"height: 26px;\">\n<td style=\"width: 28.5332%; text-align: center; height: 26px;\">Cicle Mitj\u00e0<\/td>\n<td style=\"width: 65.8303%; height: 26px;\"><strong>S\u00edlvia Verg\u00e9s<\/strong> (silviav@escoleslesroquetes.cat)<\/td>\n<\/tr>\n<tr style=\"height: 26px;\">\n<td style=\"width: 28.5332%; text-align: center; height: 26px;\">Cicle Superior<\/td>\n<td style=\"width: 65.8303%; height: 26px;\"><strong>\u00a0Chelo Melgosa<\/strong> (chelo@escolalesroquetes.cat)<\/td>\n<\/tr>\n<tr style=\"height: 25px;\">\n<td style=\"background-color: #3088c2; height: 25px; width: 94.3635%;\" colspan=\"2\"><strong>CICLE INFANTIL<\/strong><\/td>\n<\/tr>\n<tr style=\"height: 25px;\">\n<td style=\"height: 25px; width: 28.5332%; text-align: center;\">I3A<\/td>\n<td style=\"width: 65.8303%; height: 25px;\"><strong>Silvia Sala <\/strong>(silvias@escolalesroquetes.cat)<\/td>\n<\/tr>\n<tr style=\"height: 25px;\">\n<td style=\"height: 25px; width: 28.5332%; text-align: center;\">I3B<\/td>\n<td style=\"width: 65.8303%; height: 25px;\"><strong>Alexandra Artigas\u00a0 <\/strong>(alexandraa@escolalesroquetes.cat)<\/td>\n<\/tr>\n<tr style=\"height: 25px;\">\n<td style=\"height: 25px; width: 28.5332%; text-align: center;\">I4A<\/td>\n<td style=\"width: 65.8303%; height: 25px;\"><strong>S\u00edlvia Giralt<\/strong> (silviag@escolalesroquetes.cat)<\/td>\n<\/tr>\n<tr style=\"height: 25px;\">\n<td style=\"height: 50px; width: 28.5332%; text-align: center;\">I4B<\/td>\n<td style=\"width: 65.8303%; height: 50px;\"><strong>Lorena Dominguez <\/strong>(lorena@escolalesroquetes.cat)<\/td>\n<\/tr>\n<tr style=\"height: 25px;\">\n<td style=\"height: 50px; width: 28.5332%; text-align: center;\" rowspan=\"2\">I5A<\/td>\n<td style=\"width: 65.8303%; height: 25px;\"><strong>Laia Cano<\/strong> (laiac@escolalesroquetes.cat)<\/td>\n<\/tr>\n<tr style=\"height: 25px;\">\n<td style=\"width: 65.8303%; height: 25px;\"><strong>Lucr\u00e8cia Gasa\u00a0<\/strong>(lucre@escolalesroquetes.cat)<\/td>\n<\/tr>\n<tr style=\"height: 25px;\">\n<td style=\"height: 25px; width: 28.5332%; text-align: center;\">I5B<\/td>\n<td style=\"width: 65.8303%; height: 25px;\"><strong>Sandra Santamaria<\/strong> (sandras@escolalesroquetes.cat)<\/td>\n<\/tr>\n<tr style=\"height: 25px;\">\n<td style=\"height: 25px; width: 94.3635%; background-color: #3088c2;\" colspan=\"2\"><strong>CICLE INICIAL<\/strong><\/td>\n<\/tr>\n<tr style=\"height: 25px;\">\n<td style=\"height: 25px; width: 28.5332%; text-align: center;\">1rA<\/td>\n<td style=\"width: 65.8303%; height: 25px;\"><strong>Maria P\u00e9rez<\/strong> (mariap@escolalesroquetes.cat)<\/td>\n<\/tr>\n<tr style=\"height: 25px;\">\n<td style=\"height: 25px; width: 28.5332%; text-align: center;\">1rB<\/td>\n<td style=\"width: 65.8303%; height: 25px;\"><strong>Silvia Mallofr\u00e9<\/strong> (silviam@escolalesroquetes.cat<\/td>\n<\/tr>\n<tr style=\"height: 12px;\">\n<td style=\"height: 12px; width: 28.5332%; text-align: center;\">2nA<\/td>\n<td style=\"width: 65.8303%; height: 12px;\"><strong>Pilar Menea<\/strong> (pilar@escolalesroquetes.cat)<\/td>\n<\/tr>\n<tr style=\"height: 25px;\">\n<td style=\"height: 50px; width: 28.5332%; text-align: center;\" rowspan=\"2\">2nB<\/td>\n<td style=\"width: 65.8303%; height: 25px;\"><strong>Jes\u00fas Corrales<\/strong> (xus@escolalesroquetes.cat)<\/td>\n<\/tr>\n<tr style=\"height: 25px;\">\n<td style=\"width: 65.8303%; height: 25px;\"><strong>Gemma Raya<\/strong> (gemma@escolalesroquetes.cat)<\/td>\n<\/tr>\n<tr style=\"height: 25px;\">\n<td style=\"width: 94.3635%; height: 25px; background-color: #3088c2;\" colspan=\"2\"><strong>CICLE MITJ\u00c0<\/strong><\/td>\n<\/tr>\n<tr style=\"height: 25px;\">\n<td style=\"height: 50px; text-align: center; width: 28.5332%;\">3rA<\/td>\n<td style=\"width: 65.8303%; height: 50px;\"><strong>Aurora Reyes<\/strong> (aurora@escolalesroquetes.cat)<\/td>\n<\/tr>\n<tr style=\"height: 25px;\">\n<td style=\"text-align: center; width: 28.5332%; height: 26px;\">3rB<\/td>\n<td style=\"width: 65.8303%; height: 26px;\"><b>Maria Iba\u00f1ez <\/b>(mariai@escolalesroquetes.cat)<\/td>\n<\/tr>\n<tr style=\"height: 25px;\">\n<td style=\"height: 25px; width: 28.5332%; text-align: center;\">4tA<\/td>\n<td style=\"width: 65.8303%; height: 25px;\"><strong>Marta Larrosa<\/strong> (martal@escolalesroquetes.cat)<\/td>\n<\/tr>\n<tr style=\"height: 26px;\">\n<td style=\"width: 28.5332%; text-align: center; height: 26px;\">4tB<\/td>\n<td style=\"width: 65.8303%; height: 26px;\"><strong> Silvia Verg\u00e9s<\/strong> (silviav@escolalesroquetes)<\/td>\n<\/tr>\n<tr style=\"height: 25px;\">\n<td style=\"height: 25px; width: 94.3635%; background-color: #3088c2;\" colspan=\"2\"><strong>CICLE SUPERIOR<\/strong><\/td>\n<\/tr>\n<tr style=\"height: 25px;\">\n<td style=\"height: 25px; width: 28.5332%; text-align: center;\">5\u00e8<\/td>\n<td style=\"width: 65.8303%; height: 25px;\"><strong>Aimon Ortiz\u00a0 <\/strong>(aimon@escolalesroquetes.cat)\u00a0<\/td>\n<\/tr>\n<tr style=\"height: 25px;\">\n<td style=\"height: 25px; width: 28.5332%; text-align: center;\">6\u00e8A<\/td>\n<td style=\"width: 65.8303%; height: 25px;\"><strong>Bego\u00f1a de Grado<\/strong> (bego@escolalesroquetes.cat)<\/td>\n<\/tr>\n<tr style=\"height: 25px;\">\n<td style=\"height: 25px; width: 28.5332%; text-align: center;\">6\u00e8B<\/td>\n<td style=\"width: 65.8303%; height: 25px;\"><strong>Miriam Molina<\/strong> (miriam@escolalesroquetes.cat)<\/td>\n<\/tr>\n<tr style=\"height: 26px;\">\n<td style=\"height: 26px; width: 94.3635%; background-color: #3088c2;\" colspan=\"2\"><strong>ESPECIALISTES<\/strong><\/td>\n<\/tr>\n<tr style=\"height: 27px;\">\n<td style=\"height: 77px; width: 28.5332%; text-align: center;\" rowspan=\"3\">Angl\u00e8s<\/td>\n<td style=\"width: 65.8303%; height: 27px;\"><strong>Miguel Mart\u00ednez <\/strong>(michael@escolaroquetes.cat)\u00a0<\/td>\n<\/tr>\n<tr style=\"height: 25px;\">\n<td style=\"width: 65.8303%; height: 25px;\"><strong>Virginia Enguix <\/strong>(virginia@escolalesroquetes.cat)<\/td>\n<\/tr>\n<tr style=\"height: 25px;\">\n<td style=\"width: 65.8303%; height: 25px;\"><strong>N\u00faria Rub\u00ed <\/strong>(nuriar@escolalesroquetes.cat)<\/td>\n<\/tr>\n<tr style=\"height: 25px;\">\n<td style=\"height: 50px; width: 28.5332%; text-align: center;\">M\u00fasica<\/td>\n<td style=\"width: 65.8303%; height: 50px;\"><strong>Pablo S\u00e1nchez<\/strong> (pablo@escolalesroquetes.cat)\u00a0<\/td>\n<\/tr>\n<tr style=\"height: 25px;\">\n<td style=\"height: 50px; width: 28.5332%; text-align: center;\" rowspan=\"2\">SIEI<\/td>\n<td style=\"width: 65.8303%; height: 25px;\"><strong>Alicia Garc\u00eda <\/strong>(alicia@escolalesroquetes.cat)\u00a0\u00a0<\/td>\n<\/tr>\n<tr style=\"height: 25px;\">\n<td style=\"width: 65.8303%; height: 25px;\"><b>Laia Ferrer <\/b>(laiaf@escolalesroquetes.cat)<\/td>\n<\/tr>\n<tr style=\"height: 25px;\">\n<td style=\"height: 50px; width: 28.5332%; text-align: center;\" rowspan=\"2\">Educaci\u00f3 Especial<\/td>\n<td style=\"width: 65.8303%; height: 25px;\"><strong>Marta Chiva <\/strong>(martac@escolalesroquetes.cat)\u00a0 <strong>\u00a0<\/strong><\/td>\n<\/tr>\n<tr style=\"height: 25px;\">\n<td style=\"width: 65.8303%; height: 25px;\"><strong>Sandra Racaj<\/strong>\u00a0(sandrar@escolalesroquetes.cat)<\/td>\n<\/tr>\n<tr>\n<td style=\"width: 28.5332%; text-align: center;\">SIAL (mestre d&#8217;audici\u00f3 i llenguatge)<\/td>\n<td style=\"width: 65.8303%;\"><strong>Anna Ram\u00f3n <\/strong>(anna@escolalesroquetes.cat)<\/td>\n<\/tr>\n<tr style=\"height: 25px;\">\n<td style=\"height: 48px; width: 28.5332%; text-align: center;\" rowspan=\"2\">Educaci\u00f3 F\u00edsica i Psicomotricitat<\/td>\n<td style=\"width: 65.8303%; height: 23px;\"><strong>Victor Bermejo<\/strong> (victor@escolalesroquetes.cat)<\/td>\n<\/tr>\n<tr style=\"height: 25px;\">\n<td style=\"width: 65.8303%; height: 25px;\"><strong>Rosa M. Jariod <\/strong>(rosamaria@escolalesroquetes.cat)<\/td>\n<\/tr>\n<tr style=\"height: 78px;\">\n<td style=\"width: 28.5332%; text-align: center; height: 78px;\">Suport Cicle Superior i referent profecte Florence<\/td>\n<td style=\"width: 65.8303%; height: 78px;\"><strong>Chelo Melgosa <\/strong>(chelo@escolalesroquetes.cat)<\/td>\n<\/tr>\n<tr style=\"height: 51px;\">\n<td style=\"height: 51px; width: 28.5332%; text-align: center;\">Suport Infantil<\/td>\n<td style=\"width: 65.8303%; height: 51px;\"><strong>Judit Suarez<\/strong> (judit@escolalesroquetes.cat)<\/td>\n<\/tr>\n<tr style=\"height: 51px;\">\n<td style=\"height: 77px; width: 28.5332%; text-align: center;\" rowspan=\"2\">Educadora SIEI<\/td>\n<td style=\"width: 65.8303%; height: 51px;\"><strong>Cristina Sep\u00falveda<\/strong> (susa@escolalesroquetes.cat)<\/td>\n<\/tr>\n<tr style=\"height: 26px;\">\n<td style=\"width: 65.8303%; height: 26px;\"><strong>Maria Jes\u00fas Gallardo <\/strong>(mariaj@escolalesroquetes.cat)<\/td>\n<\/tr>\n<tr style=\"height: 25px;\">\n<td style=\"height: 25px; width: 28.5332%; text-align: center;\">TEEI<\/td>\n<td style=\"width: 65.8303%; height: 25px;\"><strong>Laura Busquet<\/strong>\u00a0(laurab@escolalesroquetes.cat)<\/td>\n<\/tr>\n<tr style=\"height: 25px;\">\n<td style=\"width: 28.5332%; text-align: center; height: 25px;\">Vetlladora<\/td>\n<td style=\"width: 65.8303%; height: 25px;\"><strong>Nuria Salvat <\/strong>(nurias@escolalesroquetes.cat)<\/td>\n<\/tr>\n<tr style=\"height: 25px;\">\n<td style=\"width: 94.3635%; height: 25px; background-color: #3088c2;\" colspan=\"2\"><strong>ADMINISTRACI\u00d3 I SERVEIS<br \/><\/strong><\/td>\n<\/tr>\n<tr style=\"height: 25px;\">\n<td style=\"height: 25px; width: 28.5332%; text-align: center;\">Conserge<\/td>\n<td style=\"width: 65.8303%; height: 25px;\"><strong>Jose Lu\u00eds Estrada<\/strong>\u00a0(joseluis@escolalesroquetes.cat)<\/td>\n<\/tr>\n<tr style=\"height: 25px;\">\n<td style=\"height: 25px; width: 28.5332%; text-align: center;\">Auxiliar Administrativa<\/td>\n<td style=\"width: 65.8303%; height: 25px;\"><strong>Eli De La Fuente<\/strong>\u00a0 (eli@escolalesroquetes.cat)<\/td>\n<\/tr>\n<tr style=\"height: 25px;\">\n<td style=\"height: 25px; width: 28.5332%; text-align: center;\">Coordinadora de Menjador<\/td>\n<td style=\"width: 65.8303%; height: 25px;\"><strong>Dunia Espinar\u00a0 <\/strong>(669542860)<\/td>\n<\/tr>\n<\/tbody>\n<\/table>\n<\/figure>\n","protected":false},"excerpt":{"rendered":"<p>EQUIP DIRECTIU Directora Carme Pons (carme@escolalesroquetes.cat) Cap d&#8217;estudis N\u00faria Martin\u00a0(nuria@escolalesroquetes.cat) Secretaria Gl\u00f2ria Pastells (gloria@escolalesroquetes.cat) COORDINACI\u00d3 Cicle Infantil Lorena Dom\u00ednguez (lorena@escolalesroquetes.cat) [&hellip;]<\/p>\n","protected":false},"author":1,"featured_media":0,"parent":22,"menu_order":70,"comment_status":"closed","ping_status":"close","template":"","meta":{"site-sidebar-layout":"no-sidebar","site-content-layout":"","ast-site-content-layout":"default","site-content-style":"default","site-sidebar-style":"default","ast-global-header-display":"","ast-banner-title-visibility":"","ast-main-header-display":"","ast-hfb-above-header-display":"","ast-hfb-below-header-display":"","ast-hfb-mobile-header-display":"","site-post-title":"","ast-breadcrumbs-content":"","ast-featured-img":"","footer-sml-layout":"","theme-transparent-header-meta":"","adv-header-id-meta":"","stick-header-meta":"","header-above-stick-meta":"","header-main-stick-meta":"","header-below-stick-meta":"","astra-migrate-meta-layouts":"set","ast-page-background-enabled":"default","ast-page-background-meta":{"desktop":{"background-color":"var(--ast-global-color-4)","background-image":"","background-repeat":"repeat","background-position":"center center","background-size":"auto","background-attachment":"scroll","background-type":"","background-media":"","overlay-type":"","overlay-color":"","overlay-opacity":"","overlay-gradient":""},"tablet":{"background-color":"","background-image":"","background-repeat":"repeat","background-position":"center center","background-size":"auto","background-attachment":"scroll","background-type":"","background-media":"","overlay-type":"","overlay-color":"","overlay-opacity":"","overlay-gradient":""},"mobile":{"background-color":"","background-image":"","background-repeat":"repeat","background-position":"center center","background-size":"auto","background-attachment":"scroll","background-type":"","background-media":"","overlay-type":"","overlay-color":"","overlay-opacity":"","overlay-gradient":""}},"ast-content-background-meta":{"desktop":{"background-color":"var(--ast-global-color-5)","background-image":"","background-repeat":"repeat","background-position":"center center","background-size":"auto","background-attachment":"scroll","background-type":"","background-media":"","overlay-type":"","overlay-color":"","overlay-opacity":"","overlay-gradient":""},"tablet":{"background-color":"var(--ast-global-color-5)","background-image":"","background-repeat":"repeat","background-position":"center center","background-size":"auto","background-attachment":"scroll","background-type":"","background-media":"","overlay-type":"","overlay-color":"","overlay-opacity":"","overlay-gradient":""},"mobile":{"background-color":"var(--ast-global-color-5)","background-image":"","background-repeat":"repeat","background-position":"center center","background-size":"auto","background-attachment":"scroll","background-type":"","background-media":"","overlay-type":"","overlay-color":"","overlay-opacity":"","overlay-gradient":""}},"footnotes":""},"class_list":["post-2814","page","type-page","status-publish","hentry"],"post_mailing_queue_ids":[],"_links":{"self":[{"href":"https:\/\/agora.xtec.cat\/ceiplesroquetes\/wp-json\/wp\/v2\/pages\/2814","targetHints":{"allow":["GET"]}}],"collection":[{"href":"https:\/\/agora.xtec.cat\/ceiplesroquetes\/wp-json\/wp\/v2\/pages"}],"about":[{"href":"https:\/\/agora.xtec.cat\/ceiplesroquetes\/wp-json\/wp\/v2\/types\/page"}],"author":[{"embeddable":true,"href":"https:\/\/agora.xtec.cat\/ceiplesroquetes\/wp-json\/wp\/v2\/users\/1"}],"replies":[{"embeddable":true,"href":"https:\/\/agora.xtec.cat\/ceiplesroquetes\/wp-json\/wp\/v2\/comments?post=2814"}],"version-history":[{"count":6,"href":"https:\/\/agora.xtec.cat\/ceiplesroquetes\/wp-json\/wp\/v2\/pages\/2814\/revisions"}],"predecessor-version":[{"id":4183,"href":"https:\/\/agora.xtec.cat\/ceiplesroquetes\/wp-json\/wp\/v2\/pages\/2814\/revisions\/4183"}],"up":[{"embeddable":true,"href":"https:\/\/agora.xtec.cat\/ceiplesroquetes\/wp-json\/wp\/v2\/pages\/22"}],"wp:attachment":[{"href":"https:\/\/agora.xtec.cat\/ceiplesroquetes\/wp-json\/wp\/v2\/media?parent=2814"}],"curies":[{"name":"wp","href":"https:\/\/api.w.org\/{rel}","templated":true}]}}