{"id":26,"date":"2014-09-18T12:24:32","date_gmt":"2014-09-18T12:24:32","guid":{"rendered":"http:\/\/agora.xtec.cat\/ceiplesroquetes\/?page_id=26"},"modified":"2025-02-15T19:49:35","modified_gmt":"2025-02-15T18:49:35","slug":"historia","status":"publish","type":"page","link":"https:\/\/agora.xtec.cat\/ceiplesroquetes\/menu-principal\/lescola\/historia\/","title":{"rendered":"Hist\u00f2ria"},"content":{"rendered":"<h3 style=\"text-align: center;\"><strong>Hist\u00f2ria de la nostra escola<\/strong><\/h3>\n<h4 style=\"text-align: center;\">Una escola que evoluciona al ritme de Les Roquetes<\/h4>\n<p class=\"historia\" align=\"justify\">Les Roquetes \u00e9s un nucli que pertany al municipi de Sant Pere de Ribes, malgrat que geogr\u00e0ficament est\u00e0 m\u00e9s proper a Vilanova i la Geltr\u00fa, capital de la comarca del Garraf.<\/p>\n<p class=\"historia\" align=\"justify\">On avui es troben els habitatges de Les Roquetes, abans s\u2019hi trobaven les terres de conreu de La Vilanoveta o de masies com Mas d\u2019en Serra, Solicrup, Les Orenetes, etc. Com a molts altres llocs de Catalunya, a mitjans del segle xx els pagesos varen anar deixant de treballar les terres per anar-se incorporant com a obrers de diferents ind\u00fastries i empreses de la comarca , sobretot de Vilanova i la Geltr\u00fa. Aquestes activitats comercials necessitaven molta m\u00e0 d\u2019obra, o sigui treballadors, i com que aqu\u00ed no n\u2019hi havia prous varen comen\u00e7ar a arribar persones d\u2019altres llocs de l\u2019Estat Espanyol que es varen anar instal\u00b7lant a aquestes terres que ja no eren rendibles i que es van parcel\u00b7lar per a fer-hi habitatges.<\/p>\n<p class=\"historia\" align=\"justify\">El creixement de la poblaci\u00f3 va fer que al nucli si instal\u00b7lessin comer\u00e7os i serveis, un d\u2019aquests serveis era l\u2019escola, la nostra escola \u201cL&#8217;escola Les Roquetes\u201d, la primera i amb m\u00e9s hist\u00f2ria de les tres amb que compta actualment Les Roquetes.<\/p>\n<p class=\"historia\" align=\"justify\">En aquells anys setanta, la gent, pares, mestres, alumnes i vilatans en general varen haver de lluitar de valent per a aconseguir un edifici per a l\u2019escola (pancartes, tallar carreteres, \u2026)i al final l\u2019any 1976 ho varen aconseguir i ja varem poder deixar els garatges i magatzems provisionals i estrenar aules i taules noves.<\/p>\n<p class=\"historia\" align=\"justify\">En aquest nou segle XXI els que formem part de l\u2019Escola Les Roquetes, continuarem lluitant i treballant per seguir oferint als nens i nenes de Les Roquetes una ensenyan\u00e7a de qualitat en un clima familiar que sempre ens ha caracteritzat.<\/p>\n<p>Equip directiu<\/p>\n","protected":false},"excerpt":{"rendered":"<p>Hist\u00f2ria de la nostra escola Una escola que evoluciona al ritme de Les Roquetes Les Roquetes \u00e9s un nucli que [&hellip;]<\/p>\n","protected":false},"author":2,"featured_media":0,"parent":22,"menu_order":20,"comment_status":"closed","ping_status":"closed","template":"","meta":{"site-sidebar-layout":"no-sidebar","site-content-layout":"","ast-site-content-layout":"default","site-content-style":"default","site-sidebar-style":"default","ast-global-header-display":"","ast-banner-title-visibility":"","ast-main-header-display":"","ast-hfb-above-header-display":"","ast-hfb-below-header-display":"","ast-hfb-mobile-header-display":"","site-post-title":"","ast-breadcrumbs-content":"","ast-featured-img":"","footer-sml-layout":"","theme-transparent-header-meta":"","adv-header-id-meta":"","stick-header-meta":"","header-above-stick-meta":"","header-main-stick-meta":"","header-below-stick-meta":"","astra-migrate-meta-layouts":"set","ast-page-background-enabled":"default","ast-page-background-meta":{"desktop":{"background-color":"var(--ast-global-color-4)","background-image":"","background-repeat":"repeat","background-position":"center center","background-size":"auto","background-attachment":"scroll","background-type":"","background-media":"","overlay-type":"","overlay-color":"","overlay-opacity":"","overlay-gradient":""},"tablet":{"background-color":"","background-image":"","background-repeat":"repeat","background-position":"center center","background-size":"auto","background-attachment":"scroll","background-type":"","background-media":"","overlay-type":"","overlay-color":"","overlay-opacity":"","overlay-gradient":""},"mobile":{"background-color":"","background-image":"","background-repeat":"repeat","background-position":"center center","background-size":"auto","background-attachment":"scroll","background-type":"","background-media":"","overlay-type":"","overlay-color":"","overlay-opacity":"","overlay-gradient":""}},"ast-content-background-meta":{"desktop":{"background-color":"var(--ast-global-color-5)","background-image":"","background-repeat":"repeat","background-position":"center center","background-size":"auto","background-attachment":"scroll","background-type":"","background-media":"","overlay-type":"","overlay-color":"","overlay-opacity":"","overlay-gradient":""},"tablet":{"background-color":"var(--ast-global-color-5)","background-image":"","background-repeat":"repeat","background-position":"center center","background-size":"auto","background-attachment":"scroll","background-type":"","background-media":"","overlay-type":"","overlay-color":"","overlay-opacity":"","overlay-gradient":""},"mobile":{"background-color":"var(--ast-global-color-5)","background-image":"","background-repeat":"repeat","background-position":"center center","background-size":"auto","background-attachment":"scroll","background-type":"","background-media":"","overlay-type":"","overlay-color":"","overlay-opacity":"","overlay-gradient":""}},"footnotes":""},"class_list":["post-26","page","type-page","status-publish","hentry"],"post_mailing_queue_ids":[],"_links":{"self":[{"href":"https:\/\/agora.xtec.cat\/ceiplesroquetes\/wp-json\/wp\/v2\/pages\/26","targetHints":{"allow":["GET"]}}],"collection":[{"href":"https:\/\/agora.xtec.cat\/ceiplesroquetes\/wp-json\/wp\/v2\/pages"}],"about":[{"href":"https:\/\/agora.xtec.cat\/ceiplesroquetes\/wp-json\/wp\/v2\/types\/page"}],"author":[{"embeddable":true,"href":"https:\/\/agora.xtec.cat\/ceiplesroquetes\/wp-json\/wp\/v2\/users\/2"}],"replies":[{"embeddable":true,"href":"https:\/\/agora.xtec.cat\/ceiplesroquetes\/wp-json\/wp\/v2\/comments?post=26"}],"version-history":[{"count":5,"href":"https:\/\/agora.xtec.cat\/ceiplesroquetes\/wp-json\/wp\/v2\/pages\/26\/revisions"}],"predecessor-version":[{"id":3417,"href":"https:\/\/agora.xtec.cat\/ceiplesroquetes\/wp-json\/wp\/v2\/pages\/26\/revisions\/3417"}],"up":[{"embeddable":true,"href":"https:\/\/agora.xtec.cat\/ceiplesroquetes\/wp-json\/wp\/v2\/pages\/22"}],"wp:attachment":[{"href":"https:\/\/agora.xtec.cat\/ceiplesroquetes\/wp-json\/wp\/v2\/media?parent=26"}],"curies":[{"name":"wp","href":"https:\/\/api.w.org\/{rel}","templated":true}]}}