{"id":2575,"date":"2023-09-28T10:21:18","date_gmt":"2023-09-28T08:21:18","guid":{"rendered":"https:\/\/agora.xtec.cat\/ceiplesroquetes\/?page_id=2575"},"modified":"2025-02-15T19:46:14","modified_gmt":"2025-02-15T18:46:14","slug":"curs-2022-2023","status":"publish","type":"page","link":"https:\/\/agora.xtec.cat\/ceiplesroquetes\/menu-principal\/lescola\/consell-escolar\/curs-2022-2023\/","title":{"rendered":"Curs 2022-2023"},"content":{"rendered":"<p>________________________________________________________________________________________________________________________________________________<\/p>\n<p><strong><em>INFORMACI\u00d3 I ACORDS DEL 6\u00e8 CONSELL ESCOLAR DEL CURS 22-23 (29\/06\/2023)<\/em><\/strong><\/p>\n<p>Resta pendent l&#8217; aprovaci\u00f3 de l&#8217; acta en la 1a sessi\u00f3 de Consell Escolar del curs 23-24<\/p>\n<p>________________________________________________________________________________________________________________________________________________<\/p>\n<p><strong><em>INFORMACI\u00d3 I ACORDS DEL 5\u00e8 CONSELL ESCOLAR DEL CURS 22-23 (24\/05\/2023)<\/em><\/strong><\/p>\n<ul style=\"list-style-type: square;\">\n<li>S&#8217;aprova l&#8217; acta de la sessi\u00f3 anterior.<\/li>\n<li>Informacions:\n<ul>\n<li style=\"list-style-type: none;\">\n<ul style=\"list-style-type: square;\">\n<li>L&#8217; escola ha tingut 38 preinscripcions a I3.<\/li>\n<li>S&#8217;explica la nova creaci\u00f3 dels SIEI+. L&#8217;escola Les Roquetes no entra en aquesta nova catalogaci\u00f3.<\/li>\n<li>El grup de 2n EP no es desdoblar\u00e0.<\/li>\n<li>La plantilla per al curs 23\/24 ser\u00e0 de 26,5 mestres.<\/li>\n<li>La Junta de l&#8217; AFA ha renunciat. Es constituir\u00e0 una nova junta o comissi\u00f3 gestora per al curs vinent.<\/li>\n<li>La directora comparteix i explica els objectius de la continu\u00eftat del projecte de direcci\u00f3.<\/li>\n<li>S&#8217;ha realitzat el simulacre d&#8217;infantil un altre cop.<\/li>\n<li>L&#8217; Ajuntament far\u00e0 una compra de ventiladors per a les aules de l&#8217; escola.<\/li>\n<li>S&#8217;ha fet l&#8217; inspecci\u00f3 del menjador per part del departament. Cal fer algunes millores.<\/li>\n<\/ul>\n<\/li>\n<\/ul>\n<\/li>\n<li>S&#8217;aprova el calendari escolar 23\/24. El dies de lliure disposici\u00f3 seran: 13 d&#8217;octubre, 7 de desembre, 13 de febrer i 20 de maig.<\/li>\n<li>En comissi\u00f3 permanent en va aprovar fer una modificaci\u00f3 en les NOFC (Normes d&#8217;organitzaci\u00f3 i Funcionament de Centre) en la part de conviv\u00e8ncia.<\/li>\n<\/ul>\n<p>________________________________________________________________________________________________________________________________________________<\/p>\n<p><strong><em>INFORMACI\u00d3 I ACORDS DEL 4t CONSELL ESCOLAR DEL CURS 22-23 (15\/02\/2023)<\/em><\/strong><\/p>\n<ul style=\"list-style-type: square;\">\n<li>S&#8217;aprova l&#8217; acta de la sessi\u00f3 anterior.<\/li>\n<li>Informacions:\n<ul>\n<li style=\"list-style-type: none;\">\n<ul style=\"list-style-type: square;\">\n<li>Increment de 10h de vetllador en horari de menjador.<\/li>\n<li>L&#8217; ajuntament ha plantat arbres en els dos patis de l&#8217; escola.<\/li>\n<li>S&#8217;ha realitzat el simulacre. Es repetir\u00e0 en d&#8217;edifici d&#8217;infantil.<\/li>\n<\/ul>\n<\/li>\n<\/ul>\n<\/li>\n<li>S&#8217;explica i s&#8217;aprova per unanimitat la liquidaci\u00f3 del pressupost 2022.<\/li>\n<li>S&#8217;explica i s\u2019aprova\u00a0 per unanimitat el pressupost de l\u2019escola per l\u2019any 2023.<\/li>\n<li>S\u2019escullen els 3 membres del Consell que formaran part de l\u2019avaluaci\u00f3 del projecte de direcci\u00f3 durant els propers 4 anys. Els escollits s\u00f3n: Laura Busquet (representant PAS), Bego\u00f1a de Grado i Consuelo Melgosa(representant sector professorat) i Eva Ortiz (representant sector fam\u00edlies).<\/li>\n<\/ul>\n<p>________________________________________________________________________________________________________________________________________________<\/p>\n<p><strong><em>INFORMACI\u00d3 I ACORDS DEL 3r CONSELL ESCOLAR DEL CURS 22-23 (30\/11\/2022)<\/em><\/strong><\/p>\n<ul style=\"list-style-type: square;\">\n<li>S&#8217;aprova l&#8217; acta de la sessi\u00f3 anterior.<\/li>\n<li>Informacions:\n<ul>\n<li style=\"list-style-type: none;\">\n<ul style=\"list-style-type: square;\">\n<li>S&#8217;incrementa en 15h lectives l&#8217;horari de la vetlladora.<\/li>\n<li>Es presentar\u00e0 a l&#8217; Ajuntament la moci\u00f3 per l&#8217; escola inclusiva.<\/li>\n<li>Continuen els problemes amb el regulador de la biomassa.<\/li>\n<li>S&#8217;ha guanyat la proposta d&#8217;ombres al pati del pressupostos participatius. es dur\u00e0 a terme durant el 2024.<\/li>\n<li>El 2 de desembre arriba la dotaci\u00f3 dels port\u00e0tils de 5\u00e8.<\/li>\n<li>S&#8217;han aprovat les addendas del Pla educatiu entorn i les activitats podran comen\u00e7ar al gener.<\/li>\n<\/ul>\n<\/li>\n<\/ul>\n<\/li>\n<li>S&#8217;aprova el Pla d&#8217;emerg\u00e8ncia 2022\/2023<\/li>\n<li>Els acords del Consell escolar es publicaran al web de l&#8217; escola tal i com s&#8217;indica en el DOIG.<\/li>\n<\/ul>\n<p>________________________________________________________________________________________________________________________________________________<\/p>\n<p><strong><em>INFORMACI\u00d3 I ACORDS DEL 2n CONSELL ESCOLAR DEL CURS 22-23 (2\/11\/22)<\/em><\/strong><\/p>\n<ul style=\"list-style-type: square;\">\n<li>S&#8217;aprova l&#8217; acta de la sessi\u00f3 anterior.<\/li>\n<li>Es comenta i s\u2019aprova la Mem\u00f2ria Anual de centre del curs 2021-2022.<\/li>\n<li>Es comenta i\u00a0 s&#8217;aprova la PGAC del curs 22-23\u00a0 (Programaci\u00f3 General Anual).<\/li>\n<li>Document Acompanyament\u00a0 Fam\u00edlies a les Sortides. S&#8217;explica en que consisteix aquest document i s&#8217;aprova tal i com indica el DOIG (Document de Gesti\u00f3 i organitzaci\u00f3 de centres).<\/li>\n<li>Informacions:\n<ul>\n<li style=\"list-style-type: none;\">\n<ul style=\"list-style-type: square;\">\n<li>L&#8217; Ajuntament de Sant Pere de Ribes ha aprovat el festius locals.<\/li>\n<li>La plantilla s&#8217;incrementar\u00e0 en 1 docent a partir del gener 2023.<\/li>\n<\/ul>\n<\/li>\n<\/ul>\n<\/li>\n<\/ul>\n<p>________________________________________________________________________________________________________________________________________________<\/p>\n<p><strong style=\"font-family: inherit; font-size: 1em;\"><em>INFORMACI\u00d3 I ACORDS DEL 1r CONSELL ESCOLAR DEL CURS 22-23 (02\/09\/22)<\/em><\/strong><\/p>\n<ul style=\"list-style-type: square;\">\n<li>S&#8217;aprova l&#8217; acta de la sessi\u00f3 anterior.<\/li>\n<li>Es traspassen les seg\u00fcents informacions:\n<ul>\n<li style=\"list-style-type: none;\">\n<ul>\n<li style=\"list-style-type: none;\">\n<ul style=\"list-style-type: square;\">\n<li>Obres de l&#8217; Ajuntament i l&#8217; escola durant l&#8217; estiu.<\/li>\n<li>Canvi d&#8217;inspector.<\/li>\n<li>Canvis en el curr\u00edculum i com s&#8217;aplicaran a l&#8217; escola.<\/li>\n<li>AFA informa del canvi de l&#8217; empresa que organitza les extraescolars.<\/li>\n<li>Pressupostos participatius: ampliar les zones d&#8217;ombres del pati d&#8217;infantil. L&#8217; AFA tamb\u00e9 presentar\u00e0 el projecte per arreglar la vorera d&#8217;infantil.<\/li>\n<\/ul>\n<\/li>\n<\/ul>\n<\/li>\n<\/ul>\n<\/li>\n<li>Plantilla del centre: s&#8217;ha vist redu\u00efda en 1 docent i mig respecte al curs anterior.<\/li>\n<li>Tardes de setembre: es comparteix l&#8217; organitzaci\u00f3 i el seu funcionament.<\/li>\n<li>Projecte Ling\u00fc\u00edstic: L&#8217; anunci de la Generalitat no afecta a la sent\u00e8ncia sobre el 25% de castell\u00e0 que l&#8217; escola t\u00e9 dictaminada amb anterioritat. Cal seguir aplicant el 25% de castell\u00e0 en els curs corresponent.<\/li>\n<li>Casal d&#8217; estiu: Es proposa una reuni\u00f3 entre les diferents AFA de les Roquetes i Ajuntament\u00a0 per tal de valorar el seu funcionament i valorar la continu\u00eftat de l&#8217; empresa per al curs vinent.<\/li>\n<\/ul>\n","protected":false},"excerpt":{"rendered":"<p>________________________________________________________________________________________________________________________________________________ INFORMACI\u00d3 I ACORDS DEL 6\u00e8 CONSELL ESCOLAR DEL CURS 22-23 (29\/06\/2023) Resta pendent l&#8217; aprovaci\u00f3 de l&#8217; acta en [&hellip;]<\/p>\n","protected":false},"author":1,"featured_media":0,"parent":28,"menu_order":0,"comment_status":"closed","ping_status":"closed","template":"","meta":{"site-sidebar-layout":"default","site-content-layout":"","ast-site-content-layout":"default","site-content-style":"default","site-sidebar-style":"default","ast-global-header-display":"","ast-banner-title-visibility":"","ast-main-header-display":"","ast-hfb-above-header-display":"","ast-hfb-below-header-display":"","ast-hfb-mobile-header-display":"","site-post-title":"","ast-breadcrumbs-content":"","ast-featured-img":"","footer-sml-layout":"","theme-transparent-header-meta":"","adv-header-id-meta":"","stick-header-meta":"","header-above-stick-meta":"","header-main-stick-meta":"","header-below-stick-meta":"","astra-migrate-meta-layouts":"set","ast-page-background-enabled":"default","ast-page-background-meta":{"desktop":{"background-color":"var(--ast-global-color-4)","background-image":"","background-repeat":"repeat","background-position":"center center","background-size":"auto","background-attachment":"scroll","background-type":"","background-media":"","overlay-type":"","overlay-color":"","overlay-opacity":"","overlay-gradient":""},"tablet":{"background-color":"","background-image":"","background-repeat":"repeat","background-position":"center center","background-size":"auto","background-attachment":"scroll","background-type":"","background-media":"","overlay-type":"","overlay-color":"","overlay-opacity":"","overlay-gradient":""},"mobile":{"background-color":"","background-image":"","background-repeat":"repeat","background-position":"center center","background-size":"auto","background-attachment":"scroll","background-type":"","background-media":"","overlay-type":"","overlay-color":"","overlay-opacity":"","overlay-gradient":""}},"ast-content-background-meta":{"desktop":{"background-color":"var(--ast-global-color-5)","background-image":"","background-repeat":"repeat","background-position":"center center","background-size":"auto","background-attachment":"scroll","background-type":"","background-media":"","overlay-type":"","overlay-color":"","overlay-opacity":"","overlay-gradient":""},"tablet":{"background-color":"var(--ast-global-color-5)","background-image":"","background-repeat":"repeat","background-position":"center center","background-size":"auto","background-attachment":"scroll","background-type":"","background-media":"","overlay-type":"","overlay-color":"","overlay-opacity":"","overlay-gradient":""},"mobile":{"background-color":"var(--ast-global-color-5)","background-image":"","background-repeat":"repeat","background-position":"center center","background-size":"auto","background-attachment":"scroll","background-type":"","background-media":"","overlay-type":"","overlay-color":"","overlay-opacity":"","overlay-gradient":""}},"footnotes":""},"class_list":["post-2575","page","type-page","status-publish","hentry"],"post_mailing_queue_ids":[],"_links":{"self":[{"href":"https:\/\/agora.xtec.cat\/ceiplesroquetes\/wp-json\/wp\/v2\/pages\/2575","targetHints":{"allow":["GET"]}}],"collection":[{"href":"https:\/\/agora.xtec.cat\/ceiplesroquetes\/wp-json\/wp\/v2\/pages"}],"about":[{"href":"https:\/\/agora.xtec.cat\/ceiplesroquetes\/wp-json\/wp\/v2\/types\/page"}],"author":[{"embeddable":true,"href":"https:\/\/agora.xtec.cat\/ceiplesroquetes\/wp-json\/wp\/v2\/users\/1"}],"replies":[{"embeddable":true,"href":"https:\/\/agora.xtec.cat\/ceiplesroquetes\/wp-json\/wp\/v2\/comments?post=2575"}],"version-history":[{"count":4,"href":"https:\/\/agora.xtec.cat\/ceiplesroquetes\/wp-json\/wp\/v2\/pages\/2575\/revisions"}],"predecessor-version":[{"id":3538,"href":"https:\/\/agora.xtec.cat\/ceiplesroquetes\/wp-json\/wp\/v2\/pages\/2575\/revisions\/3538"}],"up":[{"embeddable":true,"href":"https:\/\/agora.xtec.cat\/ceiplesroquetes\/wp-json\/wp\/v2\/pages\/28"}],"wp:attachment":[{"href":"https:\/\/agora.xtec.cat\/ceiplesroquetes\/wp-json\/wp\/v2\/media?parent=2575"}],"curies":[{"name":"wp","href":"https:\/\/api.w.org\/{rel}","templated":true}]}}