{"id":2514,"date":"2023-05-10T12:16:35","date_gmt":"2023-05-10T10:16:35","guid":{"rendered":"https:\/\/agora.xtec.cat\/ceiplesroquetes\/?page_id=2514"},"modified":"2025-02-15T19:48:26","modified_gmt":"2025-02-15T18:48:26","slug":"composicio-i-membres-del-consell","status":"publish","type":"page","link":"https:\/\/agora.xtec.cat\/ceiplesroquetes\/menu-principal\/lescola\/consell-escolar\/composicio-i-membres-del-consell\/","title":{"rendered":"Composici\u00f3 i membres del Consell"},"content":{"rendered":"<div class=\"wpb_text_column wpb_content_element \">\n<div class=\"wpb_wrapper\">\n<p>El Consell Escolar \u00e9s el m\u00e0xim \u00f2rgan de govern col\u00b7legiat del centre.<\/p>\n<p>Es reuneix aproximadament cada dos o tres mesos i entre les seves funcions estan, per exemple, aprovar el Projecte Educatiu de Centre, les d\u2019acordar els dies de lliure disposici\u00f3 del calendari, donar el vist-i-plau per obrir places estructurals al centre o la d\u2019aprovar la Programaci\u00f3 General Anual, entre moltes d\u2019altres.<\/p>\n<p>La meitat dels seus representants es renoven cada dos anys.\u00a0Hi estan representats tots els estaments de la comunitat educativa: fam\u00edlies, professorat i personal d\u2019administraci\u00f3 i serveis.<\/p>\n<p>Actualment el formen 18 persones:<\/p>\n<ul>\n<li>3 membres de l\u2019equip directiu<\/li>\n<li>6 representants del professorat<\/li>\n<li>5 representants electes de les fam\u00edlies<\/li>\n<li>1 representant de les fam\u00edlies membre de la Junta de l\u2019AFA<\/li>\n<li>1 representant del PAS\/PAE<\/li>\n<li>1 representant de l\u2019Ajuntament<\/li>\n<\/ul>\n<\/div>\n<\/div>\n<div class=\"divider-wrap\" data-alignment=\"default\">\n<div class=\"divider\"><\/div>\n<\/div>\n<p>Actualment el Consell Escolar de l&#8217;Escola Les Roquetes est\u00e0 format pels seg\u00fcents membres:<\/p>\n<p><strong>Representants de mares i pares:<\/strong>\u00a0 Fulgencio Naval\u00f3n,\u00a0 Raquel Garcia P\u00e9rez, Noelia Jordano, Lorena Z\u00fa\u00f1iga, Raquel Garc\u00eda Monta\u00f1o<\/p>\n<p><strong>Representant de l&#8217;AFA:<\/strong> Maria Victoria Ordo\u00f1ez<\/p>\n<p><strong>Representants de mestres:<\/strong> Consuelo Melgosa, Lucr\u00e8cia Grasa, Victor Bermejo,\u00a0 Silvia verg\u00e9s, Miriam Molina i Pau Sala.<\/p>\n<p><strong>Representant de l&#8217;Ajuntament:<\/strong> Francisca Carrasquilla<\/p>\n<p><strong>Representant PAS:<\/strong> Elisabet de la Fuente<\/p>\n<p><strong>Representatn PAE:<\/strong> Laura Busquet<\/p>\n<p><strong>Equip Directiu:<\/strong> Carme Pons, N\u00faria Mart\u00edn i Gl\u00f2ria Pastells<\/p>\n<p>Si voleu fer arribar qualsevol dubte, suggeriment o proposta per a que sigui debatuda en el Consell Escolar, podeu fer-nos-la arribar a info@escolalesroquetes.cat<\/p>\n","protected":false},"excerpt":{"rendered":"<p>El Consell Escolar \u00e9s el m\u00e0xim \u00f2rgan de govern col\u00b7legiat del centre. Es reuneix aproximadament cada dos o tres mesos [&hellip;]<\/p>\n","protected":false},"author":1,"featured_media":0,"parent":28,"menu_order":0,"comment_status":"closed","ping_status":"closed","template":"","meta":{"site-sidebar-layout":"default","site-content-layout":"","ast-site-content-layout":"default","site-content-style":"default","site-sidebar-style":"default","ast-global-header-display":"","ast-banner-title-visibility":"","ast-main-header-display":"","ast-hfb-above-header-display":"","ast-hfb-below-header-display":"","ast-hfb-mobile-header-display":"","site-post-title":"","ast-breadcrumbs-content":"","ast-featured-img":"","footer-sml-layout":"","theme-transparent-header-meta":"","adv-header-id-meta":"","stick-header-meta":"","header-above-stick-meta":"","header-main-stick-meta":"","header-below-stick-meta":"","astra-migrate-meta-layouts":"set","ast-page-background-enabled":"default","ast-page-background-meta":{"desktop":{"background-color":"var(--ast-global-color-4)","background-image":"","background-repeat":"repeat","background-position":"center center","background-size":"auto","background-attachment":"scroll","background-type":"","background-media":"","overlay-type":"","overlay-color":"","overlay-opacity":"","overlay-gradient":""},"tablet":{"background-color":"","background-image":"","background-repeat":"repeat","background-position":"center center","background-size":"auto","background-attachment":"scroll","background-type":"","background-media":"","overlay-type":"","overlay-color":"","overlay-opacity":"","overlay-gradient":""},"mobile":{"background-color":"","background-image":"","background-repeat":"repeat","background-position":"center center","background-size":"auto","background-attachment":"scroll","background-type":"","background-media":"","overlay-type":"","overlay-color":"","overlay-opacity":"","overlay-gradient":""}},"ast-content-background-meta":{"desktop":{"background-color":"var(--ast-global-color-5)","background-image":"","background-repeat":"repeat","background-position":"center center","background-size":"auto","background-attachment":"scroll","background-type":"","background-media":"","overlay-type":"","overlay-color":"","overlay-opacity":"","overlay-gradient":""},"tablet":{"background-color":"var(--ast-global-color-5)","background-image":"","background-repeat":"repeat","background-position":"center center","background-size":"auto","background-attachment":"scroll","background-type":"","background-media":"","overlay-type":"","overlay-color":"","overlay-opacity":"","overlay-gradient":""},"mobile":{"background-color":"var(--ast-global-color-5)","background-image":"","background-repeat":"repeat","background-position":"center center","background-size":"auto","background-attachment":"scroll","background-type":"","background-media":"","overlay-type":"","overlay-color":"","overlay-opacity":"","overlay-gradient":""}},"footnotes":""},"class_list":["post-2514","page","type-page","status-publish","hentry"],"post_mailing_queue_ids":[],"_links":{"self":[{"href":"https:\/\/agora.xtec.cat\/ceiplesroquetes\/wp-json\/wp\/v2\/pages\/2514","targetHints":{"allow":["GET"]}}],"collection":[{"href":"https:\/\/agora.xtec.cat\/ceiplesroquetes\/wp-json\/wp\/v2\/pages"}],"about":[{"href":"https:\/\/agora.xtec.cat\/ceiplesroquetes\/wp-json\/wp\/v2\/types\/page"}],"author":[{"embeddable":true,"href":"https:\/\/agora.xtec.cat\/ceiplesroquetes\/wp-json\/wp\/v2\/users\/1"}],"replies":[{"embeddable":true,"href":"https:\/\/agora.xtec.cat\/ceiplesroquetes\/wp-json\/wp\/v2\/comments?post=2514"}],"version-history":[{"count":3,"href":"https:\/\/agora.xtec.cat\/ceiplesroquetes\/wp-json\/wp\/v2\/pages\/2514\/revisions"}],"predecessor-version":[{"id":3416,"href":"https:\/\/agora.xtec.cat\/ceiplesroquetes\/wp-json\/wp\/v2\/pages\/2514\/revisions\/3416"}],"up":[{"embeddable":true,"href":"https:\/\/agora.xtec.cat\/ceiplesroquetes\/wp-json\/wp\/v2\/pages\/28"}],"wp:attachment":[{"href":"https:\/\/agora.xtec.cat\/ceiplesroquetes\/wp-json\/wp\/v2\/media?parent=2514"}],"curies":[{"name":"wp","href":"https:\/\/api.w.org\/{rel}","templated":true}]}}