{"id":2245,"date":"2022-02-14T13:51:54","date_gmt":"2022-02-14T12:51:54","guid":{"rendered":"https:\/\/agora.xtec.cat\/ceiplesroquetes\/?page_id=2245"},"modified":"2025-10-21T14:05:58","modified_gmt":"2025-10-21T12:05:58","slug":"afa","status":"publish","type":"page","link":"https:\/\/agora.xtec.cat\/ceiplesroquetes\/menu-principal\/afa\/","title":{"rendered":"AFA"},"content":{"rendered":"\n<div class=\"wp-block-getwid-section alignfull alignfull getwid-section-content-custom-width\"><div class=\"wp-block-getwid-section__wrapper getwid-padding-top-large getwid-padding-bottom-large getwid-padding-left-medium getwid-padding-right-medium\" style=\"min-height:70vh\"><div class=\"wp-block-getwid-section__inner-wrapper\" style=\"max-width:740px\"><div class=\"wp-block-getwid-section__background-holder\"><div class=\"wp-block-getwid-section__background\" style=\"background-image:url('https:\/\/cgw.motopress.com\/wp-content\/uploads\/2019\/11\/background-6.jpg')\"><div class=\"wp-block-getwid-section__background-image-wrapper\"><img decoding=\"async\" class=\"wp-block-getwid-section__background-image\" src=\"https:\/\/cgw.motopress.com\/wp-content\/uploads\/2019\/11\/background-6.jpg\" alt=\"\"\/><\/div><\/div><div class=\"wp-block-getwid-section__foreground\"><\/div><\/div><div class=\"wp-block-getwid-section__content\"><div class=\"wp-block-getwid-section__inner-content\">\n<h3><strong>AFA (Associaci\u00f3 de Fam\u00edlies d&#8217;Alumnes):<\/strong><\/h3>\n\n\n\n<p>L&#8217;AFA \u00e9s un espai de col\u00b7laboraci\u00f3 entre les fam\u00edlies i l\u2019escola, on es fomenta la participaci\u00f3 activa en la comunitat educativa. Gr\u00e0cies a l&#8217;AFA, les fam\u00edlies poden implicar-se en diferents activitats i projectes per millorar la qualitat de l&#8217;educaci\u00f3 dels seus fills.<\/p>\n\n\n\n<p><\/p>\n\n\n\n<p>Aquest any funcionem amb una nova empresa d&#8217;activitats extraescolars,SENSACI\u00d3N<strong>&nbsp;ACTIVA,<\/strong>&nbsp;i t\u00e9 un nou funcionament per les inscripcions. Aqu\u00ed us deixem la&nbsp;<strong>circular informativa de les extraescolars&nbsp;<\/strong>(que recomanem que es llegeixi b\u00e9) I tamb\u00e9 informaci\u00f3 de l&#8217;aplicaci\u00f3 i el seu funcionament.<\/p>\n\n\n\n<p><a href=\"https:\/\/sensacionactiva.playoffinformatica.com\/preinscripcio\/\"><strong>Aqu\u00ed us adjuntem l&#8217;enlla\u00e7 per fer les inscripcions<\/strong><\/a><\/p>\n\n\n\n<p><\/p>\n\n\n\n<p>Per informacions amb l&#8217;empresa aqu\u00ed teniu els contactes, si no l&#8217;AFA est\u00e0 a la vostra disposici\u00f3 per qualsevol dubte.<\/p>\n\n\n\n<p>Info@sensacionactiva.com<\/p>\n\n\n\n<h4>649037181 (oficina SENSACI\u00d3N ACTIVA)<\/h4>\n<\/div><\/div><\/div><\/div><\/div>\n","protected":false},"excerpt":{"rendered":"","protected":false},"author":1,"featured_media":0,"parent":2964,"menu_order":3,"comment_status":"closed","ping_status":"closed","template":"","meta":{"site-sidebar-layout":"no-sidebar","site-content-layout":"","ast-site-content-layout":"default","site-content-style":"default","site-sidebar-style":"default","ast-global-header-display":"","ast-banner-title-visibility":"","ast-main-header-display":"","ast-hfb-above-header-display":"","ast-hfb-below-header-display":"","ast-hfb-mobile-header-display":"","site-post-title":"","ast-breadcrumbs-content":"","ast-featured-img":"","footer-sml-layout":"","theme-transparent-header-meta":"","adv-header-id-meta":"","stick-header-meta":"","header-above-stick-meta":"","header-main-stick-meta":"","header-below-stick-meta":"","astra-migrate-meta-layouts":"set","ast-page-background-enabled":"default","ast-page-background-meta":{"desktop":{"background-color":"var(--ast-global-color-4)","background-image":"","background-repeat":"repeat","background-position":"center center","background-size":"auto","background-attachment":"scroll","background-type":"","background-media":"","overlay-type":"","overlay-color":"","overlay-opacity":"","overlay-gradient":""},"tablet":{"background-color":"","background-image":"","background-repeat":"repeat","background-position":"center center","background-size":"auto","background-attachment":"scroll","background-type":"","background-media":"","overlay-type":"","overlay-color":"","overlay-opacity":"","overlay-gradient":""},"mobile":{"background-color":"","background-image":"","background-repeat":"repeat","background-position":"center center","background-size":"auto","background-attachment":"scroll","background-type":"","background-media":"","overlay-type":"","overlay-color":"","overlay-opacity":"","overlay-gradient":""}},"ast-content-background-meta":{"desktop":{"background-color":"var(--ast-global-color-5)","background-image":"","background-repeat":"repeat","background-position":"center center","background-size":"auto","background-attachment":"scroll","background-type":"","background-media":"","overlay-type":"","overlay-color":"","overlay-opacity":"","overlay-gradient":""},"tablet":{"background-color":"var(--ast-global-color-5)","background-image":"","background-repeat":"repeat","background-position":"center center","background-size":"auto","background-attachment":"scroll","background-type":"","background-media":"","overlay-type":"","overlay-color":"","overlay-opacity":"","overlay-gradient":""},"mobile":{"background-color":"var(--ast-global-color-5)","background-image":"","background-repeat":"repeat","background-position":"center center","background-size":"auto","background-attachment":"scroll","background-type":"","background-media":"","overlay-type":"","overlay-color":"","overlay-opacity":"","overlay-gradient":""}},"footnotes":""},"class_list":["post-2245","page","type-page","status-publish","hentry"],"post_mailing_queue_ids":[],"_links":{"self":[{"href":"https:\/\/agora.xtec.cat\/ceiplesroquetes\/wp-json\/wp\/v2\/pages\/2245","targetHints":{"allow":["GET"]}}],"collection":[{"href":"https:\/\/agora.xtec.cat\/ceiplesroquetes\/wp-json\/wp\/v2\/pages"}],"about":[{"href":"https:\/\/agora.xtec.cat\/ceiplesroquetes\/wp-json\/wp\/v2\/types\/page"}],"author":[{"embeddable":true,"href":"https:\/\/agora.xtec.cat\/ceiplesroquetes\/wp-json\/wp\/v2\/users\/1"}],"replies":[{"embeddable":true,"href":"https:\/\/agora.xtec.cat\/ceiplesroquetes\/wp-json\/wp\/v2\/comments?post=2245"}],"version-history":[{"count":6,"href":"https:\/\/agora.xtec.cat\/ceiplesroquetes\/wp-json\/wp\/v2\/pages\/2245\/revisions"}],"predecessor-version":[{"id":4260,"href":"https:\/\/agora.xtec.cat\/ceiplesroquetes\/wp-json\/wp\/v2\/pages\/2245\/revisions\/4260"}],"up":[{"embeddable":true,"href":"https:\/\/agora.xtec.cat\/ceiplesroquetes\/wp-json\/wp\/v2\/pages\/2964"}],"wp:attachment":[{"href":"https:\/\/agora.xtec.cat\/ceiplesroquetes\/wp-json\/wp\/v2\/media?parent=2245"}],"curies":[{"name":"wp","href":"https:\/\/api.w.org\/{rel}","templated":true}]}}