{"id":22,"date":"2014-09-18T12:19:57","date_gmt":"2014-09-18T12:19:57","guid":{"rendered":"http:\/\/agora.xtec.cat\/ceiplesroquetes\/?page_id=22"},"modified":"2025-11-05T11:31:10","modified_gmt":"2025-11-05T10:31:10","slug":"lescola","status":"publish","type":"page","link":"https:\/\/agora.xtec.cat\/ceiplesroquetes\/menu-principal\/lescola\/","title":{"rendered":"L&#8217;Escola"},"content":{"rendered":"<h6 style=\"text-align: left;\"><\/h6>\n<p><strong>Finalitat principal:<\/strong><br \/>\nL\u2019Escola Les Roquetes t\u00e9 com a objectiu fonamental la formaci\u00f3 integral de l\u2019alumne, situant-lo al centre del proc\u00e9s d\u2019aprenentatge.<\/p>\n<p><strong>Principis b\u00e0sics:<\/strong><\/p>\n<ol>\n<li><strong>Educaci\u00f3 laica i en catal\u00e0:<\/strong><br \/>\nSom una escola laica i utilitzem el catal\u00e0 com a llengua d\u2019aprenentatge i de relaci\u00f3.<\/li>\n<li><strong>Diversitat i inclusi\u00f3:<\/strong><br \/>\nEntenem que la diversitat enriqueix i fomenta tant l\u2019aprenentatge com la cohesi\u00f3 social. Per aix\u00f2, apostem per una escola inclusiva, on cada alumne \u00e9s valorat i respectat.<\/li>\n<li><strong>Participaci\u00f3 de la comunitat:<\/strong><br \/>\nConsiderem que la participaci\u00f3 activa de tota la comunitat educativa crea vincles forts i contribueix a una veritable \u201cescola de tots\u201d.<\/li>\n<li><strong>Treball en equip i cooperaci\u00f3:<\/strong><br \/>\nSom una escola activa on els mestres treballen en equip, fomentant el di\u00e0leg i la cerca de consens per a millorar la qualitat educativa.<\/li>\n<li><strong>Metodologia activa:<\/strong><br \/>\nApostem per metodologies innovadores com el treball cooperatiu, ambients a Infantil, tallers i projectes, i l\u2019\u00fas de les noves tecnologies com a eines quotidianes d\u2019aprenentatge.<\/li>\n<li><strong>Angl\u00e8s com a llengua de comunicaci\u00f3:<\/strong><br \/>\nConsiderem fonamental l\u2019aprenentatge de l\u2019angl\u00e8s, que comen\u00e7a a P3 i es continua al llarg de tota l\u2019escolaritat amb situacions significatives d\u2019\u00fas.<\/li>\n<li><strong>Vinculaci\u00f3 amb l\u2019entorn:<\/strong><br \/>\nL\u2019escola est\u00e0 estretament vinculada amb el seu entorn, adoptant un model d\u2019educaci\u00f3 ambiental que ens defineix com a escola verda.<\/li>\n<li><strong>H\u00e0bits saludables i activitat f\u00edsica:<\/strong><br \/>\nPromovem els h\u00e0bits saludables i l\u2019activitat f\u00edsica com a pilars per al benestar i la cura del cos durant tota la vida.<\/li>\n<li><strong>Creativitat i expressi\u00f3 art\u00edstica:<\/strong><br \/>\nFomentem la imaginaci\u00f3 i la creativitat a trav\u00e9s de l\u2019expressi\u00f3 art\u00edstica, amb activitats que inclouen actuacions i altres formes d\u2019expressi\u00f3 cultural.<\/li>\n<li><strong>Cultura i coneixement:<\/strong><br \/>\nPer promoure la cultura, organitzem activitats com audicions, sortides al teatre i visites a museus, enriquint aix\u00ed el nostre aprenentatge.<\/li>\n<li><strong>Gesti\u00f3 de les emocions:<\/strong><br \/>\nCreiem que el treball de les emocions \u00e9s essencial per al desenvolupament personal de l\u2019alumnat, per aix\u00f2 oferim tallers espec\u00edfics que els ajuden a gestionar-les.<\/li>\n<li><strong>Coeducaci\u00f3 i igualtat:<\/strong><br \/>\nPractiquem la coeducaci\u00f3 respectant la diversitat i reconeixent la individualitat de cada nen i nena. Impulsem mesures que fomenten la igualtat entre els g\u00e8neres i en totes les \u00e0rees de l\u2019escola.<\/li>\n<li><strong>Educaci\u00f3 en valors:<\/strong><br \/>\nEduquem en valors com la responsabilitat, l\u2019esfor\u00e7, el pensament cr\u00edtic, la llibertat d\u2019expressi\u00f3 i la igualtat. Per sobre de tot, volem que els nostres alumnes siguin feli\u00e7os a l\u2019escola, que tinguin curiositat per aprendre i que coneguin millor el m\u00f3n en qu\u00e8 viuen.<\/li>\n<\/ol>\n<h4 style=\"text-align: center;\"><\/h4>\n","protected":false},"excerpt":{"rendered":"<p>Finalitat principal: L\u2019Escola Les Roquetes t\u00e9 com a objectiu fonamental la formaci\u00f3 integral de l\u2019alumne, situant-lo al centre del proc\u00e9s [&hellip;]<\/p>\n","protected":false},"author":2,"featured_media":0,"parent":2964,"menu_order":2,"comment_status":"closed","ping_status":"closed","template":"","meta":{"site-sidebar-layout":"left-sidebar","site-content-layout":"","ast-site-content-layout":"default","site-content-style":"default","site-sidebar-style":"default","ast-global-header-display":"","ast-banner-title-visibility":"","ast-main-header-display":"","ast-hfb-above-header-display":"","ast-hfb-below-header-display":"","ast-hfb-mobile-header-display":"","site-post-title":"","ast-breadcrumbs-content":"","ast-featured-img":"","footer-sml-layout":"","theme-transparent-header-meta":"","adv-header-id-meta":"","stick-header-meta":"","header-above-stick-meta":"","header-main-stick-meta":"","header-below-stick-meta":"","astra-migrate-meta-layouts":"set","ast-page-background-enabled":"default","ast-page-background-meta":{"desktop":{"background-color":"var(--ast-global-color-4)","background-image":"","background-repeat":"repeat","background-position":"center center","background-size":"auto","background-attachment":"scroll","background-type":"","background-media":"","overlay-type":"","overlay-color":"","overlay-opacity":"","overlay-gradient":""},"tablet":{"background-color":"","background-image":"","background-repeat":"repeat","background-position":"center center","background-size":"auto","background-attachment":"scroll","background-type":"","background-media":"","overlay-type":"","overlay-color":"","overlay-opacity":"","overlay-gradient":""},"mobile":{"background-color":"","background-image":"","background-repeat":"repeat","background-position":"center center","background-size":"auto","background-attachment":"scroll","background-type":"","background-media":"","overlay-type":"","overlay-color":"","overlay-opacity":"","overlay-gradient":""}},"ast-content-background-meta":{"desktop":{"background-color":"var(--ast-global-color-5)","background-image":"","background-repeat":"repeat","background-position":"center center","background-size":"auto","background-attachment":"scroll","background-type":"","background-media":"","overlay-type":"","overlay-color":"","overlay-opacity":"","overlay-gradient":""},"tablet":{"background-color":"var(--ast-global-color-5)","background-image":"","background-repeat":"repeat","background-position":"center center","background-size":"auto","background-attachment":"scroll","background-type":"","background-media":"","overlay-type":"","overlay-color":"","overlay-opacity":"","overlay-gradient":""},"mobile":{"background-color":"var(--ast-global-color-5)","background-image":"","background-repeat":"repeat","background-position":"center center","background-size":"auto","background-attachment":"scroll","background-type":"","background-media":"","overlay-type":"","overlay-color":"","overlay-opacity":"","overlay-gradient":""}},"footnotes":""},"class_list":["post-22","page","type-page","status-publish","hentry"],"post_mailing_queue_ids":[],"_links":{"self":[{"href":"https:\/\/agora.xtec.cat\/ceiplesroquetes\/wp-json\/wp\/v2\/pages\/22","targetHints":{"allow":["GET"]}}],"collection":[{"href":"https:\/\/agora.xtec.cat\/ceiplesroquetes\/wp-json\/wp\/v2\/pages"}],"about":[{"href":"https:\/\/agora.xtec.cat\/ceiplesroquetes\/wp-json\/wp\/v2\/types\/page"}],"author":[{"embeddable":true,"href":"https:\/\/agora.xtec.cat\/ceiplesroquetes\/wp-json\/wp\/v2\/users\/2"}],"replies":[{"embeddable":true,"href":"https:\/\/agora.xtec.cat\/ceiplesroquetes\/wp-json\/wp\/v2\/comments?post=22"}],"version-history":[{"count":4,"href":"https:\/\/agora.xtec.cat\/ceiplesroquetes\/wp-json\/wp\/v2\/pages\/22\/revisions"}],"predecessor-version":[{"id":3161,"href":"https:\/\/agora.xtec.cat\/ceiplesroquetes\/wp-json\/wp\/v2\/pages\/22\/revisions\/3161"}],"up":[{"embeddable":true,"href":"https:\/\/agora.xtec.cat\/ceiplesroquetes\/wp-json\/wp\/v2\/pages\/2964"}],"wp:attachment":[{"href":"https:\/\/agora.xtec.cat\/ceiplesroquetes\/wp-json\/wp\/v2\/media?parent=22"}],"curies":[{"name":"wp","href":"https:\/\/api.w.org\/{rel}","templated":true}]}}