{"id":3313,"date":"2023-03-21T13:07:52","date_gmt":"2023-03-21T12:07:52","guid":{"rendered":"https:\/\/agora.xtec.cat\/ceiplesparellades\/?page_id=3313"},"modified":"2023-10-16T10:33:48","modified_gmt":"2023-10-16T08:33:48","slug":"objectius","status":"publish","type":"page","link":"https:\/\/agora.xtec.cat\/ceiplesparellades\/estrategia-digital-de-centre\/part-estrategica\/objectius\/","title":{"rendered":"Objectius"},"content":{"rendered":"<h2>1. Millorar la compet\u00e8ncia digital docent per part del claustre.<\/h2>\n<h2>2. Millorar la compet\u00e8ncia digital alumnat mitjan\u00e7ant activitats d&#8217;aula digitalitzades a tots els nivells.<\/h2>\n<h2>3. Millorar els continguts de la p\u00e0gina web.<\/h2>\n","protected":false},"excerpt":{"rendered":"<p>1. Millorar la compet\u00e8ncia digital docent per part del claustre. 2. Millorar la compet\u00e8ncia digital alumnat mitjan\u00e7ant activitats d&#8217;aula digitalitzades a tots els nivells. 3. Millorar els continguts de la p\u00e0gina web.<\/p>\n","protected":false},"author":1,"featured_media":0,"parent":3309,"menu_order":20,"comment_status":"closed","ping_status":"closed","template":"page-templates\/side-menu.php","meta":{"_bbp_topic_count":0,"_bbp_reply_count":0,"_bbp_total_topic_count":0,"_bbp_total_reply_count":0,"_bbp_voice_count":0,"_bbp_anonymous_reply_count":0,"_bbp_topic_count_hidden":0,"_bbp_reply_count_hidden":0,"_bbp_forum_subforum_count":0,"site-sidebar-layout":"default","site-content-layout":"","ast-site-content-layout":"","site-content-style":"default","site-sidebar-style":"default","ast-global-header-display":"","ast-banner-title-visibility":"","ast-main-header-display":"","ast-hfb-above-header-display":"","ast-hfb-below-header-display":"","ast-hfb-mobile-header-display":"","site-post-title":"","ast-breadcrumbs-content":"","ast-featured-img":"","footer-sml-layout":"","theme-transparent-header-meta":"","adv-header-id-meta":"","stick-header-meta":"","header-above-stick-meta":"","header-main-stick-meta":"","header-below-stick-meta":"","astra-migrate-meta-layouts":"default","ast-page-background-enabled":"default","ast-page-background-meta":{"desktop":{"background-color":"var(--ast-global-color-4)","background-image":"","background-repeat":"repeat","background-position":"center center","background-size":"auto","background-attachment":"scroll","background-type":"","background-media":"","overlay-type":"","overlay-color":"","overlay-opacity":"","overlay-gradient":""},"tablet":{"background-color":"","background-image":"","background-repeat":"repeat","background-position":"center center","background-size":"auto","background-attachment":"scroll","background-type":"","background-media":"","overlay-type":"","overlay-color":"","overlay-opacity":"","overlay-gradient":""},"mobile":{"background-color":"","background-image":"","background-repeat":"repeat","background-position":"center center","background-size":"auto","background-attachment":"scroll","background-type":"","background-media":"","overlay-type":"","overlay-color":"","overlay-opacity":"","overlay-gradient":""}},"ast-content-background-meta":{"desktop":{"background-color":"var(--ast-global-color-5)","background-image":"","background-repeat":"repeat","background-position":"center center","background-size":"auto","background-attachment":"scroll","background-type":"","background-media":"","overlay-type":"","overlay-color":"","overlay-opacity":"","overlay-gradient":""},"tablet":{"background-color":"var(--ast-global-color-5)","background-image":"","background-repeat":"repeat","background-position":"center center","background-size":"auto","background-attachment":"scroll","background-type":"","background-media":"","overlay-type":"","overlay-color":"","overlay-opacity":"","overlay-gradient":""},"mobile":{"background-color":"var(--ast-global-color-5)","background-image":"","background-repeat":"repeat","background-position":"center center","background-size":"auto","background-attachment":"scroll","background-type":"","background-media":"","overlay-type":"","overlay-color":"","overlay-opacity":"","overlay-gradient":""}},"footnotes":""},"class_list":["post-3313","page","type-page","status-publish","hentry"],"post_mailing_queue_ids":[],"_links":{"self":[{"href":"https:\/\/agora.xtec.cat\/ceiplesparellades\/wp-json\/wp\/v2\/pages\/3313","targetHints":{"allow":["GET"]}}],"collection":[{"href":"https:\/\/agora.xtec.cat\/ceiplesparellades\/wp-json\/wp\/v2\/pages"}],"about":[{"href":"https:\/\/agora.xtec.cat\/ceiplesparellades\/wp-json\/wp\/v2\/types\/page"}],"author":[{"embeddable":true,"href":"https:\/\/agora.xtec.cat\/ceiplesparellades\/wp-json\/wp\/v2\/users\/1"}],"replies":[{"embeddable":true,"href":"https:\/\/agora.xtec.cat\/ceiplesparellades\/wp-json\/wp\/v2\/comments?post=3313"}],"version-history":[{"count":3,"href":"https:\/\/agora.xtec.cat\/ceiplesparellades\/wp-json\/wp\/v2\/pages\/3313\/revisions"}],"predecessor-version":[{"id":3452,"href":"https:\/\/agora.xtec.cat\/ceiplesparellades\/wp-json\/wp\/v2\/pages\/3313\/revisions\/3452"}],"up":[{"embeddable":true,"href":"https:\/\/agora.xtec.cat\/ceiplesparellades\/wp-json\/wp\/v2\/pages\/3309"}],"wp:attachment":[{"href":"https:\/\/agora.xtec.cat\/ceiplesparellades\/wp-json\/wp\/v2\/media?parent=3313"}],"curies":[{"name":"wp","href":"https:\/\/api.w.org\/{rel}","templated":true}]}}