{"id":28,"date":"2014-09-18T12:29:35","date_gmt":"2014-09-18T12:29:35","guid":{"rendered":"http:\/\/agora.xtec.cat\/ceiplesparellades\/?page_id=28"},"modified":"2016-02-02T12:51:08","modified_gmt":"2016-02-02T11:51:08","slug":"consell-escolar","status":"publish","type":"page","link":"https:\/\/agora.xtec.cat\/ceiplesparellades\/lescola\/consell-escolar\/","title":{"rendered":"Consell escolar"},"content":{"rendered":"<p><strong>Definici\u00f3 del Consell Escolar<\/strong><\/p>\n<p>El Consell Escolar de Centre \u00e9s l&#8217;\u00f2rgan m\u00e0xim de govern de l&#8217;escola on est\u00e0 representada tota la comunitat educativa del centre.<\/p>\n<p><strong>Composici\u00f3 del Consell Escolar<\/strong><\/p>\n<p>\u25a0 La directora, que n\u2019\u00e9s la presidenta..<br \/>\n\u25a0 El\/la cap d\u2019estudis.<br \/>\n\u25a0 Un regidor\/a o representant de l\u2019ajuntament del terme municipal en el qual hi ha el centre.<br \/>\n\u25a0 5 mestres elegits pel claustre de professors\/es.<br \/>\n\u25a0 5 pares i mares elegits entre ells.<br \/>\n\u25a0 Un membre designat per l\u2019associaci\u00f3 de mares i pares.<br \/>\n\u25a0 Un representant del personal d\u2019administraci\u00f3 i serveis del centre.<br \/>\n\u25a0 El secretari\/a del centre, que actua de secretari\/a del consell escolar, amb veu i sense vot.<\/p>\n<p>En total 16 persones. Els centres d&#8217;Educaci\u00f3 Infantil i Prim\u00e0ria no tenen representaci\u00f3 d&#8217;alumnes.<\/p>\n<p><strong>Funcions del Consell Escolar<\/strong><\/p>\n<p>El Consell Escolar \u00e9s l&#8217;\u00f2rgan que pren les decisions m\u00e9s importants de l&#8217;escola. Entre les seves funcions destaquen les seg\u00fcents:<br \/>\n\u25a0 Elabora i aprova el Projecte Educatiu del Centre i el Reglament de R\u00e8gim Intern, documents b\u00e0sics en qu\u00e8 es recullen els objectius i el funcionament del Centre.<br \/>\n\u25a0 Valora i aprova el Pla Anual del Centre tot precisant els objectius i les activitats anuals de tots els sectors: mestres, pares i mares, comissions&#8230;<br \/>\n\u25a0 Valora i aprova la Mem\u00f2ria Anual del Centre en qu\u00e8 es recullen l&#8217;execuci\u00f3 el Pla Anual i les propostes de canvi.<br \/>\n\u25a0 Aprova el pressupost de funcionament del Centre, fa el seguiment i aprova la seva liquidaci\u00f3.<br \/>\n\u25a0 Debat qualsevol q\u00fcesti\u00f3 d&#8217;inter\u00e8s proposada des de qualsevol sector en relaci\u00f3 al funcionament de l&#8217;escola.<\/p>\n<p>El Consell Escolar es reuneix almenys dues vegades per trimestre.<\/p>\n<p><strong>Eleccions al Consell Escolar<\/strong><\/p>\n<p>Els membres del Consell Escolar es renoven cada quatre anys. Cada dos, per\u00f2, es renova la meitat dels membres representants elegits dels sectors de mestres i pares i mares d&#8217;alumnes. El proc\u00e9s electoral t\u00e9 les caracter\u00edstiques seg\u00fcents:<\/p>\n<p>\u25a0 El director\/a del centre convoca eleccions quinze dies abans de la data d&#8217;elecci\u00f3 a cada sector. L\u2019equip directiu del centre organitzar\u00e0 accions d\u2019informaci\u00f3 i difusi\u00f3 per impulsar i fomentar la participaci\u00f3 dels diferents sectors de la comunitat educativa.<br \/>\n\u25a0 Es fan p\u00fablics al tauler d&#8217;anuncis els censos electorals de cada sector.<br \/>\n\u25a0 La relaci\u00f3 de candidats\/es es fa p\u00fablica amb tres dies d&#8217;antelaci\u00f3 a la votaci\u00f3.<br \/>\n\u25a0 Es constitueixen meses electorals de cada sector, els membres de les quals s&#8217;escullen per sorteig, i s&#8217;encarreguen d&#8217;organitzar la votaci\u00f3, fer l&#8217;escrutini i resoldre els dubtes i les reclamacions que sorgeixin.<br \/>\n\u25a0 Les votacions s\u00f3n personals, directes i secretes.<br \/>\n\u25a0 Si es produeix una vacant en el consell escolar, s\u2019ha d\u2019ocupar pel procediment que estableixi el reglament de r\u00e8gim interior del centre. Si el reglament no preveu aquesta circumst\u00e0ncia, l\u2019ha d\u2019ocupar el seg\u00fcent candidat m\u00e9s votat en les darreres eleccions. El nou membre s\u2019ha de nomenar per al temps que restava de mandat a la persona que ha causat la vacant.<\/p>\n","protected":false},"excerpt":{"rendered":"<p>Definici\u00f3 del Consell Escolar El Consell Escolar de Centre \u00e9s l&#8217;\u00f2rgan m\u00e0xim de govern de l&#8217;escola on est\u00e0 representada tota la comunitat educativa del centre. Composici\u00f3 del Consell Escolar \u25a0 La directora, que n\u2019\u00e9s la presidenta.. \u25a0 El\/la cap d\u2019estudis. \u25a0 Un regidor\/a o representant de l\u2019ajuntament del terme municipal en el qual hi ha [&hellip;]<\/p>\n","protected":false},"author":2,"featured_media":0,"parent":22,"menu_order":30,"comment_status":"closed","ping_status":"closed","template":"page-templates\/side-menu.php","meta":{"_bbp_topic_count":0,"_bbp_reply_count":0,"_bbp_total_topic_count":0,"_bbp_total_reply_count":0,"_bbp_voice_count":0,"_bbp_anonymous_reply_count":0,"_bbp_topic_count_hidden":0,"_bbp_reply_count_hidden":0,"_bbp_forum_subforum_count":0,"site-sidebar-layout":"default","site-content-layout":"","ast-site-content-layout":"","site-content-style":"default","site-sidebar-style":"default","ast-global-header-display":"","ast-banner-title-visibility":"","ast-main-header-display":"","ast-hfb-above-header-display":"","ast-hfb-below-header-display":"","ast-hfb-mobile-header-display":"","site-post-title":"","ast-breadcrumbs-content":"","ast-featured-img":"","footer-sml-layout":"","theme-transparent-header-meta":"","adv-header-id-meta":"","stick-header-meta":"","header-above-stick-meta":"","header-main-stick-meta":"","header-below-stick-meta":"","astra-migrate-meta-layouts":"default","ast-page-background-enabled":"default","ast-page-background-meta":{"desktop":{"background-color":"var(--ast-global-color-4)","background-image":"","background-repeat":"repeat","background-position":"center center","background-size":"auto","background-attachment":"scroll","background-type":"","background-media":"","overlay-type":"","overlay-color":"","overlay-opacity":"","overlay-gradient":""},"tablet":{"background-color":"","background-image":"","background-repeat":"repeat","background-position":"center center","background-size":"auto","background-attachment":"scroll","background-type":"","background-media":"","overlay-type":"","overlay-color":"","overlay-opacity":"","overlay-gradient":""},"mobile":{"background-color":"","background-image":"","background-repeat":"repeat","background-position":"center center","background-size":"auto","background-attachment":"scroll","background-type":"","background-media":"","overlay-type":"","overlay-color":"","overlay-opacity":"","overlay-gradient":""}},"ast-content-background-meta":{"desktop":{"background-color":"var(--ast-global-color-5)","background-image":"","background-repeat":"repeat","background-position":"center center","background-size":"auto","background-attachment":"scroll","background-type":"","background-media":"","overlay-type":"","overlay-color":"","overlay-opacity":"","overlay-gradient":""},"tablet":{"background-color":"var(--ast-global-color-5)","background-image":"","background-repeat":"repeat","background-position":"center center","background-size":"auto","background-attachment":"scroll","background-type":"","background-media":"","overlay-type":"","overlay-color":"","overlay-opacity":"","overlay-gradient":""},"mobile":{"background-color":"var(--ast-global-color-5)","background-image":"","background-repeat":"repeat","background-position":"center center","background-size":"auto","background-attachment":"scroll","background-type":"","background-media":"","overlay-type":"","overlay-color":"","overlay-opacity":"","overlay-gradient":""}},"footnotes":""},"class_list":["post-28","page","type-page","status-publish","hentry"],"post_mailing_queue_ids":[],"_links":{"self":[{"href":"https:\/\/agora.xtec.cat\/ceiplesparellades\/wp-json\/wp\/v2\/pages\/28","targetHints":{"allow":["GET"]}}],"collection":[{"href":"https:\/\/agora.xtec.cat\/ceiplesparellades\/wp-json\/wp\/v2\/pages"}],"about":[{"href":"https:\/\/agora.xtec.cat\/ceiplesparellades\/wp-json\/wp\/v2\/types\/page"}],"author":[{"embeddable":true,"href":"https:\/\/agora.xtec.cat\/ceiplesparellades\/wp-json\/wp\/v2\/users\/2"}],"replies":[{"embeddable":true,"href":"https:\/\/agora.xtec.cat\/ceiplesparellades\/wp-json\/wp\/v2\/comments?post=28"}],"version-history":[{"count":3,"href":"https:\/\/agora.xtec.cat\/ceiplesparellades\/wp-json\/wp\/v2\/pages\/28\/revisions"}],"predecessor-version":[{"id":1491,"href":"https:\/\/agora.xtec.cat\/ceiplesparellades\/wp-json\/wp\/v2\/pages\/28\/revisions\/1491"}],"up":[{"embeddable":true,"href":"https:\/\/agora.xtec.cat\/ceiplesparellades\/wp-json\/wp\/v2\/pages\/22"}],"wp:attachment":[{"href":"https:\/\/agora.xtec.cat\/ceiplesparellades\/wp-json\/wp\/v2\/media?parent=28"}],"curies":[{"name":"wp","href":"https:\/\/api.w.org\/{rel}","templated":true}]}}