{"id":1497,"date":"2016-02-02T13:25:11","date_gmt":"2016-02-02T12:25:11","guid":{"rendered":"http:\/\/agora.xtec.cat\/ceiplesparellades\/?page_id=1497"},"modified":"2025-10-14T11:45:49","modified_gmt":"2025-10-14T09:45:49","slug":"personal-de-centre","status":"publish","type":"page","link":"https:\/\/agora.xtec.cat\/ceiplesparellades\/lescola\/personal-de-centre\/","title":{"rendered":"Personal de centre curs 2025\/2026"},"content":{"rendered":"<table style=\"width: 94.4974%; height: 640px;\" border=\"1\" width=\"693\" cellspacing=\"0\" cellpadding=\"0\">\n<tbody>\n<tr style=\"height: 32px;\">\n<td style=\"width: 28.9332%; height: 32px;\" valign=\"top\" width=\"186\"><b><strong>CONSERGE<\/strong><\/b><\/td>\n<td style=\"width: 70.99%; height: 32px;\" valign=\"top\" width=\"456\">PEPE MORENO CARCEL\u00c9N<\/td>\n<\/tr>\n<tr style=\"height: 32px;\">\n<td style=\"width: 28.9332%; height: 32px;\" valign=\"top\" width=\"186\"><strong>ADMINISTRATIVA<\/strong><\/td>\n<td style=\"width: 70.99%; height: 32px;\" valign=\"top\" width=\"456\">CARMEN GRANADOS SERRANO<\/td>\n<\/tr>\n<tr style=\"height: 32px;\">\n<td style=\"width: 28.9332%; height: 32px;\" valign=\"top\" width=\"186\"><b>I3<\/b><\/td>\n<td style=\"width: 70.99%; height: 32px;\" valign=\"top\" width=\"456\">BERTA PLANAS MARC\u00c8<\/td>\n<\/tr>\n<tr style=\"height: 32px;\">\n<td style=\"width: 28.9332%; height: 32px;\" valign=\"top\" width=\"186\"><strong>TEI<\/strong><\/td>\n<td style=\"width: 70.99%; height: 32px;\" valign=\"top\" width=\"456\">MARI LEND\u00cdNEZ PEINADO<\/td>\n<\/tr>\n<tr style=\"height: 32px;\">\n<td style=\"width: 28.9332%; height: 32px;\" valign=\"top\" width=\"186\"><b>I4<br \/>\n<\/b><\/td>\n<td style=\"width: 70.99%; height: 32px;\" valign=\"top\" width=\"456\">MONTSERRAT MART\u00cd PODADERA<\/td>\n<\/tr>\n<tr style=\"height: 32px;\">\n<td style=\"width: 28.9332%; height: 32px;\" valign=\"top\" width=\"186\"><b>I5<\/b><\/td>\n<td style=\"width: 70.99%; height: 32px;\" valign=\"top\" width=\"456\">SILVIA GALLEGO VALERA<\/td>\n<\/tr>\n<tr style=\"height: 32px;\">\n<td style=\"width: 28.9332%; height: 32px;\" valign=\"top\" width=\"186\"><b><strong>1r<\/strong><br \/>\n<\/b><\/td>\n<td style=\"width: 70.99%; height: 32px;\" valign=\"top\" width=\"456\">MERITXELL BARTRA TORRENS<\/td>\n<\/tr>\n<tr style=\"height: 32px;\">\n<td style=\"width: 28.9332%; height: 32px;\" valign=\"top\" width=\"186\"><strong>2n<br \/>\n<\/strong><\/td>\n<td style=\"width: 70.99%; height: 32px;\" valign=\"top\" width=\"456\">CLARA FLETA BERNET<\/td>\n<\/tr>\n<tr style=\"height: 32px;\">\n<td style=\"width: 28.9332%; height: 32px;\" valign=\"top\" width=\"186\"><b>3r<\/b><\/td>\n<td style=\"width: 70.99%; height: 32px;\" valign=\"top\" width=\"456\">LAURA MASIP I SALVAT \/ AINTZI BEITIA FERN\u00c1NDEZ<\/td>\n<\/tr>\n<tr style=\"height: 32px;\">\n<td style=\"width: 28.9332%; height: 32px;\" valign=\"top\" width=\"186\"><b>4t<\/b><\/td>\n<td style=\"width: 70.99%; height: 32px;\" valign=\"top\" width=\"456\">IRMA PICAS TORRES<\/td>\n<\/tr>\n<tr style=\"height: 32px;\">\n<td style=\"width: 28.9332%; height: 32px;\" valign=\"top\" width=\"186\"><strong>5\u00e8<\/strong><\/td>\n<td style=\"width: 70.99%; height: 32px;\" valign=\"top\" width=\"456\">MARIONA GIMENO SIMEON<\/td>\n<\/tr>\n<tr style=\"height: 32px;\">\n<td style=\"width: 28.9332%; height: 32px;\" valign=\"top\" width=\"186\"><b>6\u00e8<\/b><\/td>\n<td style=\"width: 70.99%; height: 32px;\" valign=\"top\" width=\"456\">MARC OLIVA CUTILLAS<\/td>\n<\/tr>\n<tr style=\"height: 32px;\">\n<td style=\"width: 28.9332%; height: 32px;\" valign=\"top\" width=\"186\"><b>\u00a0<\/b><\/td>\n<td style=\"width: 70.99%; height: 32px;\" valign=\"top\" width=\"456\"><\/td>\n<\/tr>\n<tr style=\"height: 32px;\">\n<td style=\"width: 28.9332%; height: 32px;\" valign=\"top\" width=\"186\"><b>EDUCACI\u00d3 F\u00cdSICA<\/b><\/td>\n<td style=\"width: 70.99%; height: 32px;\" valign=\"top\" width=\"456\">MARC LAGUNA HERN\u00c1NDEZ \/ MARC OLIVA CUTILLAS<\/td>\n<\/tr>\n<tr style=\"height: 32px;\">\n<td style=\"width: 28.9332%; height: 32px;\" valign=\"top\" width=\"186\"><strong>ANGL\u00c8S<\/strong><\/td>\n<td style=\"width: 70.99%; height: 32px;\" valign=\"top\" width=\"456\">LOLA PERNAS PUENTE<\/td>\n<\/tr>\n<tr style=\"height: 32px;\">\n<td style=\"width: 28.9332%; height: 32px;\" valign=\"top\" width=\"186\"><strong>M\u00daSICA<\/strong><\/td>\n<td style=\"width: 70.99%; height: 32px;\" valign=\"top\" width=\"456\">AINTZI BEITIA FERN\u00c1NDEZ<\/td>\n<\/tr>\n<tr style=\"height: 32px;\">\n<td style=\"width: 28.9332%; height: 32px;\" valign=\"top\" width=\"186\"><strong>ATENCI\u00d3 A LA DIVERSITAT<\/strong><\/td>\n<td style=\"width: 70.99%; height: 32px;\" valign=\"top\" width=\"456\">SARA MEDINA HERN\u00c1NDEZ<\/td>\n<\/tr>\n<tr style=\"height: 32px;\">\n<td style=\"width: 28.9332%; height: 32px;\" valign=\"top\" width=\"186\"><b>CAP D\u2019ESTUDIS<\/b><\/td>\n<td style=\"width: 70.99%; height: 32px;\" valign=\"top\" width=\"456\">CRISTINA DE CASTELL ARNAU ARTERO<\/td>\n<\/tr>\n<tr style=\"height: 32px;\">\n<td style=\"width: 28.9332%; height: 32px;\" valign=\"top\" width=\"186\"><b>SECRETARI<\/b><\/td>\n<td style=\"width: 70.99%; height: 32px;\" valign=\"top\" width=\"456\">JORDI FRANCO PIZARRO<\/td>\n<\/tr>\n<tr style=\"height: 32px;\">\n<td style=\"width: 28.9332%; height: 32px;\" valign=\"top\" width=\"186\"><b>DIRECTOR<\/b><\/td>\n<td style=\"width: 70.99%; height: 32px;\" valign=\"top\" width=\"456\">DAVID MADRID RODR\u00cdGUEZ<\/td>\n<\/tr>\n<\/tbody>\n<\/table>\n<p>&nbsp;<\/p>\n","protected":false},"excerpt":{"rendered":"<p>CONSERGE PEPE MORENO CARCEL\u00c9N ADMINISTRATIVA CARMEN GRANADOS SERRANO I3 BERTA PLANAS MARC\u00c8 TEI MARI LEND\u00cdNEZ PEINADO I4 MONTSERRAT MART\u00cd PODADERA I5 SILVIA GALLEGO VALERA 1r MERITXELL BARTRA TORRENS 2n CLARA FLETA BERNET 3r LAURA MASIP I SALVAT \/ AINTZI BEITIA FERN\u00c1NDEZ 4t IRMA PICAS TORRES 5\u00e8 MARIONA GIMENO SIMEON 6\u00e8 MARC OLIVA CUTILLAS \u00a0 EDUCACI\u00d3 [&hellip;]<\/p>\n","protected":false},"author":1,"featured_media":0,"parent":22,"menu_order":0,"comment_status":"closed","ping_status":"closed","template":"","meta":{"_bbp_topic_count":0,"_bbp_reply_count":0,"_bbp_total_topic_count":0,"_bbp_total_reply_count":0,"_bbp_voice_count":0,"_bbp_anonymous_reply_count":0,"_bbp_topic_count_hidden":0,"_bbp_reply_count_hidden":0,"_bbp_forum_subforum_count":0,"site-sidebar-layout":"default","site-content-layout":"","ast-site-content-layout":"default","site-content-style":"default","site-sidebar-style":"default","ast-global-header-display":"","ast-banner-title-visibility":"","ast-main-header-display":"","ast-hfb-above-header-display":"","ast-hfb-below-header-display":"","ast-hfb-mobile-header-display":"","site-post-title":"","ast-breadcrumbs-content":"","ast-featured-img":"","footer-sml-layout":"","theme-transparent-header-meta":"default","adv-header-id-meta":"","stick-header-meta":"","header-above-stick-meta":"","header-main-stick-meta":"","header-below-stick-meta":"","astra-migrate-meta-layouts":"set","ast-page-background-enabled":"default","ast-page-background-meta":{"desktop":{"background-color":"var(--ast-global-color-4)","background-image":"","background-repeat":"repeat","background-position":"center center","background-size":"auto","background-attachment":"scroll","background-type":"","background-media":"","overlay-type":"","overlay-color":"","overlay-opacity":"","overlay-gradient":""},"tablet":{"background-color":"","background-image":"","background-repeat":"repeat","background-position":"center center","background-size":"auto","background-attachment":"scroll","background-type":"","background-media":"","overlay-type":"","overlay-color":"","overlay-opacity":"","overlay-gradient":""},"mobile":{"background-color":"","background-image":"","background-repeat":"repeat","background-position":"center center","background-size":"auto","background-attachment":"scroll","background-type":"","background-media":"","overlay-type":"","overlay-color":"","overlay-opacity":"","overlay-gradient":""}},"ast-content-background-meta":{"desktop":{"background-color":"var(--ast-global-color-5)","background-image":"","background-repeat":"repeat","background-position":"center center","background-size":"auto","background-attachment":"scroll","background-type":"","background-media":"","overlay-type":"","overlay-color":"","overlay-opacity":"","overlay-gradient":""},"tablet":{"background-color":"var(--ast-global-color-5)","background-image":"","background-repeat":"repeat","background-position":"center center","background-size":"auto","background-attachment":"scroll","background-type":"","background-media":"","overlay-type":"","overlay-color":"","overlay-opacity":"","overlay-gradient":""},"mobile":{"background-color":"var(--ast-global-color-5)","background-image":"","background-repeat":"repeat","background-position":"center center","background-size":"auto","background-attachment":"scroll","background-type":"","background-media":"","overlay-type":"","overlay-color":"","overlay-opacity":"","overlay-gradient":""}},"footnotes":""},"class_list":["post-1497","page","type-page","status-publish","hentry"],"post_mailing_queue_ids":[],"_links":{"self":[{"href":"https:\/\/agora.xtec.cat\/ceiplesparellades\/wp-json\/wp\/v2\/pages\/1497","targetHints":{"allow":["GET"]}}],"collection":[{"href":"https:\/\/agora.xtec.cat\/ceiplesparellades\/wp-json\/wp\/v2\/pages"}],"about":[{"href":"https:\/\/agora.xtec.cat\/ceiplesparellades\/wp-json\/wp\/v2\/types\/page"}],"author":[{"embeddable":true,"href":"https:\/\/agora.xtec.cat\/ceiplesparellades\/wp-json\/wp\/v2\/users\/1"}],"replies":[{"embeddable":true,"href":"https:\/\/agora.xtec.cat\/ceiplesparellades\/wp-json\/wp\/v2\/comments?post=1497"}],"version-history":[{"count":9,"href":"https:\/\/agora.xtec.cat\/ceiplesparellades\/wp-json\/wp\/v2\/pages\/1497\/revisions"}],"predecessor-version":[{"id":3853,"href":"https:\/\/agora.xtec.cat\/ceiplesparellades\/wp-json\/wp\/v2\/pages\/1497\/revisions\/3853"}],"up":[{"embeddable":true,"href":"https:\/\/agora.xtec.cat\/ceiplesparellades\/wp-json\/wp\/v2\/pages\/22"}],"wp:attachment":[{"href":"https:\/\/agora.xtec.cat\/ceiplesparellades\/wp-json\/wp\/v2\/media?parent=1497"}],"curies":[{"name":"wp","href":"https:\/\/api.w.org\/{rel}","templated":true}]}}