{"id":9585,"date":"2024-05-08T11:53:09","date_gmt":"2024-05-08T09:53:09","guid":{"rendered":"https:\/\/agora.xtec.cat\/ceiplesmuralles\/?page_id=9585"},"modified":"2025-06-17T10:45:59","modified_gmt":"2025-06-17T08:45:59","slug":"revista-escolar-lescola-tanima","status":"publish","type":"page","link":"https:\/\/agora.xtec.cat\/ceiplesmuralles\/revista-escolar-lescola-tanima\/","title":{"rendered":"Revista escolar &#8220;L&#8217;escola t&#8217;anima&#8221;"},"content":{"rendered":"<p style=\"text-align: justify;\">La revista &#8220;L&#8217;escola t&#8217;anima&#8221; es publica des del curs 1996-1997. A trav\u00e9s dels seus n\u00fameros i les seves p\u00e0gines podem seguir el fil de l&#8217;hist\u00f2ria del nostre centre, trobar-hi alumnes i mestres que hi han passat, projectes, canvis, treballs&#8230;<\/p>\n<p style=\"text-align: justify;\">Els primers n\u00fameros, quan encara estava per arribar la revoluci\u00f3 digital d&#8217;internet, s&#8217;editaven en paper. A partir del curs 2014-2015 es va passar a fer en format digital. L&#8217;\u00faltim canvi ha estat al curs 2023-2024, en que la revista ha passat a estar integrada dins el bloc de l&#8217;escola, com a conseq\u00fc\u00e8ncia dels aven\u00e7os t\u00e8cnics dels temps que corren en el camp de la comunicaci\u00f3. A continuaci\u00f3 teniu un men\u00fa on podreu accedir als diferents n\u00fameros de la revista.<\/p>\n<table style=\"border-collapse: collapse; width: 50.946%; height: 288px;\">\n<tbody>\n<tr>\n<td style=\"width: 100%; text-align: center;\"><a href=\"https:\/\/agora.xtec.cat\/ceiplesmuralles\/categoria\/revista-24-25\/\" target=\"_blank\" rel=\"noopener\"><strong>L&#8217;escola t&#8217;anima n30. Curs 2024-2025<\/strong><\/a><\/td>\n<\/tr>\n<tr style=\"height: 32px;\">\n<td style=\"width: 100%; height: 32px; text-align: center;\"><strong><a href=\"https:\/\/agora.xtec.cat\/ceiplesmuralles\/categoria\/revista-23-24\/\" target=\"_blank\" rel=\"noopener\">L&#8217;escola<\/a><a href=\"https:\/\/agora.xtec.cat\/ceiplesmuralles\/categoria\/revista-23-24\/\" target=\"_blank\" rel=\"noopener\"> t&#8217;anima n29. Curs 2023-2024<\/a><\/strong><\/td>\n<\/tr>\n<tr style=\"height: 32px;\">\n<td style=\"width: 100%; height: 32px; text-align: center;\"><strong><a href=\"https:\/\/drive.google.com\/file\/d\/1SRwiJZMCkcUBr19k2NL9de8LfYXMCPpt\/view?usp=sharing\" target=\"_blank\" rel=\"noopener\">L&#8217;escola t&#8217;anima n28. Curs 2022-2023<\/a><\/strong><\/td>\n<\/tr>\n<tr style=\"height: 32px;\">\n<td style=\"width: 100%; height: 32px; text-align: center;\"><strong><a href=\"https:\/\/drive.google.com\/file\/d\/12Ycl286wmtT__-REPyRhV9z-I1K7pHu4\/view?usp=sharing\" target=\"_blank\" rel=\"noopener\">L&#8217;escola t&#8217;anima n27. Curs 2021-2022<\/a><\/strong><\/td>\n<\/tr>\n<tr style=\"height: 32px;\">\n<td style=\"width: 100%; height: 32px; text-align: center;\"><strong><a href=\"https:\/\/drive.google.com\/file\/d\/1k4m-J-QGID9V2Fzk4eFBTLH3Ydl3RBBz\/view\" target=\"_blank\" rel=\"noopener\">L&#8217;escola t&#8217;anima n26. Curs 2020-2021<\/a><\/strong><\/td>\n<\/tr>\n<tr style=\"height: 32px;\">\n<td style=\"width: 100%; height: 32px; text-align: center;\"><strong><a href=\"https:\/\/issuu.com\/escolalesmuralles\/docs\/revista_les_muralles_2019b\" target=\"_blank\" rel=\"noopener\">L&#8217;escola t&#8217;anima n25. Curs 2018-2019<\/a><\/strong><\/td>\n<\/tr>\n<tr style=\"height: 32px;\">\n<td style=\"width: 100%; height: 32px; text-align: center;\"><strong><a href=\"https:\/\/issuu.com\/escolalesmuralles\/docs\/revista_escola_les_muralles_2018\" target=\"_blank\" rel=\"noopener\">L&#8217;escola t&#8217;anima n24. Curs 2017-2018<\/a><\/strong><\/td>\n<\/tr>\n<tr style=\"height: 32px;\">\n<td style=\"width: 100%; text-align: center; height: 32px;\"><strong><a href=\"https:\/\/issuu.com\/escolalesmuralles\/docs\/revista_les_muralles_2017_lr\" target=\"_blank\" rel=\"noopener\">L&#8217;escola t&#8217;anima n23. Curs 2016-2017<\/a><\/strong><\/td>\n<\/tr>\n<tr style=\"height: 32px;\">\n<td style=\"width: 100%; text-align: center; height: 32px;\"><strong><a href=\"https:\/\/issuu.com\/escolalesmuralles\/docs\/revista_escola_les_muralles_2016\" target=\"_blank\" rel=\"noopener\">L&#8217;escola t&#8217;anima n22. Curs 2015-2016<\/a><\/strong><\/td>\n<\/tr>\n<tr style=\"height: 32px;\">\n<td style=\"width: 100%; height: 32px; text-align: center;\"><strong><a href=\"https:\/\/issuu.com\/escolalesmuralles\/docs\/revista_les_muralles\" target=\"_blank\" rel=\"noopener\">L&#8217;escola t&#8217;anima n21. Curs 2014-2015<\/a><\/strong><\/td>\n<\/tr>\n<\/tbody>\n<\/table>\n<p><sub><span style=\"font-family: inherit; text-align: center;\">*El curs 2019-2020 no es va editar la revista degut a la pand\u00e8mia del COVID.<\/span><\/sub><\/p>\n","protected":false},"excerpt":{"rendered":"<p>La revista &#8220;L&#8217;escola t&#8217;anima&#8221; es publica des del curs 1996-1997. A trav\u00e9s dels seus n\u00fameros i les seves p\u00e0gines podem seguir el fil de l&#8217;hist\u00f2ria del nostre centre, trobar-hi alumnes i mestres que hi han passat, projectes, canvis, treballs&#8230; Els primers n\u00fameros, quan encara estava per arribar la revoluci\u00f3 digital d&#8217;internet, s&#8217;editaven en paper. A [&hellip;]<\/p>\n","protected":false},"author":1,"featured_media":0,"parent":0,"menu_order":0,"comment_status":"closed","ping_status":"closed","template":"","meta":{"_bbp_topic_count":0,"_bbp_reply_count":0,"_bbp_total_topic_count":0,"_bbp_total_reply_count":0,"_bbp_voice_count":0,"_bbp_anonymous_reply_count":0,"_bbp_topic_count_hidden":0,"_bbp_reply_count_hidden":0,"_bbp_forum_subforum_count":0,"site-sidebar-layout":"default","site-content-layout":"","ast-site-content-layout":"","site-content-style":"default","site-sidebar-style":"default","ast-global-header-display":"","ast-banner-title-visibility":"","ast-main-header-display":"","ast-hfb-above-header-display":"","ast-hfb-below-header-display":"","ast-hfb-mobile-header-display":"","site-post-title":"","ast-breadcrumbs-content":"","ast-featured-img":"","footer-sml-layout":"","theme-transparent-header-meta":"","adv-header-id-meta":"","stick-header-meta":"","header-above-stick-meta":"","header-main-stick-meta":"","header-below-stick-meta":"","astra-migrate-meta-layouts":"default","ast-page-background-enabled":"default","ast-page-background-meta":{"desktop":{"background-color":"var(--ast-global-color-4)","background-image":"","background-repeat":"repeat","background-position":"center center","background-size":"auto","background-attachment":"scroll","background-type":"","background-media":"","overlay-type":"","overlay-color":"","overlay-opacity":"","overlay-gradient":""},"tablet":{"background-color":"","background-image":"","background-repeat":"repeat","background-position":"center center","background-size":"auto","background-attachment":"scroll","background-type":"","background-media":"","overlay-type":"","overlay-color":"","overlay-opacity":"","overlay-gradient":""},"mobile":{"background-color":"","background-image":"","background-repeat":"repeat","background-position":"center center","background-size":"auto","background-attachment":"scroll","background-type":"","background-media":"","overlay-type":"","overlay-color":"","overlay-opacity":"","overlay-gradient":""}},"ast-content-background-meta":{"desktop":{"background-color":"var(--ast-global-color-5)","background-image":"","background-repeat":"repeat","background-position":"center center","background-size":"auto","background-attachment":"scroll","background-type":"","background-media":"","overlay-type":"","overlay-color":"","overlay-opacity":"","overlay-gradient":""},"tablet":{"background-color":"var(--ast-global-color-5)","background-image":"","background-repeat":"repeat","background-position":"center center","background-size":"auto","background-attachment":"scroll","background-type":"","background-media":"","overlay-type":"","overlay-color":"","overlay-opacity":"","overlay-gradient":""},"mobile":{"background-color":"var(--ast-global-color-5)","background-image":"","background-repeat":"repeat","background-position":"center center","background-size":"auto","background-attachment":"scroll","background-type":"","background-media":"","overlay-type":"","overlay-color":"","overlay-opacity":"","overlay-gradient":""}},"footnotes":""},"class_list":["post-9585","page","type-page","status-publish","hentry"],"post_mailing_queue_ids":[],"_links":{"self":[{"href":"https:\/\/agora.xtec.cat\/ceiplesmuralles\/wp-json\/wp\/v2\/pages\/9585","targetHints":{"allow":["GET"]}}],"collection":[{"href":"https:\/\/agora.xtec.cat\/ceiplesmuralles\/wp-json\/wp\/v2\/pages"}],"about":[{"href":"https:\/\/agora.xtec.cat\/ceiplesmuralles\/wp-json\/wp\/v2\/types\/page"}],"author":[{"embeddable":true,"href":"https:\/\/agora.xtec.cat\/ceiplesmuralles\/wp-json\/wp\/v2\/users\/1"}],"replies":[{"embeddable":true,"href":"https:\/\/agora.xtec.cat\/ceiplesmuralles\/wp-json\/wp\/v2\/comments?post=9585"}],"version-history":[{"count":7,"href":"https:\/\/agora.xtec.cat\/ceiplesmuralles\/wp-json\/wp\/v2\/pages\/9585\/revisions"}],"predecessor-version":[{"id":10609,"href":"https:\/\/agora.xtec.cat\/ceiplesmuralles\/wp-json\/wp\/v2\/pages\/9585\/revisions\/10609"}],"wp:attachment":[{"href":"https:\/\/agora.xtec.cat\/ceiplesmuralles\/wp-json\/wp\/v2\/media?parent=9585"}],"curies":[{"name":"wp","href":"https:\/\/api.w.org\/{rel}","templated":true}]}}