{"id":7696,"date":"2022-02-24T11:12:45","date_gmt":"2022-02-24T10:12:45","guid":{"rendered":"https:\/\/agora.xtec.cat\/ceiplesmuralles\/?page_id=7696"},"modified":"2024-01-09T15:28:21","modified_gmt":"2024-01-09T14:28:21","slug":"xarxa-de-competencies-basiques","status":"publish","type":"page","link":"https:\/\/agora.xtec.cat\/ceiplesmuralles\/projectes-de-lescola\/xarxa-de-competencies-basiques\/","title":{"rendered":"Xarxa de compet\u00e8ncies b\u00e0siques"},"content":{"rendered":"<p style=\"text-align: justify;\">L\u2019escola est\u00e0 adherida al <a href=\"https:\/\/projectes.xtec.cat\/xarxacb\/presentacio\/\" target=\"_blank\" rel=\"noopener\">Programa Xarxa de Compet\u00e8ncies B\u00e0siques<\/a> (Xarxa Cb). Aquesta \u00e9s una modalitat de formaci\u00f3 i desenvolupament professional docent basat en l\u2019aprenentatge entre iguals i en xarxa, promoguda pel Departament d\u2019Educaci\u00f3, dins el seu pla de formaci\u00f3 permanent. La Xarxa Cb est\u00e0 formada per equips docents de centres d\u2019educaci\u00f3 infantil, prim\u00e0ria, secund\u00e0ria i batxillerat que volen iniciar, mantenir o consolidar processos de reflexi\u00f3-acci\u00f3 en equip i en xarxa per transformar l\u2019escola en un espai que afavoreixi l\u2019aprenentatge i ajudi els docents a millorar el seu desenvolupament professional i als centres a constituir-se en organitzacions que aprenen.<\/p>\n<p style=\"text-align: center;\"><a href=\"https:\/\/projectes.xtec.cat\/xarxacb\/presentacio\/\" target=\"_blank\" rel=\"noopener\"><img loading=\"lazy\" decoding=\"async\" class=\"alignnone wp-image-7697 size-full\" title=\"Xarxa Compet\u00e8ncies B\u00e0siques\" src=\"https:\/\/agora.xtec.cat\/ceiplesmuralles\/wp-content\/uploads\/usu1617\/2022\/02\/xarxa_compet.png\" alt=\"\" width=\"340\" height=\"175\" srcset=\"https:\/\/agora.xtec.cat\/ceiplesmuralles\/wp-content\/uploads\/usu1617\/2022\/02\/xarxa_compet.png 340w, https:\/\/agora.xtec.cat\/ceiplesmuralles\/wp-content\/uploads\/usu1617\/2022\/02\/xarxa_compet-300x154.png 300w\" sizes=\"auto, (max-width: 340px) 100vw, 340px\" \/><\/a><\/p>\n<p style=\"text-align: justify;\">Actualment est\u00e0 formada per m\u00e9s de 700 centres, tant de prim\u00e0ria com de secund\u00e0ria, organitzats en xarxes territorials, i implica m\u00e9s de 10.000 docents.<\/p>\n","protected":false},"excerpt":{"rendered":"<p>L\u2019escola est\u00e0 adherida al Programa Xarxa de Compet\u00e8ncies B\u00e0siques (Xarxa Cb). Aquesta \u00e9s una modalitat de formaci\u00f3 i desenvolupament professional docent basat en l\u2019aprenentatge entre iguals i en xarxa, promoguda pel Departament d\u2019Educaci\u00f3, dins el seu pla de formaci\u00f3 permanent. La Xarxa Cb est\u00e0 formada per equips docents de centres d\u2019educaci\u00f3 infantil, prim\u00e0ria, secund\u00e0ria i [&hellip;]<\/p>\n","protected":false},"author":29,"featured_media":0,"parent":6765,"menu_order":0,"comment_status":"closed","ping_status":"closed","template":"page-templates\/side-menu.php","meta":{"_bbp_topic_count":0,"_bbp_reply_count":0,"_bbp_total_topic_count":0,"_bbp_total_reply_count":0,"_bbp_voice_count":0,"_bbp_anonymous_reply_count":0,"_bbp_topic_count_hidden":0,"_bbp_reply_count_hidden":0,"_bbp_forum_subforum_count":0,"site-sidebar-layout":"default","site-content-layout":"","ast-site-content-layout":"","site-content-style":"default","site-sidebar-style":"default","ast-global-header-display":"","ast-banner-title-visibility":"","ast-main-header-display":"","ast-hfb-above-header-display":"","ast-hfb-below-header-display":"","ast-hfb-mobile-header-display":"","site-post-title":"","ast-breadcrumbs-content":"","ast-featured-img":"","footer-sml-layout":"","theme-transparent-header-meta":"","adv-header-id-meta":"","stick-header-meta":"","header-above-stick-meta":"","header-main-stick-meta":"","header-below-stick-meta":"","astra-migrate-meta-layouts":"default","ast-page-background-enabled":"default","ast-page-background-meta":{"desktop":{"background-color":"var(--ast-global-color-4)","background-image":"","background-repeat":"repeat","background-position":"center center","background-size":"auto","background-attachment":"scroll","background-type":"","background-media":"","overlay-type":"","overlay-color":"","overlay-opacity":"","overlay-gradient":""},"tablet":{"background-color":"","background-image":"","background-repeat":"repeat","background-position":"center center","background-size":"auto","background-attachment":"scroll","background-type":"","background-media":"","overlay-type":"","overlay-color":"","overlay-opacity":"","overlay-gradient":""},"mobile":{"background-color":"","background-image":"","background-repeat":"repeat","background-position":"center center","background-size":"auto","background-attachment":"scroll","background-type":"","background-media":"","overlay-type":"","overlay-color":"","overlay-opacity":"","overlay-gradient":""}},"ast-content-background-meta":{"desktop":{"background-color":"var(--ast-global-color-5)","background-image":"","background-repeat":"repeat","background-position":"center center","background-size":"auto","background-attachment":"scroll","background-type":"","background-media":"","overlay-type":"","overlay-color":"","overlay-opacity":"","overlay-gradient":""},"tablet":{"background-color":"var(--ast-global-color-5)","background-image":"","background-repeat":"repeat","background-position":"center center","background-size":"auto","background-attachment":"scroll","background-type":"","background-media":"","overlay-type":"","overlay-color":"","overlay-opacity":"","overlay-gradient":""},"mobile":{"background-color":"var(--ast-global-color-5)","background-image":"","background-repeat":"repeat","background-position":"center center","background-size":"auto","background-attachment":"scroll","background-type":"","background-media":"","overlay-type":"","overlay-color":"","overlay-opacity":"","overlay-gradient":""}},"footnotes":""},"class_list":["post-7696","page","type-page","status-publish","hentry"],"post_mailing_queue_ids":[],"_links":{"self":[{"href":"https:\/\/agora.xtec.cat\/ceiplesmuralles\/wp-json\/wp\/v2\/pages\/7696","targetHints":{"allow":["GET"]}}],"collection":[{"href":"https:\/\/agora.xtec.cat\/ceiplesmuralles\/wp-json\/wp\/v2\/pages"}],"about":[{"href":"https:\/\/agora.xtec.cat\/ceiplesmuralles\/wp-json\/wp\/v2\/types\/page"}],"author":[{"embeddable":true,"href":"https:\/\/agora.xtec.cat\/ceiplesmuralles\/wp-json\/wp\/v2\/users\/29"}],"replies":[{"embeddable":true,"href":"https:\/\/agora.xtec.cat\/ceiplesmuralles\/wp-json\/wp\/v2\/comments?post=7696"}],"version-history":[{"count":2,"href":"https:\/\/agora.xtec.cat\/ceiplesmuralles\/wp-json\/wp\/v2\/pages\/7696\/revisions"}],"predecessor-version":[{"id":9367,"href":"https:\/\/agora.xtec.cat\/ceiplesmuralles\/wp-json\/wp\/v2\/pages\/7696\/revisions\/9367"}],"up":[{"embeddable":true,"href":"https:\/\/agora.xtec.cat\/ceiplesmuralles\/wp-json\/wp\/v2\/pages\/6765"}],"wp:attachment":[{"href":"https:\/\/agora.xtec.cat\/ceiplesmuralles\/wp-json\/wp\/v2\/media?parent=7696"}],"curies":[{"name":"wp","href":"https:\/\/api.w.org\/{rel}","templated":true}]}}