{"id":6797,"date":"2021-02-17T07:19:41","date_gmt":"2021-02-17T06:19:41","guid":{"rendered":"http:\/\/agora.xtec.cat\/ceiplesmuralles\/?page_id=6797"},"modified":"2022-02-18T16:20:41","modified_gmt":"2022-02-18T15:20:41","slug":"gsuite-for-education","status":"publish","type":"page","link":"https:\/\/agora.xtec.cat\/ceiplesmuralles\/projectes-de-lescola\/gsuite-for-education\/","title":{"rendered":"GWorkspace for education"},"content":{"rendered":"<p style=\"text-align: justify;\">Des del curs 19\/20 l&#8217;escola t\u00e9 un domini (@escolalesmuralles.cat) a <em>Google Workspace for Education<\/em>.<\/p>\n<p style=\"text-align: justify;\"><em>Google Workspace for education<\/em> es un conjunt d&#8217;eines digitals pensades per a treballar a l&#8217;escola i prove\u00efdes per l&#8217;empresa Google.<\/p>\n<p><a href=\"https:\/\/agora.xtec.cat\/ceiplesmuralles\/wp-content\/uploads\/usu1617\/2022\/02\/workspace.png\"><img loading=\"lazy\" decoding=\"async\" class=\"size-full wp-image-7656 aligncenter\" src=\"https:\/\/agora.xtec.cat\/ceiplesmuralles\/wp-content\/uploads\/usu1617\/2022\/02\/workspace.png\" alt=\"\" width=\"225\" height=\"225\" srcset=\"https:\/\/agora.xtec.cat\/ceiplesmuralles\/wp-content\/uploads\/usu1617\/2022\/02\/workspace.png 225w, https:\/\/agora.xtec.cat\/ceiplesmuralles\/wp-content\/uploads\/usu1617\/2022\/02\/workspace-150x150.png 150w\" sizes=\"auto, (max-width: 225px) 100vw, 225px\" \/><\/a><\/p>\n<p>&nbsp;<\/p>\n<div style=\"text-align: justify;\">Els alumnes (a partir de 3r de prim\u00e0ria) tenen un compte propi que els ajudar\u00e0 a assolir les compet\u00e8ncies b\u00e0siques en l&#8217;\u00e0mbit digital, treballant amb eines com:<\/div>\n<div><\/div>\n<ul style=\"list-style-type: disc;\">\n<li style=\"text-align: left;\">Correu electr\u00f2nic.<\/li>\n<li style=\"text-align: left;\">Emmagatzematge al n\u00favol.<\/li>\n<li style=\"text-align: left;\">Documents de text.<\/li>\n<li style=\"text-align: left;\">Presentacions.<\/li>\n<li style=\"text-align: left;\">Fulls de c\u00e0lcul.<\/li>\n<li style=\"text-align: left;\">Classroom.<\/li>\n<li style=\"text-align: left;\">Videotrucades.<\/li>\n<\/ul>\n<p><a href=\"https:\/\/drive.google.com\/file\/d\/1hkuQ3BZqLlppoCvdpIim82cnmPMs7KhZ\/view\">CONDICIONS D&#8217;\u00daS DEL SERVEI GWORKSPACE FOR EDUCATION<\/a><\/p>\n<div><\/div>\n<div><\/div>\n","protected":false},"excerpt":{"rendered":"<p>Des del curs 19\/20 l&#8217;escola t\u00e9 un domini (@escolalesmuralles.cat) a Google Workspace for Education. Google Workspace for education es un conjunt d&#8217;eines digitals pensades per a treballar a l&#8217;escola i prove\u00efdes per l&#8217;empresa Google. &nbsp; Els alumnes (a partir de 3r de prim\u00e0ria) tenen un compte propi que els ajudar\u00e0 a assolir les compet\u00e8ncies b\u00e0siques [&hellip;]<\/p>\n","protected":false},"author":29,"featured_media":0,"parent":6765,"menu_order":0,"comment_status":"closed","ping_status":"closed","template":"","meta":{"_bbp_topic_count":0,"_bbp_reply_count":0,"_bbp_total_topic_count":0,"_bbp_total_reply_count":0,"_bbp_voice_count":0,"_bbp_anonymous_reply_count":0,"_bbp_topic_count_hidden":0,"_bbp_reply_count_hidden":0,"_bbp_forum_subforum_count":0,"site-sidebar-layout":"default","site-content-layout":"","ast-site-content-layout":"","site-content-style":"default","site-sidebar-style":"default","ast-global-header-display":"","ast-banner-title-visibility":"","ast-main-header-display":"","ast-hfb-above-header-display":"","ast-hfb-below-header-display":"","ast-hfb-mobile-header-display":"","site-post-title":"","ast-breadcrumbs-content":"","ast-featured-img":"","footer-sml-layout":"","theme-transparent-header-meta":"","adv-header-id-meta":"","stick-header-meta":"","header-above-stick-meta":"","header-main-stick-meta":"","header-below-stick-meta":"","astra-migrate-meta-layouts":"default","ast-page-background-enabled":"default","ast-page-background-meta":{"desktop":{"background-color":"var(--ast-global-color-4)","background-image":"","background-repeat":"repeat","background-position":"center center","background-size":"auto","background-attachment":"scroll","background-type":"","background-media":"","overlay-type":"","overlay-color":"","overlay-opacity":"","overlay-gradient":""},"tablet":{"background-color":"","background-image":"","background-repeat":"repeat","background-position":"center center","background-size":"auto","background-attachment":"scroll","background-type":"","background-media":"","overlay-type":"","overlay-color":"","overlay-opacity":"","overlay-gradient":""},"mobile":{"background-color":"","background-image":"","background-repeat":"repeat","background-position":"center center","background-size":"auto","background-attachment":"scroll","background-type":"","background-media":"","overlay-type":"","overlay-color":"","overlay-opacity":"","overlay-gradient":""}},"ast-content-background-meta":{"desktop":{"background-color":"var(--ast-global-color-5)","background-image":"","background-repeat":"repeat","background-position":"center center","background-size":"auto","background-attachment":"scroll","background-type":"","background-media":"","overlay-type":"","overlay-color":"","overlay-opacity":"","overlay-gradient":""},"tablet":{"background-color":"var(--ast-global-color-5)","background-image":"","background-repeat":"repeat","background-position":"center center","background-size":"auto","background-attachment":"scroll","background-type":"","background-media":"","overlay-type":"","overlay-color":"","overlay-opacity":"","overlay-gradient":""},"mobile":{"background-color":"var(--ast-global-color-5)","background-image":"","background-repeat":"repeat","background-position":"center center","background-size":"auto","background-attachment":"scroll","background-type":"","background-media":"","overlay-type":"","overlay-color":"","overlay-opacity":"","overlay-gradient":""}},"footnotes":""},"class_list":["post-6797","page","type-page","status-publish","hentry"],"post_mailing_queue_ids":[],"_links":{"self":[{"href":"https:\/\/agora.xtec.cat\/ceiplesmuralles\/wp-json\/wp\/v2\/pages\/6797","targetHints":{"allow":["GET"]}}],"collection":[{"href":"https:\/\/agora.xtec.cat\/ceiplesmuralles\/wp-json\/wp\/v2\/pages"}],"about":[{"href":"https:\/\/agora.xtec.cat\/ceiplesmuralles\/wp-json\/wp\/v2\/types\/page"}],"author":[{"embeddable":true,"href":"https:\/\/agora.xtec.cat\/ceiplesmuralles\/wp-json\/wp\/v2\/users\/29"}],"replies":[{"embeddable":true,"href":"https:\/\/agora.xtec.cat\/ceiplesmuralles\/wp-json\/wp\/v2\/comments?post=6797"}],"version-history":[{"count":3,"href":"https:\/\/agora.xtec.cat\/ceiplesmuralles\/wp-json\/wp\/v2\/pages\/6797\/revisions"}],"predecessor-version":[{"id":7661,"href":"https:\/\/agora.xtec.cat\/ceiplesmuralles\/wp-json\/wp\/v2\/pages\/6797\/revisions\/7661"}],"up":[{"embeddable":true,"href":"https:\/\/agora.xtec.cat\/ceiplesmuralles\/wp-json\/wp\/v2\/pages\/6765"}],"wp:attachment":[{"href":"https:\/\/agora.xtec.cat\/ceiplesmuralles\/wp-json\/wp\/v2\/media?parent=6797"}],"curies":[{"name":"wp","href":"https:\/\/api.w.org\/{rel}","templated":true}]}}