{"id":6782,"date":"2021-02-15T09:43:04","date_gmt":"2021-02-15T08:43:04","guid":{"rendered":"http:\/\/agora.xtec.cat\/ceiplesmuralles\/?page_id=6782"},"modified":"2025-09-03T07:16:54","modified_gmt":"2025-09-03T05:16:54","slug":"reutilitzacio-de-llibres-de-text-reutilitzam","status":"publish","type":"page","link":"https:\/\/agora.xtec.cat\/ceiplesmuralles\/projectes-de-lescola\/reutilitzacio-de-llibres-de-text-reutilitzam\/","title":{"rendered":"Reutilitzaci\u00f3 de llibres de text. &#8220;Reutilitza&#8217;m&#8221;"},"content":{"rendered":"\n<p>El Departament d\u2019Educaci\u00f3 ha perm\u00e8s reprendre el programa de reutilitzaci\u00f3 de llibres amb la incorporaci\u00f3 d\u2019alguns llibres de text. Aquest programa \u00e9s possible gr\u00e0cies a la\u00a0<b>gesti\u00f3 de l\u2019AFA<\/b>\u00a0de l\u2019escola. La participaci\u00f3 en el programa &#8220;Reutilitza&#8217;m&#8221; permet la\u00a0<b>utilitzaci\u00f3<\/b>\u00a0dels\u00a0<b>diccionaris, llibres de lectura i llibres de text<\/b>\u00a0que formen part del programa, la qual cosa permet un estalvi per a les fam\u00edlies.<\/p>\n\n\n\n<p><b>Quins s\u00f3n els OBJECTIUS?<\/b><\/p>\n\n\n\n<ul class=\"wp-block-list\">\n<li><b>Reducci\u00f3 de les despeses econ\u00f2miques<\/b>\u00a0de les fam\u00edlies per l\u2019adquisici\u00f3 de llibres de text.<\/li>\n\n\n\n<li>Fomentar en els alumnes valors com la\u00a0<b>responsabilitat<\/b>, el respecte pels llibres i el material comunitari.<\/li>\n\n\n\n<li>Potenciar una\u00a0<b>escola verda<\/b>, sostenible i respectuosa amb el medi ambient.<\/li>\n\n\n\n<li>Fomentar la\u00a0<b>cooperaci\u00f3<\/b>\u00a0entre l\u2019alumnat, fam\u00edlies i professors mitjan\u00e7ant projectes comuns.<\/li>\n\n\n\n<li>Promoure la cultura del\u00a0<b>reciclatge<\/b>\u00a0i reutilitzaci\u00f3 de recursos existents<\/li>\n<\/ul>\n\n\n\n<p><\/p>\n","protected":false},"excerpt":{"rendered":"<p>El Departament d\u2019Educaci\u00f3 ha perm\u00e8s reprendre el programa de reutilitzaci\u00f3 de llibres amb la incorporaci\u00f3 d\u2019alguns llibres de text. Aquest programa \u00e9s possible gr\u00e0cies a la\u00a0gesti\u00f3 de l\u2019AFA\u00a0de l\u2019escola. La participaci\u00f3 en el programa &#8220;Reutilitza&#8217;m&#8221; permet la\u00a0utilitzaci\u00f3\u00a0dels\u00a0diccionaris, llibres de lectura i llibres de text\u00a0que formen part del programa, la qual cosa permet un estalvi per [&hellip;]<\/p>\n","protected":false},"author":29,"featured_media":0,"parent":6765,"menu_order":0,"comment_status":"closed","ping_status":"closed","template":"","meta":{"_bbp_topic_count":0,"_bbp_reply_count":0,"_bbp_total_topic_count":0,"_bbp_total_reply_count":0,"_bbp_voice_count":0,"_bbp_anonymous_reply_count":0,"_bbp_topic_count_hidden":0,"_bbp_reply_count_hidden":0,"_bbp_forum_subforum_count":0,"site-sidebar-layout":"default","site-content-layout":"","ast-site-content-layout":"default","site-content-style":"default","site-sidebar-style":"default","ast-global-header-display":"","ast-banner-title-visibility":"","ast-main-header-display":"","ast-hfb-above-header-display":"","ast-hfb-below-header-display":"","ast-hfb-mobile-header-display":"","site-post-title":"","ast-breadcrumbs-content":"","ast-featured-img":"","footer-sml-layout":"","theme-transparent-header-meta":"","adv-header-id-meta":"","stick-header-meta":"","header-above-stick-meta":"","header-main-stick-meta":"","header-below-stick-meta":"","astra-migrate-meta-layouts":"set","ast-page-background-enabled":"default","ast-page-background-meta":{"desktop":{"background-color":"var(--ast-global-color-4)","background-image":"","background-repeat":"repeat","background-position":"center center","background-size":"auto","background-attachment":"scroll","background-type":"","background-media":"","overlay-type":"","overlay-color":"","overlay-opacity":"","overlay-gradient":""},"tablet":{"background-color":"","background-image":"","background-repeat":"repeat","background-position":"center center","background-size":"auto","background-attachment":"scroll","background-type":"","background-media":"","overlay-type":"","overlay-color":"","overlay-opacity":"","overlay-gradient":""},"mobile":{"background-color":"","background-image":"","background-repeat":"repeat","background-position":"center center","background-size":"auto","background-attachment":"scroll","background-type":"","background-media":"","overlay-type":"","overlay-color":"","overlay-opacity":"","overlay-gradient":""}},"ast-content-background-meta":{"desktop":{"background-color":"var(--ast-global-color-5)","background-image":"","background-repeat":"repeat","background-position":"center center","background-size":"auto","background-attachment":"scroll","background-type":"","background-media":"","overlay-type":"","overlay-color":"","overlay-opacity":"","overlay-gradient":""},"tablet":{"background-color":"var(--ast-global-color-5)","background-image":"","background-repeat":"repeat","background-position":"center center","background-size":"auto","background-attachment":"scroll","background-type":"","background-media":"","overlay-type":"","overlay-color":"","overlay-opacity":"","overlay-gradient":""},"mobile":{"background-color":"var(--ast-global-color-5)","background-image":"","background-repeat":"repeat","background-position":"center center","background-size":"auto","background-attachment":"scroll","background-type":"","background-media":"","overlay-type":"","overlay-color":"","overlay-opacity":"","overlay-gradient":""}},"footnotes":""},"class_list":["post-6782","page","type-page","status-publish","hentry"],"post_mailing_queue_ids":[],"_links":{"self":[{"href":"https:\/\/agora.xtec.cat\/ceiplesmuralles\/wp-json\/wp\/v2\/pages\/6782","targetHints":{"allow":["GET"]}}],"collection":[{"href":"https:\/\/agora.xtec.cat\/ceiplesmuralles\/wp-json\/wp\/v2\/pages"}],"about":[{"href":"https:\/\/agora.xtec.cat\/ceiplesmuralles\/wp-json\/wp\/v2\/types\/page"}],"author":[{"embeddable":true,"href":"https:\/\/agora.xtec.cat\/ceiplesmuralles\/wp-json\/wp\/v2\/users\/29"}],"replies":[{"embeddable":true,"href":"https:\/\/agora.xtec.cat\/ceiplesmuralles\/wp-json\/wp\/v2\/comments?post=6782"}],"version-history":[{"count":3,"href":"https:\/\/agora.xtec.cat\/ceiplesmuralles\/wp-json\/wp\/v2\/pages\/6782\/revisions"}],"predecessor-version":[{"id":10706,"href":"https:\/\/agora.xtec.cat\/ceiplesmuralles\/wp-json\/wp\/v2\/pages\/6782\/revisions\/10706"}],"up":[{"embeddable":true,"href":"https:\/\/agora.xtec.cat\/ceiplesmuralles\/wp-json\/wp\/v2\/pages\/6765"}],"wp:attachment":[{"href":"https:\/\/agora.xtec.cat\/ceiplesmuralles\/wp-json\/wp\/v2\/media?parent=6782"}],"curies":[{"name":"wp","href":"https:\/\/api.w.org\/{rel}","templated":true}]}}