{"id":478,"date":"2017-03-10T16:08:28","date_gmt":"2017-03-10T15:08:28","guid":{"rendered":"http:\/\/agora.xtec.cat\/ceiplesmuralles\/?page_id=478"},"modified":"2026-02-09T10:53:14","modified_gmt":"2026-02-09T09:53:14","slug":"equip-huma","status":"publish","type":"page","link":"https:\/\/agora.xtec.cat\/ceiplesmuralles\/lescola\/equip-huma\/","title":{"rendered":"Equip hum\u00e0"},"content":{"rendered":"\n<p>L&#8217;escola disposa de:<\/p>\n\n\n\n<ul class=\"wp-block-list\">\n<li>7 mestres d\u2019Educaci\u00f3 Infantil<\/li>\n\n\n\n<li>13 tutors\/es d\u2019Educaci\u00f3 Prim\u00e0ria<\/li>\n\n\n\n<li>2 especialistes d&#8217;Educaci\u00f3 Especial<\/li>\n\n\n\n<li>2 especialistes d\u2019Educaci\u00f3 Especial \u2013 1 SIEI Suport Intensiu d&#8217;Escolaritzaci\u00f3 Inclusiva<\/li>\n\n\n\n<li>2 especialistes d&#8217;Angl\u00e8s<\/li>\n\n\n\n<li>2 especialistes d&#8217;Educaci\u00f3 F\u00edsica<\/li>\n\n\n\n<li>2 especialistes de M\u00fasica i Dansa<\/li>\n\n\n\n<li>1 mestra de Religi\u00f3<\/li>\n<\/ul>\n\n\n\n<p><strong>EQUIP DIRECTIU<\/strong><\/p>\n\n\n\n<figure class=\"wp-block-table\"><table style=\"border-width:2px\"><tbody><tr><td class=\"has-text-align-center\" data-align=\"center\">Directora<\/td><td class=\"has-text-align-center\" data-align=\"center\">Mari Vall\u00e8s<\/td><\/tr><tr><td class=\"has-text-align-center\" data-align=\"center\">Cap d&#8217;estudis<\/td><td class=\"has-text-align-center\" data-align=\"center\">Maria Trenchs<\/td><\/tr><tr><td class=\"has-text-align-center\" data-align=\"center\">Secretari<\/td><td class=\"has-text-align-center\" data-align=\"center\">Manel Lombardia<\/td><\/tr><\/tbody><\/table><\/figure>\n\n\n\n<p><strong>EQUIP DOCENT<\/strong><\/p>\n\n\n\n<div class=\"wp-block-columns is-layout-flex wp-container-core-columns-is-layout-1 wp-block-columns-is-layout-flex\">\n<div class=\"wp-block-column is-layout-flow wp-block-column-is-layout-flow\">\n<p class=\"has-text-align-center\">I3<\/p>\n\n\n\n<p class=\"has-text-align-center\">I4<\/p>\n\n\n\n<p class=\"has-text-align-center\">I5<\/p>\n\n\n\n<p class=\"has-text-align-center\">1r<\/p>\n\n\n\n<p class=\"has-text-align-center\">2n<\/p>\n\n\n\n<p class=\"has-text-align-center\">3r<\/p>\n\n\n\n<p class=\"has-text-align-center\">4t<\/p>\n\n\n\n<p class=\"has-text-align-center\">5\u00e8<\/p>\n\n\n\n<p class=\"has-text-align-center\">6\u00e8<\/p>\n<\/div>\n\n\n\n<div class=\"wp-block-column is-layout-flow wp-block-column-is-layout-flow\">\n<p>Esther i Maribel<\/p>\n\n\n\n<p>Ester i M. Carmen<\/p>\n\n\n\n<p>Sandra i Maite<\/p>\n\n\n\n<p>Rosa i Marta \/ Nat\u00e0lia<\/p>\n\n\n\n<p>Ariadna i Alfons<\/p>\n\n\n\n<p>Montse i Pep<\/p>\n\n\n\n<p>Joan i Eli<\/p>\n\n\n\n<p>Cristina i M\u00f2nica<\/p>\n\n\n\n<p>Gemma i \u00c0ngels<\/p>\n<\/div>\n<\/div>\n\n\n\n<p><strong>ESPECIALISTES<\/strong><\/p>\n\n\n\n<div class=\"wp-block-columns is-layout-flex wp-container-core-columns-is-layout-2 wp-block-columns-is-layout-flex\">\n<div class=\"wp-block-column is-layout-flow wp-block-column-is-layout-flow\">\n<p>Suport a Ed. Infantil<\/p>\n\n\n\n<p>Suport a Ed. Prim\u00e0ria<\/p>\n\n\n\n<p>Educaci\u00f3 F\u00edsica<\/p>\n\n\n\n<p>M\u00fasica<\/p>\n\n\n\n<p>Llengua estrangera (Angl\u00e8s)<\/p>\n\n\n\n<p>Educaci\u00f3 Especial<\/p>\n\n\n\n<p>SIEI<\/p>\n\n\n\n<p>Religi\u00f3<\/p>\n<\/div>\n\n\n\n<div class=\"wp-block-column is-layout-flow wp-block-column-is-layout-flow\">\n<p>N\u00faria <\/p>\n\n\n\n<p>Maria, Manel i Nat\u00e0lia<\/p>\n\n\n\n<p>Jaume i Miquel<\/p>\n\n\n\n<p>Mari i Tina \/ Jordi<\/p>\n\n\n\n<p>Mar i Marta<\/p>\n\n\n\n<p>Alba i Pau<\/p>\n\n\n\n<p>Susana \/ Coral<\/p>\n\n\n\n<p>Eli<\/p>\n<\/div>\n<\/div>\n\n\n\n<p><strong>EAP-Equip d&#8217;Assessorament Psicopedag\u00f2gic<\/strong><\/p>\n\n\n\n<div class=\"wp-block-columns is-layout-flex wp-container-core-columns-is-layout-3 wp-block-columns-is-layout-flex\">\n<div class=\"wp-block-column is-layout-flow wp-block-column-is-layout-flow\">\n<p>Psicopedagoga<\/p>\n\n\n\n<p>Treballadora social<\/p>\n\n\n\n<p>Logopeda \/ Fisioterapeuta<\/p>\n<\/div>\n\n\n\n<div class=\"wp-block-column is-layout-flow wp-block-column-is-layout-flow\">\n<p>Marta<\/p>\n\n\n\n<p>Ester<\/p>\n<\/div>\n<\/div>\n\n\n\n<p>ALTRES <\/p>\n\n\n\n<div class=\"wp-block-columns is-layout-flex wp-container-core-columns-is-layout-4 wp-block-columns-is-layout-flex\">\n<div class=\"wp-block-column is-layout-flow wp-block-column-is-layout-flow\">\n<p>TEI<\/p>\n\n\n\n<p>Educadora Ed. Especial<\/p>\n\n\n\n<p>Vetlladores<\/p>\n\n\n\n<p>Conserge<\/p>\n\n\n\n<p>Administrativa<\/p>\n<\/div>\n\n\n\n<div class=\"wp-block-column is-layout-flow wp-block-column-is-layout-flow\">\n<p>Eva<\/p>\n\n\n\n<p>Patri<\/p>\n\n\n\n<p>S\u00f2nia<\/p>\n\n\n\n<p>Josep M.<\/p>\n\n\n\n<p>Nat\u00e0lia<\/p>\n<\/div>\n<\/div>\n","protected":false},"excerpt":{"rendered":"<p>L&#8217;escola disposa de: EQUIP DIRECTIU Directora Mari Vall\u00e8s Cap d&#8217;estudis Maria Trenchs Secretari Manel Lombardia EQUIP DOCENT I3 I4 I5 1r 2n 3r 4t 5\u00e8 6\u00e8 Esther i Maribel Ester i M. Carmen Sandra i Maite Rosa i Marta \/ Nat\u00e0lia Ariadna i Alfons Montse i Pep Joan i Eli Cristina i M\u00f2nica Gemma i [&hellip;]<\/p>\n","protected":false},"author":1,"featured_media":0,"parent":22,"menu_order":4,"comment_status":"closed","ping_status":"closed","template":"","meta":{"_bbp_topic_count":0,"_bbp_reply_count":0,"_bbp_total_topic_count":0,"_bbp_total_reply_count":0,"_bbp_voice_count":0,"_bbp_anonymous_reply_count":0,"_bbp_topic_count_hidden":0,"_bbp_reply_count_hidden":0,"_bbp_forum_subforum_count":0,"site-sidebar-layout":"no-sidebar","site-content-layout":"","ast-site-content-layout":"default","site-content-style":"default","site-sidebar-style":"default","ast-global-header-display":"","ast-banner-title-visibility":"","ast-main-header-display":"","ast-hfb-above-header-display":"","ast-hfb-below-header-display":"","ast-hfb-mobile-header-display":"","site-post-title":"","ast-breadcrumbs-content":"","ast-featured-img":"","footer-sml-layout":"","theme-transparent-header-meta":"","adv-header-id-meta":"","stick-header-meta":"","header-above-stick-meta":"","header-main-stick-meta":"","header-below-stick-meta":"","astra-migrate-meta-layouts":"set","ast-page-background-enabled":"default","ast-page-background-meta":{"desktop":{"background-color":"var(--ast-global-color-4)","background-image":"","background-repeat":"repeat","background-position":"center center","background-size":"auto","background-attachment":"scroll","background-type":"","background-media":"","overlay-type":"","overlay-color":"","overlay-opacity":"","overlay-gradient":""},"tablet":{"background-color":"","background-image":"","background-repeat":"repeat","background-position":"center center","background-size":"auto","background-attachment":"scroll","background-type":"","background-media":"","overlay-type":"","overlay-color":"","overlay-opacity":"","overlay-gradient":""},"mobile":{"background-color":"","background-image":"","background-repeat":"repeat","background-position":"center center","background-size":"auto","background-attachment":"scroll","background-type":"","background-media":"","overlay-type":"","overlay-color":"","overlay-opacity":"","overlay-gradient":""}},"ast-content-background-meta":{"desktop":{"background-color":"var(--ast-global-color-5)","background-image":"","background-repeat":"repeat","background-position":"center center","background-size":"auto","background-attachment":"scroll","background-type":"","background-media":"","overlay-type":"","overlay-color":"","overlay-opacity":"","overlay-gradient":""},"tablet":{"background-color":"var(--ast-global-color-5)","background-image":"","background-repeat":"repeat","background-position":"center center","background-size":"auto","background-attachment":"scroll","background-type":"","background-media":"","overlay-type":"","overlay-color":"","overlay-opacity":"","overlay-gradient":""},"mobile":{"background-color":"var(--ast-global-color-5)","background-image":"","background-repeat":"repeat","background-position":"center center","background-size":"auto","background-attachment":"scroll","background-type":"","background-media":"","overlay-type":"","overlay-color":"","overlay-opacity":"","overlay-gradient":""}},"footnotes":""},"class_list":["post-478","page","type-page","status-publish","hentry"],"post_mailing_queue_ids":[],"_links":{"self":[{"href":"https:\/\/agora.xtec.cat\/ceiplesmuralles\/wp-json\/wp\/v2\/pages\/478","targetHints":{"allow":["GET"]}}],"collection":[{"href":"https:\/\/agora.xtec.cat\/ceiplesmuralles\/wp-json\/wp\/v2\/pages"}],"about":[{"href":"https:\/\/agora.xtec.cat\/ceiplesmuralles\/wp-json\/wp\/v2\/types\/page"}],"author":[{"embeddable":true,"href":"https:\/\/agora.xtec.cat\/ceiplesmuralles\/wp-json\/wp\/v2\/users\/1"}],"replies":[{"embeddable":true,"href":"https:\/\/agora.xtec.cat\/ceiplesmuralles\/wp-json\/wp\/v2\/comments?post=478"}],"version-history":[{"count":6,"href":"https:\/\/agora.xtec.cat\/ceiplesmuralles\/wp-json\/wp\/v2\/pages\/478\/revisions"}],"predecessor-version":[{"id":10765,"href":"https:\/\/agora.xtec.cat\/ceiplesmuralles\/wp-json\/wp\/v2\/pages\/478\/revisions\/10765"}],"up":[{"embeddable":true,"href":"https:\/\/agora.xtec.cat\/ceiplesmuralles\/wp-json\/wp\/v2\/pages\/22"}],"wp:attachment":[{"href":"https:\/\/agora.xtec.cat\/ceiplesmuralles\/wp-json\/wp\/v2\/media?parent=478"}],"curies":[{"name":"wp","href":"https:\/\/api.w.org\/{rel}","templated":true}]}}