{"id":38,"date":"2014-09-18T12:34:08","date_gmt":"2014-09-18T10:34:08","guid":{"rendered":"http:\/\/agora.xtec.cat\/ceiplesmuralles\/?page_id=38"},"modified":"2026-01-31T13:15:05","modified_gmt":"2026-01-31T12:15:05","slug":"salut","status":"publish","type":"page","link":"https:\/\/agora.xtec.cat\/ceiplesmuralles\/espai-families\/salut\/","title":{"rendered":"Salut"},"content":{"rendered":"\n<p><strong>Medicaments<\/strong><\/p>\n\n\n\n<p>Com a norma general, a l\u2019escola i al menjador <strong>NO<\/strong>&nbsp;es pot administrar cap medicament. Per a que el personal de menjador i\/o l&#8217;equip docent ho puguin fer, cal aportar un justificant i recepta m\u00e8dica, com tamb\u00e9 l\u2019autoritzaci\u00f3 de les fam\u00edlies per a administrar el&nbsp;medicament. Descarregueu l&#8217;autoritzaci\u00f3 a l&#8217;<a href=\"https:\/\/agora.xtec.cat\/ceiplesmuralles\/espai-families\/autoritzacions\/\">apartat corresponent<\/a>.<\/p>\n\n\n\n<p>En el cas que algun alumne superi els 38\u00ba i no s\u2019aconsegueixi localitzar a la fam\u00edlia l&#8217;equip docent i\/o personal de menjador <strong>poden administrar PARACETAMOL si estan pr\u00e8viament autoritzats<\/strong>. Per descarregar l\u2019autoritzaci\u00f3 per a l\u2019administraci\u00f3 de paracetamol aneu a l&#8217;<a href=\"https:\/\/agora.xtec.cat\/ceiplesmuralles\/espai-families\/autoritzacions\/\">apartat corresponent<\/a>.<\/p>\n\n\n\n<p><strong>Es recomana a les fam\u00edlies<\/strong> la possibilitat de fer coincidir les hores d&#8217;administraci\u00f3 del medicament fora de l\u2019horari lectiu, sempre i quan sigui possible i la dosi hor\u00e0ria ho permeti, o b\u00e9, que sigui el mateix pare\/mare\/tutor\/a legal de l\u2019alumne\/a qui vingui al centre a administrar-ho al seu fill\/a.<\/p>\n\n\n\n<h5 class=\"wp-block-heading\"><strong>Al\u00b7l\u00e8rgies i intoler\u00e0ncies<\/strong><\/h5>\n\n\n\n<p>Si algun alumne presenta algun tipus d\u2019intoler\u00e0ncia i\/o al\u00b7l\u00e8rgia \u00e9s responsabilitat de les fam\u00edlies comunicar-ho al centre, aix\u00ed com tamb\u00e9, entregar una c\u00f2pia del&nbsp;justificant m\u00e8dic pertinent.<\/p>\n\n\n\n<h5 class=\"wp-block-heading\"><strong>Prevenci\u00f3 de par\u00e0sits (polls)<\/strong><\/h5>\n\n\n\n<p>Cal que, des de casa, reviseu el cap dels vostres fills\/es peri\u00f2dicament. En cas que trobeu polls, cal avisar immediatament al centre i deixar el nen\/a a casa fent el tractament per tal d\u2019evitar contagis.<\/p>\n\n\n\n<p>Quan&nbsp;ja hi hagi el cap net d\u2019infecci\u00f3, l\u2019alumne\/a pot tornar al centre.<\/p>\n\n\n\n<p>Si, des de l\u2019escola, detectem algun cas de polls, avisarem a la fam\u00edlia. En cas que no es porti a terme cap tractament per a la desinfecci\u00f3, enviarem el nen\/a a casa.<\/p>\n\n\n\n<p>Recomanacions <em><span style=\"color: #99cc00;\"><strong><a style=\"color: #99cc00;\" href=\"https:\/\/drive.google.com\/file\/d\/0B7rbIEobiqnZWGptQmtTMWR5S2c\/view?usp=sharing\" target=\"_blank\" rel=\"noopener\">aqu\u00ed<\/a>.<\/strong><\/span><\/em><\/p>\n\n\n\n<p>&nbsp;<\/p>\n\n\n\n<p>&nbsp;<\/p>\n\n\n\n<p>&nbsp;<\/p>\n\n\n\n<p>&nbsp;<\/p>\n\n\n\n<p>&nbsp;<\/p>\n","protected":false},"excerpt":{"rendered":"<p>Medicaments Com a norma general, a l\u2019escola i al menjador NO&nbsp;es pot administrar cap medicament. Per a que el personal de menjador i\/o l&#8217;equip docent ho puguin fer, cal aportar un justificant i recepta m\u00e8dica, com tamb\u00e9 l\u2019autoritzaci\u00f3 de les fam\u00edlies per a administrar el&nbsp;medicament. Descarregueu l&#8217;autoritzaci\u00f3 a l&#8217;apartat corresponent. En el cas que algun [&hellip;]<\/p>\n","protected":false},"author":1,"featured_media":0,"parent":11086,"menu_order":8,"comment_status":"closed","ping_status":"closed","template":"","meta":{"_bbp_topic_count":0,"_bbp_reply_count":0,"_bbp_total_topic_count":0,"_bbp_total_reply_count":0,"_bbp_voice_count":0,"_bbp_anonymous_reply_count":0,"_bbp_topic_count_hidden":0,"_bbp_reply_count_hidden":0,"_bbp_forum_subforum_count":0,"site-sidebar-layout":"default","site-content-layout":"","ast-site-content-layout":"default","site-content-style":"default","site-sidebar-style":"default","ast-global-header-display":"","ast-banner-title-visibility":"","ast-main-header-display":"","ast-hfb-above-header-display":"","ast-hfb-below-header-display":"","ast-hfb-mobile-header-display":"","site-post-title":"","ast-breadcrumbs-content":"","ast-featured-img":"","footer-sml-layout":"","theme-transparent-header-meta":"","adv-header-id-meta":"","stick-header-meta":"","header-above-stick-meta":"","header-main-stick-meta":"","header-below-stick-meta":"","astra-migrate-meta-layouts":"set","ast-page-background-enabled":"default","ast-page-background-meta":{"desktop":{"background-color":"var(--ast-global-color-4)","background-image":"","background-repeat":"repeat","background-position":"center center","background-size":"auto","background-attachment":"scroll","background-type":"","background-media":"","overlay-type":"","overlay-color":"","overlay-opacity":"","overlay-gradient":""},"tablet":{"background-color":"","background-image":"","background-repeat":"repeat","background-position":"center center","background-size":"auto","background-attachment":"scroll","background-type":"","background-media":"","overlay-type":"","overlay-color":"","overlay-opacity":"","overlay-gradient":""},"mobile":{"background-color":"","background-image":"","background-repeat":"repeat","background-position":"center center","background-size":"auto","background-attachment":"scroll","background-type":"","background-media":"","overlay-type":"","overlay-color":"","overlay-opacity":"","overlay-gradient":""}},"ast-content-background-meta":{"desktop":{"background-color":"var(--ast-global-color-5)","background-image":"","background-repeat":"repeat","background-position":"center center","background-size":"auto","background-attachment":"scroll","background-type":"","background-media":"","overlay-type":"","overlay-color":"","overlay-opacity":"","overlay-gradient":""},"tablet":{"background-color":"var(--ast-global-color-5)","background-image":"","background-repeat":"repeat","background-position":"center center","background-size":"auto","background-attachment":"scroll","background-type":"","background-media":"","overlay-type":"","overlay-color":"","overlay-opacity":"","overlay-gradient":""},"mobile":{"background-color":"var(--ast-global-color-5)","background-image":"","background-repeat":"repeat","background-position":"center center","background-size":"auto","background-attachment":"scroll","background-type":"","background-media":"","overlay-type":"","overlay-color":"","overlay-opacity":"","overlay-gradient":""}},"footnotes":""},"class_list":["post-38","page","type-page","status-publish","hentry"],"post_mailing_queue_ids":[],"_links":{"self":[{"href":"https:\/\/agora.xtec.cat\/ceiplesmuralles\/wp-json\/wp\/v2\/pages\/38","targetHints":{"allow":["GET"]}}],"collection":[{"href":"https:\/\/agora.xtec.cat\/ceiplesmuralles\/wp-json\/wp\/v2\/pages"}],"about":[{"href":"https:\/\/agora.xtec.cat\/ceiplesmuralles\/wp-json\/wp\/v2\/types\/page"}],"author":[{"embeddable":true,"href":"https:\/\/agora.xtec.cat\/ceiplesmuralles\/wp-json\/wp\/v2\/users\/1"}],"replies":[{"embeddable":true,"href":"https:\/\/agora.xtec.cat\/ceiplesmuralles\/wp-json\/wp\/v2\/comments?post=38"}],"version-history":[{"count":6,"href":"https:\/\/agora.xtec.cat\/ceiplesmuralles\/wp-json\/wp\/v2\/pages\/38\/revisions"}],"predecessor-version":[{"id":11114,"href":"https:\/\/agora.xtec.cat\/ceiplesmuralles\/wp-json\/wp\/v2\/pages\/38\/revisions\/11114"}],"up":[{"embeddable":true,"href":"https:\/\/agora.xtec.cat\/ceiplesmuralles\/wp-json\/wp\/v2\/pages\/11086"}],"wp:attachment":[{"href":"https:\/\/agora.xtec.cat\/ceiplesmuralles\/wp-json\/wp\/v2\/media?parent=38"}],"curies":[{"name":"wp","href":"https:\/\/api.w.org\/{rel}","templated":true}]}}