{"id":34,"date":"2014-09-18T12:32:18","date_gmt":"2014-09-18T10:32:18","guid":{"rendered":"http:\/\/agora.xtec.cat\/ceiplesmuralles\/?page_id=34"},"modified":"2026-02-24T07:50:52","modified_gmt":"2026-02-24T06:50:52","slug":"oferta-educativa","status":"publish","type":"page","link":"https:\/\/agora.xtec.cat\/ceiplesmuralles\/lescola\/oferta-educativa\/","title":{"rendered":"Oferta educativa"},"content":{"rendered":"\n<p>A l&#8217;escola Les Muralles els infants poden cursar <strong>dues etapes<\/strong> educatives:<\/p>\n\n\n\n<ul class=\"wp-block-list\">\n<li>Educaci\u00f3 Infantil (segon cicle), dels 3 als 6 anys.<\/li>\n\n\n\n<li>Educaci\u00f3 Prim\u00e0ria, dels 6 als 12 anys.<\/li>\n<\/ul>\n\n\n\n<p><strong>Ens organitzem per cicles<\/strong>, l&#8217;etapa d&#8217;Educaci\u00f3 Infantil es considera un cicle amb tres nivells (I3, I4 i I5). L&#8217;etapa de Prim\u00e0ria, que consta de sis nivells, es distribueix en tres cicles, de dos cursos cadascun: cicle inicial (1r i 2n), cicle mitj\u00e0 (3r i 4t) i cicle superior (5\u00e8 i 6\u00e8). A m\u00e9s a m\u00e9s, tenim en funcionament una unitat SIEI (Suport Intensiu a l&#8217;Escolaritzaci\u00f3 Inclusiva).<\/p>\n\n\n\n<p><strong>Som una escola de doble l\u00ednia<\/strong>, aix\u00f2 significa que tenim dos aules per a tots els nivells (I3A-I3B, I4A-I4B&#8230;., 1rA-1rB, 2nA-2nB&#8230;). La distribuci\u00f3 de l&#8217;alumnat en grups es canvia a l&#8217;inici de cada cicle, l&#8217;equip docent atenent a diversos criteris s&#8217;encarrega de fer els agrupaments. En total tenim sis aules d&#8217;educaci\u00f3 infantil, dotze de prim\u00e0ria i l&#8217;esmentada SIEI.<\/p>\n\n\n\n<h4 class=\"wp-block-heading\">I&#8230; despr\u00e9s de Les Muralles&#8230; qu\u00e8?<\/h4>\n\n\n\n<p>El nostre alumnat, en acabar l\u2019etapa de prim\u00e0ria, t\u00e9 continu\u00eftat a l\u2019ensenyament secundari obligatori al nostre centre adscrit: l&#8217;<strong><a href=\"https:\/\/agora.xtec.cat\/iesmartilhuma\/\" target=\"_blank\" rel=\"noreferrer noopener\">IES Mart\u00ed l&#8217;Hum\u00e0<\/a><\/strong>, situat al costat mateix de l&#8217;escola.<\/p>\n\n\n\n<figure class=\"wp-block-image aligncenter size-full is-resized\"><a href=\"https:\/\/agora.xtec.cat\/iesmartilhuma\/\" target=\"_blank\" rel=\" noreferrer noopener\"><img loading=\"lazy\" decoding=\"async\" width=\"265\" height=\"232\" src=\"https:\/\/agora.xtec.cat\/ceiplesmuralles\/wp-content\/uploads\/usu1617\/2026\/02\/Captura-de-pantalla-2026-02-24-074647.jpg\" alt=\"\" class=\"wp-image-11234\" style=\"width:153px;height:auto\"\/><\/a><\/figure>\n\n\n\n<p><\/p>\n","protected":false},"excerpt":{"rendered":"<p>A l&#8217;escola Les Muralles els infants poden cursar dues etapes educatives: Ens organitzem per cicles, l&#8217;etapa d&#8217;Educaci\u00f3 Infantil es considera un cicle amb tres nivells (I3, I4 i I5). L&#8217;etapa de Prim\u00e0ria, que consta de sis nivells, es distribueix en tres cicles, de dos cursos cadascun: cicle inicial (1r i 2n), cicle mitj\u00e0 (3r i [&hellip;]<\/p>\n","protected":false},"author":1,"featured_media":0,"parent":22,"menu_order":3,"comment_status":"closed","ping_status":"closed","template":"","meta":{"_bbp_topic_count":0,"_bbp_reply_count":0,"_bbp_total_topic_count":0,"_bbp_total_reply_count":0,"_bbp_voice_count":0,"_bbp_anonymous_reply_count":0,"_bbp_topic_count_hidden":0,"_bbp_reply_count_hidden":0,"_bbp_forum_subforum_count":0,"site-sidebar-layout":"no-sidebar","site-content-layout":"","ast-site-content-layout":"default","site-content-style":"default","site-sidebar-style":"default","ast-global-header-display":"","ast-banner-title-visibility":"","ast-main-header-display":"","ast-hfb-above-header-display":"","ast-hfb-below-header-display":"","ast-hfb-mobile-header-display":"","site-post-title":"","ast-breadcrumbs-content":"","ast-featured-img":"","footer-sml-layout":"","theme-transparent-header-meta":"","adv-header-id-meta":"","stick-header-meta":"","header-above-stick-meta":"","header-main-stick-meta":"","header-below-stick-meta":"","astra-migrate-meta-layouts":"set","ast-page-background-enabled":"default","ast-page-background-meta":{"desktop":{"background-color":"var(--ast-global-color-4)","background-image":"","background-repeat":"repeat","background-position":"center center","background-size":"auto","background-attachment":"scroll","background-type":"","background-media":"","overlay-type":"","overlay-color":"","overlay-opacity":"","overlay-gradient":""},"tablet":{"background-color":"","background-image":"","background-repeat":"repeat","background-position":"center center","background-size":"auto","background-attachment":"scroll","background-type":"","background-media":"","overlay-type":"","overlay-color":"","overlay-opacity":"","overlay-gradient":""},"mobile":{"background-color":"","background-image":"","background-repeat":"repeat","background-position":"center center","background-size":"auto","background-attachment":"scroll","background-type":"","background-media":"","overlay-type":"","overlay-color":"","overlay-opacity":"","overlay-gradient":""}},"ast-content-background-meta":{"desktop":{"background-color":"var(--ast-global-color-5)","background-image":"","background-repeat":"repeat","background-position":"center center","background-size":"auto","background-attachment":"scroll","background-type":"","background-media":"","overlay-type":"","overlay-color":"","overlay-opacity":"","overlay-gradient":""},"tablet":{"background-color":"var(--ast-global-color-5)","background-image":"","background-repeat":"repeat","background-position":"center center","background-size":"auto","background-attachment":"scroll","background-type":"","background-media":"","overlay-type":"","overlay-color":"","overlay-opacity":"","overlay-gradient":""},"mobile":{"background-color":"var(--ast-global-color-5)","background-image":"","background-repeat":"repeat","background-position":"center center","background-size":"auto","background-attachment":"scroll","background-type":"","background-media":"","overlay-type":"","overlay-color":"","overlay-opacity":"","overlay-gradient":""}},"footnotes":""},"class_list":["post-34","page","type-page","status-publish","hentry"],"post_mailing_queue_ids":[],"_links":{"self":[{"href":"https:\/\/agora.xtec.cat\/ceiplesmuralles\/wp-json\/wp\/v2\/pages\/34","targetHints":{"allow":["GET"]}}],"collection":[{"href":"https:\/\/agora.xtec.cat\/ceiplesmuralles\/wp-json\/wp\/v2\/pages"}],"about":[{"href":"https:\/\/agora.xtec.cat\/ceiplesmuralles\/wp-json\/wp\/v2\/types\/page"}],"author":[{"embeddable":true,"href":"https:\/\/agora.xtec.cat\/ceiplesmuralles\/wp-json\/wp\/v2\/users\/1"}],"replies":[{"embeddable":true,"href":"https:\/\/agora.xtec.cat\/ceiplesmuralles\/wp-json\/wp\/v2\/comments?post=34"}],"version-history":[{"count":6,"href":"https:\/\/agora.xtec.cat\/ceiplesmuralles\/wp-json\/wp\/v2\/pages\/34\/revisions"}],"predecessor-version":[{"id":11236,"href":"https:\/\/agora.xtec.cat\/ceiplesmuralles\/wp-json\/wp\/v2\/pages\/34\/revisions\/11236"}],"up":[{"embeddable":true,"href":"https:\/\/agora.xtec.cat\/ceiplesmuralles\/wp-json\/wp\/v2\/pages\/22"}],"wp:attachment":[{"href":"https:\/\/agora.xtec.cat\/ceiplesmuralles\/wp-json\/wp\/v2\/media?parent=34"}],"curies":[{"name":"wp","href":"https:\/\/api.w.org\/{rel}","templated":true}]}}