{"id":30,"date":"2014-09-18T12:30:23","date_gmt":"2014-09-18T10:30:23","guid":{"rendered":"http:\/\/agora.xtec.cat\/ceiplesmuralles\/?page_id=30"},"modified":"2026-02-09T10:54:12","modified_gmt":"2026-02-09T09:54:12","slug":"instal%c2%b7lacions","status":"publish","type":"page","link":"https:\/\/agora.xtec.cat\/ceiplesmuralles\/lescola\/instal%c2%b7lacions\/","title":{"rendered":"Instal\u00b7lacions"},"content":{"rendered":"<p>La nostra escola, fotografiada des de la torre m\u00e9s alta, St. Mar\u00e7al, de Montblanc.<br \/>\nGr\u00e0cies fam\u00edlia Vallverd\u00fa P\u00e9rez.<\/p>\n<p><a href=\"http:\/\/agora.xtec.cat\/ceiplesmuralles\/wp-content\/uploads\/usu1617\/2014\/09\/panor\u00e0mica_escola.jpg\"><img loading=\"lazy\" decoding=\"async\" class=\"size-full wp-image-490 aligncenter\" src=\"http:\/\/agora.xtec.cat\/ceiplesmuralles\/wp-content\/uploads\/usu1617\/2014\/09\/panor\u00e0mica_escola.jpg\" alt=\"panoramica_escola\" width=\"320\" height=\"240\" \/><\/a><\/p>\n<p><strong>Qu\u00e8 podem trobar?<\/strong><\/p>\n<p><span style=\"font-weight: 400;\">A la nostra escola podeu trobar un seguit de instal\u00b7lacions i recursos destinats afavorir l\u2019aprenentatge dels nostres alumnes.<\/span><\/p>\n<ul>\n<li><span style=\"font-weight: 400;\">18 aules ordin\u00e0ries<br \/>\n<\/span><\/li>\n<li><span style=\"font-weight: 400;\">2 aules d&#8217;educaci\u00f3 especial<br \/>\n<\/span><\/li>\n<li>1 aula SIEI- Suport Intensiu escolaritzaci\u00f3 inclusiva<span style=\"font-weight: 400;\"><br \/>\n<\/span><\/li>\n<li>1 aula exterior<\/li>\n<li><span style=\"font-weight: 400;\">1 Gimn\u00e0s per psicomotricitat i Educaci\u00f3 f\u00edsica<\/span><\/li>\n<li>1 aula de m\u00fasica<\/li>\n<li><span style=\"font-weight: 400;\">1 Biblioteca<\/span><\/li>\n<li>1 Laboratori de matem\u00e0tiques<\/li>\n<li><span style=\"font-weight: 400;\">2 Pistes esportives (futbol sala i b\u00e0squet), un roc\u00f2drom i zona exterior de tennis taula<\/span><\/li>\n<li><span style=\"font-weight: 400;\">1 Menjador escolar amb cuina pr\u00f2pia<br \/>\n<\/span><\/li>\n<li>Sala de reunions<\/li>\n<\/ul>\n<div><\/div>\n\n","protected":false},"excerpt":{"rendered":"<p>La nostra escola, fotografiada des de la torre m\u00e9s alta, St. Mar\u00e7al, de Montblanc. Gr\u00e0cies fam\u00edlia Vallverd\u00fa P\u00e9rez. Qu\u00e8 podem trobar? A la nostra escola podeu trobar un seguit de instal\u00b7lacions i recursos destinats afavorir l\u2019aprenentatge dels nostres alumnes. 18 aules ordin\u00e0ries 2 aules d&#8217;educaci\u00f3 especial 1 aula SIEI- Suport Intensiu escolaritzaci\u00f3 inclusiva 1 aula [&hellip;]<\/p>\n","protected":false},"author":1,"featured_media":0,"parent":22,"menu_order":6,"comment_status":"closed","ping_status":"closed","template":"","meta":{"_bbp_topic_count":0,"_bbp_reply_count":0,"_bbp_total_topic_count":0,"_bbp_total_reply_count":0,"_bbp_voice_count":0,"_bbp_anonymous_reply_count":0,"_bbp_topic_count_hidden":0,"_bbp_reply_count_hidden":0,"_bbp_forum_subforum_count":0,"site-sidebar-layout":"no-sidebar","site-content-layout":"","ast-site-content-layout":"default","site-content-style":"default","site-sidebar-style":"default","ast-global-header-display":"","ast-banner-title-visibility":"","ast-main-header-display":"","ast-hfb-above-header-display":"","ast-hfb-below-header-display":"","ast-hfb-mobile-header-display":"","site-post-title":"","ast-breadcrumbs-content":"","ast-featured-img":"","footer-sml-layout":"","theme-transparent-header-meta":"","adv-header-id-meta":"","stick-header-meta":"","header-above-stick-meta":"","header-main-stick-meta":"","header-below-stick-meta":"","astra-migrate-meta-layouts":"set","ast-page-background-enabled":"default","ast-page-background-meta":{"desktop":{"background-color":"var(--ast-global-color-4)","background-image":"","background-repeat":"repeat","background-position":"center center","background-size":"auto","background-attachment":"scroll","background-type":"","background-media":"","overlay-type":"","overlay-color":"","overlay-opacity":"","overlay-gradient":""},"tablet":{"background-color":"","background-image":"","background-repeat":"repeat","background-position":"center center","background-size":"auto","background-attachment":"scroll","background-type":"","background-media":"","overlay-type":"","overlay-color":"","overlay-opacity":"","overlay-gradient":""},"mobile":{"background-color":"","background-image":"","background-repeat":"repeat","background-position":"center center","background-size":"auto","background-attachment":"scroll","background-type":"","background-media":"","overlay-type":"","overlay-color":"","overlay-opacity":"","overlay-gradient":""}},"ast-content-background-meta":{"desktop":{"background-color":"var(--ast-global-color-5)","background-image":"","background-repeat":"repeat","background-position":"center center","background-size":"auto","background-attachment":"scroll","background-type":"","background-media":"","overlay-type":"","overlay-color":"","overlay-opacity":"","overlay-gradient":""},"tablet":{"background-color":"var(--ast-global-color-5)","background-image":"","background-repeat":"repeat","background-position":"center center","background-size":"auto","background-attachment":"scroll","background-type":"","background-media":"","overlay-type":"","overlay-color":"","overlay-opacity":"","overlay-gradient":""},"mobile":{"background-color":"var(--ast-global-color-5)","background-image":"","background-repeat":"repeat","background-position":"center center","background-size":"auto","background-attachment":"scroll","background-type":"","background-media":"","overlay-type":"","overlay-color":"","overlay-opacity":"","overlay-gradient":""}},"footnotes":""},"class_list":["post-30","page","type-page","status-publish","hentry"],"post_mailing_queue_ids":[],"_links":{"self":[{"href":"https:\/\/agora.xtec.cat\/ceiplesmuralles\/wp-json\/wp\/v2\/pages\/30","targetHints":{"allow":["GET"]}}],"collection":[{"href":"https:\/\/agora.xtec.cat\/ceiplesmuralles\/wp-json\/wp\/v2\/pages"}],"about":[{"href":"https:\/\/agora.xtec.cat\/ceiplesmuralles\/wp-json\/wp\/v2\/types\/page"}],"author":[{"embeddable":true,"href":"https:\/\/agora.xtec.cat\/ceiplesmuralles\/wp-json\/wp\/v2\/users\/1"}],"replies":[{"embeddable":true,"href":"https:\/\/agora.xtec.cat\/ceiplesmuralles\/wp-json\/wp\/v2\/comments?post=30"}],"version-history":[{"count":6,"href":"https:\/\/agora.xtec.cat\/ceiplesmuralles\/wp-json\/wp\/v2\/pages\/30\/revisions"}],"predecessor-version":[{"id":11185,"href":"https:\/\/agora.xtec.cat\/ceiplesmuralles\/wp-json\/wp\/v2\/pages\/30\/revisions\/11185"}],"up":[{"embeddable":true,"href":"https:\/\/agora.xtec.cat\/ceiplesmuralles\/wp-json\/wp\/v2\/pages\/22"}],"wp:attachment":[{"href":"https:\/\/agora.xtec.cat\/ceiplesmuralles\/wp-json\/wp\/v2\/media?parent=30"}],"curies":[{"name":"wp","href":"https:\/\/api.w.org\/{rel}","templated":true}]}}