{"id":28,"date":"2014-09-18T12:29:35","date_gmt":"2014-09-18T10:29:35","guid":{"rendered":"http:\/\/agora.xtec.cat\/ceiplesmuralles\/?page_id=28"},"modified":"2026-02-10T11:54:43","modified_gmt":"2026-02-10T10:54:43","slug":"consell-escolar","status":"publish","type":"page","link":"https:\/\/agora.xtec.cat\/ceiplesmuralles\/lescola\/consell-escolar\/","title":{"rendered":"Consell escolar"},"content":{"rendered":"\n<p>El <strong>Consell Escolar<\/strong> \u00e9s el punt de trobada on tota la comunitat educativa (fam\u00edlies, mestres, equip directiu i personal de l&#8217;escola) participa plegats en les decisions de centre. \u00c9s la &#8220;veu&#8221; de l&#8217;escola, on tothom t\u00e9 el seu espai per opinar i sumar.<\/p>\n\n\n\n<figure class=\"wp-block-table\"><table class=\"has-fixed-layout\"><tbody><tr><td colspan=\"3\"><strong>Representants del Consell escolar<\/strong><\/td><\/tr><tr><td>&nbsp;<strong>Equip directiu<\/strong><\/td><td>&nbsp;<strong>Sector pares<\/strong><\/td><td><strong>Sector mestres<\/strong><\/td><\/tr><tr><td>Rosa Maria Vall\u00e8s<\/td><td>Daniel Mart\u00edn<\/td><td>Alfons Serra<\/td><\/tr><tr><td>Maria Trenchs<\/td><td>Josep Ardila<\/td><td>Cristina Porta<\/td><\/tr><tr><td>Manel Lombardia<\/td><td>Judit Rodr\u00edguez<\/td><td>Ester Angl\u00e8s<\/td><\/tr><tr><td>&nbsp;<\/td><td>Laia Blavi<\/td><td>Esther Tejada<\/td><\/tr><tr><td>&nbsp;<\/td><td>N\u00faria Boronat<\/td><td>Jaume Sorolla<\/td><\/tr><tr><td>&nbsp;<\/td><td>Xavi P\u00e9rez<\/td><td>N\u00faria Nieto<\/td><\/tr><tr><td>&nbsp;<\/td><td>&nbsp;<\/td><td>Pep Andreu<\/td><\/tr><tr><td><strong>&nbsp;Sector AFA<\/strong><\/td><td><strong>&nbsp;Sector Ajuntament<\/strong><\/td><td><strong>&nbsp;Sector PAS\/PAE<\/strong><\/td><\/tr><tr><td>Greta Balaguer<\/td><td>Judit Pere<\/td><td>Natalia Sanjurjo \/ Eva Amor\u00f3s<\/td><\/tr><\/tbody><\/table><\/figure>\n","protected":false},"excerpt":{"rendered":"<p>El Consell Escolar \u00e9s el punt de trobada on tota la comunitat educativa (fam\u00edlies, mestres, equip directiu i personal de l&#8217;escola) participa plegats en les decisions de centre. \u00c9s la &#8220;veu&#8221; de l&#8217;escola, on tothom t\u00e9 el seu espai per opinar i sumar. Representants del Consell escolar &nbsp;Equip directiu &nbsp;Sector pares Sector mestres Rosa Maria [&hellip;]<\/p>\n","protected":false},"author":1,"featured_media":0,"parent":22,"menu_order":5,"comment_status":"closed","ping_status":"closed","template":"","meta":{"_bbp_topic_count":0,"_bbp_reply_count":0,"_bbp_total_topic_count":0,"_bbp_total_reply_count":0,"_bbp_voice_count":0,"_bbp_anonymous_reply_count":0,"_bbp_topic_count_hidden":0,"_bbp_reply_count_hidden":0,"_bbp_forum_subforum_count":0,"site-sidebar-layout":"no-sidebar","site-content-layout":"","ast-site-content-layout":"default","site-content-style":"default","site-sidebar-style":"default","ast-global-header-display":"","ast-banner-title-visibility":"","ast-main-header-display":"","ast-hfb-above-header-display":"","ast-hfb-below-header-display":"","ast-hfb-mobile-header-display":"","site-post-title":"","ast-breadcrumbs-content":"","ast-featured-img":"","footer-sml-layout":"","theme-transparent-header-meta":"","adv-header-id-meta":"","stick-header-meta":"","header-above-stick-meta":"","header-main-stick-meta":"","header-below-stick-meta":"","astra-migrate-meta-layouts":"set","ast-page-background-enabled":"default","ast-page-background-meta":{"desktop":{"background-color":"var(--ast-global-color-4)","background-image":"","background-repeat":"repeat","background-position":"center center","background-size":"auto","background-attachment":"scroll","background-type":"","background-media":"","overlay-type":"","overlay-color":"","overlay-opacity":"","overlay-gradient":""},"tablet":{"background-color":"","background-image":"","background-repeat":"repeat","background-position":"center center","background-size":"auto","background-attachment":"scroll","background-type":"","background-media":"","overlay-type":"","overlay-color":"","overlay-opacity":"","overlay-gradient":""},"mobile":{"background-color":"","background-image":"","background-repeat":"repeat","background-position":"center center","background-size":"auto","background-attachment":"scroll","background-type":"","background-media":"","overlay-type":"","overlay-color":"","overlay-opacity":"","overlay-gradient":""}},"ast-content-background-meta":{"desktop":{"background-color":"var(--ast-global-color-5)","background-image":"","background-repeat":"repeat","background-position":"center center","background-size":"auto","background-attachment":"scroll","background-type":"","background-media":"","overlay-type":"","overlay-color":"","overlay-opacity":"","overlay-gradient":""},"tablet":{"background-color":"var(--ast-global-color-5)","background-image":"","background-repeat":"repeat","background-position":"center center","background-size":"auto","background-attachment":"scroll","background-type":"","background-media":"","overlay-type":"","overlay-color":"","overlay-opacity":"","overlay-gradient":""},"mobile":{"background-color":"var(--ast-global-color-5)","background-image":"","background-repeat":"repeat","background-position":"center center","background-size":"auto","background-attachment":"scroll","background-type":"","background-media":"","overlay-type":"","overlay-color":"","overlay-opacity":"","overlay-gradient":""}},"footnotes":""},"class_list":["post-28","page","type-page","status-publish","hentry"],"post_mailing_queue_ids":[],"_links":{"self":[{"href":"https:\/\/agora.xtec.cat\/ceiplesmuralles\/wp-json\/wp\/v2\/pages\/28","targetHints":{"allow":["GET"]}}],"collection":[{"href":"https:\/\/agora.xtec.cat\/ceiplesmuralles\/wp-json\/wp\/v2\/pages"}],"about":[{"href":"https:\/\/agora.xtec.cat\/ceiplesmuralles\/wp-json\/wp\/v2\/types\/page"}],"author":[{"embeddable":true,"href":"https:\/\/agora.xtec.cat\/ceiplesmuralles\/wp-json\/wp\/v2\/users\/1"}],"replies":[{"embeddable":true,"href":"https:\/\/agora.xtec.cat\/ceiplesmuralles\/wp-json\/wp\/v2\/comments?post=28"}],"version-history":[{"count":6,"href":"https:\/\/agora.xtec.cat\/ceiplesmuralles\/wp-json\/wp\/v2\/pages\/28\/revisions"}],"predecessor-version":[{"id":11190,"href":"https:\/\/agora.xtec.cat\/ceiplesmuralles\/wp-json\/wp\/v2\/pages\/28\/revisions\/11190"}],"up":[{"embeddable":true,"href":"https:\/\/agora.xtec.cat\/ceiplesmuralles\/wp-json\/wp\/v2\/pages\/22"}],"wp:attachment":[{"href":"https:\/\/agora.xtec.cat\/ceiplesmuralles\/wp-json\/wp\/v2\/media?parent=28"}],"curies":[{"name":"wp","href":"https:\/\/api.w.org\/{rel}","templated":true}]}}